{"id":14620,"date":"2025-04-18T11:21:10","date_gmt":"2025-04-18T09:21:10","guid":{"rendered":"https:\/\/keluvo.com\/no\/produkt\/lommebok\/"},"modified":"2025-04-18T11:21:17","modified_gmt":"2025-04-18T09:21:17","slug":"lommebok","status":"publish","type":"product","link":"https:\/\/keluvo.com\/no\/produkt\/lommebok\/","title":{"rendered":"Lommebok"},"content":{"rendered":"<h2 style=\"text-align: center\"><strong>Hold Kortene Dine Trygge Og Lommene Lette Med Denne Slanke Og Stilige Lommeboken<\/strong><\/h2>\n<p style=\"text-align: center\"><span style=\"font-weight: 400\">som kombinerer stil, sikkerhet og bekvemmelighet. Den er det perfekte tilbeh\u00f8ret for alle som \u00f8nsker \u00e5 holde seg organisert og beskyttet. Skaff deg din i dag og nyt tryggheten som f\u00f8lger med \u00e5 vite at informasjonen din er sikker.<\/span><\/p>\n<h2 style=\"text-align: center\"><img fetchpriority=\"high\" decoding=\"async\" class=\"alignnone size-full wp-image-14869\" src=\"https:\/\/keluvo.com\/template\/wp-content\/uploads\/sites\/5\/2025\/04\/5r2D0Jt9WBNvI1tfalsq-Trim-ezgif.com-video-to-webp-converter.webp\" alt=\"\" width=\"640\" height=\"640\" \/><\/h2>\n<h2><\/h2>\n<h2 style=\"text-align: center\"><strong>Hovedfordeler<\/strong><\/h2>\n<ul>\n<li style=\"font-weight: 400\"><span style=\"font-weight: 400\">Rommer opptil 15 kort<\/span><span style=\"font-weight: 400\"><br \/>\n<\/span><\/li>\n<li style=\"font-weight: 400\"><span style=\"font-weight: 400\">Slank design som passer lett i lommen<\/span><span style=\"font-weight: 400\"><br \/>\n<\/span><\/li>\n<li><span style=\"font-weight: 400\">Rfid-blokkering for \u00e5 beskytte informasjonen din<\/span><\/li>\n<li><span style=\"font-weight: 400\">Leveres i en stilig gaveeske<br \/>\n<img decoding=\"async\" class=\"size-full wp-image-14826 aligncenter\" src=\"https:\/\/keluvo.com\/template\/wp-content\/uploads\/sites\/5\/2025\/04\/488f7d51-9141-456a-bc0c-52606be20ee4.webp\" alt=\"\" width=\"800\" height=\"800\" \/><b><\/b><\/span><\/li>\n<\/ul>\n<h2><\/h2>\n<h2 style=\"text-align: center\"><span style=\"font-weight: 400\"><b>N\u00f8kkelfunksjoner<\/b><br \/>\n<\/span><\/h2>\n<ul>\n<li style=\"font-weight: 400\"><span style=\"font-weight: 400\">2 ID-vinduer for rask tilgang<\/span><span style=\"font-weight: 400\"><br \/>\n<\/span><\/li>\n<li style=\"font-weight: 400\"><span style=\"font-weight: 400\">2 hurtigtilgangsspor for de mest brukte kortene dine<\/span><span style=\"font-weight: 400\"><br \/>\n<\/span><\/li>\n<li style=\"font-weight: 400\"><span style=\"font-weight: 400\">15 kortspor pluss 2 ekstra spor bak dem<\/span><span style=\"font-weight: 400\"><br \/>\n<\/span><\/li>\n<li style=\"font-weight: 400\"><span style=\"font-weight: 400\">Avansert rfid-teknologi for \u00e5 blokkere uautoriserte skanninger<\/span><\/li>\n<li style=\"font-weight: 400\"><span style=\"font-weight: 400\"><span style=\"font-weight: 400\">Dimensjoner: 10,92 x 8,13 x 1,52 cm\u200b<br \/>\n<img decoding=\"async\" class=\"size-full wp-image-14828 aligncenter\" src=\"https:\/\/keluvo.com\/template\/wp-content\/uploads\/sites\/5\/2025\/04\/0f0f8810-9790-4089-bb04-cb92ac489d02.webp\" alt=\"\" width=\"800\" height=\"800\" \/><\/span><\/span><\/p>\n<h2 style=\"text-align: center\"><\/h2>\n<\/li>\n<\/ul>\n<h2 style=\"text-align: center\"><b>Hva Du F\u00e5r<\/b><\/h2>\n<p style=\"text-align: center\"><span style=\"font-weight: 400\">N\u00e5r du kj\u00f8per dette produktet, f\u00e5r du:<\/span><\/p>\n<ul>\n<li style=\"list-style-type: none\">\n<ul>\n<li style=\"font-weight: 400\"><span style=\"font-weight: 400\">1 slank bifold lommebok<\/span><span style=\"font-weight: 400\"><br \/>\n<\/span><\/li>\n<li style=\"font-weight: 400\"><span style=\"font-weight: 400\">1 gaveeske\u00a0<\/span><\/li>\n<\/ul>\n<\/li>\n<\/ul>\n","protected":false},"excerpt":{"rendered":"<p>Hold Kortene Dine Trygge Og Lommene Lette Med Denne Slanke Og Stilige Lommeboken som kombinerer stil, sikkerhet og bekvemmelighet. Den [&hellip;]<\/p>\n","protected":false},"featured_media":14616,"comment_status":"open","ping_status":"closed","template":"","meta":{"site-sidebar-layout":"default","site-content-layout":"","ast-site-content-layout":"default","site-content-style":"default","site-sidebar-style":"default","ast-global-header-display":"","ast-banner-title-visibility":"","ast-main-header-display":"","ast-hfb-above-header-display":"","ast-hfb-below-header-display":"","ast-hfb-mobile-header-display":"","site-post-title":"","ast-breadcrumbs-content":"","ast-featured-img":"","footer-sml-layout":"","theme-transparent-header-meta":"default","adv-header-id-meta":"","stick-header-meta":"","header-above-stick-meta":"","header-main-stick-meta":"","header-below-stick-meta":"","astra-migrate-meta-layouts":"set","ast-page-background-enabled":"default","ast-page-background-meta":{"desktop":{"background-color":"var(--ast-global-color-4)","background-image":"","background-repeat":"repeat","background-position":"center center","background-size":"auto","background-attachment":"scroll","background-type":"","background-media":"","overlay-type":"","overlay-color":"","overlay-opacity":"","overlay-gradient":""},"tablet":{"background-color":"","background-image":"","background-repeat":"repeat","background-position":"center center","background-size":"auto","background-attachment":"scroll","background-type":"","background-media":"","overlay-type":"","overlay-color":"","overlay-opacity":"","overlay-gradient":""},"mobile":{"background-color":"","background-image":"","background-repeat":"repeat","background-position":"center center","background-size":"auto","background-attachment":"scroll","background-type":"","background-media":"","overlay-type":"","overlay-color":"","overlay-opacity":"","overlay-gradient":""}},"ast-content-background-meta":{"desktop":{"background-color":"var(--ast-global-color-5)","background-image":"","background-repeat":"repeat","background-position":"center center","background-size":"auto","background-attachment":"scroll","background-type":"","background-media":"","overlay-type":"","overlay-color":"","overlay-opacity":"","overlay-gradient":""},"tablet":{"background-color":"var(--ast-global-color-5)","background-image":"","background-repeat":"repeat","background-position":"center center","background-size":"auto","background-attachment":"scroll","background-type":"","background-media":"","overlay-type":"","overlay-color":"","overlay-opacity":"","overlay-gradient":""},"mobile":{"background-color":"var(--ast-global-color-5)","background-image":"","background-repeat":"repeat","background-position":"center center","background-size":"auto","background-attachment":"scroll","background-type":"","background-media":"","overlay-type":"","overlay-color":"","overlay-opacity":"","overlay-gradient":""}}},"product_brand":[],"product_cat":[995],"product_tag":[],"class_list":{"0":"post-14620","1":"product","2":"type-product","3":"status-publish","4":"has-post-thumbnail","6":"product_cat-klaer-til-menn","7":"pa_18348_vn4andzc-brun","8":"pa_18348_vn4andzc-kaffe","9":"pa_18348_vn4andzc-svart","10":"pa_18348_vn4andzc-svart-med-blatt","11":"pa_18348_vn4andzc-svart-med-monster","12":"pa_18348_vn4andzc-svart-med-rodt","13":"desktop-align-left","14":"tablet-align-left","15":"mobile-align-left","17":"first","18":"instock","19":"shipping-taxable","20":"purchasable","21":"product-type-variable"},"_links":{"self":[{"href":"https:\/\/keluvo.com\/no\/wp-json\/wp\/v2\/product\/14620","targetHints":{"allow":["GET"]}}],"collection":[{"href":"https:\/\/keluvo.com\/no\/wp-json\/wp\/v2\/product"}],"about":[{"href":"https:\/\/keluvo.com\/no\/wp-json\/wp\/v2\/types\/product"}],"replies":[{"embeddable":true,"href":"https:\/\/keluvo.com\/no\/wp-json\/wp\/v2\/comments?post=14620"}],"wp:featuredmedia":[{"embeddable":true,"href":"https:\/\/keluvo.com\/no\/wp-json\/wp\/v2\/media\/14616"}],"wp:attachment":[{"href":"https:\/\/keluvo.com\/no\/wp-json\/wp\/v2\/media?parent=14620"}],"wp:term":[{"taxonomy":"product_brand","embeddable":true,"href":"https:\/\/keluvo.com\/no\/wp-json\/wp\/v2\/product_brand?post=14620"},{"taxonomy":"product_cat","embeddable":true,"href":"https:\/\/keluvo.com\/no\/wp-json\/wp\/v2\/product_cat?post=14620"},{"taxonomy":"product_tag","embeddable":true,"href":"https:\/\/keluvo.com\/no\/wp-json\/wp\/v2\/product_tag?post=14620"}],"curies":[{"name":"wp","href":"https:\/\/api.w.org\/{rel}","templated":true}]}}