{"id":14607,"date":"2025-04-18T11:17:14","date_gmt":"2025-04-18T09:17:14","guid":{"rendered":"https:\/\/keluvo.com\/no\/produkt\/silikonovertrekk-6-stk\/"},"modified":"2025-04-18T11:17:20","modified_gmt":"2025-04-18T09:17:20","slug":"silikonovertrekk-6-stk","status":"publish","type":"product","link":"https:\/\/keluvo.com\/no\/produkt\/silikonovertrekk-6-stk\/","title":{"rendered":"Silikonovertrekk ( 6 stk )"},"content":{"rendered":"<h2 style=\"text-align: center\"><strong>Holder Maten Fersk Lenger<\/strong><\/h2>\n<p style=\"text-align: center\">Silikonlokket skaper en lufttett forsegling som holder maten fersk og beskyttet mot lukt. Det er ideelt til \u00e5 dekke sk\u00e5ler, gryter og til og med oppsk\u00e5ret frukt, og bidrar til \u00e5 redusere matsvinn ved \u00e5 ta vare p\u00e5 rester og ferske ingredienser.<\/p>\n<p><img decoding=\"async\" class=\"alignnone size-medium wp-image-10938 aligncenter\" src=\"https:\/\/keluvo.com\/template\/wp-content\/uploads\/sites\/5\/2025\/02\/7850a6a0-26e3-4d1b-bf8b-5e96cb47f135.webp\" alt=\"\" \/><\/p>\n<h2 style=\"text-align: center\"><strong>T\u00f8yelig Og Allsidig Passform<\/strong><\/h2>\n<p style=\"text-align: center\">Disse gjenbrukbare silikonlokkene finnes i ulike st\u00f8rrelser og t\u00f8yes enkelt for \u00e5 passe til ulike former og beholdere. De passer til alt fra sm\u00e5 fruktsk\u00e5ler til store gryter, og s\u00f8rger for at det ikke s\u00f8les eller lekker.<\/p>\n<h2 style=\"text-align: center\"><img decoding=\"async\" class=\"alignnone size-medium wp-image-10940 aligncenter\" src=\"https:\/\/keluvo.com\/template\/wp-content\/uploads\/sites\/5\/2025\/02\/S51bbc4d3a7314f7d88bbd9203954ce62l.jpg_960x960q75.jpg_.jpeg\" alt=\"\" \/><br \/>\n<strong>Innholdet I Pakken<\/strong><\/h2>\n<ul>\n<li style=\"font-weight: 400\"><span style=\"font-weight: 400\">6 silikonstrekkdeksler i forskjellige st\u00f8rrelser<\/span><span style=\"font-weight: 400\"><br \/>\n<\/span><\/li>\n<li style=\"font-weight: 400\"><span style=\"font-weight: 400\">Hvert deksel er fleksibelt og slitesterkt<\/span><span style=\"font-weight: 400\"><br \/>\n<\/span><\/li>\n<li style=\"font-weight: 400\"><span style=\"font-weight: 400\">Leveres i en praktisk oppbevaringspose<\/span><span style=\"font-weight: 400\"><br \/>\n<\/span><\/li>\n<\/ul>\n<p style=\"text-align: center\"><span style=\"font-weight: 400\">Disse silikondekslene er et smart valg for ethvert kj\u00f8kken. De gj\u00f8r det enkelt \u00e5 oppbevare mat og hjelper deg med \u00e5 holde orden p\u00e5 kj\u00f8kkenet.<\/span><\/p>\n","protected":false},"excerpt":{"rendered":"<p>Holder Maten Fersk Lenger Silikonlokket skaper en lufttett forsegling som holder maten fersk og beskyttet mot lukt. Det er ideelt [&hellip;]<\/p>\n","protected":false},"featured_media":14603,"comment_status":"open","ping_status":"closed","template":"","meta":{"site-sidebar-layout":"default","site-content-layout":"","ast-site-content-layout":"default","site-content-style":"default","site-sidebar-style":"default","ast-global-header-display":"","ast-banner-title-visibility":"","ast-main-header-display":"","ast-hfb-above-header-display":"","ast-hfb-below-header-display":"","ast-hfb-mobile-header-display":"","site-post-title":"","ast-breadcrumbs-content":"","ast-featured-img":"","footer-sml-layout":"","theme-transparent-header-meta":"default","adv-header-id-meta":"","stick-header-meta":"","header-above-stick-meta":"","header-main-stick-meta":"","header-below-stick-meta":"","astra-migrate-meta-layouts":"set","ast-page-background-enabled":"default","ast-page-background-meta":{"desktop":{"background-color":"var(--ast-global-color-4)","background-image":"","background-repeat":"repeat","background-position":"center center","background-size":"auto","background-attachment":"scroll","background-type":"","background-media":"","overlay-type":"","overlay-color":"","overlay-opacity":"","overlay-gradient":""},"tablet":{"background-color":"","background-image":"","background-repeat":"repeat","background-position":"center center","background-size":"auto","background-attachment":"scroll","background-type":"","background-media":"","overlay-type":"","overlay-color":"","overlay-opacity":"","overlay-gradient":""},"mobile":{"background-color":"","background-image":"","background-repeat":"repeat","background-position":"center center","background-size":"auto","background-attachment":"scroll","background-type":"","background-media":"","overlay-type":"","overlay-color":"","overlay-opacity":"","overlay-gradient":""}},"ast-content-background-meta":{"desktop":{"background-color":"var(--ast-global-color-5)","background-image":"","background-repeat":"repeat","background-position":"center center","background-size":"auto","background-attachment":"scroll","background-type":"","background-media":"","overlay-type":"","overlay-color":"","overlay-opacity":"","overlay-gradient":""},"tablet":{"background-color":"var(--ast-global-color-5)","background-image":"","background-repeat":"repeat","background-position":"center center","background-size":"auto","background-attachment":"scroll","background-type":"","background-media":"","overlay-type":"","overlay-color":"","overlay-opacity":"","overlay-gradient":""},"mobile":{"background-color":"var(--ast-global-color-5)","background-image":"","background-repeat":"repeat","background-position":"center center","background-size":"auto","background-attachment":"scroll","background-type":"","background-media":"","overlay-type":"","overlay-color":"","overlay-opacity":"","overlay-gradient":""}}},"product_brand":[],"product_cat":[1001],"product_tag":[],"class_list":{"0":"post-14607","1":"product","2":"type-product","3":"status-publish","4":"has-post-thumbnail","6":"product_cat-husholdningsartikler","7":"pa_39824_aj53bfuw-bla","8":"pa_39824_aj53bfuw-gul","9":"pa_39824_aj53bfuw-hvit","10":"pa_39824_aj53bfuw-rosa","11":"desktop-align-left","12":"tablet-align-left","13":"mobile-align-left","15":"first","16":"instock","17":"shipping-taxable","18":"purchasable","19":"product-type-variable"},"_links":{"self":[{"href":"https:\/\/keluvo.com\/no\/wp-json\/wp\/v2\/product\/14607","targetHints":{"allow":["GET"]}}],"collection":[{"href":"https:\/\/keluvo.com\/no\/wp-json\/wp\/v2\/product"}],"about":[{"href":"https:\/\/keluvo.com\/no\/wp-json\/wp\/v2\/types\/product"}],"replies":[{"embeddable":true,"href":"https:\/\/keluvo.com\/no\/wp-json\/wp\/v2\/comments?post=14607"}],"wp:featuredmedia":[{"embeddable":true,"href":"https:\/\/keluvo.com\/no\/wp-json\/wp\/v2\/media\/14603"}],"wp:attachment":[{"href":"https:\/\/keluvo.com\/no\/wp-json\/wp\/v2\/media?parent=14607"}],"wp:term":[{"taxonomy":"product_brand","embeddable":true,"href":"https:\/\/keluvo.com\/no\/wp-json\/wp\/v2\/product_brand?post=14607"},{"taxonomy":"product_cat","embeddable":true,"href":"https:\/\/keluvo.com\/no\/wp-json\/wp\/v2\/product_cat?post=14607"},{"taxonomy":"product_tag","embeddable":true,"href":"https:\/\/keluvo.com\/no\/wp-json\/wp\/v2\/product_tag?post=14607"}],"curies":[{"name":"wp","href":"https:\/\/api.w.org\/{rel}","templated":true}]}}