{"id":14574,"date":"2025-04-18T11:12:16","date_gmt":"2025-04-18T09:12:16","guid":{"rendered":"https:\/\/keluvo.com\/no\/produkt\/magnetisk-tidsur\/"},"modified":"2025-04-29T10:44:44","modified_gmt":"2025-04-29T08:44:44","slug":"magnetisk-tidsur","status":"publish","type":"product","link":"https:\/\/keluvo.com\/no\/produkt\/magnetisk-tidsur\/","title":{"rendered":"Magnetisk tidsur"},"content":{"rendered":"<p style=\"text-align: center;\"><strong>\u23f2 Et elegant og p\u00e5litelig verkt\u00f8y som hjelper deg med \u00e5 administrere tiden effektivt p\u00e5 kj\u00f8kkenet, kontoret eller i klasserommet. \u23f3<\/strong><\/p>\n<h2 style=\"text-align: center;\">H\u00e5ndter Tiden Med Letthet!<\/h2>\n<p style=\"text-align: center;\"><span style=\"font-weight: 400;\">Denne tidtakeren er laget av rustfritt st\u00e5l 304 av h\u00f8y kvalitet, noe som sikrer holdbarhet og motstand mot korrosjon. Den magnetiske baksiden gj\u00f8r at du kan feste den p\u00e5 alle metalloverflater, slik at den er lett tilgjengelig. Den store urskiven og den kraftige mekaniske alarmen p\u00e5 85 dB sikrer at du aldri g\u00e5r glipp av et varsel, selv i st\u00f8yende omgivelser.<\/span><\/p>\n<p><img decoding=\"async\" class=\"size-full wp-image-15065 aligncenter\" src=\"https:\/\/keluvo.com\/template\/wp-content\/uploads\/sites\/5\/2025\/04\/timervideo-ezgif.com-gif-to-webp-converter.webp\" alt=\"\" \/><\/p>\n<h2 style=\"text-align: center;\">Egnet For Kj\u00f8kkenkontor, Klasserom, Og Mer.<\/h2>\n<p><span style=\"font-weight: 400;\">\u2714 Slitesterk konstruksjon i rustfritt st\u00e5l 304<\/span><span style=\"font-weight: 400;\"><br \/>\n<\/span><\/p>\n<p><span style=\"font-weight: 400;\"> \u2714 Magnetisk bakside for praktisk plassering<\/span><span style=\"font-weight: 400;\"><br \/>\n<\/span><\/p>\n<p><span style=\"font-weight: 400;\">\u2714 Kraftig mekanisk alarm p\u00e5 85 dB<\/span><span style=\"font-weight: 400;\"><br \/>\n<\/span><\/p>\n<p><span style=\"font-weight: 400;\">\u2714 Ingen batterier kreves<\/span><span style=\"font-weight: 400;\"><br \/>\n<\/span><\/p>\n<p><img decoding=\"async\" class=\"size-full wp-image-15060 aligncenter\" src=\"https:\/\/keluvo.com\/template\/wp-content\/uploads\/sites\/5\/2025\/04\/ca174875-7e50-4bdb-8e9c-cf23e3255a4c.webp\" alt=\"\" \/><\/p>\n<h2 style=\"text-align: center;\">Hvordan Bruke Den Magnetiske Tidtakeren?<\/h2>\n<p style=\"text-align: center;\"><span style=\"font-weight: 400;\">Bare vri p\u00e5 urskiven for \u00e5 stille inn \u00f8nsket tid, s\u00e5 teller tidtakeren ned n\u00f8yaktig. N\u00e5r tiden er ute, vil den h\u00f8ylytte alarmen varsle deg umiddelbart. Den mekaniske konstruksjonen gj\u00f8r at du ikke trenger batterier, noe som gj\u00f8r den til et milj\u00f8vennlig valg.<\/span><\/p>\n<h2 style=\"text-align: center;\">Pakken Inneholder:<\/h2>\n<ul>\n<li><span style=\"font-weight: 400;\">1 magnetisk tidtaker<\/span><span style=\"font-weight: 400;\"><br \/>\n<\/span><\/li>\n<\/ul>\n","protected":false},"excerpt":{"rendered":"<p>\u23f2 Et elegant og p\u00e5litelig verkt\u00f8y som hjelper deg med \u00e5 administrere tiden effektivt p\u00e5 kj\u00f8kkenet, kontoret eller i klasserommet. [&hellip;]<\/p>\n","protected":false},"featured_media":14570,"comment_status":"open","ping_status":"closed","template":"","meta":{"site-sidebar-layout":"default","site-content-layout":"","ast-site-content-layout":"default","site-content-style":"default","site-sidebar-style":"default","ast-global-header-display":"","ast-banner-title-visibility":"","ast-main-header-display":"","ast-hfb-above-header-display":"","ast-hfb-below-header-display":"","ast-hfb-mobile-header-display":"","site-post-title":"","ast-breadcrumbs-content":"","ast-featured-img":"","footer-sml-layout":"","theme-transparent-header-meta":"default","adv-header-id-meta":"","stick-header-meta":"","header-above-stick-meta":"","header-main-stick-meta":"","header-below-stick-meta":"","astra-migrate-meta-layouts":"set","ast-page-background-enabled":"default","ast-page-background-meta":{"desktop":{"background-color":"var(--ast-global-color-4)","background-image":"","background-repeat":"repeat","background-position":"center center","background-size":"auto","background-attachment":"scroll","background-type":"","background-media":"","overlay-type":"","overlay-color":"","overlay-opacity":"","overlay-gradient":""},"tablet":{"background-color":"","background-image":"","background-repeat":"repeat","background-position":"center center","background-size":"auto","background-attachment":"scroll","background-type":"","background-media":"","overlay-type":"","overlay-color":"","overlay-opacity":"","overlay-gradient":""},"mobile":{"background-color":"","background-image":"","background-repeat":"repeat","background-position":"center center","background-size":"auto","background-attachment":"scroll","background-type":"","background-media":"","overlay-type":"","overlay-color":"","overlay-opacity":"","overlay-gradient":""}},"ast-content-background-meta":{"desktop":{"background-color":"var(--ast-global-color-5)","background-image":"","background-repeat":"repeat","background-position":"center center","background-size":"auto","background-attachment":"scroll","background-type":"","background-media":"","overlay-type":"","overlay-color":"","overlay-opacity":"","overlay-gradient":""},"tablet":{"background-color":"var(--ast-global-color-5)","background-image":"","background-repeat":"repeat","background-position":"center center","background-size":"auto","background-attachment":"scroll","background-type":"","background-media":"","overlay-type":"","overlay-color":"","overlay-opacity":"","overlay-gradient":""},"mobile":{"background-color":"var(--ast-global-color-5)","background-image":"","background-repeat":"repeat","background-position":"center center","background-size":"auto","background-attachment":"scroll","background-type":"","background-media":"","overlay-type":"","overlay-color":"","overlay-opacity":"","overlay-gradient":""}}},"product_brand":[],"product_cat":[1001],"product_tag":[],"class_list":{"0":"post-14574","1":"product","2":"type-product","3":"status-publish","4":"has-post-thumbnail","6":"product_cat-husholdningsartikler","7":"pa_18864_x5vujqo9-hvit","8":"pa_18864_x5vujqo9-svart","9":"desktop-align-left","10":"tablet-align-left","11":"mobile-align-left","13":"first","14":"instock","15":"shipping-taxable","16":"purchasable","17":"product-type-variable"},"_links":{"self":[{"href":"https:\/\/keluvo.com\/no\/wp-json\/wp\/v2\/product\/14574","targetHints":{"allow":["GET"]}}],"collection":[{"href":"https:\/\/keluvo.com\/no\/wp-json\/wp\/v2\/product"}],"about":[{"href":"https:\/\/keluvo.com\/no\/wp-json\/wp\/v2\/types\/product"}],"replies":[{"embeddable":true,"href":"https:\/\/keluvo.com\/no\/wp-json\/wp\/v2\/comments?post=14574"}],"wp:featuredmedia":[{"embeddable":true,"href":"https:\/\/keluvo.com\/no\/wp-json\/wp\/v2\/media\/14570"}],"wp:attachment":[{"href":"https:\/\/keluvo.com\/no\/wp-json\/wp\/v2\/media?parent=14574"}],"wp:term":[{"taxonomy":"product_brand","embeddable":true,"href":"https:\/\/keluvo.com\/no\/wp-json\/wp\/v2\/product_brand?post=14574"},{"taxonomy":"product_cat","embeddable":true,"href":"https:\/\/keluvo.com\/no\/wp-json\/wp\/v2\/product_cat?post=14574"},{"taxonomy":"product_tag","embeddable":true,"href":"https:\/\/keluvo.com\/no\/wp-json\/wp\/v2\/product_tag?post=14574"}],"curies":[{"name":"wp","href":"https:\/\/api.w.org\/{rel}","templated":true}]}}