{"id":14569,"date":"2025-04-18T11:11:49","date_gmt":"2025-04-18T09:11:49","guid":{"rendered":"https:\/\/keluvo.com\/no\/produkt\/kompakt-massasjeapparat\/"},"modified":"2025-04-18T11:11:49","modified_gmt":"2025-04-18T09:11:49","slug":"kompakt-massasjeapparat","status":"publish","type":"product","link":"https:\/\/keluvo.com\/no\/produkt\/kompakt-massasjeapparat\/","title":{"rendered":"Kompakt massasjeapparat"},"content":{"rendered":"<p style=\"text-align: center\"><strong>\ud83d\udc86\u200d\u2642\ufe0f Et kompakt og brukervennlig apparat som er designet for \u00e5 f\u00e5 kroppen til \u00e5 slappe av og lindre muskelspenninger. \u26a1<\/strong><\/p>\n<h2 style=\"text-align: center\">Slapp Av N\u00e5r Som Helst, Hvor Som Helst!<\/h2>\n<p style=\"text-align: center\"><span style=\"font-weight: 400\">Dette lille massasjeapparatet er perfekt for \u00e5 berolige nakke, rygg, midje, hofter, ben og mer. Med 10 justerbare moduser kan du velge den massasjen som f\u00f8les best for deg. Den er lett og b\u00e6rbar, noe som gj\u00f8r den enkel \u00e5 ta med seg og oppbevare.<\/span><\/p>\n<p><img decoding=\"async\" class=\"size-full wp-image-15044 aligncenter\" src=\"https:\/\/keluvo.com\/template\/wp-content\/uploads\/sites\/5\/2025\/04\/c7a21f55-0356-4465-aa1f-41ea3584a58d-ezgif.com-gif-to-webp-converter.webp\" alt=\"\" \/><\/p>\n<h2 style=\"text-align: center\">10 Justerbare Massasjemoduser<span style=\"font-weight: 400\"><br \/>\n<\/span><\/h2>\n<p><span style=\"font-weight: 400\">\u2714 M\u00e5lrettet mot flere kroppsomr\u00e5der<\/span><span style=\"font-weight: 400\"><br \/>\n<\/span><\/p>\n<p><span style=\"font-weight: 400\">\u2714 Lett og enkel \u00e5 b\u00e6re<\/span><span style=\"font-weight: 400\"><br \/>\n<\/span><\/p>\n<p><span style=\"font-weight: 400\">\u2714 Enkel betjening med \u00e9n knapp<\/span><span style=\"font-weight: 400\"><br \/>\n<\/span><\/p>\n<p><span style=\"font-weight: 400\">\u2714 Hjelper med \u00e5 lindre muskelspenninger og stress<\/span><\/p>\n<p><img decoding=\"async\" class=\"size-full wp-image-15050 aligncenter\" src=\"https:\/\/keluvo.com\/template\/wp-content\/uploads\/sites\/5\/2025\/04\/52ab7e48-4223-4dd1-803c-81fa0af3dfe1-ezgif.com-gif-to-webp-converter.webp\" alt=\"\" \/><\/p>\n<h2 style=\"text-align: center\">Slik Bruker Du Det Kompakte Massasjeapparatet?<\/h2>\n<p style=\"text-align: center\"><span style=\"font-weight: 400\">Fest massasjeplasteret p\u00e5 omr\u00e5det du vil massere. Trykk p\u00e5 &laquo;p\u00e5&raquo;-knappen for \u00e5 starte, og velg \u00f8nsket modus. Juster intensiteten til ditt eget komfortniv\u00e5. Nyt en 12-minutters massasje\u00f8kt som hjelper deg til \u00e5 f\u00f8le deg uthvilt og avslappet.<\/span><\/p>\n<h2 style=\"text-align: center\">Pakken Inkluderer:<\/h2>\n<p style=\"text-align: center\"><span style=\"font-weight: 400\">N\u00e5r du kj\u00f8per dette produktet, f\u00e5r du:<\/span><\/p>\n<ul>\n<li style=\"font-weight: 400\"><span style=\"font-weight: 400\">1 massasjeapparat<\/span><span style=\"font-weight: 400\"><br \/>\n<\/span><\/li>\n<li style=\"font-weight: 400\"><span style=\"font-weight: 400\">1 massasjeplaster<\/span><span style=\"font-weight: 400\"><br \/>\n<\/span><\/li>\n<\/ul>\n<p style=\"text-align: center\"><span style=\"font-weight: 400\">Dette massasjeapparatet er designet for bekvemmelighet og komfort, slik at du kan nyte en avslappende massasje uansett hvor du er.<\/span><\/p>\n","protected":false},"excerpt":{"rendered":"<p>\ud83d\udc86\u200d\u2642\ufe0f Et kompakt og brukervennlig apparat som er designet for \u00e5 f\u00e5 kroppen til \u00e5 slappe av og lindre muskelspenninger. [&hellip;]<\/p>\n","protected":false},"featured_media":14565,"comment_status":"open","ping_status":"closed","template":"","meta":{"site-sidebar-layout":"default","site-content-layout":"","ast-site-content-layout":"default","site-content-style":"default","site-sidebar-style":"default","ast-global-header-display":"","ast-banner-title-visibility":"","ast-main-header-display":"","ast-hfb-above-header-display":"","ast-hfb-below-header-display":"","ast-hfb-mobile-header-display":"","site-post-title":"","ast-breadcrumbs-content":"","ast-featured-img":"","footer-sml-layout":"","theme-transparent-header-meta":"default","adv-header-id-meta":"","stick-header-meta":"","header-above-stick-meta":"","header-main-stick-meta":"","header-below-stick-meta":"","astra-migrate-meta-layouts":"set","ast-page-background-enabled":"default","ast-page-background-meta":{"desktop":{"background-color":"var(--ast-global-color-4)","background-image":"","background-repeat":"repeat","background-position":"center center","background-size":"auto","background-attachment":"scroll","background-type":"","background-media":"","overlay-type":"","overlay-color":"","overlay-opacity":"","overlay-gradient":""},"tablet":{"background-color":"","background-image":"","background-repeat":"repeat","background-position":"center center","background-size":"auto","background-attachment":"scroll","background-type":"","background-media":"","overlay-type":"","overlay-color":"","overlay-opacity":"","overlay-gradient":""},"mobile":{"background-color":"","background-image":"","background-repeat":"repeat","background-position":"center center","background-size":"auto","background-attachment":"scroll","background-type":"","background-media":"","overlay-type":"","overlay-color":"","overlay-opacity":"","overlay-gradient":""}},"ast-content-background-meta":{"desktop":{"background-color":"var(--ast-global-color-5)","background-image":"","background-repeat":"repeat","background-position":"center center","background-size":"auto","background-attachment":"scroll","background-type":"","background-media":"","overlay-type":"","overlay-color":"","overlay-opacity":"","overlay-gradient":""},"tablet":{"background-color":"var(--ast-global-color-5)","background-image":"","background-repeat":"repeat","background-position":"center center","background-size":"auto","background-attachment":"scroll","background-type":"","background-media":"","overlay-type":"","overlay-color":"","overlay-opacity":"","overlay-gradient":""},"mobile":{"background-color":"var(--ast-global-color-5)","background-image":"","background-repeat":"repeat","background-position":"center center","background-size":"auto","background-attachment":"scroll","background-type":"","background-media":"","overlay-type":"","overlay-color":"","overlay-opacity":"","overlay-gradient":""}}},"product_brand":[],"product_cat":[991],"product_tag":[],"class_list":{"0":"post-14569","1":"product","2":"type-product","3":"status-publish","4":"has-post-thumbnail","6":"product_cat-helseprodukter","7":"desktop-align-left","8":"tablet-align-left","9":"mobile-align-left","11":"first","12":"instock","13":"shipping-taxable","14":"purchasable","15":"product-type-simple"},"_links":{"self":[{"href":"https:\/\/keluvo.com\/no\/wp-json\/wp\/v2\/product\/14569","targetHints":{"allow":["GET"]}}],"collection":[{"href":"https:\/\/keluvo.com\/no\/wp-json\/wp\/v2\/product"}],"about":[{"href":"https:\/\/keluvo.com\/no\/wp-json\/wp\/v2\/types\/product"}],"replies":[{"embeddable":true,"href":"https:\/\/keluvo.com\/no\/wp-json\/wp\/v2\/comments?post=14569"}],"wp:featuredmedia":[{"embeddable":true,"href":"https:\/\/keluvo.com\/no\/wp-json\/wp\/v2\/media\/14565"}],"wp:attachment":[{"href":"https:\/\/keluvo.com\/no\/wp-json\/wp\/v2\/media?parent=14569"}],"wp:term":[{"taxonomy":"product_brand","embeddable":true,"href":"https:\/\/keluvo.com\/no\/wp-json\/wp\/v2\/product_brand?post=14569"},{"taxonomy":"product_cat","embeddable":true,"href":"https:\/\/keluvo.com\/no\/wp-json\/wp\/v2\/product_cat?post=14569"},{"taxonomy":"product_tag","embeddable":true,"href":"https:\/\/keluvo.com\/no\/wp-json\/wp\/v2\/product_tag?post=14569"}],"curies":[{"name":"wp","href":"https:\/\/api.w.org\/{rel}","templated":true}]}}