{"id":1455,"date":"2024-10-10T12:21:48","date_gmt":"2024-10-10T09:21:48","guid":{"rendered":"https:\/\/keluvo.com\/no\/produkt\/puslespill-i-tre\/"},"modified":"2024-10-10T12:46:09","modified_gmt":"2024-10-10T09:46:09","slug":"puslespill-i-tre","status":"publish","type":"product","link":"https:\/\/keluvo.com\/no\/produkt\/puslespill-i-tre\/","title":{"rendered":"Puslespill i tre"},"content":{"rendered":"<h2 style=\"text-align: center;\"><strong>Flott design<\/strong><\/h2>\n<p style=\"text-align: center;\">Dette h\u00e5ndlagde trepuslespillet ser kanskje enkelt ut, men det inneholder mange mysterier, de er vanligvis lette \u00e5 ta fra hverandre, men vanskelige \u00e5 sette sammen.<\/p>\n<p><img decoding=\"async\" class=\"size-medium wp-image-851 aligncenter\" src=\"https:\/\/keluvo.com\/template\/wp-content\/uploads\/2024\/10\/medinedelione.webp\" alt=\"\" \/><\/p>\n<p>&nbsp;<\/p>\n<h2 style=\"text-align: center;\"><strong>Fordelen med puslespillet<\/strong><\/h2>\n<p style=\"text-align: center;\">Hjelper med \u00e5 utvikle kreativ tenkning, fantasi og probleml\u00f8sningsferdigheter. Mulighetene er uendelige. Utfordrer hjernen og t\u00e5lmodigheten din. Et morsomt spill for barn og voksne<\/p>\n<p><img decoding=\"async\" class=\"size-medium wp-image-854 aligncenter\" src=\"https:\/\/keluvo.com\/template\/wp-content\/uploads\/sites\/5\/2024\/10\/1_1_37fa9ada-5414-4196-862a-b97be0adb356_1400x.webp\" alt=\"\" \/><\/p>\n<p>&nbsp;<\/p>\n<h2 style=\"text-align: center;\"><strong>Perfekt utsk\u00e5rne puslespillbrikker<\/strong><\/h2>\n<p style=\"text-align: center;\">Puslespillbrikkene er presisjonskuttet for god passform og holdbarhet. Det er veldig solid og attraktivt, perfekt for puslespillelskere<\/p>\n<p><img decoding=\"async\" class=\"size-medium wp-image-855 aligncenter\" src=\"https:\/\/keluvo.com\/template\/wp-content\/uploads\/sites\/5\/2024\/10\/1_6_9888ddb1-00ab-4adf-bc17-a537bb99d3fd_1400x-1.webp\" alt=\"\" \/><\/p>\n","protected":false},"excerpt":{"rendered":"<p>Flott design Dette h\u00e5ndlagde trepuslespillet ser kanskje enkelt ut, men det inneholder mange mysterier, de er vanligvis lette \u00e5 ta [&hellip;]<\/p>\n","protected":false},"featured_media":1451,"comment_status":"open","ping_status":"closed","template":"","meta":{"site-sidebar-layout":"default","site-content-layout":"","ast-site-content-layout":"default","site-content-style":"default","site-sidebar-style":"default","ast-global-header-display":"","ast-banner-title-visibility":"","ast-main-header-display":"","ast-hfb-above-header-display":"","ast-hfb-below-header-display":"","ast-hfb-mobile-header-display":"","site-post-title":"","ast-breadcrumbs-content":"","ast-featured-img":"","footer-sml-layout":"","theme-transparent-header-meta":"default","adv-header-id-meta":"","stick-header-meta":"","header-above-stick-meta":"","header-main-stick-meta":"","header-below-stick-meta":"","astra-migrate-meta-layouts":"set","ast-page-background-enabled":"default","ast-page-background-meta":{"desktop":{"background-color":"var(--ast-global-color-4)","background-image":"","background-repeat":"repeat","background-position":"center center","background-size":"auto","background-attachment":"scroll","background-type":"","background-media":"","overlay-type":"","overlay-color":"","overlay-opacity":"","overlay-gradient":""},"tablet":{"background-color":"","background-image":"","background-repeat":"repeat","background-position":"center center","background-size":"auto","background-attachment":"scroll","background-type":"","background-media":"","overlay-type":"","overlay-color":"","overlay-opacity":"","overlay-gradient":""},"mobile":{"background-color":"","background-image":"","background-repeat":"repeat","background-position":"center center","background-size":"auto","background-attachment":"scroll","background-type":"","background-media":"","overlay-type":"","overlay-color":"","overlay-opacity":"","overlay-gradient":""}},"ast-content-background-meta":{"desktop":{"background-color":"var(--ast-global-color-5)","background-image":"","background-repeat":"repeat","background-position":"center center","background-size":"auto","background-attachment":"scroll","background-type":"","background-media":"","overlay-type":"","overlay-color":"","overlay-opacity":"","overlay-gradient":""},"tablet":{"background-color":"var(--ast-global-color-5)","background-image":"","background-repeat":"repeat","background-position":"center center","background-size":"auto","background-attachment":"scroll","background-type":"","background-media":"","overlay-type":"","overlay-color":"","overlay-opacity":"","overlay-gradient":""},"mobile":{"background-color":"var(--ast-global-color-5)","background-image":"","background-repeat":"repeat","background-position":"center center","background-size":"auto","background-attachment":"scroll","background-type":"","background-media":"","overlay-type":"","overlay-color":"","overlay-opacity":"","overlay-gradient":""}}},"product_brand":[],"product_cat":[15],"product_tag":[],"class_list":{"0":"post-1455","1":"product","2":"type-product","3":"status-publish","4":"has-post-thumbnail","6":"product_cat-uncategorized","7":"pa_ruo4dywh-l-formet","8":"pa_ruo4dywh-t-l-formet","9":"pa_ruo4dywh-t-formet","10":"desktop-align-left","11":"tablet-align-left","12":"mobile-align-left","14":"first","15":"instock","16":"shipping-taxable","17":"purchasable","18":"product-type-variable"},"_links":{"self":[{"href":"https:\/\/keluvo.com\/no\/wp-json\/wp\/v2\/product\/1455","targetHints":{"allow":["GET"]}}],"collection":[{"href":"https:\/\/keluvo.com\/no\/wp-json\/wp\/v2\/product"}],"about":[{"href":"https:\/\/keluvo.com\/no\/wp-json\/wp\/v2\/types\/product"}],"replies":[{"embeddable":true,"href":"https:\/\/keluvo.com\/no\/wp-json\/wp\/v2\/comments?post=1455"}],"wp:featuredmedia":[{"embeddable":true,"href":"https:\/\/keluvo.com\/no\/wp-json\/wp\/v2\/media\/1451"}],"wp:attachment":[{"href":"https:\/\/keluvo.com\/no\/wp-json\/wp\/v2\/media?parent=1455"}],"wp:term":[{"taxonomy":"product_brand","embeddable":true,"href":"https:\/\/keluvo.com\/no\/wp-json\/wp\/v2\/product_brand?post=1455"},{"taxonomy":"product_cat","embeddable":true,"href":"https:\/\/keluvo.com\/no\/wp-json\/wp\/v2\/product_cat?post=1455"},{"taxonomy":"product_tag","embeddable":true,"href":"https:\/\/keluvo.com\/no\/wp-json\/wp\/v2\/product_tag?post=1455"}],"curies":[{"name":"wp","href":"https:\/\/api.w.org\/{rel}","templated":true}]}}