{"id":14491,"date":"2025-04-17T16:38:23","date_gmt":"2025-04-17T14:38:23","guid":{"rendered":"https:\/\/keluvo.com\/no\/produkt\/fotfil\/"},"modified":"2025-04-17T16:38:27","modified_gmt":"2025-04-17T14:38:27","slug":"fotfil","status":"publish","type":"product","link":"https:\/\/keluvo.com\/no\/produkt\/fotfil\/","title":{"rendered":"Fotfil"},"content":{"rendered":"<h2 style=\"text-align: center\"><strong>Gj\u00f8r F\u00f8ttene Dine Myke Og Glatte Med Denne Brukervennlige Fotfilen.<\/strong><\/h2>\n<p style=\"text-align: center\"><span style=\"font-weight: 400\">Denne fotfilen er en enkel og effektiv m\u00e5te \u00e5 ta vare p\u00e5 f\u00f8ttene dine p\u00e5. Den er enkel \u00e5 bruke og hjelper deg med \u00e5 holde f\u00f8ttene friske. Skaff deg din i dag og nyt myke, sunne f\u00f8tter.<\/span><\/p>\n<h2 style=\"text-align: center\"><img decoding=\"async\" class=\"size-full wp-image-14912 aligncenter\" src=\"https:\/\/keluvo.com\/template\/wp-content\/uploads\/sites\/5\/2025\/04\/66afcff4-270d-49ad-ad50-6b74f6f3d2cf.webp\" alt=\"\" \/><br \/>\n<strong>Hovedfordeler<\/strong><\/h2>\n<ul>\n<li style=\"font-weight: 400\"><span style=\"font-weight: 400\">Fjerner tykk h\u00e5rd hud og ru hud<\/span><span style=\"font-weight: 400\"><br \/>\n<\/span><\/li>\n<li style=\"font-weight: 400\"><span style=\"font-weight: 400\">F\u00e5r f\u00f8ttene til \u00e5 f\u00f8les myke og glatte<\/span><span style=\"font-weight: 400\"><br \/>\n<\/span><\/li>\n<li style=\"font-weight: 400\"><span style=\"font-weight: 400\">Enkle \u00e5 bruke hjemme<\/span><\/li>\n<li style=\"font-weight: 400\"><span style=\"font-weight: 400\">Holder f\u00f8ttene rene og sunne\u200b<br \/>\n<img decoding=\"async\" class=\"size-full wp-image-14913 aligncenter\" src=\"https:\/\/keluvo.com\/template\/wp-content\/uploads\/sites\/5\/2025\/04\/531c33df-c625-4cd7-b5b2-c33e415bfa52.webp\" alt=\"\" \/><br \/>\n<\/span><\/li>\n<\/ul>\n<h2 style=\"text-align: center\"><strong>N\u00f8kkelfunksjoner<\/strong><\/h2>\n<ul>\n<li style=\"font-weight: 400\"><span style=\"font-weight: 400\">Laget av sterkt 304 rustfritt st\u00e5l<\/span><span style=\"font-weight: 400\"><br \/>\n<\/span><\/li>\n<li style=\"font-weight: 400\"><span style=\"font-weight: 400\">Over 200 sm\u00e5 blad for effektiv rengj\u00f8ring<\/span><span style=\"font-weight: 400\"><br \/>\n<\/span><\/li>\n<li style=\"font-weight: 400\"><span style=\"font-weight: 400\">Innbygd oppsamler som samler opp d\u00f8d hud<\/span><span style=\"font-weight: 400\"><br \/>\n<\/span><\/li>\n<li style=\"font-weight: 400\"><span style=\"font-weight: 400\">Komfortabelt h\u00e5ndtak for enkelt grep<\/span><\/li>\n<li style=\"font-weight: 400\">Kan brukes p\u00e5 v\u00e5te eller t\u00f8rre f\u00f8tter<\/li>\n<\/ul>\n<p><span style=\"font-weight: 400\"><span style=\"font-weight: 400\"><img decoding=\"async\" class=\"size-full wp-image-14914 aligncenter\" src=\"https:\/\/keluvo.com\/template\/wp-content\/uploads\/sites\/5\/2025\/04\/a98c1937-1a2a-4013-9bd4-fb0e29a88464.webp\" alt=\"\" \/><\/span><\/span><\/p>\n<h3><\/h3>\n<h2 style=\"text-align: center\"><b>Spesifikasjoner<\/b><\/h2>\n<ul>\n<li style=\"font-weight: 400\"><span style=\"font-weight: 400\">St\u00f8rrelse: 20,5 cm x 5,5 cm<\/span><span style=\"font-weight: 400\"><br \/>\n<\/span><\/li>\n<li style=\"font-weight: 400\"><span style=\"font-weight: 400\">Vekt: 60 gram<\/span><\/li>\n<li style=\"font-weight: 400\">Materiale: 304 rustfritt st\u00e5l og ps plast\u200b<\/li>\n<\/ul>\n<h2 style=\"text-align: center\"><span style=\"font-weight: 400\"><b>Hva Du F\u00e5r<\/b><\/span><\/h2>\n<p style=\"text-align: center\"><span style=\"font-weight: 400\">N\u00e5r du kj\u00f8per dette produktet, f\u00e5r du:\u200b<\/span><\/p>\n<ul>\n<li><span style=\"font-weight: 400\">1 fotfil i rustfritt st\u00e5l\u200b<\/span><\/li>\n<li><span style=\"font-weight: 400\">D\u00f8d hudoppsamler<br \/>\n<img decoding=\"async\" class=\"size-full wp-image-14916 aligncenter\" src=\"https:\/\/keluvo.com\/template\/wp-content\/uploads\/sites\/5\/2025\/04\/dcf9ea34-fee9-449f-8103-4a69feeb8a04.webp\" alt=\"\" \/><br \/>\n<\/span><\/li>\n<\/ul>\n","protected":false},"excerpt":{"rendered":"<p>Gj\u00f8r F\u00f8ttene Dine Myke Og Glatte Med Denne Brukervennlige Fotfilen. Denne fotfilen er en enkel og effektiv m\u00e5te \u00e5 ta [&hellip;]<\/p>\n","protected":false},"featured_media":14487,"comment_status":"open","ping_status":"closed","template":"","meta":{"site-sidebar-layout":"default","site-content-layout":"","ast-site-content-layout":"default","site-content-style":"default","site-sidebar-style":"default","ast-global-header-display":"","ast-banner-title-visibility":"","ast-main-header-display":"","ast-hfb-above-header-display":"","ast-hfb-below-header-display":"","ast-hfb-mobile-header-display":"","site-post-title":"","ast-breadcrumbs-content":"","ast-featured-img":"","footer-sml-layout":"","theme-transparent-header-meta":"default","adv-header-id-meta":"","stick-header-meta":"","header-above-stick-meta":"","header-main-stick-meta":"","header-below-stick-meta":"","astra-migrate-meta-layouts":"set","ast-page-background-enabled":"default","ast-page-background-meta":{"desktop":{"background-color":"var(--ast-global-color-4)","background-image":"","background-repeat":"repeat","background-position":"center center","background-size":"auto","background-attachment":"scroll","background-type":"","background-media":"","overlay-type":"","overlay-color":"","overlay-opacity":"","overlay-gradient":""},"tablet":{"background-color":"","background-image":"","background-repeat":"repeat","background-position":"center center","background-size":"auto","background-attachment":"scroll","background-type":"","background-media":"","overlay-type":"","overlay-color":"","overlay-opacity":"","overlay-gradient":""},"mobile":{"background-color":"","background-image":"","background-repeat":"repeat","background-position":"center center","background-size":"auto","background-attachment":"scroll","background-type":"","background-media":"","overlay-type":"","overlay-color":"","overlay-opacity":"","overlay-gradient":""}},"ast-content-background-meta":{"desktop":{"background-color":"var(--ast-global-color-5)","background-image":"","background-repeat":"repeat","background-position":"center center","background-size":"auto","background-attachment":"scroll","background-type":"","background-media":"","overlay-type":"","overlay-color":"","overlay-opacity":"","overlay-gradient":""},"tablet":{"background-color":"var(--ast-global-color-5)","background-image":"","background-repeat":"repeat","background-position":"center center","background-size":"auto","background-attachment":"scroll","background-type":"","background-media":"","overlay-type":"","overlay-color":"","overlay-opacity":"","overlay-gradient":""},"mobile":{"background-color":"var(--ast-global-color-5)","background-image":"","background-repeat":"repeat","background-position":"center center","background-size":"auto","background-attachment":"scroll","background-type":"","background-media":"","overlay-type":"","overlay-color":"","overlay-opacity":"","overlay-gradient":""}}},"product_brand":[],"product_cat":[992],"product_tag":[],"class_list":{"0":"post-14491","1":"product","2":"type-product","3":"status-publish","4":"has-post-thumbnail","6":"product_cat-skjonnhets-og-hygieneprodukter","7":"pa_35257_0cfbqoiw-hvit","8":"pa_35257_0cfbqoiw-svart","9":"desktop-align-left","10":"tablet-align-left","11":"mobile-align-left","13":"first","14":"instock","15":"shipping-taxable","16":"purchasable","17":"product-type-variable"},"_links":{"self":[{"href":"https:\/\/keluvo.com\/no\/wp-json\/wp\/v2\/product\/14491","targetHints":{"allow":["GET"]}}],"collection":[{"href":"https:\/\/keluvo.com\/no\/wp-json\/wp\/v2\/product"}],"about":[{"href":"https:\/\/keluvo.com\/no\/wp-json\/wp\/v2\/types\/product"}],"replies":[{"embeddable":true,"href":"https:\/\/keluvo.com\/no\/wp-json\/wp\/v2\/comments?post=14491"}],"wp:featuredmedia":[{"embeddable":true,"href":"https:\/\/keluvo.com\/no\/wp-json\/wp\/v2\/media\/14487"}],"wp:attachment":[{"href":"https:\/\/keluvo.com\/no\/wp-json\/wp\/v2\/media?parent=14491"}],"wp:term":[{"taxonomy":"product_brand","embeddable":true,"href":"https:\/\/keluvo.com\/no\/wp-json\/wp\/v2\/product_brand?post=14491"},{"taxonomy":"product_cat","embeddable":true,"href":"https:\/\/keluvo.com\/no\/wp-json\/wp\/v2\/product_cat?post=14491"},{"taxonomy":"product_tag","embeddable":true,"href":"https:\/\/keluvo.com\/no\/wp-json\/wp\/v2\/product_tag?post=14491"}],"curies":[{"name":"wp","href":"https:\/\/api.w.org\/{rel}","templated":true}]}}