{"id":14461,"date":"2025-04-17T16:33:42","date_gmt":"2025-04-17T14:33:42","guid":{"rendered":"https:\/\/keluvo.com\/no\/produkt\/stjernetegn-armband\/"},"modified":"2025-04-17T16:33:57","modified_gmt":"2025-04-17T14:33:57","slug":"stjernetegn-armband","status":"publish","type":"product","link":"https:\/\/keluvo.com\/no\/produkt\/stjernetegn-armband\/","title":{"rendered":"Stjernetegn-armb\u00e5nd"},"content":{"rendered":"<h2 style=\"text-align: center\"><strong>Tilf\u00f8r Hverdagslooken Din Et Snev Av Stil Med Dette Elegante Stjernetegnsarmb\u00e5ndet<\/strong><\/h2>\n<p style=\"text-align: center\"><span style=\"font-weight: 400\">Dette armb\u00e5ndet kombinerer kvalitetsmaterialer med en elegant design, noe som gj\u00f8r det til et allsidig tilbeh\u00f8r for enhver garderobe. Enten du skal pynte deg til en spesiell anledning eller sette et stilig preg p\u00e5 hverdagsantrekket ditt, er dette armb\u00e5ndet et perfekt valg. Skaff deg ditt i dag og nyt blandingen av komfort og eleganse.<\/span><\/p>\n<h2 style=\"text-align: center\"><img decoding=\"async\" class=\"alignnone size-full wp-image-14881\" src=\"https:\/\/keluvo.com\/template\/wp-content\/uploads\/sites\/5\/2025\/04\/main-image-3-11.jpeg\" alt=\"\" \/><\/h2>\n<h2><\/h2>\n<h2 style=\"text-align: center\"><strong>Hovedfordeler<\/strong><\/h2>\n<ul>\n<li style=\"font-weight: 400\"><span style=\"font-weight: 400\">Forbedrer antrekket ditt med et stilig preg<\/span><span style=\"font-weight: 400\"><br \/>\n<\/span><\/li>\n<li style=\"font-weight: 400\"><span style=\"font-weight: 400\">Komfortabelt \u00e5 ha p\u00e5 hele dagen<\/span><span style=\"font-weight: 400\"><br \/>\n<\/span><\/li>\n<li style=\"font-weight: 400\"><span style=\"font-weight: 400\">Passer til ulike anledninger<\/span><\/li>\n<li style=\"font-weight: 400\">Er en flott gave til dine kj\u00e6re\u200b<\/li>\n<\/ul>\n<p><span style=\"font-weight: 400\"><span style=\"font-weight: 400\"><img decoding=\"async\" class=\"size-full wp-image-14880 aligncenter\" src=\"https:\/\/keluvo.com\/template\/wp-content\/uploads\/sites\/5\/2025\/04\/main-image-2-14.jpeg\" alt=\"\" \/><\/span><\/span><\/p>\n<h2 style=\"text-align: center\"><b>Hva Du F\u00e5r<\/b><\/h2>\n<p style=\"text-align: center\"><span style=\"font-weight: 400\">N\u00e5r du kj\u00f8per dette produktet, f\u00e5r du:\u200b<\/span><\/p>\n<ul>\n<li style=\"font-weight: 400\"><span style=\"font-weight: 400\">1 armb\u00e5nd i l\u00e6r og legering<\/span><span style=\"font-weight: 400\"><br \/>\n<\/span><\/li>\n<li style=\"font-weight: 400\"><span style=\"font-weight: 400\">1 gavepose<\/span><\/li>\n<\/ul>\n","protected":false},"excerpt":{"rendered":"<p>Tilf\u00f8r Hverdagslooken Din Et Snev Av Stil Med Dette Elegante Stjernetegnsarmb\u00e5ndet Dette armb\u00e5ndet kombinerer kvalitetsmaterialer med en elegant design, noe [&hellip;]<\/p>\n","protected":false},"featured_media":14457,"comment_status":"open","ping_status":"closed","template":"","meta":{"site-sidebar-layout":"default","site-content-layout":"","ast-site-content-layout":"default","site-content-style":"default","site-sidebar-style":"default","ast-global-header-display":"","ast-banner-title-visibility":"","ast-main-header-display":"","ast-hfb-above-header-display":"","ast-hfb-below-header-display":"","ast-hfb-mobile-header-display":"","site-post-title":"","ast-breadcrumbs-content":"","ast-featured-img":"","footer-sml-layout":"","theme-transparent-header-meta":"default","adv-header-id-meta":"","stick-header-meta":"","header-above-stick-meta":"","header-main-stick-meta":"","header-below-stick-meta":"","astra-migrate-meta-layouts":"set","ast-page-background-enabled":"default","ast-page-background-meta":{"desktop":{"background-color":"var(--ast-global-color-4)","background-image":"","background-repeat":"repeat","background-position":"center center","background-size":"auto","background-attachment":"scroll","background-type":"","background-media":"","overlay-type":"","overlay-color":"","overlay-opacity":"","overlay-gradient":""},"tablet":{"background-color":"","background-image":"","background-repeat":"repeat","background-position":"center center","background-size":"auto","background-attachment":"scroll","background-type":"","background-media":"","overlay-type":"","overlay-color":"","overlay-opacity":"","overlay-gradient":""},"mobile":{"background-color":"","background-image":"","background-repeat":"repeat","background-position":"center center","background-size":"auto","background-attachment":"scroll","background-type":"","background-media":"","overlay-type":"","overlay-color":"","overlay-opacity":"","overlay-gradient":""}},"ast-content-background-meta":{"desktop":{"background-color":"var(--ast-global-color-5)","background-image":"","background-repeat":"repeat","background-position":"center center","background-size":"auto","background-attachment":"scroll","background-type":"","background-media":"","overlay-type":"","overlay-color":"","overlay-opacity":"","overlay-gradient":""},"tablet":{"background-color":"var(--ast-global-color-5)","background-image":"","background-repeat":"repeat","background-position":"center center","background-size":"auto","background-attachment":"scroll","background-type":"","background-media":"","overlay-type":"","overlay-color":"","overlay-opacity":"","overlay-gradient":""},"mobile":{"background-color":"var(--ast-global-color-5)","background-image":"","background-repeat":"repeat","background-position":"center center","background-size":"auto","background-attachment":"scroll","background-type":"","background-media":"","overlay-type":"","overlay-color":"","overlay-opacity":"","overlay-gradient":""}}},"product_brand":[],"product_cat":[993],"product_tag":[],"class_list":{"0":"post-14461","1":"product","2":"type-product","3":"status-publish","4":"has-post-thumbnail","6":"product_cat-skotoy-tilbehor","7":"pa_33479_yh5llsss-fiskene","8":"pa_33479_yh5llsss-jomfruen","9":"pa_33479_yh5llsss-kreft","10":"pa_33479_yh5llsss-leo","11":"pa_33479_yh5llsss-skorpionen","12":"pa_33479_yh5llsss-skytten","13":"pa_33479_yh5llsss-steinbukken","14":"pa_33479_yh5llsss-tvillingene","15":"pa_33479_yh5llsss-tyren","16":"pa_33479_yh5llsss-vaeren","17":"pa_33479_yh5llsss-vannmannen","18":"pa_33479_yh5llsss-vekten","19":"desktop-align-left","20":"tablet-align-left","21":"mobile-align-left","23":"first","24":"instock","25":"shipping-taxable","26":"purchasable","27":"product-type-variable"},"_links":{"self":[{"href":"https:\/\/keluvo.com\/no\/wp-json\/wp\/v2\/product\/14461","targetHints":{"allow":["GET"]}}],"collection":[{"href":"https:\/\/keluvo.com\/no\/wp-json\/wp\/v2\/product"}],"about":[{"href":"https:\/\/keluvo.com\/no\/wp-json\/wp\/v2\/types\/product"}],"replies":[{"embeddable":true,"href":"https:\/\/keluvo.com\/no\/wp-json\/wp\/v2\/comments?post=14461"}],"wp:featuredmedia":[{"embeddable":true,"href":"https:\/\/keluvo.com\/no\/wp-json\/wp\/v2\/media\/14457"}],"wp:attachment":[{"href":"https:\/\/keluvo.com\/no\/wp-json\/wp\/v2\/media?parent=14461"}],"wp:term":[{"taxonomy":"product_brand","embeddable":true,"href":"https:\/\/keluvo.com\/no\/wp-json\/wp\/v2\/product_brand?post=14461"},{"taxonomy":"product_cat","embeddable":true,"href":"https:\/\/keluvo.com\/no\/wp-json\/wp\/v2\/product_cat?post=14461"},{"taxonomy":"product_tag","embeddable":true,"href":"https:\/\/keluvo.com\/no\/wp-json\/wp\/v2\/product_tag?post=14461"}],"curies":[{"name":"wp","href":"https:\/\/api.w.org\/{rel}","templated":true}]}}