{"id":14447,"date":"2025-04-17T16:31:15","date_gmt":"2025-04-17T14:31:15","guid":{"rendered":"https:\/\/keluvo.com\/no\/produkt\/leketelt\/"},"modified":"2025-04-18T20:27:20","modified_gmt":"2025-04-18T18:27:20","slug":"leketelt","status":"publish","type":"product","link":"https:\/\/keluvo.com\/no\/produkt\/leketelt\/","title":{"rendered":"Leketelt"},"content":{"rendered":"<h2 style=\"text-align: center;\">La Barnets Fantasi L\u00f8pe L\u00f8psk Med Dette Morsomme Og Koselige Leketeltet<\/h2>\n<p style=\"text-align: center;\">Dette leketeltet er et flott tilskudd til alle barns lek. Det er enkelt \u00e5 bruke, morsomt og bidrar til \u00e5 utvikle kreativiteten. Kj\u00f8p ditt i dag og se barnets fantasi utvikle seg.<\/p>\n<h2 style=\"text-align: center;\"><img decoding=\"async\" class=\"size-full wp-image-14788 aligncenter\" src=\"https:\/\/keluvo.com\/template\/wp-content\/uploads\/sites\/5\/2025\/04\/fr4LDqhP43KtsiNvodYo-Trim-ezgif.com-video-to-webp-converter.webp\" alt=\"\" \/><br \/>\nHovedfordeler<\/h2>\n<ul>\n<li style=\"font-weight: 400;\"><span style=\"font-weight: 400;\">Fremmer kreativ og fantasifull lek<\/span><\/li>\n<li style=\"font-weight: 400;\"><span style=\"font-weight: 400;\">Gir et privat rom for barnet ditt<\/span><\/li>\n<li>Lett \u00e5 sette opp og ta ned<\/li>\n<li><span style=\"font-weight: 400;\">Lett og b\u00e6rbart for reise<img decoding=\"async\" class=\"size-full wp-image-14790 aligncenter\" src=\"https:\/\/keluvo.com\/template\/wp-content\/uploads\/sites\/5\/2025\/04\/main-image-8-2.jpeg\" alt=\"\" \/><\/span><\/li>\n<\/ul>\n<h2><\/h2>\n<h2><\/h2>\n<h2 style=\"text-align: center;\">Spesifikasjoner<\/h2>\n<ul>\n<li style=\"font-weight: 400;\"><span style=\"font-weight: 400;\">Lengde: 105 cm\u00a0<\/span><span style=\"font-weight: 400;\"><br \/>\n<\/span><\/li>\n<li style=\"font-weight: 400;\"><span style=\"font-weight: 400;\">Bredde: 105 cm\u00a0<\/span><span style=\"font-weight: 400;\"><br \/>\n<\/span><\/li>\n<li style=\"font-weight: 400;\"><span style=\"font-weight: 400;\">H\u00f8yde: 135 cm<\/span><span style=\"font-weight: 400;\"><br \/>\n<\/span><\/li>\n<li><span style=\"font-weight: 400;\">Egnet for barn fra 6 m\u00e5neder og oppover<img fetchpriority=\"high\" decoding=\"async\" class=\"size-full wp-image-14792 aligncenter\" src=\"https:\/\/keluvo.com\/template\/wp-content\/uploads\/sites\/5\/2025\/04\/main-image-5-7.jpeg\" alt=\"\" width=\"800\" height=\"800\" \/><\/span><br \/>\n<h2 style=\"text-align: center;\"><\/h2>\n<\/li>\n<\/ul>\n<h2 style=\"text-align: center;\">Hva Du F\u00e5r Med<\/h2>\n<ul>\n<li><span style=\"font-weight: 400;\">1 leketelt for barn\u200b<\/span><span style=\"font-weight: 400;\"><br \/>\n<\/span><\/li>\n<li>1 etui til teltet<br \/>\n<img decoding=\"async\" class=\"size-full wp-image-14798 aligncenter\" src=\"https:\/\/keluvo.com\/template\/wp-content\/uploads\/sites\/5\/2025\/04\/main-image-1-10.jpeg\" alt=\"\" width=\"636\" height=\"800\" \/><\/li>\n<\/ul>\n","protected":false},"excerpt":{"rendered":"<p>La Barnets Fantasi L\u00f8pe L\u00f8psk Med Dette Morsomme Og Koselige Leketeltet Dette leketeltet er et flott tilskudd til alle barns [&hellip;]<\/p>\n","protected":false},"featured_media":14443,"comment_status":"open","ping_status":"closed","template":"","meta":{"site-sidebar-layout":"default","site-content-layout":"","ast-site-content-layout":"default","site-content-style":"default","site-sidebar-style":"default","ast-global-header-display":"","ast-banner-title-visibility":"","ast-main-header-display":"","ast-hfb-above-header-display":"","ast-hfb-below-header-display":"","ast-hfb-mobile-header-display":"","site-post-title":"","ast-breadcrumbs-content":"","ast-featured-img":"","footer-sml-layout":"","theme-transparent-header-meta":"default","adv-header-id-meta":"","stick-header-meta":"","header-above-stick-meta":"","header-main-stick-meta":"","header-below-stick-meta":"","astra-migrate-meta-layouts":"set","ast-page-background-enabled":"default","ast-page-background-meta":{"desktop":{"background-color":"var(--ast-global-color-4)","background-image":"","background-repeat":"repeat","background-position":"center center","background-size":"auto","background-attachment":"scroll","background-type":"","background-media":"","overlay-type":"","overlay-color":"","overlay-opacity":"","overlay-gradient":""},"tablet":{"background-color":"","background-image":"","background-repeat":"repeat","background-position":"center center","background-size":"auto","background-attachment":"scroll","background-type":"","background-media":"","overlay-type":"","overlay-color":"","overlay-opacity":"","overlay-gradient":""},"mobile":{"background-color":"","background-image":"","background-repeat":"repeat","background-position":"center center","background-size":"auto","background-attachment":"scroll","background-type":"","background-media":"","overlay-type":"","overlay-color":"","overlay-opacity":"","overlay-gradient":""}},"ast-content-background-meta":{"desktop":{"background-color":"var(--ast-global-color-5)","background-image":"","background-repeat":"repeat","background-position":"center center","background-size":"auto","background-attachment":"scroll","background-type":"","background-media":"","overlay-type":"","overlay-color":"","overlay-opacity":"","overlay-gradient":""},"tablet":{"background-color":"var(--ast-global-color-5)","background-image":"","background-repeat":"repeat","background-position":"center center","background-size":"auto","background-attachment":"scroll","background-type":"","background-media":"","overlay-type":"","overlay-color":"","overlay-opacity":"","overlay-gradient":""},"mobile":{"background-color":"var(--ast-global-color-5)","background-image":"","background-repeat":"repeat","background-position":"center center","background-size":"auto","background-attachment":"scroll","background-type":"","background-media":"","overlay-type":"","overlay-color":"","overlay-opacity":"","overlay-gradient":""}}},"product_brand":[],"product_cat":[990],"product_tag":[],"class_list":{"0":"post-14447","1":"product","2":"type-product","3":"status-publish","4":"has-post-thumbnail","6":"product_cat-leker-barne-og-babyprodukter","7":"pa_19820_sildlrdx-bla","8":"pa_19820_sildlrdx-rosa","9":"desktop-align-left","10":"tablet-align-left","11":"mobile-align-left","13":"first","14":"instock","15":"shipping-taxable","16":"purchasable","17":"product-type-variable"},"_links":{"self":[{"href":"https:\/\/keluvo.com\/no\/wp-json\/wp\/v2\/product\/14447","targetHints":{"allow":["GET"]}}],"collection":[{"href":"https:\/\/keluvo.com\/no\/wp-json\/wp\/v2\/product"}],"about":[{"href":"https:\/\/keluvo.com\/no\/wp-json\/wp\/v2\/types\/product"}],"replies":[{"embeddable":true,"href":"https:\/\/keluvo.com\/no\/wp-json\/wp\/v2\/comments?post=14447"}],"wp:featuredmedia":[{"embeddable":true,"href":"https:\/\/keluvo.com\/no\/wp-json\/wp\/v2\/media\/14443"}],"wp:attachment":[{"href":"https:\/\/keluvo.com\/no\/wp-json\/wp\/v2\/media?parent=14447"}],"wp:term":[{"taxonomy":"product_brand","embeddable":true,"href":"https:\/\/keluvo.com\/no\/wp-json\/wp\/v2\/product_brand?post=14447"},{"taxonomy":"product_cat","embeddable":true,"href":"https:\/\/keluvo.com\/no\/wp-json\/wp\/v2\/product_cat?post=14447"},{"taxonomy":"product_tag","embeddable":true,"href":"https:\/\/keluvo.com\/no\/wp-json\/wp\/v2\/product_tag?post=14447"}],"curies":[{"name":"wp","href":"https:\/\/api.w.org\/{rel}","templated":true}]}}