{"id":14425,"date":"2025-04-17T16:28:00","date_gmt":"2025-04-17T14:28:00","guid":{"rendered":"https:\/\/keluvo.com\/no\/produkt\/vannflaske-for-hund\/"},"modified":"2025-04-18T20:37:11","modified_gmt":"2025-04-18T18:37:11","slug":"vannflaske-for-hund","status":"publish","type":"product","link":"https:\/\/keluvo.com\/no\/produkt\/vannflaske-for-hund\/","title":{"rendered":"Vannflaske for hund"},"content":{"rendered":"<p style=\"text-align: center;\"><strong>\ud83d\udc36 En smart og enkel m\u00e5te \u00e5 holde kj\u00e6ledyret ditt hydrert under turer, fotturer eller reiser. \ud83e\udd64<\/strong><\/p>\n<h2 style=\"text-align: center;\">Hold kj\u00e6ledyret ditt lykkelig og hydrert!<\/h2>\n<p style=\"text-align: center;\">Denne flasken har et bredt 7 cm trau, noe som gj\u00f8r det enkelt for hunder, katter og sm\u00e5 kj\u00e6ledyr \u00e5 drikke uten \u00e5 s\u00f8le. Hvis kj\u00e6ledyret ditt ikke drikker opp vannet, kan du trykke p\u00e5 en knapp for \u00e5 fylle det tilbake i flasken og spare hver dr\u00e5pe.\u200b<\/p>\n<p><img decoding=\"async\" class=\"size-full wp-image-14990 aligncenter\" src=\"https:\/\/keluvo.com\/template\/wp-content\/uploads\/sites\/5\/2025\/04\/dogwaterbottle-ezgif.com-video-to-webp-converter.webp\" alt=\"\" \/><\/p>\n<h2 style=\"text-align: center;\">Hovedfordeler<\/h2>\n<p><span style=\"font-weight: 400;\">\u2714 Enkel enh\u00e5nds-betjening<\/span><\/p>\n<p><span style=\"font-weight: 400;\">\u2714 Lekkasjesikker design med sikker l\u00e5s<\/span><\/p>\n<p><span style=\"font-weight: 400;\">\u2714 B\u00e6rbar og lett<\/span><\/p>\n<p><span style=\"font-weight: 400;\">\u2714 Laget av trygg, n\u00e6ringsmiddelgodkjent plast<\/span><\/p>\n<p>\u2714 Enkel \u00e5 rengj\u00f8re og gjenbrukbar<\/p>\n<p><img decoding=\"async\" class=\"size-full wp-image-14995 aligncenter\" src=\"https:\/\/keluvo.com\/template\/wp-content\/uploads\/sites\/5\/2025\/04\/dog-bottle.jpeg\" alt=\"\" \/><\/p>\n<h2 style=\"text-align: center;\">Hvordan brukes den?<\/h2>\n<p style=\"text-align: center;\">L\u00e5s opp flasken, trykk p\u00e5 knappen for \u00e5 fylle trauet, og la kj\u00e6ledyret drikke. Hvis det er vann igjen, trykker du p\u00e5 knappen igjen for \u00e5 f\u00f8re det tilbake til flasken.\u200b<\/p>\n<h2 style=\"text-align: center;\">Hva du f\u00e5r:<\/h2>\n<p style=\"text-align: center;\">N\u00e5r du kj\u00f8per dette produktet, f\u00e5r du:\u200b<\/p>\n<ul>\n<li style=\"font-weight: 400;\"><span style=\"font-weight: 400;\">1 hundevannflaske (250 ml kapasitet)<\/span><span style=\"font-weight: 400;\"><br \/>\n<\/span><\/li>\n<li style=\"font-weight: 400;\"><span style=\"font-weight: 400;\">1 tau for enkel b\u00e6ring\u200b<\/span><\/li>\n<\/ul>\n","protected":false},"excerpt":{"rendered":"<p>\ud83d\udc36 En smart og enkel m\u00e5te \u00e5 holde kj\u00e6ledyret ditt hydrert under turer, fotturer eller reiser. \ud83e\udd64 Hold kj\u00e6ledyret ditt [&hellip;]<\/p>\n","protected":false},"featured_media":14421,"comment_status":"open","ping_status":"closed","template":"","meta":{"site-sidebar-layout":"default","site-content-layout":"","ast-site-content-layout":"default","site-content-style":"default","site-sidebar-style":"default","ast-global-header-display":"","ast-banner-title-visibility":"","ast-main-header-display":"","ast-hfb-above-header-display":"","ast-hfb-below-header-display":"","ast-hfb-mobile-header-display":"","site-post-title":"","ast-breadcrumbs-content":"","ast-featured-img":"","footer-sml-layout":"","theme-transparent-header-meta":"default","adv-header-id-meta":"","stick-header-meta":"","header-above-stick-meta":"","header-main-stick-meta":"","header-below-stick-meta":"","astra-migrate-meta-layouts":"set","ast-page-background-enabled":"default","ast-page-background-meta":{"desktop":{"background-color":"var(--ast-global-color-4)","background-image":"","background-repeat":"repeat","background-position":"center center","background-size":"auto","background-attachment":"scroll","background-type":"","background-media":"","overlay-type":"","overlay-color":"","overlay-opacity":"","overlay-gradient":""},"tablet":{"background-color":"","background-image":"","background-repeat":"repeat","background-position":"center center","background-size":"auto","background-attachment":"scroll","background-type":"","background-media":"","overlay-type":"","overlay-color":"","overlay-opacity":"","overlay-gradient":""},"mobile":{"background-color":"","background-image":"","background-repeat":"repeat","background-position":"center center","background-size":"auto","background-attachment":"scroll","background-type":"","background-media":"","overlay-type":"","overlay-color":"","overlay-opacity":"","overlay-gradient":""}},"ast-content-background-meta":{"desktop":{"background-color":"var(--ast-global-color-5)","background-image":"","background-repeat":"repeat","background-position":"center center","background-size":"auto","background-attachment":"scroll","background-type":"","background-media":"","overlay-type":"","overlay-color":"","overlay-opacity":"","overlay-gradient":""},"tablet":{"background-color":"var(--ast-global-color-5)","background-image":"","background-repeat":"repeat","background-position":"center center","background-size":"auto","background-attachment":"scroll","background-type":"","background-media":"","overlay-type":"","overlay-color":"","overlay-opacity":"","overlay-gradient":""},"mobile":{"background-color":"var(--ast-global-color-5)","background-image":"","background-repeat":"repeat","background-position":"center center","background-size":"auto","background-attachment":"scroll","background-type":"","background-media":"","overlay-type":"","overlay-color":"","overlay-opacity":"","overlay-gradient":""}}},"product_brand":[],"product_cat":[997],"product_tag":[],"class_list":{"0":"post-14425","1":"product","2":"type-product","3":"status-publish","4":"has-post-thumbnail","6":"product_cat-husdyrprodukter","7":"pa_47067_lwdil3dg-bla","8":"pa_47067_lwdil3dg-rosa","9":"desktop-align-left","10":"tablet-align-left","11":"mobile-align-left","13":"first","14":"instock","15":"shipping-taxable","16":"purchasable","17":"product-type-variable"},"_links":{"self":[{"href":"https:\/\/keluvo.com\/no\/wp-json\/wp\/v2\/product\/14425","targetHints":{"allow":["GET"]}}],"collection":[{"href":"https:\/\/keluvo.com\/no\/wp-json\/wp\/v2\/product"}],"about":[{"href":"https:\/\/keluvo.com\/no\/wp-json\/wp\/v2\/types\/product"}],"replies":[{"embeddable":true,"href":"https:\/\/keluvo.com\/no\/wp-json\/wp\/v2\/comments?post=14425"}],"wp:featuredmedia":[{"embeddable":true,"href":"https:\/\/keluvo.com\/no\/wp-json\/wp\/v2\/media\/14421"}],"wp:attachment":[{"href":"https:\/\/keluvo.com\/no\/wp-json\/wp\/v2\/media?parent=14425"}],"wp:term":[{"taxonomy":"product_brand","embeddable":true,"href":"https:\/\/keluvo.com\/no\/wp-json\/wp\/v2\/product_brand?post=14425"},{"taxonomy":"product_cat","embeddable":true,"href":"https:\/\/keluvo.com\/no\/wp-json\/wp\/v2\/product_cat?post=14425"},{"taxonomy":"product_tag","embeddable":true,"href":"https:\/\/keluvo.com\/no\/wp-json\/wp\/v2\/product_tag?post=14425"}],"curies":[{"name":"wp","href":"https:\/\/api.w.org\/{rel}","templated":true}]}}