{"id":14420,"date":"2025-04-17T16:26:12","date_gmt":"2025-04-17T14:26:12","guid":{"rendered":"https:\/\/keluvo.com\/no\/produkt\/sammenleggbar-setestokk\/"},"modified":"2025-06-03T20:14:16","modified_gmt":"2025-06-03T18:14:16","slug":"sammenleggbar-setestokk","status":"publish","type":"product","link":"https:\/\/keluvo.com\/no\/produkt\/sammenleggbar-setestokk\/","title":{"rendered":"Sammenleggbar setestokk"},"content":{"rendered":"<p style=\"text-align: center\"><strong>\ud83d\udeb6\u200d\u2642\ufe0f En lett og solid spaserstokk som raskt kan forvandles til et komfortabelt sete. \ud83e\ude91<\/strong><\/p>\n<h2 style=\"text-align: center\">G\u00e5 Med Letthet, Hvil Med Komfort<\/h2>\n<p style=\"text-align: center\"><span style=\"font-weight: 400\">Denne 2-i-1-stokken er perfekt for eldre eller andre som trenger ekstra st\u00f8tte. N\u00e5r du er sliten, bretter du den ganske enkelt ut til et stabilt sete. Den er perfekt for spaserturer, shopping eller venting i k\u00f8.<\/span><\/p>\n<p><img decoding=\"async\" class=\"size-full wp-image-14981 aligncenter\" src=\"https:\/\/keluvo.com\/template\/wp-content\/uploads\/sites\/5\/2025\/04\/ezgif.com-gif-to-webp-converter.webp\" alt=\"\" \/><\/p>\n<h2 style=\"text-align: center\">Sterk Og Slitesterk, T\u00e5ler Opptil 120 Kg!<span style=\"font-weight: 400\"><br \/>\n<\/span><\/h2>\n<p><span style=\"font-weight: 400\">\u2714 Lett design, enkel \u00e5 b\u00e6re<\/span><span style=\"font-weight: 400\"><br \/>\n<\/span><\/p>\n<p><span style=\"font-weight: 400\">\u2714 Bytter raskt fra stokk til sete<\/span><span style=\"font-weight: 400\"><br \/>\n<\/span><\/p>\n<p><span style=\"font-weight: 400\">\u2714 Komfortabelt grep og sete for lang bruk<\/span><span style=\"font-weight: 400\"><br \/>\n<\/span><\/p>\n<p><span style=\"font-weight: 400\">\u2714 Sklisikre f\u00f8tter for sikkerhet<\/span><span style=\"font-weight: 400\"><br \/>\n<\/span><\/p>\n<p><img decoding=\"async\" class=\"size-full wp-image-14982 aligncenter\" src=\"https:\/\/keluvo.com\/template\/wp-content\/uploads\/sites\/5\/2025\/04\/a4efc535-ffd9-4037-a818-180aea411b8a.webp\" alt=\"\" \/><\/p>\n<h2 style=\"text-align: center\">Slik Bruker Du Den Sammenleggbare Setestokken?<\/h2>\n<p style=\"text-align: center\"><span style=\"font-weight: 400\">Trykk p\u00e5 knappen for \u00e5 folde ut setet. Sett deg ned n\u00e5r du trenger hvile. Brett den tilbake til en stokk n\u00e5r du er klar til \u00e5 g\u00e5.<\/span><\/p>\n<h2 style=\"text-align: center\">Hva Du F\u00e5r:<\/h2>\n<p style=\"text-align: center\"><span style=\"font-weight: 400\">N\u00e5r du kj\u00f8per dette produktet, f\u00e5r du:<\/span><\/p>\n<ul>\n<li style=\"font-weight: 400\"><span style=\"font-weight: 400\">1 sammenleggbar setestokk<\/span><span style=\"font-weight: 400\"><br \/>\n<\/span><\/li>\n<\/ul>\n<p style=\"text-align: center\"><span style=\"font-weight: 400\">Denne stokken er laget av aluminium og plast av luftfartskvalitet. Den veier ca. 1,02 kg.<\/span><\/p>\n","protected":false},"excerpt":{"rendered":"<p>\ud83d\udeb6\u200d\u2642\ufe0f En lett og solid spaserstokk som raskt kan forvandles til et komfortabelt sete. \ud83e\ude91 G\u00e5 Med Letthet, Hvil Med [&hellip;]<\/p>\n","protected":false},"featured_media":14417,"comment_status":"open","ping_status":"closed","template":"","meta":{"site-sidebar-layout":"default","site-content-layout":"","ast-site-content-layout":"default","site-content-style":"default","site-sidebar-style":"default","ast-global-header-display":"","ast-banner-title-visibility":"","ast-main-header-display":"","ast-hfb-above-header-display":"","ast-hfb-below-header-display":"","ast-hfb-mobile-header-display":"","site-post-title":"","ast-breadcrumbs-content":"","ast-featured-img":"","footer-sml-layout":"","theme-transparent-header-meta":"default","adv-header-id-meta":"","stick-header-meta":"","header-above-stick-meta":"","header-main-stick-meta":"","header-below-stick-meta":"","astra-migrate-meta-layouts":"set","ast-page-background-enabled":"default","ast-page-background-meta":{"desktop":{"background-color":"var(--ast-global-color-4)","background-image":"","background-repeat":"repeat","background-position":"center center","background-size":"auto","background-attachment":"scroll","background-type":"","background-media":"","overlay-type":"","overlay-color":"","overlay-opacity":"","overlay-gradient":""},"tablet":{"background-color":"","background-image":"","background-repeat":"repeat","background-position":"center center","background-size":"auto","background-attachment":"scroll","background-type":"","background-media":"","overlay-type":"","overlay-color":"","overlay-opacity":"","overlay-gradient":""},"mobile":{"background-color":"","background-image":"","background-repeat":"repeat","background-position":"center center","background-size":"auto","background-attachment":"scroll","background-type":"","background-media":"","overlay-type":"","overlay-color":"","overlay-opacity":"","overlay-gradient":""}},"ast-content-background-meta":{"desktop":{"background-color":"var(--ast-global-color-5)","background-image":"","background-repeat":"repeat","background-position":"center center","background-size":"auto","background-attachment":"scroll","background-type":"","background-media":"","overlay-type":"","overlay-color":"","overlay-opacity":"","overlay-gradient":""},"tablet":{"background-color":"var(--ast-global-color-5)","background-image":"","background-repeat":"repeat","background-position":"center center","background-size":"auto","background-attachment":"scroll","background-type":"","background-media":"","overlay-type":"","overlay-color":"","overlay-opacity":"","overlay-gradient":""},"mobile":{"background-color":"var(--ast-global-color-5)","background-image":"","background-repeat":"repeat","background-position":"center center","background-size":"auto","background-attachment":"scroll","background-type":"","background-media":"","overlay-type":"","overlay-color":"","overlay-opacity":"","overlay-gradient":""}}},"product_brand":[],"product_cat":[991],"product_tag":[],"class_list":{"0":"post-14420","1":"product","2":"type-product","3":"status-publish","4":"has-post-thumbnail","6":"product_cat-helseprodukter","7":"desktop-align-left","8":"tablet-align-left","9":"mobile-align-left","11":"first","12":"instock","13":"shipping-taxable","14":"purchasable","15":"product-type-simple"},"_links":{"self":[{"href":"https:\/\/keluvo.com\/no\/wp-json\/wp\/v2\/product\/14420","targetHints":{"allow":["GET"]}}],"collection":[{"href":"https:\/\/keluvo.com\/no\/wp-json\/wp\/v2\/product"}],"about":[{"href":"https:\/\/keluvo.com\/no\/wp-json\/wp\/v2\/types\/product"}],"replies":[{"embeddable":true,"href":"https:\/\/keluvo.com\/no\/wp-json\/wp\/v2\/comments?post=14420"}],"wp:featuredmedia":[{"embeddable":true,"href":"https:\/\/keluvo.com\/no\/wp-json\/wp\/v2\/media\/14417"}],"wp:attachment":[{"href":"https:\/\/keluvo.com\/no\/wp-json\/wp\/v2\/media?parent=14420"}],"wp:term":[{"taxonomy":"product_brand","embeddable":true,"href":"https:\/\/keluvo.com\/no\/wp-json\/wp\/v2\/product_brand?post=14420"},{"taxonomy":"product_cat","embeddable":true,"href":"https:\/\/keluvo.com\/no\/wp-json\/wp\/v2\/product_cat?post=14420"},{"taxonomy":"product_tag","embeddable":true,"href":"https:\/\/keluvo.com\/no\/wp-json\/wp\/v2\/product_tag?post=14420"}],"curies":[{"name":"wp","href":"https:\/\/api.w.org\/{rel}","templated":true}]}}