{"id":14416,"date":"2025-04-17T16:24:27","date_gmt":"2025-04-17T14:24:27","guid":{"rendered":"https:\/\/keluvo.com\/no\/produkt\/sprettballspill\/"},"modified":"2025-04-18T20:34:46","modified_gmt":"2025-04-18T18:34:46","slug":"sprettballspill","status":"publish","type":"product","link":"https:\/\/keluvo.com\/no\/produkt\/sprettballspill\/","title":{"rendered":"Sprettballspill"},"content":{"rendered":"<p style=\"text-align: center;\"><strong>\ud83d\udfe1 Et morsomt og spennende bordspill som gir glede til b\u00e5de barn og voksne. \ud83d\udd35<\/strong><\/p>\n<h2 style=\"text-align: center;\">St\u00f8t, Spill, Og Ha Det G\u00f8y!<\/h2>\n<p style=\"text-align: center;\">Dette spillet er perfekt for familiesammenkomster, fester eller bare en morsom stund hjemme. Det bidrar til \u00e5 forbedre h\u00e5nd-\u00f8ye-koordinasjon og strategisk tenkning, samtidig som alle blir underholdt.<\/p>\n<p><img decoding=\"async\" class=\"size-full wp-image-14979 aligncenter\" src=\"https:\/\/keluvo.com\/template\/wp-content\/uploads\/sites\/5\/2025\/04\/bouncingballgame-ezgif.com-video-to-webp-converter.webp\" alt=\"\" \/><\/p>\n<h2 style=\"text-align: center;\">Forbedrer H\u00e5nd-\u00d8ye-Koordinasjon Og Fokus.<\/h2>\n<p><span style=\"font-weight: 400;\">\u2714 Oppmuntrer til strategisk tenkning og lagarbeid<\/span><\/p>\n<p><span style=\"font-weight: 400;\">\u2714 Passer for 2 til 4 spillere<\/span><\/p>\n<p><span style=\"font-weight: 400;\">\u2714 Lett \u00e5 l\u00e6re og spille<\/span><\/p>\n<p>\u2714 Flott for alle aldre<\/p>\n<p><img decoding=\"async\" class=\"size-full wp-image-14977 aligncenter\" src=\"https:\/\/keluvo.com\/template\/wp-content\/uploads\/sites\/5\/2025\/04\/main-image-8-1.webp\" alt=\"\" \/><\/p>\n<h2 style=\"text-align: center;\">Slik Spiller Du:<\/h2>\n<p style=\"text-align: center;\">Del inn i to lag basert p\u00e5 ballfarge. Trekk et utfordringskort og pr\u00f8v \u00e5 sprette ballene inn p\u00e5 spillebrettet slik at de matcher m\u00f8nsteret p\u00e5 kortet. Det f\u00f8rste laget som fullf\u00f8rer m\u00f8nsteret, vinner kortet. Det laget som har flest kort til slutt, vinner spillet.<\/p>\n<h2 style=\"text-align: center;\">Hva Du F\u00e5r:<\/h2>\n<p style=\"text-align: center;\">N\u00e5r du kj\u00f8per dette produktet, f\u00e5r du:<\/p>\n<ul>\n<li style=\"font-weight: 400;\"><span style=\"font-weight: 400;\">1 spillebrett<\/span><span style=\"font-weight: 400;\"><br \/>\n<\/span><\/li>\n<li style=\"font-weight: 400;\"><span style=\"font-weight: 400;\">16 sprettballer (8 gule, 8 bl\u00e5)<\/span><span style=\"font-weight: 400;\"><br \/>\n<\/span><\/li>\n<li style=\"font-weight: 400;\"><span style=\"font-weight: 400;\">9 utfordringskort<\/span><span style=\"font-weight: 400;\"><br \/>\n<\/span><\/li>\n<li style=\"font-weight: 400;\"><span style=\"font-weight: 400;\">4 ballholdere<\/span><\/li>\n<\/ul>\n","protected":false},"excerpt":{"rendered":"<p>\ud83d\udfe1 Et morsomt og spennende bordspill som gir glede til b\u00e5de barn og voksne. \ud83d\udd35 St\u00f8t, Spill, Og Ha Det [&hellip;]<\/p>\n","protected":false},"featured_media":14412,"comment_status":"open","ping_status":"closed","template":"","meta":{"site-sidebar-layout":"default","site-content-layout":"","ast-site-content-layout":"default","site-content-style":"default","site-sidebar-style":"default","ast-global-header-display":"","ast-banner-title-visibility":"","ast-main-header-display":"","ast-hfb-above-header-display":"","ast-hfb-below-header-display":"","ast-hfb-mobile-header-display":"","site-post-title":"","ast-breadcrumbs-content":"","ast-featured-img":"","footer-sml-layout":"","theme-transparent-header-meta":"default","adv-header-id-meta":"","stick-header-meta":"","header-above-stick-meta":"","header-main-stick-meta":"","header-below-stick-meta":"","astra-migrate-meta-layouts":"set","ast-page-background-enabled":"default","ast-page-background-meta":{"desktop":{"background-color":"var(--ast-global-color-4)","background-image":"","background-repeat":"repeat","background-position":"center center","background-size":"auto","background-attachment":"scroll","background-type":"","background-media":"","overlay-type":"","overlay-color":"","overlay-opacity":"","overlay-gradient":""},"tablet":{"background-color":"","background-image":"","background-repeat":"repeat","background-position":"center center","background-size":"auto","background-attachment":"scroll","background-type":"","background-media":"","overlay-type":"","overlay-color":"","overlay-opacity":"","overlay-gradient":""},"mobile":{"background-color":"","background-image":"","background-repeat":"repeat","background-position":"center center","background-size":"auto","background-attachment":"scroll","background-type":"","background-media":"","overlay-type":"","overlay-color":"","overlay-opacity":"","overlay-gradient":""}},"ast-content-background-meta":{"desktop":{"background-color":"var(--ast-global-color-5)","background-image":"","background-repeat":"repeat","background-position":"center center","background-size":"auto","background-attachment":"scroll","background-type":"","background-media":"","overlay-type":"","overlay-color":"","overlay-opacity":"","overlay-gradient":""},"tablet":{"background-color":"var(--ast-global-color-5)","background-image":"","background-repeat":"repeat","background-position":"center center","background-size":"auto","background-attachment":"scroll","background-type":"","background-media":"","overlay-type":"","overlay-color":"","overlay-opacity":"","overlay-gradient":""},"mobile":{"background-color":"var(--ast-global-color-5)","background-image":"","background-repeat":"repeat","background-position":"center center","background-size":"auto","background-attachment":"scroll","background-type":"","background-media":"","overlay-type":"","overlay-color":"","overlay-opacity":"","overlay-gradient":""}}},"product_brand":[],"product_cat":[990],"product_tag":[],"class_list":{"0":"post-14416","1":"product","2":"type-product","3":"status-publish","4":"has-post-thumbnail","6":"product_cat-leker-barne-og-babyprodukter","7":"desktop-align-left","8":"tablet-align-left","9":"mobile-align-left","11":"first","12":"instock","13":"shipping-taxable","14":"purchasable","15":"product-type-simple"},"_links":{"self":[{"href":"https:\/\/keluvo.com\/no\/wp-json\/wp\/v2\/product\/14416","targetHints":{"allow":["GET"]}}],"collection":[{"href":"https:\/\/keluvo.com\/no\/wp-json\/wp\/v2\/product"}],"about":[{"href":"https:\/\/keluvo.com\/no\/wp-json\/wp\/v2\/types\/product"}],"replies":[{"embeddable":true,"href":"https:\/\/keluvo.com\/no\/wp-json\/wp\/v2\/comments?post=14416"}],"wp:featuredmedia":[{"embeddable":true,"href":"https:\/\/keluvo.com\/no\/wp-json\/wp\/v2\/media\/14412"}],"wp:attachment":[{"href":"https:\/\/keluvo.com\/no\/wp-json\/wp\/v2\/media?parent=14416"}],"wp:term":[{"taxonomy":"product_brand","embeddable":true,"href":"https:\/\/keluvo.com\/no\/wp-json\/wp\/v2\/product_brand?post=14416"},{"taxonomy":"product_cat","embeddable":true,"href":"https:\/\/keluvo.com\/no\/wp-json\/wp\/v2\/product_cat?post=14416"},{"taxonomy":"product_tag","embeddable":true,"href":"https:\/\/keluvo.com\/no\/wp-json\/wp\/v2\/product_tag?post=14416"}],"curies":[{"name":"wp","href":"https:\/\/api.w.org\/{rel}","templated":true}]}}