{"id":14403,"date":"2025-04-17T16:22:34","date_gmt":"2025-04-17T14:22:34","guid":{"rendered":"https:\/\/keluvo.com\/no\/produkt\/magnetisk-vinduspusser\/"},"modified":"2025-04-22T22:51:55","modified_gmt":"2025-04-22T20:51:55","slug":"magnetisk-vinduspusser","status":"publish","type":"product","link":"https:\/\/keluvo.com\/no\/produkt\/magnetisk-vinduspusser\/","title":{"rendered":"Magnetisk vinduspusser"},"content":{"rendered":"<p style=\"text-align: center;\"><strong>\ud83e\uddf2 En smart og trygg m\u00e5te \u00e5 rengj\u00f8re begge sider av vinduene p\u00e5 uten \u00e5 g\u00e5 ut. \ud83e\uddfd<\/strong><\/p>\n<h2 style=\"text-align: center;\">Puss vinduene trygt og enkelt<\/h2>\n<p style=\"text-align: center;\">Dette verkt\u00f8yet bruker sterke magneter for \u00e5 holde to rengj\u00f8ringsputer sammen gjennom glasset. Du flytter den innvendige puten, og den utvendige f\u00f8lger etter og rengj\u00f8r begge sider samtidig. Den er perfekt for h\u00f8ye vinduer eller vanskelig tilgjengelige steder.\u200b<\/p>\n<p><img decoding=\"async\" class=\"size-full wp-image-14961 aligncenter\" src=\"https:\/\/keluvo.com\/template\/wp-content\/uploads\/sites\/5\/2025\/04\/windowcleaner-ezgif.com-video-to-webp-converter.webp\" alt=\"\" \/><\/p>\n<h2 style=\"text-align: center;\">Rengj\u00f8r begge sider av vinduet samtidig!<\/h2>\n<p><span style=\"font-weight: 400;\">\u2714 Sterke magneter holder rengj\u00f8ringsverkt\u00f8yet p\u00e5 plass<\/span><\/p>\n<p><span style=\"font-weight: 400;\">\u2714 Trekantet design gj\u00f8r det enkelt \u00e5 n\u00e5 hj\u00f8rner<\/span><\/p>\n<p><span style=\"font-weight: 400;\">\u2714 Vannoppbevaring holder svampene fuktige for bedre rengj\u00f8ring<\/span><\/p>\n<p><span style=\"font-weight: 400;\">\u2714 Justerbar magnetisk kraft passer til ulike glasstykkelser<\/span><\/p>\n<p><span style=\"font-weight: 400;\">\u2714 Sikkerhetstau hindrer den utvendige puten i \u00e5 falle ned\u200b<\/span><\/p>\n<p><img fetchpriority=\"high\" decoding=\"async\" width=\"968\" height=\"999\" class=\"size-full wp-image-15048 aligncenter\" src=\"https:\/\/keluvo.com\/no\/wp-content\/uploads\/sites\/10\/2025\/04\/WhatsApp-Image-2025-04-22-at-15.38.55_9a549982.jpg\" alt=\"\" \/><\/p>\n<h2 style=\"text-align: center;\">Slik bruker du den magnetiske vindusvaskeren:<\/h2>\n<p style=\"text-align: center;\">Fest sikkerhetstauet til h\u00e5ndleddet ditt. Skill de to rengj\u00f8ringsputene fra hverandre. Fukt svampene med vann og litt vaskemiddel. Plasser den ene puten p\u00e5 innsiden og den andre p\u00e5 utsiden av vinduet. Flytt den innvendige puten for \u00e5 rengj\u00f8re begge sider av glasset.<\/p>\n<h2 style=\"text-align: center;\">Hva du f\u00e5r:<\/h2>\n<p style=\"text-align: center;\">N\u00e5r du kj\u00f8per dette produktet, f\u00e5r du:\u200b<\/p>\n<ul>\n<li style=\"font-weight: 400;\"><span style=\"font-weight: 400;\">1 par magnetiske vinduspussere<\/span><\/li>\n<li style=\"font-weight: 400;\"><span style=\"font-weight: 400;\">10 utskiftbare rengj\u00f8ringssvamper<\/span><\/li>\n<li style=\"font-weight: 400;\"><span style=\"font-weight: 400;\">2 utskiftbare vindusviskere<\/span><\/li>\n<li style=\"font-weight: 400;\"><span style=\"font-weight: 400;\">1 skilleveggbrakett<\/span><\/li>\n<li><span style=\"font-weight: 400;\">1 sikkerhetstau\u200b<\/span><span style=\"font-weight: 400;\"><br \/>\n<\/span><\/li>\n<\/ul>\n","protected":false},"excerpt":{"rendered":"<p>\ud83e\uddf2 En smart og trygg m\u00e5te \u00e5 rengj\u00f8re begge sider av vinduene p\u00e5 uten \u00e5 g\u00e5 ut. \ud83e\uddfd Puss vinduene [&hellip;]<\/p>\n","protected":false},"featured_media":14410,"comment_status":"open","ping_status":"closed","template":"","meta":{"site-sidebar-layout":"default","site-content-layout":"","ast-site-content-layout":"default","site-content-style":"default","site-sidebar-style":"default","ast-global-header-display":"","ast-banner-title-visibility":"","ast-main-header-display":"","ast-hfb-above-header-display":"","ast-hfb-below-header-display":"","ast-hfb-mobile-header-display":"","site-post-title":"","ast-breadcrumbs-content":"","ast-featured-img":"","footer-sml-layout":"","theme-transparent-header-meta":"default","adv-header-id-meta":"","stick-header-meta":"","header-above-stick-meta":"","header-main-stick-meta":"","header-below-stick-meta":"","astra-migrate-meta-layouts":"set","ast-page-background-enabled":"default","ast-page-background-meta":{"desktop":{"background-color":"var(--ast-global-color-4)","background-image":"","background-repeat":"repeat","background-position":"center center","background-size":"auto","background-attachment":"scroll","background-type":"","background-media":"","overlay-type":"","overlay-color":"","overlay-opacity":"","overlay-gradient":""},"tablet":{"background-color":"","background-image":"","background-repeat":"repeat","background-position":"center center","background-size":"auto","background-attachment":"scroll","background-type":"","background-media":"","overlay-type":"","overlay-color":"","overlay-opacity":"","overlay-gradient":""},"mobile":{"background-color":"","background-image":"","background-repeat":"repeat","background-position":"center center","background-size":"auto","background-attachment":"scroll","background-type":"","background-media":"","overlay-type":"","overlay-color":"","overlay-opacity":"","overlay-gradient":""}},"ast-content-background-meta":{"desktop":{"background-color":"var(--ast-global-color-5)","background-image":"","background-repeat":"repeat","background-position":"center center","background-size":"auto","background-attachment":"scroll","background-type":"","background-media":"","overlay-type":"","overlay-color":"","overlay-opacity":"","overlay-gradient":""},"tablet":{"background-color":"var(--ast-global-color-5)","background-image":"","background-repeat":"repeat","background-position":"center center","background-size":"auto","background-attachment":"scroll","background-type":"","background-media":"","overlay-type":"","overlay-color":"","overlay-opacity":"","overlay-gradient":""},"mobile":{"background-color":"var(--ast-global-color-5)","background-image":"","background-repeat":"repeat","background-position":"center center","background-size":"auto","background-attachment":"scroll","background-type":"","background-media":"","overlay-type":"","overlay-color":"","overlay-opacity":"","overlay-gradient":""}}},"product_brand":[],"product_cat":[1001],"product_tag":[],"class_list":{"0":"post-14403","1":"product","2":"type-product","3":"status-publish","4":"has-post-thumbnail","6":"product_cat-husholdningsartikler","7":"pa_28113_y3ms6oe1-bla","8":"pa_28113_y3ms6oe1-gronn","9":"pa_28113_y3ms6oe1-oransje","10":"pa_28113_y3ms6oe1-rod","11":"desktop-align-left","12":"tablet-align-left","13":"mobile-align-left","15":"first","16":"instock","17":"shipping-taxable","18":"purchasable","19":"product-type-simple"},"_links":{"self":[{"href":"https:\/\/keluvo.com\/no\/wp-json\/wp\/v2\/product\/14403","targetHints":{"allow":["GET"]}}],"collection":[{"href":"https:\/\/keluvo.com\/no\/wp-json\/wp\/v2\/product"}],"about":[{"href":"https:\/\/keluvo.com\/no\/wp-json\/wp\/v2\/types\/product"}],"replies":[{"embeddable":true,"href":"https:\/\/keluvo.com\/no\/wp-json\/wp\/v2\/comments?post=14403"}],"wp:featuredmedia":[{"embeddable":true,"href":"https:\/\/keluvo.com\/no\/wp-json\/wp\/v2\/media\/14410"}],"wp:attachment":[{"href":"https:\/\/keluvo.com\/no\/wp-json\/wp\/v2\/media?parent=14403"}],"wp:term":[{"taxonomy":"product_brand","embeddable":true,"href":"https:\/\/keluvo.com\/no\/wp-json\/wp\/v2\/product_brand?post=14403"},{"taxonomy":"product_cat","embeddable":true,"href":"https:\/\/keluvo.com\/no\/wp-json\/wp\/v2\/product_cat?post=14403"},{"taxonomy":"product_tag","embeddable":true,"href":"https:\/\/keluvo.com\/no\/wp-json\/wp\/v2\/product_tag?post=14403"}],"curies":[{"name":"wp","href":"https:\/\/api.w.org\/{rel}","templated":true}]}}