{"id":14384,"date":"2025-04-17T16:20:13","date_gmt":"2025-04-17T14:20:13","guid":{"rendered":"https:\/\/keluvo.com\/no\/produkt\/beroligende-pute-for-kjaeledyr\/"},"modified":"2025-04-17T16:20:23","modified_gmt":"2025-04-17T14:20:23","slug":"beroligende-pute-for-kjaeledyr","status":"publish","type":"product","link":"https:\/\/keluvo.com\/no\/produkt\/beroligende-pute-for-kjaeledyr\/","title":{"rendered":"Beroligende pute for kj\u00e6ledyr"},"content":{"rendered":"<p style=\"text-align: center\"><strong>\ud83d\udc36 En myk og koselig seng som hjelper den lille hunden eller katten din til \u00e5 f\u00f8le seg trygg og avslappet. \ud83d\ude3b<\/strong><\/p>\n<h2 style=\"text-align: center\">Hjelp Kj\u00e6ledyret Ditt Til \u00c5 F\u00f8le Seg Rolig Og Lykkelig!<\/h2>\n<p style=\"text-align: center\"><span style=\"font-weight: 400\">Denne puten er perfekt for kj\u00e6ledyr som liker \u00e5 kr\u00f8lle seg sammen. Den gir dem et varmt og trygt sted \u00e5 hvile. Det myke materialet bidrar til \u00e5 redusere stress og angst, slik at kj\u00e6ledyret ditt f\u00f8ler seg mer komfortabelt og rolig.\u200b<\/span><\/p>\n<p><img decoding=\"async\" class=\"size-full wp-image-14868 aligncenter\" src=\"https:\/\/keluvo.com\/template\/wp-content\/uploads\/sites\/5\/2025\/04\/74443d2c-a0a2-43e3-88cd-29e39a084ddb.webp\" alt=\"\" \/><\/p>\n<h2 style=\"text-align: center\">Provides a cozy spot for your pet to relax.<span style=\"font-weight: 400\"><br \/>\n<\/span><\/h2>\n<p><span style=\"font-weight: 400\">\u2714 Bidrar til \u00e5 redusere angst og stress<\/span><span style=\"font-weight: 400\"><br \/>\n<\/span><\/p>\n<p><span style=\"font-weight: 400\">\u2714 Bidrar til bedre s\u00f8vn og generell helse<\/span><span style=\"font-weight: 400\"><br \/>\n<\/span><\/p>\n<p><span style=\"font-weight: 400\">\u2714 Lett \u00e5 rengj\u00f8re og vedlikeholde\u200b<\/span><span style=\"font-weight: 400\"><br \/>\n<\/span><\/p>\n<p><img decoding=\"async\" class=\"size-full wp-image-14866 aligncenter\" src=\"https:\/\/keluvo.com\/template\/wp-content\/uploads\/sites\/5\/2025\/04\/5ca01ee4-e255-45c3-add7-a7b4d1f57831.webp\" alt=\"\" \/><\/p>\n<h2 style=\"text-align: center\">Maskinvaskbar<\/h2>\n<p style=\"text-align: center\"><span style=\"font-weight: 400\">Plasser puten p\u00e5 kj\u00e6ledyrets favorittsted. Den kan vaskes i maskin, slik at du kan holde den ren og frisk. Bare vask og t\u00f8rk den etter behov for \u00e5 opprettholde mykheten og komforten.\u200b<\/span><\/p>\n<h2 style=\"text-align: center\">Hva Du F\u00e5r<\/h2>\n<p style=\"text-align: center\"><span style=\"font-weight: 400\">N\u00e5r du kj\u00f8per dette produktet, f\u00e5r du:<\/span><\/p>\n<ul>\n<li style=\"font-weight: 400\"><span style=\"font-weight: 400\">1 beroligende pute for sm\u00e5 hunder eller katter<\/span><\/li>\n<\/ul>\n<p style=\"text-align: center\"><span style=\"font-weight: 400\">Puten er laget av myk fuskepels og fylt med behagelig bomull. Den m\u00e5ler ca. 27 x 6 x 6 cm og passer for kj\u00e6ledyr opp til 5 kg.<\/span><\/p>\n","protected":false},"excerpt":{"rendered":"<p>\ud83d\udc36 En myk og koselig seng som hjelper den lille hunden eller katten din til \u00e5 f\u00f8le seg trygg og [&hellip;]<\/p>\n","protected":false},"featured_media":14380,"comment_status":"open","ping_status":"closed","template":"","meta":{"site-sidebar-layout":"default","site-content-layout":"","ast-site-content-layout":"default","site-content-style":"default","site-sidebar-style":"default","ast-global-header-display":"","ast-banner-title-visibility":"","ast-main-header-display":"","ast-hfb-above-header-display":"","ast-hfb-below-header-display":"","ast-hfb-mobile-header-display":"","site-post-title":"","ast-breadcrumbs-content":"","ast-featured-img":"","footer-sml-layout":"","theme-transparent-header-meta":"default","adv-header-id-meta":"","stick-header-meta":"","header-above-stick-meta":"","header-main-stick-meta":"","header-below-stick-meta":"","astra-migrate-meta-layouts":"set","ast-page-background-enabled":"default","ast-page-background-meta":{"desktop":{"background-color":"var(--ast-global-color-4)","background-image":"","background-repeat":"repeat","background-position":"center center","background-size":"auto","background-attachment":"scroll","background-type":"","background-media":"","overlay-type":"","overlay-color":"","overlay-opacity":"","overlay-gradient":""},"tablet":{"background-color":"","background-image":"","background-repeat":"repeat","background-position":"center center","background-size":"auto","background-attachment":"scroll","background-type":"","background-media":"","overlay-type":"","overlay-color":"","overlay-opacity":"","overlay-gradient":""},"mobile":{"background-color":"","background-image":"","background-repeat":"repeat","background-position":"center center","background-size":"auto","background-attachment":"scroll","background-type":"","background-media":"","overlay-type":"","overlay-color":"","overlay-opacity":"","overlay-gradient":""}},"ast-content-background-meta":{"desktop":{"background-color":"var(--ast-global-color-5)","background-image":"","background-repeat":"repeat","background-position":"center center","background-size":"auto","background-attachment":"scroll","background-type":"","background-media":"","overlay-type":"","overlay-color":"","overlay-opacity":"","overlay-gradient":""},"tablet":{"background-color":"var(--ast-global-color-5)","background-image":"","background-repeat":"repeat","background-position":"center center","background-size":"auto","background-attachment":"scroll","background-type":"","background-media":"","overlay-type":"","overlay-color":"","overlay-opacity":"","overlay-gradient":""},"mobile":{"background-color":"var(--ast-global-color-5)","background-image":"","background-repeat":"repeat","background-position":"center center","background-size":"auto","background-attachment":"scroll","background-type":"","background-media":"","overlay-type":"","overlay-color":"","overlay-opacity":"","overlay-gradient":""}}},"product_brand":[],"product_cat":[997],"product_tag":[],"class_list":{"0":"post-14384","1":"product","2":"type-product","3":"status-publish","4":"has-post-thumbnail","6":"product_cat-husdyrprodukter","7":"pa_46538_c111olen-gra","8":"pa_46538_c111olen-gul","9":"pa_46538_c111olen-himmelbla","10":"pa_46538_c111olen-hvit","11":"pa_46538_c111olen-lilla","12":"pa_46538_c111olen-marinebla","13":"pa_46538_c111olen-rosa","14":"desktop-align-left","15":"tablet-align-left","16":"mobile-align-left","18":"first","19":"instock","20":"shipping-taxable","21":"purchasable","22":"product-type-variable"},"_links":{"self":[{"href":"https:\/\/keluvo.com\/no\/wp-json\/wp\/v2\/product\/14384","targetHints":{"allow":["GET"]}}],"collection":[{"href":"https:\/\/keluvo.com\/no\/wp-json\/wp\/v2\/product"}],"about":[{"href":"https:\/\/keluvo.com\/no\/wp-json\/wp\/v2\/types\/product"}],"replies":[{"embeddable":true,"href":"https:\/\/keluvo.com\/no\/wp-json\/wp\/v2\/comments?post=14384"}],"wp:featuredmedia":[{"embeddable":true,"href":"https:\/\/keluvo.com\/no\/wp-json\/wp\/v2\/media\/14380"}],"wp:attachment":[{"href":"https:\/\/keluvo.com\/no\/wp-json\/wp\/v2\/media?parent=14384"}],"wp:term":[{"taxonomy":"product_brand","embeddable":true,"href":"https:\/\/keluvo.com\/no\/wp-json\/wp\/v2\/product_brand?post=14384"},{"taxonomy":"product_cat","embeddable":true,"href":"https:\/\/keluvo.com\/no\/wp-json\/wp\/v2\/product_cat?post=14384"},{"taxonomy":"product_tag","embeddable":true,"href":"https:\/\/keluvo.com\/no\/wp-json\/wp\/v2\/product_tag?post=14384"}],"curies":[{"name":"wp","href":"https:\/\/api.w.org\/{rel}","templated":true}]}}