{"id":14378,"date":"2025-04-17T16:17:07","date_gmt":"2025-04-17T14:17:07","guid":{"rendered":"https:\/\/keluvo.com\/no\/produkt\/leketoy-for-reaksjonstrening\/"},"modified":"2025-04-17T16:17:07","modified_gmt":"2025-04-17T14:17:07","slug":"leketoy-for-reaksjonstrening","status":"publish","type":"product","link":"https:\/\/keluvo.com\/no\/produkt\/leketoy-for-reaksjonstrening\/","title":{"rendered":"Leket\u00f8y for reaksjonstrening"},"content":{"rendered":"<p style=\"text-align: center\"><strong>\ud83c\udf89 Et morsomt og spennende spill som hjelper deg \u00e5 bevege deg raskere og tenke raskere \ud83e\udd23<\/strong><\/p>\n<h2 style=\"text-align: center\">Ha Det G\u00f8y Og Bli Raskere<\/h2>\n<p style=\"text-align: center\"><span style=\"font-weight: 400\">Dette spillet slipper pinner som du skal fange. Det hjelper deg med \u00e5 forbedre refleksene og h\u00e5nd-\u00f8ye-koordinasjonen. Spill alene eller med venner og se hvem som klarer \u00e5 fange flest.<\/span><\/p>\n<p><img decoding=\"async\" class=\"size-full wp-image-14829 aligncenter\" src=\"https:\/\/keluvo.com\/template\/wp-content\/uploads\/sites\/5\/2025\/04\/reactiongame-ezgif.com-video-to-webp-converter.webp\" alt=\"\" \/><\/p>\n<h2 style=\"text-align: center\">Forbedrer Reaksjonstiden Din!<span style=\"font-weight: 400\"><br \/>\n<\/span><\/h2>\n<p><span style=\"font-weight: 400\">\u2714 Hjelper med h\u00e5nd-\u00f8ye-koordinasjon<\/span><span style=\"font-weight: 400\"><br \/>\n<\/span><\/p>\n<p><span style=\"font-weight: 400\">\u2714 Morsomt for barn og voksne<\/span><span style=\"font-weight: 400\"><br \/>\n<\/span><\/p>\n<p><span style=\"font-weight: 400\">\u2714 Flott for fester og familiekvelder<\/span><\/p>\n<p><img decoding=\"async\" class=\"size-full wp-image-14832 aligncenter\" src=\"https:\/\/keluvo.com\/template\/wp-content\/uploads\/sites\/5\/2025\/04\/d50fcee4-a9dc-48a7-bd08-0d3e97cea0e5.webp\" alt=\"\" \/><\/p>\n<h2 style=\"text-align: center\">Slik Spiller Du Spillet?<\/h2>\n<p style=\"text-align: center\"><span style=\"font-weight: 400\">Heng pinnene p\u00e5 krokene. velg et hastighetsniv\u00e5. Pinnene vil falle tilfeldig. Pr\u00f8v \u00e5 fange dem f\u00f8r de treffer bakken. Juster hastigheten for \u00e5 gj\u00f8re det lettere eller vanskeligere.<\/span><\/p>\n<h2 style=\"text-align: center\">Hva Du F\u00e5r:<\/h2>\n<p><span style=\"font-weight: 400\">N\u00e5r du kj\u00f8per dette produktet, f\u00e5r du:<\/span><\/p>\n<ul>\n<li style=\"font-weight: 400\"><span style=\"font-weight: 400\">1 reaksjonsleke<\/span><\/li>\n<li style=\"font-weight: 400\"><span style=\"font-weight: 400\">6 pinner \u00e5 fange<\/span><\/li>\n<li style=\"font-weight: 400\"><span style=\"font-weight: 400\">1 snor<\/span><\/li>\n<li style=\"font-weight: 400\"><span style=\"font-weight: 400\">1 ladekabel<\/span><\/li>\n<li style=\"font-weight: 400\"><span style=\"font-weight: 400\">2 kroker<\/span><\/li>\n<\/ul>\n<p><span style=\"font-weight: 400\">Leken er laget av slitesterk plast og har glatte kanter for sikkerhetens skyld<\/span><\/p>\n","protected":false},"excerpt":{"rendered":"<p>\ud83c\udf89 Et morsomt og spennende spill som hjelper deg \u00e5 bevege deg raskere og tenke raskere \ud83e\udd23 Ha Det G\u00f8y [&hellip;]<\/p>\n","protected":false},"featured_media":14374,"comment_status":"open","ping_status":"closed","template":"","meta":{"site-sidebar-layout":"default","site-content-layout":"","ast-site-content-layout":"default","site-content-style":"default","site-sidebar-style":"default","ast-global-header-display":"","ast-banner-title-visibility":"","ast-main-header-display":"","ast-hfb-above-header-display":"","ast-hfb-below-header-display":"","ast-hfb-mobile-header-display":"","site-post-title":"","ast-breadcrumbs-content":"","ast-featured-img":"","footer-sml-layout":"","theme-transparent-header-meta":"default","adv-header-id-meta":"","stick-header-meta":"","header-above-stick-meta":"","header-main-stick-meta":"","header-below-stick-meta":"","astra-migrate-meta-layouts":"set","ast-page-background-enabled":"default","ast-page-background-meta":{"desktop":{"background-color":"var(--ast-global-color-4)","background-image":"","background-repeat":"repeat","background-position":"center center","background-size":"auto","background-attachment":"scroll","background-type":"","background-media":"","overlay-type":"","overlay-color":"","overlay-opacity":"","overlay-gradient":""},"tablet":{"background-color":"","background-image":"","background-repeat":"repeat","background-position":"center center","background-size":"auto","background-attachment":"scroll","background-type":"","background-media":"","overlay-type":"","overlay-color":"","overlay-opacity":"","overlay-gradient":""},"mobile":{"background-color":"","background-image":"","background-repeat":"repeat","background-position":"center center","background-size":"auto","background-attachment":"scroll","background-type":"","background-media":"","overlay-type":"","overlay-color":"","overlay-opacity":"","overlay-gradient":""}},"ast-content-background-meta":{"desktop":{"background-color":"var(--ast-global-color-5)","background-image":"","background-repeat":"repeat","background-position":"center center","background-size":"auto","background-attachment":"scroll","background-type":"","background-media":"","overlay-type":"","overlay-color":"","overlay-opacity":"","overlay-gradient":""},"tablet":{"background-color":"var(--ast-global-color-5)","background-image":"","background-repeat":"repeat","background-position":"center center","background-size":"auto","background-attachment":"scroll","background-type":"","background-media":"","overlay-type":"","overlay-color":"","overlay-opacity":"","overlay-gradient":""},"mobile":{"background-color":"var(--ast-global-color-5)","background-image":"","background-repeat":"repeat","background-position":"center center","background-size":"auto","background-attachment":"scroll","background-type":"","background-media":"","overlay-type":"","overlay-color":"","overlay-opacity":"","overlay-gradient":""}}},"product_brand":[],"product_cat":[990],"product_tag":[],"class_list":{"0":"post-14378","1":"product","2":"type-product","3":"status-publish","4":"has-post-thumbnail","6":"product_cat-leker-barne-og-babyprodukter","7":"desktop-align-left","8":"tablet-align-left","9":"mobile-align-left","11":"first","12":"instock","13":"shipping-taxable","14":"purchasable","15":"product-type-simple"},"_links":{"self":[{"href":"https:\/\/keluvo.com\/no\/wp-json\/wp\/v2\/product\/14378","targetHints":{"allow":["GET"]}}],"collection":[{"href":"https:\/\/keluvo.com\/no\/wp-json\/wp\/v2\/product"}],"about":[{"href":"https:\/\/keluvo.com\/no\/wp-json\/wp\/v2\/types\/product"}],"replies":[{"embeddable":true,"href":"https:\/\/keluvo.com\/no\/wp-json\/wp\/v2\/comments?post=14378"}],"wp:featuredmedia":[{"embeddable":true,"href":"https:\/\/keluvo.com\/no\/wp-json\/wp\/v2\/media\/14374"}],"wp:attachment":[{"href":"https:\/\/keluvo.com\/no\/wp-json\/wp\/v2\/media?parent=14378"}],"wp:term":[{"taxonomy":"product_brand","embeddable":true,"href":"https:\/\/keluvo.com\/no\/wp-json\/wp\/v2\/product_brand?post=14378"},{"taxonomy":"product_cat","embeddable":true,"href":"https:\/\/keluvo.com\/no\/wp-json\/wp\/v2\/product_cat?post=14378"},{"taxonomy":"product_tag","embeddable":true,"href":"https:\/\/keluvo.com\/no\/wp-json\/wp\/v2\/product_tag?post=14378"}],"curies":[{"name":"wp","href":"https:\/\/api.w.org\/{rel}","templated":true}]}}