{"id":14363,"date":"2025-04-17T16:14:33","date_gmt":"2025-04-17T14:14:33","guid":{"rendered":"https:\/\/keluvo.com\/no\/produkt\/sommerhatt-for-hund\/"},"modified":"2025-04-17T16:14:39","modified_gmt":"2025-04-17T14:14:39","slug":"sommerhatt-for-hund","status":"publish","type":"product","link":"https:\/\/keluvo.com\/no\/produkt\/sommerhatt-for-hund\/","title":{"rendered":"Sommerhatt for hund"},"content":{"rendered":"<p style=\"text-align: center\"><strong>\ud83e\udde2 En s\u00f8t lue som holder kj\u00e6ledyret ditt kj\u00f8lig og stilig. \ud83d\udc36<\/strong><\/p>\n<h2 style=\"text-align: center\">Hold kj\u00e6ledyret ditt kj\u00f8lig og beskyttet<\/h2>\n<p style=\"text-align: center\"><span style=\"font-weight: 400\">Denne hatten beskytter hundens \u00f8yne mot solen, og hjelper den med \u00e5 holde seg kj\u00f8lig under turer eller lek. Den er perfekt for utend\u00f8rsopplevelser.<\/span><\/p>\n<p><img decoding=\"async\" class=\"size-full wp-image-14810 aligncenter\" src=\"https:\/\/keluvo.com\/template\/wp-content\/uploads\/sites\/5\/2025\/04\/doghat-ezgif.com-video-to-webp-converter.webp\" alt=\"\" \/><\/p>\n<h2 style=\"text-align: center\">Beskytter kj\u00e6ledyret ditt mot solbrenthet!<\/h2>\n<p><span style=\"font-weight: 400\">\u2714 Hjelper hunden med \u00e5 holde seg kj\u00f8lig p\u00e5 varme dager<\/span><\/p>\n<p><span style=\"font-weight: 400\">\u2714 Gir et morsomt og stilig utseende<\/span><\/p>\n<p><span style=\"font-weight: 400\">\u2714 Lett \u00e5 ta av og p\u00e5\u200b<\/span><span style=\"font-weight: 400\"><br \/>\n<\/span><\/p>\n<p><img decoding=\"async\" class=\"size-full wp-image-14812 aligncenter\" src=\"https:\/\/keluvo.com\/template\/wp-content\/uploads\/sites\/5\/2025\/04\/235565a7-a8f5-4f27-ae53-b8bfdbd56ff0.webp\" alt=\"\" \/><\/p>\n<h2 style=\"text-align: center\">Hvordan tar du p\u00e5 deg hundehatten?<\/h2>\n<p style=\"text-align: center\"><span style=\"font-weight: 400\">Plasser hatten p\u00e5 hundens hode, og pass p\u00e5 at \u00f8rene passer gjennom hullene. Juster stroppen under haken for en sikker passform. N\u00e5 er de klare for litt moro i solen.<\/span><\/p>\n<h2 style=\"text-align: center\">Hva du f\u00e5r:<\/h2>\n<p style=\"text-align: center\"><span style=\"font-weight: 400\">N\u00e5r du kj\u00f8per dette produktet, f\u00e5r du:<\/span><\/p>\n<ul>\n<li style=\"font-weight: 400\"><span style=\"font-weight: 400\">1 hundehatt laget av slitesterkt lerret<\/span><span style=\"font-weight: 400\"><br \/>\n<\/span><\/li>\n<li style=\"font-weight: 400\"><span style=\"font-weight: 400\">Justerbar stropp for en god passform\u200b<\/span><\/li>\n<\/ul>\n","protected":false},"excerpt":{"rendered":"<p>\ud83e\udde2 En s\u00f8t lue som holder kj\u00e6ledyret ditt kj\u00f8lig og stilig. \ud83d\udc36 Hold kj\u00e6ledyret ditt kj\u00f8lig og beskyttet Denne hatten [&hellip;]<\/p>\n","protected":false},"featured_media":14359,"comment_status":"open","ping_status":"closed","template":"","meta":{"site-sidebar-layout":"default","site-content-layout":"","ast-site-content-layout":"default","site-content-style":"default","site-sidebar-style":"default","ast-global-header-display":"","ast-banner-title-visibility":"","ast-main-header-display":"","ast-hfb-above-header-display":"","ast-hfb-below-header-display":"","ast-hfb-mobile-header-display":"","site-post-title":"","ast-breadcrumbs-content":"","ast-featured-img":"","footer-sml-layout":"","theme-transparent-header-meta":"default","adv-header-id-meta":"","stick-header-meta":"","header-above-stick-meta":"","header-main-stick-meta":"","header-below-stick-meta":"","astra-migrate-meta-layouts":"set","ast-page-background-enabled":"default","ast-page-background-meta":{"desktop":{"background-color":"var(--ast-global-color-4)","background-image":"","background-repeat":"repeat","background-position":"center center","background-size":"auto","background-attachment":"scroll","background-type":"","background-media":"","overlay-type":"","overlay-color":"","overlay-opacity":"","overlay-gradient":""},"tablet":{"background-color":"","background-image":"","background-repeat":"repeat","background-position":"center center","background-size":"auto","background-attachment":"scroll","background-type":"","background-media":"","overlay-type":"","overlay-color":"","overlay-opacity":"","overlay-gradient":""},"mobile":{"background-color":"","background-image":"","background-repeat":"repeat","background-position":"center center","background-size":"auto","background-attachment":"scroll","background-type":"","background-media":"","overlay-type":"","overlay-color":"","overlay-opacity":"","overlay-gradient":""}},"ast-content-background-meta":{"desktop":{"background-color":"var(--ast-global-color-5)","background-image":"","background-repeat":"repeat","background-position":"center center","background-size":"auto","background-attachment":"scroll","background-type":"","background-media":"","overlay-type":"","overlay-color":"","overlay-opacity":"","overlay-gradient":""},"tablet":{"background-color":"var(--ast-global-color-5)","background-image":"","background-repeat":"repeat","background-position":"center center","background-size":"auto","background-attachment":"scroll","background-type":"","background-media":"","overlay-type":"","overlay-color":"","overlay-opacity":"","overlay-gradient":""},"mobile":{"background-color":"var(--ast-global-color-5)","background-image":"","background-repeat":"repeat","background-position":"center center","background-size":"auto","background-attachment":"scroll","background-type":"","background-media":"","overlay-type":"","overlay-color":"","overlay-opacity":"","overlay-gradient":""}}},"product_brand":[],"product_cat":[997],"product_tag":[],"class_list":{"0":"post-14363","1":"product","2":"type-product","3":"status-publish","4":"has-post-thumbnail","6":"product_cat-husdyrprodukter","7":"pa_35249_dsk9exkk-bla","8":"pa_35249_dsk9exkk-gul","9":"pa_35249_dsk9exkk-rod","10":"pa_35249_dsk9exkk-rosa","11":"pa_35249_dsk9exkk-svart","12":"desktop-align-left","13":"tablet-align-left","14":"mobile-align-left","16":"first","17":"instock","18":"shipping-taxable","19":"purchasable","20":"product-type-variable"},"_links":{"self":[{"href":"https:\/\/keluvo.com\/no\/wp-json\/wp\/v2\/product\/14363","targetHints":{"allow":["GET"]}}],"collection":[{"href":"https:\/\/keluvo.com\/no\/wp-json\/wp\/v2\/product"}],"about":[{"href":"https:\/\/keluvo.com\/no\/wp-json\/wp\/v2\/types\/product"}],"replies":[{"embeddable":true,"href":"https:\/\/keluvo.com\/no\/wp-json\/wp\/v2\/comments?post=14363"}],"wp:featuredmedia":[{"embeddable":true,"href":"https:\/\/keluvo.com\/no\/wp-json\/wp\/v2\/media\/14359"}],"wp:attachment":[{"href":"https:\/\/keluvo.com\/no\/wp-json\/wp\/v2\/media?parent=14363"}],"wp:term":[{"taxonomy":"product_brand","embeddable":true,"href":"https:\/\/keluvo.com\/no\/wp-json\/wp\/v2\/product_brand?post=14363"},{"taxonomy":"product_cat","embeddable":true,"href":"https:\/\/keluvo.com\/no\/wp-json\/wp\/v2\/product_cat?post=14363"},{"taxonomy":"product_tag","embeddable":true,"href":"https:\/\/keluvo.com\/no\/wp-json\/wp\/v2\/product_tag?post=14363"}],"curies":[{"name":"wp","href":"https:\/\/api.w.org\/{rel}","templated":true}]}}