{"id":14353,"date":"2025-04-17T16:12:42","date_gmt":"2025-04-17T14:12:42","guid":{"rendered":"https:\/\/keluvo.com\/no\/produkt\/bitsholder\/"},"modified":"2025-04-18T20:31:07","modified_gmt":"2025-04-18T18:31:07","slug":"bitsholder","status":"publish","type":"product","link":"https:\/\/keluvo.com\/no\/produkt\/bitsholder\/","title":{"rendered":"Bitsholder"},"content":{"rendered":"<p style=\"text-align: center;\"><strong>\ud83e\uddf0 Et praktisk verkt\u00f8y som hjelper deg med \u00e5 bytte skrutrekkerbits raskt og enkelt. \ud83d\udee0<\/strong><\/p>\n<h2 style=\"text-align: center;\">Gj\u00f8r Arbeidet Ditt Raskere Og Enklere<\/h2>\n<p style=\"text-align: center;\">Med denne bitsholderen kan du bytte mellom ulike skrutrekkerbits uten problemer. Den er perfekt for \u00e5 fikse ting i huset, gj\u00f8re h\u00e5ndarbeid eller andre prosjekter.<\/p>\n<p><img decoding=\"async\" class=\"size-full wp-image-14784 aligncenter\" src=\"https:\/\/keluvo.com\/template\/wp-content\/uploads\/sites\/5\/2025\/04\/bitholder-ezgif.com-video-to-webp-converter.webp\" alt=\"\" \/><\/p>\n<h2 style=\"text-align: center;\">Hovedfordeler<\/h2>\n<p><span style=\"font-weight: 400;\">\u2714 Skift bits raskt med det enkle utl\u00f8sningsdesignet<\/span><\/p>\n<p><span style=\"font-weight: 400;\">\u2714 Passer til mange typer prosjekter<\/span><\/p>\n<p><span style=\"font-weight: 400;\">\u2714 Laget av sterke materialer for langvarig bruk<\/span><\/p>\n<p><span style=\"font-weight: 400;\">\u2714 Liten og lett, enkel \u00e5 b\u00e6re og oppbevare<\/span><\/p>\n<p>\u2714 Enkel \u00e5 bruke, perfekt for alle<\/p>\n<p><img decoding=\"async\" class=\"size-full wp-image-14781 aligncenter\" src=\"https:\/\/keluvo.com\/template\/wp-content\/uploads\/sites\/5\/2025\/04\/d031e920-1ade-46dc-a6c2-87c14fcf2d7c.webp\" alt=\"\" \/><\/p>\n<h2 style=\"text-align: center;\">Hvordan Bruker Du Bitholderen?<\/h2>\n<p style=\"text-align: center;\">Fest skrutrekkerbiten til holderen. Bruk hurtigbyttefunksjonen til \u00e5 bytte bits raskt. N\u00f8kkelringdesignet holder alt sammen og gj\u00f8r det enkelt \u00e5 finne.<\/p>\n<h2 style=\"text-align: center;\">Hva Du F\u00e5r:<\/h2>\n<p style=\"text-align: center;\">N\u00e5r du kj\u00f8per dette produktet, f\u00e5r du:<\/p>\n<ul>\n<li style=\"font-weight: 400;\"><span style=\"font-weight: 400;\">1 hurtigbyttestang<\/span><\/li>\n<li><span style=\"font-weight: 400;\">6 bitholdere i n\u00f8kkelring<\/span><span style=\"font-weight: 400;\"><br \/>\n<\/span><\/li>\n<\/ul>\n","protected":false},"excerpt":{"rendered":"<p>\ud83e\uddf0 Et praktisk verkt\u00f8y som hjelper deg med \u00e5 bytte skrutrekkerbits raskt og enkelt. \ud83d\udee0 Gj\u00f8r Arbeidet Ditt Raskere Og [&hellip;]<\/p>\n","protected":false},"featured_media":14349,"comment_status":"open","ping_status":"closed","template":"","meta":{"site-sidebar-layout":"default","site-content-layout":"","ast-site-content-layout":"default","site-content-style":"default","site-sidebar-style":"default","ast-global-header-display":"","ast-banner-title-visibility":"","ast-main-header-display":"","ast-hfb-above-header-display":"","ast-hfb-below-header-display":"","ast-hfb-mobile-header-display":"","site-post-title":"","ast-breadcrumbs-content":"","ast-featured-img":"","footer-sml-layout":"","theme-transparent-header-meta":"default","adv-header-id-meta":"","stick-header-meta":"","header-above-stick-meta":"","header-main-stick-meta":"","header-below-stick-meta":"","astra-migrate-meta-layouts":"set","ast-page-background-enabled":"default","ast-page-background-meta":{"desktop":{"background-color":"var(--ast-global-color-4)","background-image":"","background-repeat":"repeat","background-position":"center center","background-size":"auto","background-attachment":"scroll","background-type":"","background-media":"","overlay-type":"","overlay-color":"","overlay-opacity":"","overlay-gradient":""},"tablet":{"background-color":"","background-image":"","background-repeat":"repeat","background-position":"center center","background-size":"auto","background-attachment":"scroll","background-type":"","background-media":"","overlay-type":"","overlay-color":"","overlay-opacity":"","overlay-gradient":""},"mobile":{"background-color":"","background-image":"","background-repeat":"repeat","background-position":"center center","background-size":"auto","background-attachment":"scroll","background-type":"","background-media":"","overlay-type":"","overlay-color":"","overlay-opacity":"","overlay-gradient":""}},"ast-content-background-meta":{"desktop":{"background-color":"var(--ast-global-color-5)","background-image":"","background-repeat":"repeat","background-position":"center center","background-size":"auto","background-attachment":"scroll","background-type":"","background-media":"","overlay-type":"","overlay-color":"","overlay-opacity":"","overlay-gradient":""},"tablet":{"background-color":"var(--ast-global-color-5)","background-image":"","background-repeat":"repeat","background-position":"center center","background-size":"auto","background-attachment":"scroll","background-type":"","background-media":"","overlay-type":"","overlay-color":"","overlay-opacity":"","overlay-gradient":""},"mobile":{"background-color":"var(--ast-global-color-5)","background-image":"","background-repeat":"repeat","background-position":"center center","background-size":"auto","background-attachment":"scroll","background-type":"","background-media":"","overlay-type":"","overlay-color":"","overlay-opacity":"","overlay-gradient":""}}},"product_brand":[],"product_cat":[996],"product_tag":[],"class_list":{"0":"post-14353","1":"product","2":"type-product","3":"status-publish","4":"has-post-thumbnail","6":"product_cat-verktoy","7":"desktop-align-left","8":"tablet-align-left","9":"mobile-align-left","11":"first","12":"instock","13":"shipping-taxable","14":"purchasable","15":"product-type-simple"},"_links":{"self":[{"href":"https:\/\/keluvo.com\/no\/wp-json\/wp\/v2\/product\/14353","targetHints":{"allow":["GET"]}}],"collection":[{"href":"https:\/\/keluvo.com\/no\/wp-json\/wp\/v2\/product"}],"about":[{"href":"https:\/\/keluvo.com\/no\/wp-json\/wp\/v2\/types\/product"}],"replies":[{"embeddable":true,"href":"https:\/\/keluvo.com\/no\/wp-json\/wp\/v2\/comments?post=14353"}],"wp:featuredmedia":[{"embeddable":true,"href":"https:\/\/keluvo.com\/no\/wp-json\/wp\/v2\/media\/14349"}],"wp:attachment":[{"href":"https:\/\/keluvo.com\/no\/wp-json\/wp\/v2\/media?parent=14353"}],"wp:term":[{"taxonomy":"product_brand","embeddable":true,"href":"https:\/\/keluvo.com\/no\/wp-json\/wp\/v2\/product_brand?post=14353"},{"taxonomy":"product_cat","embeddable":true,"href":"https:\/\/keluvo.com\/no\/wp-json\/wp\/v2\/product_cat?post=14353"},{"taxonomy":"product_tag","embeddable":true,"href":"https:\/\/keluvo.com\/no\/wp-json\/wp\/v2\/product_tag?post=14353"}],"curies":[{"name":"wp","href":"https:\/\/api.w.org\/{rel}","templated":true}]}}