{"id":14327,"date":"2025-04-17T16:10:09","date_gmt":"2025-04-17T14:10:09","guid":{"rendered":"https:\/\/keluvo.com\/no\/produkt\/snakkende-hamster\/"},"modified":"2025-04-17T16:10:14","modified_gmt":"2025-04-17T14:10:14","slug":"snakkende-hamster","status":"publish","type":"product","link":"https:\/\/keluvo.com\/no\/produkt\/snakkende-hamster\/","title":{"rendered":"Snakkende hamster"},"content":{"rendered":"<p style=\"text-align: center\"><strong>\ud83d\udc39 En kosete venn som gjentar alt du sier med en morsom stemme. \ud83d\udd0a<\/strong><\/p>\n<h2 style=\"text-align: center\">Din nye snakkende venn<\/h2>\n<p style=\"text-align: center\"><span style=\"font-weight: 400\">Denne myke hamsteren lytter til deg og gjentar ordene dine. Den nikker med hodet og beveger kroppen, noe som f\u00e5r deg til \u00e5 le hver gang.<\/span><\/p>\n<p><img decoding=\"async\" class=\"size-full wp-image-14724 aligncenter\" src=\"https:\/\/keluvo.com\/template\/wp-content\/uploads\/sites\/5\/2025\/04\/fee2261e-876c-4891-aa29-12cf779042e7.webp\" alt=\"\" \/><\/p>\n<h2 style=\"text-align: center\">Hovedfordeler<\/h2>\n<p><span style=\"font-weight: 400\">\u2714 Gjentar det du sier med en morsom stemme<\/span><span style=\"font-weight: 400\"><br \/>\n<\/span><\/p>\n<p><span style=\"font-weight: 400\">\u2714 Beveger seg og nikker n\u00e5r den snakker<\/span><span style=\"font-weight: 400\"><br \/>\n<\/span><\/p>\n<p><span style=\"font-weight: 400\">\u2714 Hjelper barn med \u00e5 l\u00e6re \u00e5 snakke og ha det g\u00f8y<\/span><span style=\"font-weight: 400\"><br \/>\n<\/span><\/p>\n<p><span style=\"font-weight: 400\">\u2714 Perfekt for lek og moro i familien<\/span><\/p>\n<p><img decoding=\"async\" class=\"size-full wp-image-14723 aligncenter\" src=\"https:\/\/keluvo.com\/template\/wp-content\/uploads\/sites\/5\/2025\/04\/0488fbcf-2cf6-47a1-8ab6-67320d65775f.webp\" alt=\"\" \/><\/p>\n<h2 style=\"text-align: center\">Slik bruker du den snakkende hamsteren?<\/h2>\n<p style=\"text-align: center\"><span style=\"font-weight: 400\">\u00c5pne bunnen, sett inn 3 AAA-batterier, og sl\u00e5 den p\u00e5. Snakk til hamsteren og nyt at den gjentar ordene dine og danser.<\/span><\/p>\n<h2 style=\"text-align: center\">Hva du f\u00e5r:<\/h2>\n<p style=\"text-align: center\"><span style=\"font-weight: 400\">N\u00e5r du kj\u00f8per dette produktet, f\u00e5r du:<\/span><\/p>\n<ul>\n<li style=\"font-weight: 400\"><span style=\"font-weight: 400\">1 snakkende hamsterleke<\/span><\/li>\n<li style=\"font-weight: 400\"><span style=\"font-weight: 400\">Laget av mykt plysjmateriale<\/span><\/li>\n<\/ul>\n<p><span style=\"font-weight: 400\"><strong>Vennligst merk<\/strong>: 3 AAA-batterier er n\u00f8dvendig (ikke inkludert).<\/span><\/p>\n","protected":false},"excerpt":{"rendered":"<p>\ud83d\udc39 En kosete venn som gjentar alt du sier med en morsom stemme. \ud83d\udd0a Din nye snakkende venn Denne myke [&hellip;]<\/p>\n","protected":false},"featured_media":14323,"comment_status":"open","ping_status":"closed","template":"","meta":{"site-sidebar-layout":"default","site-content-layout":"","ast-site-content-layout":"default","site-content-style":"default","site-sidebar-style":"default","ast-global-header-display":"","ast-banner-title-visibility":"","ast-main-header-display":"","ast-hfb-above-header-display":"","ast-hfb-below-header-display":"","ast-hfb-mobile-header-display":"","site-post-title":"","ast-breadcrumbs-content":"","ast-featured-img":"","footer-sml-layout":"","theme-transparent-header-meta":"default","adv-header-id-meta":"","stick-header-meta":"","header-above-stick-meta":"","header-main-stick-meta":"","header-below-stick-meta":"","astra-migrate-meta-layouts":"set","ast-page-background-enabled":"default","ast-page-background-meta":{"desktop":{"background-color":"var(--ast-global-color-4)","background-image":"","background-repeat":"repeat","background-position":"center center","background-size":"auto","background-attachment":"scroll","background-type":"","background-media":"","overlay-type":"","overlay-color":"","overlay-opacity":"","overlay-gradient":""},"tablet":{"background-color":"","background-image":"","background-repeat":"repeat","background-position":"center center","background-size":"auto","background-attachment":"scroll","background-type":"","background-media":"","overlay-type":"","overlay-color":"","overlay-opacity":"","overlay-gradient":""},"mobile":{"background-color":"","background-image":"","background-repeat":"repeat","background-position":"center center","background-size":"auto","background-attachment":"scroll","background-type":"","background-media":"","overlay-type":"","overlay-color":"","overlay-opacity":"","overlay-gradient":""}},"ast-content-background-meta":{"desktop":{"background-color":"var(--ast-global-color-5)","background-image":"","background-repeat":"repeat","background-position":"center center","background-size":"auto","background-attachment":"scroll","background-type":"","background-media":"","overlay-type":"","overlay-color":"","overlay-opacity":"","overlay-gradient":""},"tablet":{"background-color":"var(--ast-global-color-5)","background-image":"","background-repeat":"repeat","background-position":"center center","background-size":"auto","background-attachment":"scroll","background-type":"","background-media":"","overlay-type":"","overlay-color":"","overlay-opacity":"","overlay-gradient":""},"mobile":{"background-color":"var(--ast-global-color-5)","background-image":"","background-repeat":"repeat","background-position":"center center","background-size":"auto","background-attachment":"scroll","background-type":"","background-media":"","overlay-type":"","overlay-color":"","overlay-opacity":"","overlay-gradient":""}}},"product_brand":[],"product_cat":[990],"product_tag":[],"class_list":{"0":"post-14327","1":"product","2":"type-product","3":"status-publish","4":"has-post-thumbnail","6":"product_cat-leker-barne-og-babyprodukter","7":"pa_20134_chf7gbln-gra","8":"pa_20134_chf7gbln-lysebrun","9":"pa_20134_chf7gbln-mork-brun","10":"desktop-align-left","11":"tablet-align-left","12":"mobile-align-left","14":"first","15":"instock","16":"shipping-taxable","17":"purchasable","18":"product-type-variable"},"_links":{"self":[{"href":"https:\/\/keluvo.com\/no\/wp-json\/wp\/v2\/product\/14327","targetHints":{"allow":["GET"]}}],"collection":[{"href":"https:\/\/keluvo.com\/no\/wp-json\/wp\/v2\/product"}],"about":[{"href":"https:\/\/keluvo.com\/no\/wp-json\/wp\/v2\/types\/product"}],"replies":[{"embeddable":true,"href":"https:\/\/keluvo.com\/no\/wp-json\/wp\/v2\/comments?post=14327"}],"wp:featuredmedia":[{"embeddable":true,"href":"https:\/\/keluvo.com\/no\/wp-json\/wp\/v2\/media\/14323"}],"wp:attachment":[{"href":"https:\/\/keluvo.com\/no\/wp-json\/wp\/v2\/media?parent=14327"}],"wp:term":[{"taxonomy":"product_brand","embeddable":true,"href":"https:\/\/keluvo.com\/no\/wp-json\/wp\/v2\/product_brand?post=14327"},{"taxonomy":"product_cat","embeddable":true,"href":"https:\/\/keluvo.com\/no\/wp-json\/wp\/v2\/product_cat?post=14327"},{"taxonomy":"product_tag","embeddable":true,"href":"https:\/\/keluvo.com\/no\/wp-json\/wp\/v2\/product_tag?post=14327"}],"curies":[{"name":"wp","href":"https:\/\/api.w.org\/{rel}","templated":true}]}}