{"id":14310,"date":"2025-04-17T14:20:00","date_gmt":"2025-04-17T12:20:00","guid":{"rendered":"https:\/\/keluvo.com\/no\/produkt\/ergonomisk-hofteskinne\/"},"modified":"2025-04-18T20:18:45","modified_gmt":"2025-04-18T18:18:45","slug":"ergonomisk-hofteskinne","status":"publish","type":"product","link":"https:\/\/keluvo.com\/no\/produkt\/ergonomisk-hofteskinne\/","title":{"rendered":"Ergonomisk hofteskinne"},"content":{"rendered":"<h2 style=\"text-align: center;\">Hovedfordeler<\/h2>\n<p style=\"text-align: center;\">Denne skinnen hjelper deg \u00e5 g\u00e5, sitte og bevege deg med mindre smerter. Den st\u00f8tter hofte- og benmuskulaturen og gj\u00f8r de daglige aktivitetene mer komfortable.<\/p>\n<p><img decoding=\"async\" class=\"size-full wp-image-14710 aligncenter\" src=\"https:\/\/keluvo.com\/template\/wp-content\/uploads\/sites\/5\/2025\/04\/232d83f7-94f1-4590-8065-3b913a6e1a06-ezgif.com-gif-to-webp-converter.webp\" alt=\"\" \/><\/p>\n<h2 style=\"text-align: center;\">Hovedfordeler<\/h2>\n<p>\u2714 Lindrer smerter fra hofte-, lyske-, l\u00e5r- eller hamstringsskader<\/p>\n<p>\u2714 Reduserer muskelstivhet og \u00f8mhet<\/p>\n<p>\u2714 Forbedrer blodgjennomstr\u00f8mningen for \u00e5 hjelpe deg med \u00e5 lege raskere<\/p>\n<p>\u2714 Holder deg kj\u00f8lig og t\u00f8rr med pustende materiale<\/p>\n<p>\u2714 Holder seg p\u00e5 plass hele dagen uten \u00e5 skli av<\/p>\n<h2 style=\"text-align: center;\">Hva du f\u00e5r:<\/h2>\n<p style=\"text-align: center;\">N\u00e5r du kj\u00f8per dette produktet, f\u00e5r du:<\/p>\n<ul>\n<li style=\"font-weight: 400;\">1 hofteskinne laget av myk neopren<\/li>\n<li style=\"font-weight: 400;\">Justerbare stropper for perfekt passform<\/li>\n<li style=\"font-weight: 400;\">Passer midjest\u00f8rrelser opp til 109 cm og l\u00e5rst\u00f8rrelser opp til 61 cm<\/li>\n<li style=\"font-weight: 400;\">Kan brukes p\u00e5 enten venstre eller h\u00f8yre ben<\/li>\n<li style=\"font-weight: 400;\">Ha den p\u00e5 under eller over kl\u00e6rne<\/li>\n<\/ul>\n<h2 style=\"text-align: center;\">Slik bruker du den<\/h2>\n<p style=\"text-align: center;\">Pakk skinnen rundt midjen og l\u00e5ret ditt. Juster stroppene til den sitter godt og komfortabelt. Du kan bruke den mens du g\u00e5r, jobber eller hviler.<\/p>\n<p><img decoding=\"async\" class=\"size-full wp-image-14709 aligncenter\" src=\"https:\/\/keluvo.com\/template\/wp-content\/uploads\/sites\/5\/2025\/04\/main-image-4-5.jpeg\" alt=\"\" \/><\/p>\n<h2 style=\"text-align: center;\">Pakken inneholder<\/h2>\n<ul>\n<li style=\"font-weight: 400;\">1 stk. ergonomisk hofteskinne<\/li>\n<\/ul>\n","protected":false},"excerpt":{"rendered":"<p>Hovedfordeler Denne skinnen hjelper deg \u00e5 g\u00e5, sitte og bevege deg med mindre smerter. Den st\u00f8tter hofte- og benmuskulaturen og [&hellip;]<\/p>\n","protected":false},"featured_media":14307,"comment_status":"open","ping_status":"closed","template":"","meta":{"site-sidebar-layout":"default","site-content-layout":"","ast-site-content-layout":"default","site-content-style":"default","site-sidebar-style":"default","ast-global-header-display":"","ast-banner-title-visibility":"","ast-main-header-display":"","ast-hfb-above-header-display":"","ast-hfb-below-header-display":"","ast-hfb-mobile-header-display":"","site-post-title":"","ast-breadcrumbs-content":"","ast-featured-img":"","footer-sml-layout":"","theme-transparent-header-meta":"default","adv-header-id-meta":"","stick-header-meta":"","header-above-stick-meta":"","header-main-stick-meta":"","header-below-stick-meta":"","astra-migrate-meta-layouts":"set","ast-page-background-enabled":"default","ast-page-background-meta":{"desktop":{"background-color":"var(--ast-global-color-4)","background-image":"","background-repeat":"repeat","background-position":"center center","background-size":"auto","background-attachment":"scroll","background-type":"","background-media":"","overlay-type":"","overlay-color":"","overlay-opacity":"","overlay-gradient":""},"tablet":{"background-color":"","background-image":"","background-repeat":"repeat","background-position":"center center","background-size":"auto","background-attachment":"scroll","background-type":"","background-media":"","overlay-type":"","overlay-color":"","overlay-opacity":"","overlay-gradient":""},"mobile":{"background-color":"","background-image":"","background-repeat":"repeat","background-position":"center center","background-size":"auto","background-attachment":"scroll","background-type":"","background-media":"","overlay-type":"","overlay-color":"","overlay-opacity":"","overlay-gradient":""}},"ast-content-background-meta":{"desktop":{"background-color":"var(--ast-global-color-5)","background-image":"","background-repeat":"repeat","background-position":"center center","background-size":"auto","background-attachment":"scroll","background-type":"","background-media":"","overlay-type":"","overlay-color":"","overlay-opacity":"","overlay-gradient":""},"tablet":{"background-color":"var(--ast-global-color-5)","background-image":"","background-repeat":"repeat","background-position":"center center","background-size":"auto","background-attachment":"scroll","background-type":"","background-media":"","overlay-type":"","overlay-color":"","overlay-opacity":"","overlay-gradient":""},"mobile":{"background-color":"var(--ast-global-color-5)","background-image":"","background-repeat":"repeat","background-position":"center center","background-size":"auto","background-attachment":"scroll","background-type":"","background-media":"","overlay-type":"","overlay-color":"","overlay-opacity":"","overlay-gradient":""}}},"product_brand":[],"product_cat":[991,15],"product_tag":[],"class_list":{"0":"post-14310","1":"product","2":"type-product","3":"status-publish","4":"has-post-thumbnail","6":"product_cat-helseprodukter","7":"product_cat-uncategorized","8":"desktop-align-left","9":"tablet-align-left","10":"mobile-align-left","12":"first","13":"instock","14":"shipping-taxable","15":"purchasable","16":"product-type-simple"},"_links":{"self":[{"href":"https:\/\/keluvo.com\/no\/wp-json\/wp\/v2\/product\/14310","targetHints":{"allow":["GET"]}}],"collection":[{"href":"https:\/\/keluvo.com\/no\/wp-json\/wp\/v2\/product"}],"about":[{"href":"https:\/\/keluvo.com\/no\/wp-json\/wp\/v2\/types\/product"}],"replies":[{"embeddable":true,"href":"https:\/\/keluvo.com\/no\/wp-json\/wp\/v2\/comments?post=14310"}],"wp:featuredmedia":[{"embeddable":true,"href":"https:\/\/keluvo.com\/no\/wp-json\/wp\/v2\/media\/14307"}],"wp:attachment":[{"href":"https:\/\/keluvo.com\/no\/wp-json\/wp\/v2\/media?parent=14310"}],"wp:term":[{"taxonomy":"product_brand","embeddable":true,"href":"https:\/\/keluvo.com\/no\/wp-json\/wp\/v2\/product_brand?post=14310"},{"taxonomy":"product_cat","embeddable":true,"href":"https:\/\/keluvo.com\/no\/wp-json\/wp\/v2\/product_cat?post=14310"},{"taxonomy":"product_tag","embeddable":true,"href":"https:\/\/keluvo.com\/no\/wp-json\/wp\/v2\/product_tag?post=14310"}],"curies":[{"name":"wp","href":"https:\/\/api.w.org\/{rel}","templated":true}]}}