{"id":1427,"date":"2024-10-10T12:15:30","date_gmt":"2024-10-10T09:15:30","guid":{"rendered":"https:\/\/keluvo.com\/no\/produkt\/fugledekorasjon\/"},"modified":"2024-10-10T12:36:16","modified_gmt":"2024-10-10T09:36:16","slug":"fugledekorasjon","status":"publish","type":"product","link":"https:\/\/keluvo.com\/no\/produkt\/fugledekorasjon\/","title":{"rendered":"Fugledekorasjon"},"content":{"rendered":"<h2 style=\"text-align: center\"><strong>Flerfargede fugler<\/strong><\/h2>\n<p style=\"text-align: center\">Fugler malt i forskjellige farger og av forskjellige arter vil dekorere vinduet ditt perfekt! Lys opp dagen med denne vakre gruppen av fugler! Fuglene er malt med spesialmaling og vil holde seg lyse lenge!<\/p>\n<p><img decoding=\"async\" class=\"size-medium wp-image-874 aligncenter\" src=\"https:\/\/keluvo.com\/template\/wp-content\/uploads\/sites\/5\/2024\/10\/26a344c878fbbb99d0192a7944bb6ec7.webp\" alt=\"\" \/><\/p>\n<h2><\/h2>\n<h2><\/h2>\n<h2 style=\"text-align: center\"><strong>Universell design<\/strong><\/h2>\n<p style=\"text-align: center\">Denne dekorasjonen kan ikke bare henges p\u00e5 et vindu, men ogs\u00e5 p\u00e5 et speil, en hylle eller en vegg.<\/p>\n<\/p>\n<p><img decoding=\"async\" class=\"size-medium wp-image-875 aligncenter\" src=\"https:\/\/keluvo.com\/template\/wp-content\/uploads\/sites\/5\/2024\/10\/7f1441f1ee3181286d3370fa33569f97.webp\" alt=\"\" \/><\/p>\n","protected":false},"excerpt":{"rendered":"<p>Flerfargede fugler Fugler malt i forskjellige farger og av forskjellige arter vil dekorere vinduet ditt perfekt! Lys opp dagen med [&hellip;]<\/p>\n","protected":false},"featured_media":1423,"comment_status":"open","ping_status":"closed","template":"","meta":{"site-sidebar-layout":"default","site-content-layout":"","ast-site-content-layout":"default","site-content-style":"default","site-sidebar-style":"default","ast-global-header-display":"","ast-banner-title-visibility":"","ast-main-header-display":"","ast-hfb-above-header-display":"","ast-hfb-below-header-display":"","ast-hfb-mobile-header-display":"","site-post-title":"","ast-breadcrumbs-content":"","ast-featured-img":"","footer-sml-layout":"","theme-transparent-header-meta":"default","adv-header-id-meta":"","stick-header-meta":"","header-above-stick-meta":"","header-main-stick-meta":"","header-below-stick-meta":"","astra-migrate-meta-layouts":"set","ast-page-background-enabled":"default","ast-page-background-meta":{"desktop":{"background-color":"var(--ast-global-color-4)","background-image":"","background-repeat":"repeat","background-position":"center center","background-size":"auto","background-attachment":"scroll","background-type":"","background-media":"","overlay-type":"","overlay-color":"","overlay-opacity":"","overlay-gradient":""},"tablet":{"background-color":"","background-image":"","background-repeat":"repeat","background-position":"center center","background-size":"auto","background-attachment":"scroll","background-type":"","background-media":"","overlay-type":"","overlay-color":"","overlay-opacity":"","overlay-gradient":""},"mobile":{"background-color":"","background-image":"","background-repeat":"repeat","background-position":"center center","background-size":"auto","background-attachment":"scroll","background-type":"","background-media":"","overlay-type":"","overlay-color":"","overlay-opacity":"","overlay-gradient":""}},"ast-content-background-meta":{"desktop":{"background-color":"var(--ast-global-color-5)","background-image":"","background-repeat":"repeat","background-position":"center center","background-size":"auto","background-attachment":"scroll","background-type":"","background-media":"","overlay-type":"","overlay-color":"","overlay-opacity":"","overlay-gradient":""},"tablet":{"background-color":"var(--ast-global-color-5)","background-image":"","background-repeat":"repeat","background-position":"center center","background-size":"auto","background-attachment":"scroll","background-type":"","background-media":"","overlay-type":"","overlay-color":"","overlay-opacity":"","overlay-gradient":""},"mobile":{"background-color":"var(--ast-global-color-5)","background-image":"","background-repeat":"repeat","background-position":"center center","background-size":"auto","background-attachment":"scroll","background-type":"","background-media":"","overlay-type":"","overlay-color":"","overlay-opacity":"","overlay-gradient":""}}},"product_brand":[],"product_cat":[15],"product_tag":[],"class_list":{"0":"post-1427","1":"product","2":"type-product","3":"status-publish","4":"has-post-thumbnail","6":"product_cat-uncategorized","7":"pa_p99ii2f5-3-stk","8":"pa_p99ii2f5-4-stk","9":"pa_p99ii2f5-6-stk","10":"pa_p99ii2f5-7-stk","11":"pa_p99ii2f5-samling-alle-dekorasjoner","12":"desktop-align-left","13":"tablet-align-left","14":"mobile-align-left","16":"first","17":"instock","18":"shipping-taxable","19":"purchasable","20":"product-type-variable"},"_links":{"self":[{"href":"https:\/\/keluvo.com\/no\/wp-json\/wp\/v2\/product\/1427","targetHints":{"allow":["GET"]}}],"collection":[{"href":"https:\/\/keluvo.com\/no\/wp-json\/wp\/v2\/product"}],"about":[{"href":"https:\/\/keluvo.com\/no\/wp-json\/wp\/v2\/types\/product"}],"replies":[{"embeddable":true,"href":"https:\/\/keluvo.com\/no\/wp-json\/wp\/v2\/comments?post=1427"}],"wp:featuredmedia":[{"embeddable":true,"href":"https:\/\/keluvo.com\/no\/wp-json\/wp\/v2\/media\/1423"}],"wp:attachment":[{"href":"https:\/\/keluvo.com\/no\/wp-json\/wp\/v2\/media?parent=1427"}],"wp:term":[{"taxonomy":"product_brand","embeddable":true,"href":"https:\/\/keluvo.com\/no\/wp-json\/wp\/v2\/product_brand?post=1427"},{"taxonomy":"product_cat","embeddable":true,"href":"https:\/\/keluvo.com\/no\/wp-json\/wp\/v2\/product_cat?post=1427"},{"taxonomy":"product_tag","embeddable":true,"href":"https:\/\/keluvo.com\/no\/wp-json\/wp\/v2\/product_tag?post=1427"}],"curies":[{"name":"wp","href":"https:\/\/api.w.org\/{rel}","templated":true}]}}