{"id":14239,"date":"2025-04-16T15:47:17","date_gmt":"2025-04-16T13:47:17","guid":{"rendered":"https:\/\/keluvo.com\/no\/produkt\/justerbart-holdningskorrigerende-belte-2\/"},"modified":"2025-06-24T14:15:59","modified_gmt":"2025-06-24T12:15:59","slug":"justerbart-holdningskorrigerende-belte","status":"publish","type":"product","link":"https:\/\/keluvo.com\/no\/produkt\/justerbart-holdningskorrigerende-belte\/","title":{"rendered":"Justerbart holdningskorrigerende belte"},"content":{"rendered":"<h2 style=\"text-align: center;\">\ud83c\udfaf Sitt Rettere, St\u00e5 H\u00f8yere, F\u00f8l Deg Bedre!<\/h2>\n<p style=\"text-align: center;\"><span style=\"font-weight: 400;\">Lei av ryggsmerter eller slapp holdning?<\/span><\/p>\n<p style=\"text-align: center;\"><span style=\"font-weight: 400;\">Det <\/span><b>justerbare holdningskorrigeringsbeltet<\/b><span style=\"font-weight: 400;\"> hjelper deg med \u00e5 holde deg oppreist, komfortabel og selvsikker. Det er mykt, pustende og lett \u00e5 ha p\u00e5 seg hele dagen &#8211; ingen vil engang legge merke til at du har det p\u00e5.<\/span><\/p>\n<p><img decoding=\"async\" class=\"size-full wp-image-14703 aligncenter\" src=\"https:\/\/keluvo.com\/template\/wp-content\/uploads\/sites\/5\/2024\/12\/fb03e20f-7d09-4e60-a430-9b71174ee40e-ezgif.com-optiwebp.webp\" alt=\"\" \/><\/p>\n<h2 style=\"text-align: center;\">\ud83d\udcaa Kjenn Forskjellen<\/h2>\n<p style=\"text-align: center;\"><span style=\"font-weight: 400;\">Bruken av dette beltet hjelper deg med \u00e5 bygge opp bedre holdningsvaner. Over tid vil musklene dine huske den riktige stillingen, selv uten beltet.<\/span><\/p>\n<p><img decoding=\"async\" class=\"alignnone size-medium wp-image-5061 aligncenter\" src=\"https:\/\/keluvo.com\/template\/wp-content\/uploads\/sites\/5\/2024\/12\/Afb0d9e63af814f5f817dca7eafaae795f.jpg_960x960q75.jpg_.jpeg\" alt=\"\" \/><\/p>\n<h2 style=\"text-align: center;\">\u2705 Hvorfor Du Vil Elske Det:<\/h2>\n<ul>\n<li style=\"font-weight: 400;\"><span style=\"font-weight: 400;\">St\u00f8tter ryggen og midjen for \u00e5 forbedre holdningen<\/span><\/li>\n<li style=\"font-weight: 400;\"><span style=\"font-weight: 400;\">Mykt, pustende stoff holder deg kj\u00f8lig og komfortabel<\/span><\/li>\n<li style=\"font-weight: 400;\"><span style=\"font-weight: 400;\">Uthult skumdesign forblir usynlig under kl\u00e6rne<\/span><\/li>\n<li style=\"font-weight: 400;\"><span style=\"font-weight: 400;\">Justerbare borrel\u00e5sstropper for perfekt passform<\/span><\/li>\n<li style=\"font-weight: 400;\"><span style=\"font-weight: 400;\">Passer alle kroppstyper, fra sm\u00e5 til store (st\u00f8rrelse S til XXL)<\/span><\/li>\n<li style=\"font-weight: 400;\"><span style=\"font-weight: 400;\">Reduserer ryggsmerter, skulderbelastning og slapphet<\/span><\/li>\n<li><span style=\"font-weight: 400;\">Great for jobb, skole eller daglig bruk<\/span><span style=\"font-weight: 400;\"><br \/>\n<\/span><\/li>\n<\/ul>\n<h2 style=\"text-align: center;\">\ud83d\udce6 Hva Er Inne I Pakken:<\/h2>\n<ul>\n<li style=\"font-weight: 400;\"><span style=\"font-weight: 400;\">1 x justerbart holdningskorrigerende belte (materiale: pustende, lett stoff med skumpolstring)<\/span><span style=\"font-weight: 400;\"><br \/>\n<\/span><\/li>\n<\/ul>\n","protected":false},"excerpt":{"rendered":"<p>\ud83c\udfaf Sitt Rettere, St\u00e5 H\u00f8yere, F\u00f8l Deg Bedre! Lei av ryggsmerter eller slapp holdning? Det justerbare holdningskorrigeringsbeltet hjelper deg med [&hellip;]<\/p>\n","protected":false},"featured_media":14235,"comment_status":"open","ping_status":"closed","template":"","meta":{"site-sidebar-layout":"default","site-content-layout":"","ast-site-content-layout":"default","site-content-style":"default","site-sidebar-style":"default","ast-global-header-display":"","ast-banner-title-visibility":"","ast-main-header-display":"","ast-hfb-above-header-display":"","ast-hfb-below-header-display":"","ast-hfb-mobile-header-display":"","site-post-title":"","ast-breadcrumbs-content":"","ast-featured-img":"","footer-sml-layout":"","theme-transparent-header-meta":"default","adv-header-id-meta":"","stick-header-meta":"","header-above-stick-meta":"","header-main-stick-meta":"","header-below-stick-meta":"","astra-migrate-meta-layouts":"set","ast-page-background-enabled":"default","ast-page-background-meta":{"desktop":{"background-color":"var(--ast-global-color-4)","background-image":"","background-repeat":"repeat","background-position":"center center","background-size":"auto","background-attachment":"scroll","background-type":"","background-media":"","overlay-type":"","overlay-color":"","overlay-opacity":"","overlay-gradient":""},"tablet":{"background-color":"","background-image":"","background-repeat":"repeat","background-position":"center center","background-size":"auto","background-attachment":"scroll","background-type":"","background-media":"","overlay-type":"","overlay-color":"","overlay-opacity":"","overlay-gradient":""},"mobile":{"background-color":"","background-image":"","background-repeat":"repeat","background-position":"center center","background-size":"auto","background-attachment":"scroll","background-type":"","background-media":"","overlay-type":"","overlay-color":"","overlay-opacity":"","overlay-gradient":""}},"ast-content-background-meta":{"desktop":{"background-color":"var(--ast-global-color-5)","background-image":"","background-repeat":"repeat","background-position":"center center","background-size":"auto","background-attachment":"scroll","background-type":"","background-media":"","overlay-type":"","overlay-color":"","overlay-opacity":"","overlay-gradient":""},"tablet":{"background-color":"var(--ast-global-color-5)","background-image":"","background-repeat":"repeat","background-position":"center center","background-size":"auto","background-attachment":"scroll","background-type":"","background-media":"","overlay-type":"","overlay-color":"","overlay-opacity":"","overlay-gradient":""},"mobile":{"background-color":"var(--ast-global-color-5)","background-image":"","background-repeat":"repeat","background-position":"center center","background-size":"auto","background-attachment":"scroll","background-type":"","background-media":"","overlay-type":"","overlay-color":"","overlay-opacity":"","overlay-gradient":""}}},"product_brand":[],"product_cat":[991],"product_tag":[],"class_list":{"0":"post-14239","1":"product","2":"type-product","3":"status-publish","4":"has-post-thumbnail","6":"product_cat-helseprodukter","7":"pa_46730_rlb5dhdr-s","8":"pa_46730_rlb5dhdr-m","9":"pa_46730_rlb5dhdr-l","10":"pa_46730_rlb5dhdr-xl","11":"pa_46730_rlb5dhdr-xxl","12":"desktop-align-left","13":"tablet-align-left","14":"mobile-align-left","16":"first","17":"instock","18":"shipping-taxable","19":"purchasable","20":"product-type-variable"},"_links":{"self":[{"href":"https:\/\/keluvo.com\/no\/wp-json\/wp\/v2\/product\/14239","targetHints":{"allow":["GET"]}}],"collection":[{"href":"https:\/\/keluvo.com\/no\/wp-json\/wp\/v2\/product"}],"about":[{"href":"https:\/\/keluvo.com\/no\/wp-json\/wp\/v2\/types\/product"}],"replies":[{"embeddable":true,"href":"https:\/\/keluvo.com\/no\/wp-json\/wp\/v2\/comments?post=14239"}],"wp:featuredmedia":[{"embeddable":true,"href":"https:\/\/keluvo.com\/no\/wp-json\/wp\/v2\/media\/14235"}],"wp:attachment":[{"href":"https:\/\/keluvo.com\/no\/wp-json\/wp\/v2\/media?parent=14239"}],"wp:term":[{"taxonomy":"product_brand","embeddable":true,"href":"https:\/\/keluvo.com\/no\/wp-json\/wp\/v2\/product_brand?post=14239"},{"taxonomy":"product_cat","embeddable":true,"href":"https:\/\/keluvo.com\/no\/wp-json\/wp\/v2\/product_cat?post=14239"},{"taxonomy":"product_tag","embeddable":true,"href":"https:\/\/keluvo.com\/no\/wp-json\/wp\/v2\/product_tag?post=14239"}],"curies":[{"name":"wp","href":"https:\/\/api.w.org\/{rel}","templated":true}]}}