{"id":14212,"date":"2025-04-16T13:54:45","date_gmt":"2025-04-16T11:54:45","guid":{"rendered":"https:\/\/keluvo.com\/no\/produkt\/glodende-sprettball-2\/"},"modified":"2025-04-16T13:57:12","modified_gmt":"2025-04-16T11:57:12","slug":"glodende-sprettball","status":"publish","type":"product","link":"https:\/\/keluvo.com\/no\/produkt\/glodende-sprettball\/","title":{"rendered":"Gl\u00f8dende sprettball"},"content":{"rendered":"<h2 style=\"text-align: center;\" data-start=\"0\" data-end=\"55\">\ud83c\udf1f Hopp, lys og ha det g\u00f8y<\/h2>\n<p class=\"\" style=\"text-align: center;\" data-start=\"57\" data-end=\"270\">Leter du etter en morsom leke som holder barnet ditt aktivt og smilende?<\/p>\n<p class=\"\" style=\"text-align: center;\" data-start=\"57\" data-end=\"270\">Den <strong data-start=\"127\" data-end=\"152\">lysende sprettballen<\/strong> er den perfekte blandingen av lek og trening. Den lyser opp for hvert hopp, noe som gj\u00f8r den ekstra morsom b\u00e5de om dagen og om natten<\/p>\n<p data-start=\"57\" data-end=\"270\"><img decoding=\"async\" class=\"size-full wp-image-14686 aligncenter\" src=\"https:\/\/keluvo.com\/template\/wp-content\/uploads\/sites\/5\/2025\/02\/glowingbouncingballvideo-ezgif.com-gif-to-webp-converter.webp\" alt=\"\" \/><\/p>\n<h2 style=\"text-align: center;\" data-start=\"642\" data-end=\"671\">\ud83c\udfc3\u200d\u2640\ufe0f Gj\u00f8r det g\u00f8y \u00e5 trene:<\/h2>\n<p class=\"\" style=\"text-align: center;\" data-start=\"673\" data-end=\"829\">Bare 10 minutters hopping om dagen bidrar til \u00e5 \u00f8ke barnets fysiske form og energiniv\u00e5. Det er den perfekte m\u00e5ten \u00e5 holde dem aktive p\u00e5, samtidig som de har det g\u00f8y.<\/p>\n<p data-start=\"673\" data-end=\"829\"><img decoding=\"async\" class=\"size-full wp-image-14687 aligncenter\" src=\"https:\/\/keluvo.com\/template\/wp-content\/uploads\/sites\/5\/2025\/02\/description-image-1.jpeg\" alt=\"\" \/><\/p>\n<h2 style=\"text-align: center;\" data-start=\"277\" data-end=\"302\">\u2705 Hvorfor du vil elske den:<\/h2>\n<ul data-start=\"304\" data-end=\"635\">\n<li class=\"\" data-start=\"304\" data-end=\"349\">\n<p class=\"\" data-start=\"306\" data-end=\"349\">Lyser n\u00e5r du leker \u2013 ingen batterier trengs<\/p>\n<\/li>\n<li class=\"\" data-start=\"350\" data-end=\"422\">\n<p class=\"\" data-start=\"352\" data-end=\"422\">Superenkel \u00e5 bruke: bare plasser en fot i ringen og begynn \u00e5 hoppe<\/p>\n<\/li>\n<li class=\"\" data-start=\"423\" data-end=\"473\">\n<p class=\"\" data-start=\"425\" data-end=\"473\">Hjelper med \u00e5 forbedre balanse, fokus og koordinasjon<\/p>\n<\/li>\n<li class=\"\" data-start=\"474\" data-end=\"516\">\n<p class=\"\" data-start=\"476\" data-end=\"516\">Myk ankelring for komfort og sikkerhet<\/p>\n<\/li>\n<li class=\"\" data-start=\"517\" data-end=\"559\">\n<p class=\"\" data-start=\"519\" data-end=\"559\">God for barn, ten\u00e5ringer og til og med voksne<\/p>\n<\/li>\n<li class=\"\" data-start=\"560\" data-end=\"635\">\n<p class=\"\" data-start=\"562\" data-end=\"635\">Laget av ABS-plast av h\u00f8y kvalitet &#8211; sterk, fleksibel og laget for \u00e5 vare<\/p>\n<\/li>\n<\/ul>\n<h2 style=\"text-align: center;\"><img decoding=\"async\" class=\"alignnone size-medium wp-image-11021 aligncenter\" style=\"font-size: 16px; font-style: inherit; font-weight: inherit;\" src=\"https:\/\/keluvo.com\/template\/wp-content\/uploads\/sites\/5\/2025\/02\/Sd9c95b1ba86a491db2e923da70f4b37eP.jpeg\" alt=\"\" \/><\/h2>\n<h2 style=\"text-align: center;\" data-start=\"836\" data-end=\"869\">\ud83d\udce6 Hva er inne i pakken:<\/h2>\n<ul data-start=\"871\" data-end=\"1027\">\n<li class=\"\" data-start=\"871\" data-end=\"900\">\n<p class=\"\" data-start=\"873\" data-end=\"900\">1 x lysende sprettball<\/p>\n<\/li>\n<\/ul>\n<p>&nbsp;<\/p>\n","protected":false},"excerpt":{"rendered":"<p>\ud83c\udf1f Hopp, lys og ha det g\u00f8y Leter du etter en morsom leke som holder barnet ditt aktivt og smilende? [&hellip;]<\/p>\n","protected":false},"featured_media":14208,"comment_status":"open","ping_status":"closed","template":"","meta":{"site-sidebar-layout":"default","site-content-layout":"","ast-site-content-layout":"default","site-content-style":"default","site-sidebar-style":"default","ast-global-header-display":"","ast-banner-title-visibility":"","ast-main-header-display":"","ast-hfb-above-header-display":"","ast-hfb-below-header-display":"","ast-hfb-mobile-header-display":"","site-post-title":"","ast-breadcrumbs-content":"","ast-featured-img":"","footer-sml-layout":"","theme-transparent-header-meta":"default","adv-header-id-meta":"","stick-header-meta":"","header-above-stick-meta":"","header-main-stick-meta":"","header-below-stick-meta":"","astra-migrate-meta-layouts":"set","ast-page-background-enabled":"default","ast-page-background-meta":{"desktop":{"background-color":"var(--ast-global-color-4)","background-image":"","background-repeat":"repeat","background-position":"center center","background-size":"auto","background-attachment":"scroll","background-type":"","background-media":"","overlay-type":"","overlay-color":"","overlay-opacity":"","overlay-gradient":""},"tablet":{"background-color":"","background-image":"","background-repeat":"repeat","background-position":"center center","background-size":"auto","background-attachment":"scroll","background-type":"","background-media":"","overlay-type":"","overlay-color":"","overlay-opacity":"","overlay-gradient":""},"mobile":{"background-color":"","background-image":"","background-repeat":"repeat","background-position":"center center","background-size":"auto","background-attachment":"scroll","background-type":"","background-media":"","overlay-type":"","overlay-color":"","overlay-opacity":"","overlay-gradient":""}},"ast-content-background-meta":{"desktop":{"background-color":"var(--ast-global-color-5)","background-image":"","background-repeat":"repeat","background-position":"center center","background-size":"auto","background-attachment":"scroll","background-type":"","background-media":"","overlay-type":"","overlay-color":"","overlay-opacity":"","overlay-gradient":""},"tablet":{"background-color":"var(--ast-global-color-5)","background-image":"","background-repeat":"repeat","background-position":"center center","background-size":"auto","background-attachment":"scroll","background-type":"","background-media":"","overlay-type":"","overlay-color":"","overlay-opacity":"","overlay-gradient":""},"mobile":{"background-color":"var(--ast-global-color-5)","background-image":"","background-repeat":"repeat","background-position":"center center","background-size":"auto","background-attachment":"scroll","background-type":"","background-media":"","overlay-type":"","overlay-color":"","overlay-opacity":"","overlay-gradient":""}}},"product_brand":[],"product_cat":[990],"product_tag":[],"class_list":{"0":"post-14212","1":"product","2":"type-product","3":"status-publish","4":"has-post-thumbnail","6":"product_cat-leker-barne-og-babyprodukter","7":"pa_39054_3hz818xc-bla","8":"pa_39054_3hz818xc-gul","9":"pa_39054_3hz818xc-rosa","10":"desktop-align-left","11":"tablet-align-left","12":"mobile-align-left","14":"first","15":"instock","16":"shipping-taxable","17":"purchasable","18":"product-type-variable"},"_links":{"self":[{"href":"https:\/\/keluvo.com\/no\/wp-json\/wp\/v2\/product\/14212","targetHints":{"allow":["GET"]}}],"collection":[{"href":"https:\/\/keluvo.com\/no\/wp-json\/wp\/v2\/product"}],"about":[{"href":"https:\/\/keluvo.com\/no\/wp-json\/wp\/v2\/types\/product"}],"replies":[{"embeddable":true,"href":"https:\/\/keluvo.com\/no\/wp-json\/wp\/v2\/comments?post=14212"}],"wp:featuredmedia":[{"embeddable":true,"href":"https:\/\/keluvo.com\/no\/wp-json\/wp\/v2\/media\/14208"}],"wp:attachment":[{"href":"https:\/\/keluvo.com\/no\/wp-json\/wp\/v2\/media?parent=14212"}],"wp:term":[{"taxonomy":"product_brand","embeddable":true,"href":"https:\/\/keluvo.com\/no\/wp-json\/wp\/v2\/product_brand?post=14212"},{"taxonomy":"product_cat","embeddable":true,"href":"https:\/\/keluvo.com\/no\/wp-json\/wp\/v2\/product_cat?post=14212"},{"taxonomy":"product_tag","embeddable":true,"href":"https:\/\/keluvo.com\/no\/wp-json\/wp\/v2\/product_tag?post=14212"}],"curies":[{"name":"wp","href":"https:\/\/api.w.org\/{rel}","templated":true}]}}