{"id":14199,"date":"2025-04-16T11:43:25","date_gmt":"2025-04-16T09:43:25","guid":{"rendered":"https:\/\/keluvo.com\/no\/produkt\/regina-oppvaskborste-2\/"},"modified":"2025-05-17T21:48:48","modified_gmt":"2025-05-17T19:48:48","slug":"regina-oppvaskborste","status":"publish","type":"product","link":"https:\/\/keluvo.com\/no\/produkt\/regina-oppvaskborste\/","title":{"rendered":"Regina oppvaskb\u00f8rste"},"content":{"rendered":"<h2 style=\"text-align: center;\" data-start=\"0\" data-end=\"66\">\ud83e\uddfd Gj\u00f8r oppvasken rask, ren og enkel!<\/h2>\n<p class=\"\" style=\"text-align: center;\" data-start=\"68\" data-end=\"319\">Lei av klissete svamper og bortkastet s\u00e5pe?<\/p>\n<p class=\"\" style=\"text-align: center;\" data-start=\"68\" data-end=\"319\">Regina oppvaskb\u00f8rste er her for \u00e5 spare tid og holde kj\u00f8kkenet renere. Med innebygd s\u00e5pedispenser, oppbevaringsstativ og myk, men robust bust gj\u00f8r den oppvasken raskere og morsommere.<\/p>\n<p data-start=\"68\" data-end=\"319\"><img decoding=\"async\" class=\"size-full wp-image-14681 aligncenter\" src=\"https:\/\/keluvo.com\/template\/wp-content\/uploads\/sites\/5\/2025\/01\/reginadishwashvideo-ezgif.com-gif-to-webp-converter.webp\" alt=\"\" \/><\/p>\n<h2 style=\"text-align: center;\">Hvordan du bruker den<\/h2>\n<p style=\"text-align: center;\">Regina oppvaskb\u00f8rste gj\u00f8r rengj\u00f8ringen enkel med den innebygde s\u00e5pedispenseren. Bare trykk p\u00e5 knappen for \u00e5 frigj\u00f8re riktig mengde s\u00e5pe mens du skrubber. Dette sparer tid og reduserer behovet for ekstra s\u00e5peflasker p\u00e5 kj\u00f8kkenet.<\/p>\n<p><img decoding=\"async\" class=\"alignnone size-medium wp-image-10169 aligncenter\" src=\"https:\/\/keluvo.com\/template\/wp-content\/uploads\/sites\/5\/2025\/01\/S5912607a1bf343ab8fd80875042f03f8U.jpg_960x960q75.jpg_.jpeg\" alt=\"\" \/><\/p>\n<h2 style=\"text-align: center;\" data-start=\"326\" data-end=\"351\">\u2705 Hvorfor du vil elske den:<\/h2>\n<ul data-start=\"353\" data-end=\"1147\">\n<li class=\"\" data-start=\"353\" data-end=\"525\">\n<p class=\"\" data-start=\"355\" data-end=\"525\"><strong data-start=\"355\" data-end=\"380\">Alt-I-Ett S\u00e5peb\u00f8rste: <\/strong>Bare fyll den med oppvaskmiddel \u00e9n gang, og trykk p\u00e5 den myke knappen p\u00e5 toppen for \u00e5 frigj\u00f8re s\u00e5pen mens du skrubber. Du trenger ikke lenger \u00e5 stoppe for \u00e5 hente flasken!<\/p>\n<\/li>\n<li class=\"\" data-start=\"527\" data-end=\"701\">\n<p class=\"\" data-start=\"529\" data-end=\"701\"><strong data-start=\"529\" data-end=\"555\">Leveres Med En Egen Holder: <\/strong>Holder b\u00f8rsten oppreist og t\u00f8rr. Sm\u00e5 hull i skuffen samler opp vann, og den kan tas av for enkel rengj\u00f8ring.<\/p>\n<\/li>\n<li class=\"\" data-start=\"703\" data-end=\"871\">\n<p class=\"\" data-start=\"705\" data-end=\"871\"><strong data-start=\"705\" data-end=\"740\">T\u00f8ff Mot Fett, Sk\u00e5nsom Mot Panner: <\/strong>Nylonbust fjerner smuss og fett uten \u00e5 skrape opp non-stick overflater. Trygg for gryter, panner, tallerkener, komfyrtopper og mye mer.<\/p>\n<\/li>\n<li class=\"\" data-start=\"873\" data-end=\"1025\">\n<p class=\"\" data-start=\"875\" data-end=\"1025\"><strong data-start=\"875\" data-end=\"898\">Behagelig \u00c5 Holde: <\/strong>Ergonomisk silikongrep som f\u00f8les godt i h\u00e5nden, selv n\u00e5r det er v\u00e5tt. Den lille st\u00f8rrelsen passer perfekt i h\u00e5ndflaten for enkel skrubbing.<\/p>\n<\/li>\n<li class=\"\" data-start=\"1027\" data-end=\"1147\">\n<p class=\"\" data-start=\"1029\" data-end=\"1147\"><strong data-start=\"1029\" data-end=\"1055\">Utskiftbart B\u00f8rstehode: <\/strong>N\u00e5r busten slites ut, er det bare \u00e5 vri og bytte den ut. Enkelt, rent og budsjettvennlig.<\/p>\n<\/li>\n<\/ul>\n<h2 style=\"text-align: center;\" data-start=\"1154\" data-end=\"1187\">\ud83d\udce6 Hva inneholder pakken:<\/h2>\n<p><img decoding=\"async\" class=\"size-full wp-image-14682 aligncenter\" src=\"https:\/\/keluvo.com\/template\/wp-content\/uploads\/sites\/5\/2025\/01\/ff4b3198-99a9-4185-a10f-b1b2f7b6feeb.webp\" alt=\"\" \/><\/p>\n<ul data-start=\"1189\" data-end=\"1311\">\n<li class=\"\" data-start=\"1189\" data-end=\"1230\">\n<p class=\"\" data-start=\"1191\" data-end=\"1230\">1 x regina s\u00e5pedispenserende oppvaskb\u00f8rste<\/p>\n<\/li>\n<li class=\"\" data-start=\"1231\" data-end=\"1267\">\n<p class=\"\" data-start=\"1233\" data-end=\"1267\">1 x oppbevaringsstativ med dryppbrett<\/p>\n<\/li>\n<\/ul>\n<h2 style=\"text-align: center;\"><\/h2>\n","protected":false},"excerpt":{"rendered":"<p>\ud83e\uddfd Gj\u00f8r oppvasken rask, ren og enkel! Lei av klissete svamper og bortkastet s\u00e5pe? Regina oppvaskb\u00f8rste er her for \u00e5 [&hellip;]<\/p>\n","protected":false},"featured_media":14195,"comment_status":"open","ping_status":"closed","template":"","meta":{"site-sidebar-layout":"default","site-content-layout":"","ast-site-content-layout":"default","site-content-style":"default","site-sidebar-style":"default","ast-global-header-display":"","ast-banner-title-visibility":"","ast-main-header-display":"","ast-hfb-above-header-display":"","ast-hfb-below-header-display":"","ast-hfb-mobile-header-display":"","site-post-title":"","ast-breadcrumbs-content":"","ast-featured-img":"","footer-sml-layout":"","theme-transparent-header-meta":"default","adv-header-id-meta":"","stick-header-meta":"","header-above-stick-meta":"","header-main-stick-meta":"","header-below-stick-meta":"","astra-migrate-meta-layouts":"set","ast-page-background-enabled":"default","ast-page-background-meta":{"desktop":{"background-color":"var(--ast-global-color-4)","background-image":"","background-repeat":"repeat","background-position":"center center","background-size":"auto","background-attachment":"scroll","background-type":"","background-media":"","overlay-type":"","overlay-color":"","overlay-opacity":"","overlay-gradient":""},"tablet":{"background-color":"","background-image":"","background-repeat":"repeat","background-position":"center center","background-size":"auto","background-attachment":"scroll","background-type":"","background-media":"","overlay-type":"","overlay-color":"","overlay-opacity":"","overlay-gradient":""},"mobile":{"background-color":"","background-image":"","background-repeat":"repeat","background-position":"center center","background-size":"auto","background-attachment":"scroll","background-type":"","background-media":"","overlay-type":"","overlay-color":"","overlay-opacity":"","overlay-gradient":""}},"ast-content-background-meta":{"desktop":{"background-color":"var(--ast-global-color-5)","background-image":"","background-repeat":"repeat","background-position":"center center","background-size":"auto","background-attachment":"scroll","background-type":"","background-media":"","overlay-type":"","overlay-color":"","overlay-opacity":"","overlay-gradient":""},"tablet":{"background-color":"var(--ast-global-color-5)","background-image":"","background-repeat":"repeat","background-position":"center center","background-size":"auto","background-attachment":"scroll","background-type":"","background-media":"","overlay-type":"","overlay-color":"","overlay-opacity":"","overlay-gradient":""},"mobile":{"background-color":"var(--ast-global-color-5)","background-image":"","background-repeat":"repeat","background-position":"center center","background-size":"auto","background-attachment":"scroll","background-type":"","background-media":"","overlay-type":"","overlay-color":"","overlay-opacity":"","overlay-gradient":""}}},"product_brand":[],"product_cat":[1001],"product_tag":[],"class_list":{"0":"post-14199","1":"product","2":"type-product","3":"status-publish","4":"has-post-thumbnail","6":"product_cat-husholdningsartikler","7":"pa_41800_8hdz2geg-gra","8":"pa_41800_8hdz2geg-gronn","9":"desktop-align-left","10":"tablet-align-left","11":"mobile-align-left","13":"first","14":"instock","15":"shipping-taxable","16":"purchasable","17":"product-type-variable"},"_links":{"self":[{"href":"https:\/\/keluvo.com\/no\/wp-json\/wp\/v2\/product\/14199","targetHints":{"allow":["GET"]}}],"collection":[{"href":"https:\/\/keluvo.com\/no\/wp-json\/wp\/v2\/product"}],"about":[{"href":"https:\/\/keluvo.com\/no\/wp-json\/wp\/v2\/types\/product"}],"replies":[{"embeddable":true,"href":"https:\/\/keluvo.com\/no\/wp-json\/wp\/v2\/comments?post=14199"}],"wp:featuredmedia":[{"embeddable":true,"href":"https:\/\/keluvo.com\/no\/wp-json\/wp\/v2\/media\/14195"}],"wp:attachment":[{"href":"https:\/\/keluvo.com\/no\/wp-json\/wp\/v2\/media?parent=14199"}],"wp:term":[{"taxonomy":"product_brand","embeddable":true,"href":"https:\/\/keluvo.com\/no\/wp-json\/wp\/v2\/product_brand?post=14199"},{"taxonomy":"product_cat","embeddable":true,"href":"https:\/\/keluvo.com\/no\/wp-json\/wp\/v2\/product_cat?post=14199"},{"taxonomy":"product_tag","embeddable":true,"href":"https:\/\/keluvo.com\/no\/wp-json\/wp\/v2\/product_tag?post=14199"}],"curies":[{"name":"wp","href":"https:\/\/api.w.org\/{rel}","templated":true}]}}