{"id":14193,"date":"2025-04-16T10:55:08","date_gmt":"2025-04-16T08:55:08","guid":{"rendered":"https:\/\/keluvo.com\/no\/produkt\/poleringsmiddel-for-plastrestaurering-2\/"},"modified":"2025-07-03T17:09:12","modified_gmt":"2025-07-03T15:09:12","slug":"poleringsmiddel-for-plastrestaurering","status":"publish","type":"product","link":"https:\/\/keluvo.com\/no\/produkt\/poleringsmiddel-for-plastrestaurering\/","title":{"rendered":"Poleringsmiddel for plastrestaurering"},"content":{"rendered":"<h2 style=\"text-align: center;\">\u2728 Den f\u00e5r plast til \u00e5 se ut som ny!<\/h2>\n<p style=\"text-align: center;\">Plastrestaureringspusseren er utviklet for \u00e5 gi liv til falmet bilplast. Den gjenoppretter den opprinnelige dype, svarte glansen og f\u00e5r overflatene til \u00e5 se friske og rene ut igjen. Perfekt for st\u00f8tfangere, lister og andre utvendige deler.<\/p>\n<p><img decoding=\"async\" class=\"size-full wp-image-14596 aligncenter\" src=\"https:\/\/keluvo.com\/template\/wp-content\/uploads\/sites\/5\/2024\/12\/plasticrestorervideo-ezgif.com-video-to-webp-converter.webp\" alt=\"\" \/><\/p>\n<h2 style=\"text-align: center;\">\ud83d\udee1 Langvarig beskyttelse<\/h2>\n<p style=\"text-align: center;\">Dette produktet ikke bare polerer, men beskytter ogs\u00e5. Det skaper et slitesterkt belegg som beskytter plastoverflater mot falming, sprekker og UV-skader. Hold bilen din pen lenger.<\/p>\n<p><img decoding=\"async\" class=\"size-medium wp-image-5131 aligncenter\" src=\"https:\/\/keluvo.com\/template\/wp-content\/uploads\/sites\/5\/2024\/12\/Sb437c8c7408441d78340be2f3b3a8084U.jpeg\" alt=\"\" \/><\/p>\n<h2 style=\"text-align: center;\" data-start=\"764\" data-end=\"782\">\ud83d\udee0 Slik Bruker Du Det:<\/h2>\n<ol data-start=\"784\" data-end=\"957\">\n<li class=\"\" data-start=\"784\" data-end=\"826\">\n<p class=\"\" data-start=\"787\" data-end=\"826\">Rengj\u00f8r overflaten du vil restaurere<\/p>\n<\/li>\n<li class=\"\" data-start=\"827\" data-end=\"871\">\n<p class=\"\" data-start=\"830\" data-end=\"871\">Hell noen dr\u00e5per poleringsmiddel p\u00e5 svampen<\/p>\n<\/li>\n<li class=\"\" data-start=\"872\" data-end=\"908\">\n<p class=\"\" data-start=\"875\" data-end=\"908\">Spre det jevnt p\u00e5 overflaten<\/p>\n<\/li>\n<li class=\"\" data-start=\"909\" data-end=\"957\">\n<p class=\"\" data-start=\"912\" data-end=\"957\">L\u00e5t det t\u00f8rke og nyt det friske, blanke utseendet<\/p>\n<\/li>\n<\/ol>\n<p><img decoding=\"async\" class=\"size-full wp-image-14608 aligncenter\" src=\"https:\/\/keluvo.com\/template\/wp-content\/uploads\/sites\/5\/2024\/12\/Sc3e98ad4ad8041e794adc01be6a78a451.png\" alt=\"\" \/><\/p>\n<h2 style=\"text-align: center;\" data-start=\"318\" data-end=\"343\">\u2705 Hvorfor Du Vil Elske Det:<\/h2>\n<ul data-start=\"345\" data-end=\"643\">\n<li class=\"\" data-start=\"345\" data-end=\"381\">\n<p class=\"\" data-start=\"347\" data-end=\"381\">F\u00e5r gammel plast til \u00e5 se helt ny ut<\/p>\n<\/li>\n<li class=\"\" data-start=\"382\" data-end=\"410\">\n<p class=\"\" data-start=\"384\" data-end=\"410\">Fungerer med bare \u00e9n avt\u00f8rking<\/p>\n<\/li>\n<li class=\"\" data-start=\"411\" data-end=\"457\">\n<p class=\"\" data-start=\"413\" data-end=\"457\">Langvarig beskyttelse i opptil 6 m\u00e5neder<\/p>\n<\/li>\n<li class=\"\" data-start=\"458\" data-end=\"507\">\n<p class=\"\" data-start=\"460\" data-end=\"507\">Hjelper med \u00e5 forhindre falming, gulfarging og sprekkdannelser<\/p>\n<\/li>\n<li class=\"\" data-start=\"508\" data-end=\"547\">\n<p class=\"\" data-start=\"510\" data-end=\"547\">Gir en dyp svart tekstur og glans<\/p>\n<\/li>\n<li class=\"\" data-start=\"548\" data-end=\"595\">\n<p class=\"\" data-start=\"550\" data-end=\"595\">Godt for plast, gummi, l\u00e6r og mer<\/p>\n<\/li>\n<li class=\"\" data-start=\"596\" data-end=\"643\">\n<p class=\"\" data-start=\"598\" data-end=\"643\">Godt for bilinteri\u00f8r, pyntelister og st\u00f8tfangere<\/p>\n<\/li>\n<\/ul>\n<h2 style=\"text-align: center;\" data-start=\"650\" data-end=\"683\">\ud83d\udce6 Hva Inneholder Pakken:<\/h2>\n<ul data-start=\"685\" data-end=\"757\">\n<li class=\"\" data-start=\"685\" data-end=\"731\">\n<p class=\"\" data-start=\"687\" data-end=\"731\">1, 2, 4 x 30 ml flaske med plastrestaureringspolish<\/p>\n<\/li>\n<li class=\"\" data-start=\"732\" data-end=\"757\">\n<p class=\"\" data-start=\"734\" data-end=\"757\">1 x svamp<\/p>\n<\/li>\n<\/ul>\n","protected":false},"excerpt":{"rendered":"<p>\u2728 Den f\u00e5r plast til \u00e5 se ut som ny! Plastrestaureringspusseren er utviklet for \u00e5 gi liv til falmet bilplast. [&hellip;]<\/p>\n","protected":false},"featured_media":14189,"comment_status":"open","ping_status":"closed","template":"","meta":{"site-sidebar-layout":"default","site-content-layout":"","ast-site-content-layout":"default","site-content-style":"default","site-sidebar-style":"default","ast-global-header-display":"","ast-banner-title-visibility":"","ast-main-header-display":"","ast-hfb-above-header-display":"","ast-hfb-below-header-display":"","ast-hfb-mobile-header-display":"","site-post-title":"","ast-breadcrumbs-content":"","ast-featured-img":"","footer-sml-layout":"","theme-transparent-header-meta":"default","adv-header-id-meta":"","stick-header-meta":"","header-above-stick-meta":"","header-main-stick-meta":"","header-below-stick-meta":"","astra-migrate-meta-layouts":"set","ast-page-background-enabled":"default","ast-page-background-meta":{"desktop":{"background-color":"var(--ast-global-color-4)","background-image":"","background-repeat":"repeat","background-position":"center center","background-size":"auto","background-attachment":"scroll","background-type":"","background-media":"","overlay-type":"","overlay-color":"","overlay-opacity":"","overlay-gradient":""},"tablet":{"background-color":"","background-image":"","background-repeat":"repeat","background-position":"center center","background-size":"auto","background-attachment":"scroll","background-type":"","background-media":"","overlay-type":"","overlay-color":"","overlay-opacity":"","overlay-gradient":""},"mobile":{"background-color":"","background-image":"","background-repeat":"repeat","background-position":"center center","background-size":"auto","background-attachment":"scroll","background-type":"","background-media":"","overlay-type":"","overlay-color":"","overlay-opacity":"","overlay-gradient":""}},"ast-content-background-meta":{"desktop":{"background-color":"var(--ast-global-color-5)","background-image":"","background-repeat":"repeat","background-position":"center center","background-size":"auto","background-attachment":"scroll","background-type":"","background-media":"","overlay-type":"","overlay-color":"","overlay-opacity":"","overlay-gradient":""},"tablet":{"background-color":"var(--ast-global-color-5)","background-image":"","background-repeat":"repeat","background-position":"center center","background-size":"auto","background-attachment":"scroll","background-type":"","background-media":"","overlay-type":"","overlay-color":"","overlay-opacity":"","overlay-gradient":""},"mobile":{"background-color":"var(--ast-global-color-5)","background-image":"","background-repeat":"repeat","background-position":"center center","background-size":"auto","background-attachment":"scroll","background-type":"","background-media":"","overlay-type":"","overlay-color":"","overlay-opacity":"","overlay-gradient":""}}},"product_brand":[],"product_cat":[998],"product_tag":[],"class_list":{"0":"post-14193","1":"product","2":"type-product","3":"status-publish","4":"has-post-thumbnail","6":"product_cat-bilprodukter","7":"desktop-align-left","8":"tablet-align-left","9":"mobile-align-left","11":"first","12":"instock","13":"shipping-taxable","14":"purchasable","15":"product-type-variable"},"_links":{"self":[{"href":"https:\/\/keluvo.com\/no\/wp-json\/wp\/v2\/product\/14193","targetHints":{"allow":["GET"]}}],"collection":[{"href":"https:\/\/keluvo.com\/no\/wp-json\/wp\/v2\/product"}],"about":[{"href":"https:\/\/keluvo.com\/no\/wp-json\/wp\/v2\/types\/product"}],"replies":[{"embeddable":true,"href":"https:\/\/keluvo.com\/no\/wp-json\/wp\/v2\/comments?post=14193"}],"wp:featuredmedia":[{"embeddable":true,"href":"https:\/\/keluvo.com\/no\/wp-json\/wp\/v2\/media\/14189"}],"wp:attachment":[{"href":"https:\/\/keluvo.com\/no\/wp-json\/wp\/v2\/media?parent=14193"}],"wp:term":[{"taxonomy":"product_brand","embeddable":true,"href":"https:\/\/keluvo.com\/no\/wp-json\/wp\/v2\/product_brand?post=14193"},{"taxonomy":"product_cat","embeddable":true,"href":"https:\/\/keluvo.com\/no\/wp-json\/wp\/v2\/product_cat?post=14193"},{"taxonomy":"product_tag","embeddable":true,"href":"https:\/\/keluvo.com\/no\/wp-json\/wp\/v2\/product_tag?post=14193"}],"curies":[{"name":"wp","href":"https:\/\/api.w.org\/{rel}","templated":true}]}}