{"id":14182,"date":"2025-04-16T10:45:15","date_gmt":"2025-04-16T08:45:15","guid":{"rendered":"https:\/\/keluvo.com\/no\/produkt\/kattebandsett-2\/"},"modified":"2025-06-05T11:34:57","modified_gmt":"2025-06-05T09:34:57","slug":"kattebandsett","status":"publish","type":"product","link":"https:\/\/keluvo.com\/no\/produkt\/kattebandsett\/","title":{"rendered":"Katteb\u00e5ndsett"},"content":{"rendered":"<h2 style=\"text-align: center;\">\ud83d\udc31 Trygt, stilig og komfortabelt! \ud83e\uddba<\/h2>\n<p class=\"\" style=\"text-align: center;\" data-start=\"69\" data-end=\"334\">Katteb\u00e5ndet er mykt, pustende og designet for \u00e5 holde katten din komfortabel og sikker. Enten det er en spasertur i hagen eller et lite utend\u00f8rs eventyr, gj\u00f8r denne selen hver tur stressfri og morsom.<\/p>\n<p><img decoding=\"async\" class=\"alignnone size-medium wp-image-10632 aligncenter\" src=\"https:\/\/keluvo.com\/template\/wp-content\/uploads\/sites\/5\/2025\/02\/S95435d26204f4842b639ac4487cc4a0aT.jpg_960x960q75.jpg_.jpeg\" alt=\"\" \/><\/p>\n<h2 style=\"text-align: center;\">Enkel \u00e5 ta p\u00e5<\/h2>\n<p style=\"text-align: center;\">Bare vikle den rundt kj\u00e6ledyret ditt, l\u00e5s den inn og fest b\u00e5ndet. Ekstremt enkelt og lett!<\/p>\n<p><img decoding=\"async\" class=\"size-full wp-image-14593 aligncenter\" src=\"https:\/\/keluvo.com\/template\/wp-content\/uploads\/sites\/5\/2025\/02\/catharnessvideo-ezgif.com-gif-to-webp-converter.webp\" alt=\"\" \/><\/p>\n<h2 style=\"text-align: center;\" data-start=\"341\" data-end=\"370\">\u2705 Hvorfor du vil elske den:<\/h2>\n<ul data-start=\"372\" data-end=\"1083\">\n<li class=\"\" data-start=\"372\" data-end=\"482\">\n<p class=\"\" data-start=\"374\" data-end=\"482\"><strong data-start=\"374\" data-end=\"395\">Myk og pustende: <\/strong>Laget av polyester og nettingduk \u2013 behagelig, lett og perfekt for kattens pels.<\/p>\n<\/li>\n<li class=\"\" data-start=\"484\" data-end=\"613\">\n<p class=\"\" data-start=\"486\" data-end=\"613\"><strong data-start=\"486\" data-end=\"510\">Ingen mer trekk smerte: <\/strong>Den spesielle 4-punktsdesignen sprer trykket, slik at katten din ikke f\u00f8ler noe ubehag n\u00e5r du trekker forsiktig.<\/p>\n<\/li>\n<li class=\"\" data-start=\"615\" data-end=\"736\">\n<p class=\"\" data-start=\"617\" data-end=\"736\"><strong data-start=\"617\" data-end=\"640\">Justerbar og sikker: <\/strong>Leveres med en 38 mm nylonl\u00e5s og en spenne i sikkerhetsbelte-stil for \u00e5 passe godt og forhindre r\u00f8mming.<\/p>\n<\/li>\n<li class=\"\" data-start=\"738\" data-end=\"829\">\n<p class=\"\" data-start=\"740\" data-end=\"829\"><strong data-start=\"740\" data-end=\"756\">Lett \u00e5 bruke: <\/strong>Bare fest det p\u00e5, juster st\u00f8rrelsen, og du er klar til \u00e5 g\u00e5 p\u00e5 sekunder!<\/p>\n<\/li>\n<li class=\"\" data-start=\"831\" data-end=\"971\">\n<p class=\"\" data-start=\"833\" data-end=\"971\"><strong data-start=\"833\" data-end=\"853\">Sterk og stilig: <\/strong>Har en sterk D-spenne i metall som ikke ruster, og et s\u00f8tt design i japansk stil som katten din vil se bed\u00e5rende ut i.<\/p>\n<\/li>\n<li class=\"\" data-start=\"973\" data-end=\"1083\">\n<p class=\"\" data-start=\"975\" data-end=\"1083\"><strong data-start=\"975\" data-end=\"1002\">Komfortabelt for deg ogs\u00e5: <\/strong>H\u00e5ndtaket er mykt og ergonomisk, slik at h\u00e5nden din f\u00f8les godt under hver tur.<\/p>\n<\/li>\n<\/ul>\n<p><img decoding=\"async\" class=\"alignnone size-medium wp-image-10631 aligncenter\" src=\"https:\/\/keluvo.com\/template\/wp-content\/uploads\/sites\/5\/2025\/02\/Sce89ebea72c4448bb63c0583d45b5acft.jpg_960x960q75.jpg_.jpeg\" alt=\"\" \/><\/p>\n<h2 style=\"text-align: center;\" data-start=\"1090\" data-end=\"1127\">\ud83d\udce6 Hva er inne i pakken:<\/h2>\n<ul data-start=\"1129\" data-end=\"1262\">\n<li class=\"\" data-start=\"1129\" data-end=\"1161\">\n<p class=\"\" data-start=\"1131\" data-end=\"1161\">1x kattesele og b\u00e5nd sett<\/p>\n<\/li>\n<\/ul>\n","protected":false},"excerpt":{"rendered":"<p>\ud83d\udc31 Trygt, stilig og komfortabelt! \ud83e\uddba Katteb\u00e5ndet er mykt, pustende og designet for \u00e5 holde katten din komfortabel og sikker. [&hellip;]<\/p>\n","protected":false},"featured_media":14178,"comment_status":"open","ping_status":"closed","template":"","meta":{"site-sidebar-layout":"default","site-content-layout":"","ast-site-content-layout":"default","site-content-style":"default","site-sidebar-style":"default","ast-global-header-display":"","ast-banner-title-visibility":"","ast-main-header-display":"","ast-hfb-above-header-display":"","ast-hfb-below-header-display":"","ast-hfb-mobile-header-display":"","site-post-title":"","ast-breadcrumbs-content":"","ast-featured-img":"","footer-sml-layout":"","theme-transparent-header-meta":"default","adv-header-id-meta":"","stick-header-meta":"","header-above-stick-meta":"","header-main-stick-meta":"","header-below-stick-meta":"","astra-migrate-meta-layouts":"set","ast-page-background-enabled":"default","ast-page-background-meta":{"desktop":{"background-color":"var(--ast-global-color-4)","background-image":"","background-repeat":"repeat","background-position":"center center","background-size":"auto","background-attachment":"scroll","background-type":"","background-media":"","overlay-type":"","overlay-color":"","overlay-opacity":"","overlay-gradient":""},"tablet":{"background-color":"","background-image":"","background-repeat":"repeat","background-position":"center center","background-size":"auto","background-attachment":"scroll","background-type":"","background-media":"","overlay-type":"","overlay-color":"","overlay-opacity":"","overlay-gradient":""},"mobile":{"background-color":"","background-image":"","background-repeat":"repeat","background-position":"center center","background-size":"auto","background-attachment":"scroll","background-type":"","background-media":"","overlay-type":"","overlay-color":"","overlay-opacity":"","overlay-gradient":""}},"ast-content-background-meta":{"desktop":{"background-color":"var(--ast-global-color-5)","background-image":"","background-repeat":"repeat","background-position":"center center","background-size":"auto","background-attachment":"scroll","background-type":"","background-media":"","overlay-type":"","overlay-color":"","overlay-opacity":"","overlay-gradient":""},"tablet":{"background-color":"var(--ast-global-color-5)","background-image":"","background-repeat":"repeat","background-position":"center center","background-size":"auto","background-attachment":"scroll","background-type":"","background-media":"","overlay-type":"","overlay-color":"","overlay-opacity":"","overlay-gradient":""},"mobile":{"background-color":"var(--ast-global-color-5)","background-image":"","background-repeat":"repeat","background-position":"center center","background-size":"auto","background-attachment":"scroll","background-type":"","background-media":"","overlay-type":"","overlay-color":"","overlay-opacity":"","overlay-gradient":""}}},"product_brand":[],"product_cat":[997],"product_tag":[],"class_list":{"0":"post-14182","1":"product","2":"type-product","3":"status-publish","4":"has-post-thumbnail","6":"product_cat-husdyrprodukter","7":"pa_41647_0cfxm0dj-bla","8":"pa_41647_0cfxm0dj-gronn","9":"pa_41647_0cfxm0dj-rod","10":"desktop-align-left","11":"tablet-align-left","12":"mobile-align-left","14":"first","15":"instock","16":"shipping-taxable","17":"purchasable","18":"product-type-variable"},"_links":{"self":[{"href":"https:\/\/keluvo.com\/no\/wp-json\/wp\/v2\/product\/14182","targetHints":{"allow":["GET"]}}],"collection":[{"href":"https:\/\/keluvo.com\/no\/wp-json\/wp\/v2\/product"}],"about":[{"href":"https:\/\/keluvo.com\/no\/wp-json\/wp\/v2\/types\/product"}],"replies":[{"embeddable":true,"href":"https:\/\/keluvo.com\/no\/wp-json\/wp\/v2\/comments?post=14182"}],"wp:featuredmedia":[{"embeddable":true,"href":"https:\/\/keluvo.com\/no\/wp-json\/wp\/v2\/media\/14178"}],"wp:attachment":[{"href":"https:\/\/keluvo.com\/no\/wp-json\/wp\/v2\/media?parent=14182"}],"wp:term":[{"taxonomy":"product_brand","embeddable":true,"href":"https:\/\/keluvo.com\/no\/wp-json\/wp\/v2\/product_brand?post=14182"},{"taxonomy":"product_cat","embeddable":true,"href":"https:\/\/keluvo.com\/no\/wp-json\/wp\/v2\/product_cat?post=14182"},{"taxonomy":"product_tag","embeddable":true,"href":"https:\/\/keluvo.com\/no\/wp-json\/wp\/v2\/product_tag?post=14182"}],"curies":[{"name":"wp","href":"https:\/\/api.w.org\/{rel}","templated":true}]}}