{"id":14167,"date":"2025-04-15T23:07:05","date_gmt":"2025-04-15T21:07:05","guid":{"rendered":"https:\/\/keluvo.com\/no\/produkt\/emaljert-tomatgryte\/"},"modified":"2025-04-15T23:07:08","modified_gmt":"2025-04-15T21:07:08","slug":"emaljert-tomatgryte","status":"publish","type":"product","link":"https:\/\/keluvo.com\/no\/produkt\/emaljert-tomatgryte\/","title":{"rendered":"Emaljert tomatgryte"},"content":{"rendered":"<h2 style=\"text-align: center\"><strong>Kompatibel Med Alle Kj\u00f8kken<\/strong><\/h2>\n<p style=\"text-align: center\">Gass, elektrisk, keramisk og induksjon &#8211; denne gryten er kompatibel med alle koketopper. Laget med tykk emalje som fordeler varmen jevnt.<\/p>\n<h2 style=\"text-align: center\"><img decoding=\"async\" class=\"size-full wp-image-14667 aligncenter\" src=\"https:\/\/keluvo.com\/template\/wp-content\/uploads\/sites\/5\/2025\/04\/main-image-5-6.jpeg\" alt=\"\" \/><br \/>\n<strong>Sjarmerende Design<\/strong><\/h2>\n<ul data-start=\"624\" data-end=\"835\">\n<li class=\"\" data-start=\"624\" data-end=\"698\">\n<p class=\"\" data-start=\"626\" data-end=\"698\">Ser ut som en ekte tomat! \ud83c\udf45 Knallr\u00f8d, rund og full av personlighet.<\/p>\n<\/li>\n<li class=\"\" data-start=\"699\" data-end=\"762\">\n<p class=\"\" data-start=\"701\" data-end=\"762\">Gir kj\u00f8kkenet et lekent preg eller er en perfekt gave.<\/p>\n<\/li>\n<li class=\"\" data-start=\"763\" data-end=\"835\">\n<p class=\"\" data-start=\"765\" data-end=\"835\">Innebygde h\u00e5ndtak og en tomatstammeformet knott p\u00e5 lokket gj\u00f8r den ekstra s\u00f8t.<br \/>\n<img decoding=\"async\" class=\"size-full wp-image-14671 aligncenter\" src=\"https:\/\/keluvo.com\/template\/wp-content\/uploads\/sites\/5\/2025\/04\/main-image-6-5.jpeg\" alt=\"\" \/><\/p>\n<\/li>\n<\/ul>\n","protected":false},"excerpt":{"rendered":"<p>Kompatibel Med Alle Kj\u00f8kken Gass, elektrisk, keramisk og induksjon &#8211; denne gryten er kompatibel med alle koketopper. Laget med tykk [&hellip;]<\/p>\n","protected":false},"featured_media":14163,"comment_status":"open","ping_status":"closed","template":"","meta":{"site-sidebar-layout":"default","site-content-layout":"","ast-site-content-layout":"default","site-content-style":"default","site-sidebar-style":"default","ast-global-header-display":"","ast-banner-title-visibility":"","ast-main-header-display":"","ast-hfb-above-header-display":"","ast-hfb-below-header-display":"","ast-hfb-mobile-header-display":"","site-post-title":"","ast-breadcrumbs-content":"","ast-featured-img":"","footer-sml-layout":"","theme-transparent-header-meta":"default","adv-header-id-meta":"","stick-header-meta":"","header-above-stick-meta":"","header-main-stick-meta":"","header-below-stick-meta":"","astra-migrate-meta-layouts":"set","ast-page-background-enabled":"default","ast-page-background-meta":{"desktop":{"background-color":"var(--ast-global-color-4)","background-image":"","background-repeat":"repeat","background-position":"center center","background-size":"auto","background-attachment":"scroll","background-type":"","background-media":"","overlay-type":"","overlay-color":"","overlay-opacity":"","overlay-gradient":""},"tablet":{"background-color":"","background-image":"","background-repeat":"repeat","background-position":"center center","background-size":"auto","background-attachment":"scroll","background-type":"","background-media":"","overlay-type":"","overlay-color":"","overlay-opacity":"","overlay-gradient":""},"mobile":{"background-color":"","background-image":"","background-repeat":"repeat","background-position":"center center","background-size":"auto","background-attachment":"scroll","background-type":"","background-media":"","overlay-type":"","overlay-color":"","overlay-opacity":"","overlay-gradient":""}},"ast-content-background-meta":{"desktop":{"background-color":"var(--ast-global-color-5)","background-image":"","background-repeat":"repeat","background-position":"center center","background-size":"auto","background-attachment":"scroll","background-type":"","background-media":"","overlay-type":"","overlay-color":"","overlay-opacity":"","overlay-gradient":""},"tablet":{"background-color":"var(--ast-global-color-5)","background-image":"","background-repeat":"repeat","background-position":"center center","background-size":"auto","background-attachment":"scroll","background-type":"","background-media":"","overlay-type":"","overlay-color":"","overlay-opacity":"","overlay-gradient":""},"mobile":{"background-color":"var(--ast-global-color-5)","background-image":"","background-repeat":"repeat","background-position":"center center","background-size":"auto","background-attachment":"scroll","background-type":"","background-media":"","overlay-type":"","overlay-color":"","overlay-opacity":"","overlay-gradient":""}}},"product_brand":[],"product_cat":[1001],"product_tag":[],"class_list":{"0":"post-14167","1":"product","2":"type-product","3":"status-publish","4":"has-post-thumbnail","6":"product_cat-husholdningsartikler","7":"pa_48072_n1b0w23d-1-7-l","8":"pa_48072_n1b0w23d-2-5-l","9":"desktop-align-left","10":"tablet-align-left","11":"mobile-align-left","13":"first","14":"instock","15":"shipping-taxable","16":"purchasable","17":"product-type-variable"},"_links":{"self":[{"href":"https:\/\/keluvo.com\/no\/wp-json\/wp\/v2\/product\/14167","targetHints":{"allow":["GET"]}}],"collection":[{"href":"https:\/\/keluvo.com\/no\/wp-json\/wp\/v2\/product"}],"about":[{"href":"https:\/\/keluvo.com\/no\/wp-json\/wp\/v2\/types\/product"}],"replies":[{"embeddable":true,"href":"https:\/\/keluvo.com\/no\/wp-json\/wp\/v2\/comments?post=14167"}],"wp:featuredmedia":[{"embeddable":true,"href":"https:\/\/keluvo.com\/no\/wp-json\/wp\/v2\/media\/14163"}],"wp:attachment":[{"href":"https:\/\/keluvo.com\/no\/wp-json\/wp\/v2\/media?parent=14167"}],"wp:term":[{"taxonomy":"product_brand","embeddable":true,"href":"https:\/\/keluvo.com\/no\/wp-json\/wp\/v2\/product_brand?post=14167"},{"taxonomy":"product_cat","embeddable":true,"href":"https:\/\/keluvo.com\/no\/wp-json\/wp\/v2\/product_cat?post=14167"},{"taxonomy":"product_tag","embeddable":true,"href":"https:\/\/keluvo.com\/no\/wp-json\/wp\/v2\/product_tag?post=14167"}],"curies":[{"name":"wp","href":"https:\/\/api.w.org\/{rel}","templated":true}]}}