{"id":14138,"date":"2025-04-15T19:31:39","date_gmt":"2025-04-15T17:31:39","guid":{"rendered":"https:\/\/keluvo.com\/no\/produkt\/pute-i-innersalen-pa-haelen-2\/"},"modified":"2025-06-19T13:57:40","modified_gmt":"2025-06-19T11:57:40","slug":"pute-i-innersalen-pa-haelen","status":"publish","type":"product","link":"https:\/\/keluvo.com\/no\/produkt\/pute-i-innersalen-pa-haelen\/","title":{"rendered":"Pute i inners\u00e5len p\u00e5 h\u00e6len"},"content":{"rendered":"<h2 style=\"text-align: center;\" data-start=\"0\" data-end=\"59\">\ud83d\udc60 G\u00e5 komfortabelt hele dagen!<\/h2>\n<p class=\"\" style=\"text-align: center;\" data-start=\"61\" data-end=\"287\">Lei av \u00f8mme f\u00f8tter, blemmer eller smertefulle h\u00e6ler etter en lang spasertur?<br data-start=\"126\" data-end=\"129\" \/>H\u00e6ls\u00e5leputen er her for \u00e5 redde trinnene dine! Den er myk, fleksibel og superkomfortabel, beskytter f\u00f8ttene dine og forhindrer at skoene dine gnir eller sklir.<\/p>\n<p data-start=\"61\" data-end=\"287\"><img decoding=\"async\" class=\"size-full wp-image-14584 aligncenter\" src=\"https:\/\/keluvo.com\/template\/wp-content\/uploads\/sites\/5\/2025\/04\/heelcushionvideo-ezgif.com-gif-to-webp-converter.webp\" alt=\"\" \/><\/p>\n<h2 style=\"text-align: center;\" data-start=\"244\" data-end=\"274\">\ud83d\udd10 Sikker og sklisikker passform<\/h2>\n<p class=\"\" style=\"text-align: center;\" data-start=\"275\" data-end=\"471\">Designet for \u00e5 holde seg p\u00e5 plass, griper denne inners\u00e5leputen godt tak i skoen din. Den forhindrer at h\u00e6lene dine sklir ut, noe som gj\u00f8r det enklere og mer behagelig \u00e5 g\u00e5. Perfekt for sko med l\u00f8s passform.<\/p>\n<p data-start=\"275\" data-end=\"471\"><img decoding=\"async\" class=\"alignnone size-medium wp-image-13140 aligncenter\" src=\"https:\/\/keluvo.com\/template\/wp-content\/uploads\/sites\/5\/2025\/04\/Sb82b2c55c6534ce99bd6511ffe46a7b0g.jpg_960x960q75.jpg_.jpeg\" alt=\"\" \/><\/p>\n<h2 style=\"text-align: center;\" data-start=\"294\" data-end=\"323\">\u2705 Hvorfor du vil elske den:<\/h2>\n<ul data-start=\"325\" data-end=\"838\">\n<li class=\"\" data-start=\"325\" data-end=\"427\">\n<p class=\"\" data-start=\"327\" data-end=\"427\"><strong data-start=\"327\" data-end=\"354\">Si Farvel Til Blemmer: <\/strong>Hindrer at skoene dine gnir mot h\u00e6lene dine. Ingen flere smerter eller r\u00f8de flekker!<\/p>\n<\/li>\n<li class=\"\" data-start=\"429\" data-end=\"526\">\n<p class=\"\" data-start=\"431\" data-end=\"526\"><strong data-start=\"431\" data-end=\"454\">Lagde Av Myk 5D-Svamp: <\/strong>Laget av myk 5D-svamp og pustende stoff for komfort hele dagen.<\/p>\n<\/li>\n<li class=\"\" data-start=\"528\" data-end=\"619\">\n<p class=\"\" data-start=\"530\" data-end=\"619\"><strong data-start=\"530\" data-end=\"547\">Passer Til Alle Sko: <\/strong>Fungerer perfekt i h\u00f8ye h\u00e6ler, st\u00f8vler, flate sko, dansesko og mye mer.<\/p>\n<\/li>\n<li class=\"\" data-start=\"621\" data-end=\"720\">\n<p class=\"\" data-start=\"623\" data-end=\"720\"><strong data-start=\"623\" data-end=\"641\">Holder Seg P\u00e5 Plass: <\/strong>Selvklebende bakside holder innlegget p\u00e5 plass &#8211; uten at det sklir eller glir.<\/p>\n<\/li>\n<li class=\"\" data-start=\"722\" data-end=\"838\">\n<p class=\"\" data-start=\"724\" data-end=\"838\"><strong data-start=\"724\" data-end=\"750\">Hjelper Med \u00c5 Justere Skost\u00f8rrelsen: <\/strong>Perfekt for sko som er litt for store. F\u00e5r dem til \u00e5 passe bedre og f\u00f8les bedre.<\/p>\n<\/li>\n<\/ul>\n<p><img decoding=\"async\" class=\"size-full wp-image-14591 aligncenter\" src=\"https:\/\/keluvo.com\/template\/wp-content\/uploads\/sites\/5\/2025\/04\/description-image-7.webp\" alt=\"\" \/><\/p>\n<h2 style=\"text-align: center;\" data-start=\"845\" data-end=\"882\">\ud83d\udce6 Hva inneholder pakken:<\/h2>\n<ul data-start=\"884\" data-end=\"1019\">\n<li class=\"\" data-start=\"884\" data-end=\"915\">\n<p class=\"\" data-start=\"886\" data-end=\"915\">Utvalgte putepar til inners\u00e5le i h\u00e6len<\/p>\n<\/li>\n<\/ul>\n","protected":false},"excerpt":{"rendered":"<p>\ud83d\udc60 G\u00e5 komfortabelt hele dagen! Lei av \u00f8mme f\u00f8tter, blemmer eller smertefulle h\u00e6ler etter en lang spasertur?H\u00e6ls\u00e5leputen er her for [&hellip;]<\/p>\n","protected":false},"featured_media":14134,"comment_status":"open","ping_status":"closed","template":"","meta":{"site-sidebar-layout":"default","site-content-layout":"","ast-site-content-layout":"default","site-content-style":"default","site-sidebar-style":"default","ast-global-header-display":"","ast-banner-title-visibility":"","ast-main-header-display":"","ast-hfb-above-header-display":"","ast-hfb-below-header-display":"","ast-hfb-mobile-header-display":"","site-post-title":"","ast-breadcrumbs-content":"","ast-featured-img":"","footer-sml-layout":"","theme-transparent-header-meta":"default","adv-header-id-meta":"","stick-header-meta":"","header-above-stick-meta":"","header-main-stick-meta":"","header-below-stick-meta":"","astra-migrate-meta-layouts":"set","ast-page-background-enabled":"default","ast-page-background-meta":{"desktop":{"background-color":"var(--ast-global-color-4)","background-image":"","background-repeat":"repeat","background-position":"center center","background-size":"auto","background-attachment":"scroll","background-type":"","background-media":"","overlay-type":"","overlay-color":"","overlay-opacity":"","overlay-gradient":""},"tablet":{"background-color":"","background-image":"","background-repeat":"repeat","background-position":"center center","background-size":"auto","background-attachment":"scroll","background-type":"","background-media":"","overlay-type":"","overlay-color":"","overlay-opacity":"","overlay-gradient":""},"mobile":{"background-color":"","background-image":"","background-repeat":"repeat","background-position":"center center","background-size":"auto","background-attachment":"scroll","background-type":"","background-media":"","overlay-type":"","overlay-color":"","overlay-opacity":"","overlay-gradient":""}},"ast-content-background-meta":{"desktop":{"background-color":"var(--ast-global-color-5)","background-image":"","background-repeat":"repeat","background-position":"center center","background-size":"auto","background-attachment":"scroll","background-type":"","background-media":"","overlay-type":"","overlay-color":"","overlay-opacity":"","overlay-gradient":""},"tablet":{"background-color":"var(--ast-global-color-5)","background-image":"","background-repeat":"repeat","background-position":"center center","background-size":"auto","background-attachment":"scroll","background-type":"","background-media":"","overlay-type":"","overlay-color":"","overlay-opacity":"","overlay-gradient":""},"mobile":{"background-color":"var(--ast-global-color-5)","background-image":"","background-repeat":"repeat","background-position":"center center","background-size":"auto","background-attachment":"scroll","background-type":"","background-media":"","overlay-type":"","overlay-color":"","overlay-opacity":"","overlay-gradient":""}}},"product_brand":[],"product_cat":[993],"product_tag":[],"class_list":{"0":"post-14138","1":"product","2":"type-product","3":"status-publish","4":"has-post-thumbnail","6":"product_cat-skotoy-tilbehor","7":"pa_31906_k0uyj9sl-beige","8":"pa_31906_k0uyj9sl-rosa","9":"pa_31906_k0uyj9sl-svart","10":"pa_31906_mnfl3j2o-1-par","11":"pa_31906_mnfl3j2o-2-par","12":"pa_31906_mnfl3j2o-3-par","13":"desktop-align-left","14":"tablet-align-left","15":"mobile-align-left","17":"first","18":"instock","19":"shipping-taxable","20":"purchasable","21":"product-type-variable","22":"has-default-attributes"},"_links":{"self":[{"href":"https:\/\/keluvo.com\/no\/wp-json\/wp\/v2\/product\/14138","targetHints":{"allow":["GET"]}}],"collection":[{"href":"https:\/\/keluvo.com\/no\/wp-json\/wp\/v2\/product"}],"about":[{"href":"https:\/\/keluvo.com\/no\/wp-json\/wp\/v2\/types\/product"}],"replies":[{"embeddable":true,"href":"https:\/\/keluvo.com\/no\/wp-json\/wp\/v2\/comments?post=14138"}],"wp:featuredmedia":[{"embeddable":true,"href":"https:\/\/keluvo.com\/no\/wp-json\/wp\/v2\/media\/14134"}],"wp:attachment":[{"href":"https:\/\/keluvo.com\/no\/wp-json\/wp\/v2\/media?parent=14138"}],"wp:term":[{"taxonomy":"product_brand","embeddable":true,"href":"https:\/\/keluvo.com\/no\/wp-json\/wp\/v2\/product_brand?post=14138"},{"taxonomy":"product_cat","embeddable":true,"href":"https:\/\/keluvo.com\/no\/wp-json\/wp\/v2\/product_cat?post=14138"},{"taxonomy":"product_tag","embeddable":true,"href":"https:\/\/keluvo.com\/no\/wp-json\/wp\/v2\/product_tag?post=14138"}],"curies":[{"name":"wp","href":"https:\/\/api.w.org\/{rel}","templated":true}]}}