{"id":14128,"date":"2025-04-15T18:36:40","date_gmt":"2025-04-15T16:36:40","guid":{"rendered":"https:\/\/keluvo.com\/no\/produkt\/gjennomsiktig-suppegryte-15-l\/"},"modified":"2025-04-15T18:36:40","modified_gmt":"2025-04-15T16:36:40","slug":"gjennomsiktig-suppegryte-15-l","status":"publish","type":"product","link":"https:\/\/keluvo.com\/no\/produkt\/gjennomsiktig-suppegryte-15-l\/","title":{"rendered":"Gjennomsiktig suppegryte (1,5 l)"},"content":{"rendered":"<h2 style=\"text-align: center\"><strong>Kompatibel Med Alle Kj\u00f8kken<\/strong><\/h2>\n<p style=\"text-align: center\">Denne gjennomsiktige suppegryten er kompatibel med gassovner, induksjonskomfyrer, elektriske keramiske kokeplater og mikrob\u00f8lgeovner. Den kan ogs\u00e5 trygt plasseres i kj\u00f8leskapet for oppbevaring av mat.<\/p>\n<p><img decoding=\"async\" class=\"size-full wp-image-14581 aligncenter\" src=\"https:\/\/keluvo.com\/template\/wp-content\/uploads\/sites\/5\/2025\/04\/main-image-5-3.jpeg\" alt=\"\" \/><\/p>\n<h2 style=\"text-align: center\"><strong>Funksjoner<\/strong><\/h2>\n<ul>\n<li class=\"\" data-start=\"67\" data-end=\"114\">\n<p class=\"\" data-start=\"69\" data-end=\"114\">Laget av varmebestandig borosilikatglass<\/p>\n<\/li>\n<li class=\"\" data-start=\"115\" data-end=\"160\">\n<p class=\"\" data-start=\"117\" data-end=\"160\">T\u00e5ler temperaturer fra -30 \u00b0C til 150 \u00b0C<\/p>\n<\/li>\n<li class=\"\" data-start=\"161\" data-end=\"217\">\n<p class=\"\" data-start=\"163\" data-end=\"217\">Kjemisk stabil og motstandsdyktig mot syrer og baser<\/p>\n<\/li>\n<li class=\"\" data-start=\"218\" data-end=\"252\">\n<p class=\"\" data-start=\"220\" data-end=\"252\">Holder maten frisk og luktfri<\/p>\n<\/li>\n<li class=\"\" data-start=\"253\" data-end=\"302\">\n<p class=\"\" data-start=\"255\" data-end=\"302\">Giftfri, flekkavvisende og enkel \u00e5 rengj\u00f8re<\/p>\n<\/li>\n<li class=\"\" data-start=\"303\" data-end=\"347\">\n<p class=\"\" data-start=\"305\" data-end=\"347\">Stilrent, moderne utseende for matlaging og servering<br \/>\n<img decoding=\"async\" class=\"size-full wp-image-14582 aligncenter\" src=\"https:\/\/keluvo.com\/template\/wp-content\/uploads\/sites\/5\/2025\/04\/main-image-7-3.jpeg\" alt=\"\" \/><\/p>\n<\/li>\n<\/ul>\n<h2 style=\"text-align: center\"><strong>Hva Er I Pakken<\/strong><\/h2>\n<ul>\n<li>1 x Gjennomsiktig suppegryte med lokk<\/li>\n<\/ul>\n","protected":false},"excerpt":{"rendered":"<p>Kompatibel Med Alle Kj\u00f8kken Denne gjennomsiktige suppegryten er kompatibel med gassovner, induksjonskomfyrer, elektriske keramiske kokeplater og mikrob\u00f8lgeovner. Den kan ogs\u00e5 [&hellip;]<\/p>\n","protected":false},"featured_media":14124,"comment_status":"open","ping_status":"closed","template":"","meta":{"site-sidebar-layout":"default","site-content-layout":"","ast-site-content-layout":"default","site-content-style":"default","site-sidebar-style":"default","ast-global-header-display":"","ast-banner-title-visibility":"","ast-main-header-display":"","ast-hfb-above-header-display":"","ast-hfb-below-header-display":"","ast-hfb-mobile-header-display":"","site-post-title":"","ast-breadcrumbs-content":"","ast-featured-img":"","footer-sml-layout":"","theme-transparent-header-meta":"default","adv-header-id-meta":"","stick-header-meta":"","header-above-stick-meta":"","header-main-stick-meta":"","header-below-stick-meta":"","astra-migrate-meta-layouts":"set","ast-page-background-enabled":"default","ast-page-background-meta":{"desktop":{"background-color":"var(--ast-global-color-4)","background-image":"","background-repeat":"repeat","background-position":"center center","background-size":"auto","background-attachment":"scroll","background-type":"","background-media":"","overlay-type":"","overlay-color":"","overlay-opacity":"","overlay-gradient":""},"tablet":{"background-color":"","background-image":"","background-repeat":"repeat","background-position":"center center","background-size":"auto","background-attachment":"scroll","background-type":"","background-media":"","overlay-type":"","overlay-color":"","overlay-opacity":"","overlay-gradient":""},"mobile":{"background-color":"","background-image":"","background-repeat":"repeat","background-position":"center center","background-size":"auto","background-attachment":"scroll","background-type":"","background-media":"","overlay-type":"","overlay-color":"","overlay-opacity":"","overlay-gradient":""}},"ast-content-background-meta":{"desktop":{"background-color":"var(--ast-global-color-5)","background-image":"","background-repeat":"repeat","background-position":"center center","background-size":"auto","background-attachment":"scroll","background-type":"","background-media":"","overlay-type":"","overlay-color":"","overlay-opacity":"","overlay-gradient":""},"tablet":{"background-color":"var(--ast-global-color-5)","background-image":"","background-repeat":"repeat","background-position":"center center","background-size":"auto","background-attachment":"scroll","background-type":"","background-media":"","overlay-type":"","overlay-color":"","overlay-opacity":"","overlay-gradient":""},"mobile":{"background-color":"var(--ast-global-color-5)","background-image":"","background-repeat":"repeat","background-position":"center center","background-size":"auto","background-attachment":"scroll","background-type":"","background-media":"","overlay-type":"","overlay-color":"","overlay-opacity":"","overlay-gradient":""}}},"product_brand":[],"product_cat":[15],"product_tag":[],"class_list":{"0":"post-14128","1":"product","2":"type-product","3":"status-publish","4":"has-post-thumbnail","6":"product_cat-uncategorized","7":"desktop-align-left","8":"tablet-align-left","9":"mobile-align-left","11":"first","12":"instock","13":"shipping-taxable","14":"purchasable","15":"product-type-simple"},"_links":{"self":[{"href":"https:\/\/keluvo.com\/no\/wp-json\/wp\/v2\/product\/14128","targetHints":{"allow":["GET"]}}],"collection":[{"href":"https:\/\/keluvo.com\/no\/wp-json\/wp\/v2\/product"}],"about":[{"href":"https:\/\/keluvo.com\/no\/wp-json\/wp\/v2\/types\/product"}],"replies":[{"embeddable":true,"href":"https:\/\/keluvo.com\/no\/wp-json\/wp\/v2\/comments?post=14128"}],"wp:featuredmedia":[{"embeddable":true,"href":"https:\/\/keluvo.com\/no\/wp-json\/wp\/v2\/media\/14124"}],"wp:attachment":[{"href":"https:\/\/keluvo.com\/no\/wp-json\/wp\/v2\/media?parent=14128"}],"wp:term":[{"taxonomy":"product_brand","embeddable":true,"href":"https:\/\/keluvo.com\/no\/wp-json\/wp\/v2\/product_brand?post=14128"},{"taxonomy":"product_cat","embeddable":true,"href":"https:\/\/keluvo.com\/no\/wp-json\/wp\/v2\/product_cat?post=14128"},{"taxonomy":"product_tag","embeddable":true,"href":"https:\/\/keluvo.com\/no\/wp-json\/wp\/v2\/product_tag?post=14128"}],"curies":[{"name":"wp","href":"https:\/\/api.w.org\/{rel}","templated":true}]}}