{"id":14100,"date":"2025-04-15T18:35:38","date_gmt":"2025-04-15T16:35:38","guid":{"rendered":"https:\/\/keluvo.com\/no\/produkt\/emaljert-porselensgryte\/"},"modified":"2025-04-15T18:35:43","modified_gmt":"2025-04-15T16:35:43","slug":"emaljert-porselensgryte","status":"publish","type":"product","link":"https:\/\/keluvo.com\/no\/produkt\/emaljert-porselensgryte\/","title":{"rendered":"Emaljert porselensgryte"},"content":{"rendered":"<h2 style=\"text-align: center\"><strong>Kompatibel Med Alle Kj\u00f8kken<\/strong><\/h2>\n<p style=\"text-align: center\">Denne emaljerte porselensgryten er virkelig multifunksjonell. Enten du bruker en gasskomfyr, induksjonstopp, elektrisk brenner eller keramisk komfyr, fungerer den konsekvent. Den magnetiske basen st\u00f8tter induksjonskoking uten overoppheting.<\/p>\n<h2 style=\"text-align: center\"><img decoding=\"async\" class=\"alignnone size-full wp-image-14568\" src=\"https:\/\/keluvo.com\/template\/wp-content\/uploads\/sites\/5\/2025\/04\/main-image-5-1-2.jpeg\" alt=\"\" \/><br \/>\n<strong>Funksjoner<\/strong><\/h2>\n<ul>\n<li class=\"\" data-start=\"153\" data-end=\"215\">\n<p class=\"\" data-start=\"155\" data-end=\"215\"><strong data-start=\"155\" data-end=\"177\">Mangsidig Matlaging:<\/strong> <span class=\"relative -mx-px my-[-0.2rem] rounded px-px py-[0.2rem] transition-colors duration-100 ease-in-out\">Passer til gass-, elektriske, induksjons- og keramiske komfyrer.<\/span><\/p>\n<\/li>\n<li class=\"\" data-start=\"216\" data-end=\"270\">\n<p class=\"\" data-start=\"218\" data-end=\"270\"><strong data-start=\"218\" data-end=\"232\">Ovnsikker:<\/strong> <span class=\"relative -mx-px my-[-0.2rem] rounded px-px py-[0.2rem] transition-colors duration-100 ease-in-out\">Kan brukes fra komfyrtopp til stekeovn, noe som gj\u00f8r den ideell for oppskrifter som krever begge deler.<\/span><\/p>\n<\/li>\n<li class=\"\" data-start=\"271\" data-end=\"332\">\n<p class=\"\" data-start=\"273\" data-end=\"332\"><strong data-start=\"273\" data-end=\"294\">Sunt Materiale:<\/strong> <span class=\"relative -mx-px my-[-0.2rem] rounded px-px py-[0.2rem] transition-colors duration-100 ease-in-out\">Laget av blyfri, BPA-fri og kadmiumfri emalje, noe som sikrer trygg matlaging.<\/span><\/p>\n<\/li>\n<li class=\"\" data-start=\"333\" data-end=\"391\">\n<p class=\"\" data-start=\"335\" data-end=\"391\"><strong data-start=\"335\" data-end=\"353\">Enkel \u00c5 Rengj\u00f8re:<\/strong> <span class=\"relative -mx-px my-[-0.2rem] rounded px-px py-[0.2rem] transition-colors duration-100 ease-in-out\">Emaljeoverflaten motst\u00e5r flekker og lukt, noe som gj\u00f8r rengj\u00f8ringen til en lek.<\/span><\/p>\n<\/li>\n<li class=\"\" data-start=\"392\" data-end=\"495\">\n<p class=\"\" data-start=\"394\" data-end=\"495\"><strong data-start=\"394\" data-end=\"413\">Stilig Design:<\/strong> <span class=\"relative -mx-px my-[-0.2rem] rounded px-px py-[0.2rem] transition-colors duration-100 ease-in-out\">Har et retro blomsterm\u00f8nster som tilf\u00f8rer sjarm til ethvert kj\u00f8kken.<\/span><\/p>\n<\/li>\n<\/ul>\n<h2 style=\"text-align: center\"><img decoding=\"async\" class=\"alignnone size-full wp-image-14569\" src=\"https:\/\/keluvo.com\/template\/wp-content\/uploads\/sites\/5\/2025\/04\/main-image-7-2.jpeg\" alt=\"\" \/><br \/>\n<strong>Innholdet I Pakken<\/strong><\/h2>\n<ul data-start=\"114\" data-end=\"289\">\n<li class=\"\" data-start=\"114\" data-end=\"154\">\n<p class=\"\" data-start=\"116\" data-end=\"154\">1 \u00d7 Emaljert gryte i porselen<\/p>\n<\/li>\n<li class=\"\" data-start=\"155\" data-end=\"187\">\n<p class=\"\" data-start=\"157\" data-end=\"187\">1 \u00d7 Matchende lokk med h\u00e5ndtak<\/p>\n<\/li>\n<li class=\"\" data-start=\"188\" data-end=\"225\">\n<p class=\"\" data-start=\"190\" data-end=\"225\">1 \u00d7 Bruksanvisning og pleieinstruksjoner<\/p>\n<\/li>\n<li class=\"\" data-start=\"226\" data-end=\"289\">\n<p class=\"\" data-start=\"228\" data-end=\"289\">Sikker beskyttelsesemballasje for \u00e5 forhindre skader under frakt<\/p>\n<\/li>\n<\/ul>\n","protected":false},"excerpt":{"rendered":"<p>Kompatibel Med Alle Kj\u00f8kken Denne emaljerte porselensgryten er virkelig multifunksjonell. Enten du bruker en gasskomfyr, induksjonstopp, elektrisk brenner eller keramisk [&hellip;]<\/p>\n","protected":false},"featured_media":14096,"comment_status":"open","ping_status":"closed","template":"","meta":{"site-sidebar-layout":"default","site-content-layout":"","ast-site-content-layout":"default","site-content-style":"default","site-sidebar-style":"default","ast-global-header-display":"","ast-banner-title-visibility":"","ast-main-header-display":"","ast-hfb-above-header-display":"","ast-hfb-below-header-display":"","ast-hfb-mobile-header-display":"","site-post-title":"","ast-breadcrumbs-content":"","ast-featured-img":"","footer-sml-layout":"","theme-transparent-header-meta":"default","adv-header-id-meta":"","stick-header-meta":"","header-above-stick-meta":"","header-main-stick-meta":"","header-below-stick-meta":"","astra-migrate-meta-layouts":"set","ast-page-background-enabled":"default","ast-page-background-meta":{"desktop":{"background-color":"var(--ast-global-color-4)","background-image":"","background-repeat":"repeat","background-position":"center center","background-size":"auto","background-attachment":"scroll","background-type":"","background-media":"","overlay-type":"","overlay-color":"","overlay-opacity":"","overlay-gradient":""},"tablet":{"background-color":"","background-image":"","background-repeat":"repeat","background-position":"center center","background-size":"auto","background-attachment":"scroll","background-type":"","background-media":"","overlay-type":"","overlay-color":"","overlay-opacity":"","overlay-gradient":""},"mobile":{"background-color":"","background-image":"","background-repeat":"repeat","background-position":"center center","background-size":"auto","background-attachment":"scroll","background-type":"","background-media":"","overlay-type":"","overlay-color":"","overlay-opacity":"","overlay-gradient":""}},"ast-content-background-meta":{"desktop":{"background-color":"var(--ast-global-color-5)","background-image":"","background-repeat":"repeat","background-position":"center center","background-size":"auto","background-attachment":"scroll","background-type":"","background-media":"","overlay-type":"","overlay-color":"","overlay-opacity":"","overlay-gradient":""},"tablet":{"background-color":"var(--ast-global-color-5)","background-image":"","background-repeat":"repeat","background-position":"center center","background-size":"auto","background-attachment":"scroll","background-type":"","background-media":"","overlay-type":"","overlay-color":"","overlay-opacity":"","overlay-gradient":""},"mobile":{"background-color":"var(--ast-global-color-5)","background-image":"","background-repeat":"repeat","background-position":"center center","background-size":"auto","background-attachment":"scroll","background-type":"","background-media":"","overlay-type":"","overlay-color":"","overlay-opacity":"","overlay-gradient":""}}},"product_brand":[],"product_cat":[1001],"product_tag":[],"class_list":{"0":"post-14100","1":"product","2":"type-product","3":"status-publish","4":"has-post-thumbnail","6":"product_cat-husholdningsartikler","7":"pa_48068_hhk3jr7b-1-5-l","8":"pa_48068_hhk3jr7b-2-l","9":"pa_48068_hhk3jr7b-4-l","10":"desktop-align-left","11":"tablet-align-left","12":"mobile-align-left","14":"first","15":"instock","16":"shipping-taxable","17":"purchasable","18":"product-type-variable"},"_links":{"self":[{"href":"https:\/\/keluvo.com\/no\/wp-json\/wp\/v2\/product\/14100","targetHints":{"allow":["GET"]}}],"collection":[{"href":"https:\/\/keluvo.com\/no\/wp-json\/wp\/v2\/product"}],"about":[{"href":"https:\/\/keluvo.com\/no\/wp-json\/wp\/v2\/types\/product"}],"replies":[{"embeddable":true,"href":"https:\/\/keluvo.com\/no\/wp-json\/wp\/v2\/comments?post=14100"}],"wp:featuredmedia":[{"embeddable":true,"href":"https:\/\/keluvo.com\/no\/wp-json\/wp\/v2\/media\/14096"}],"wp:attachment":[{"href":"https:\/\/keluvo.com\/no\/wp-json\/wp\/v2\/media?parent=14100"}],"wp:term":[{"taxonomy":"product_brand","embeddable":true,"href":"https:\/\/keluvo.com\/no\/wp-json\/wp\/v2\/product_brand?post=14100"},{"taxonomy":"product_cat","embeddable":true,"href":"https:\/\/keluvo.com\/no\/wp-json\/wp\/v2\/product_cat?post=14100"},{"taxonomy":"product_tag","embeddable":true,"href":"https:\/\/keluvo.com\/no\/wp-json\/wp\/v2\/product_tag?post=14100"}],"curies":[{"name":"wp","href":"https:\/\/api.w.org\/{rel}","templated":true}]}}