{"id":13966,"date":"2025-04-14T16:20:34","date_gmt":"2025-04-14T14:20:34","guid":{"rendered":"https:\/\/keluvo.com\/no\/produkt\/pute-til-bilsete-2\/"},"modified":"2025-04-14T17:29:46","modified_gmt":"2025-04-14T15:29:46","slug":"pute-til-bilsete","status":"publish","type":"product","link":"https:\/\/keluvo.com\/no\/produkt\/pute-til-bilsete\/","title":{"rendered":"Pute til bilsete"},"content":{"rendered":"<h2 style=\"text-align: center;\" data-start=\"0\" data-end=\"28\">Det blir ikke mer komfortabelt \u00e5 kj\u00f8re bil enn dette!<\/h2>\n<p class=\"\" style=\"text-align: center;\" data-start=\"90\" data-end=\"209\"><span class=\"relative -mx-px my-[-0.2rem] rounded px-px py-[0.2rem] transition-colors duration-100 ease-in-out\">Gj\u00f8r hver eneste reise til en luksuri\u00f8s opplevelse med v\u00e5r h\u00e5ndlagde bilsetepute.<\/span> <span class=\"relative -mx-px my-[-0.2rem] rounded px-px py-[0.2rem] transition-colors duration-100 ease-in-out\">Den er designet for optimal komfort og allsidighet, og er den perfekte f\u00f8lgesvenn i bilen, hjemme eller p\u00e5 kontoret.<\/span><\/p>\n<p class=\"\" style=\"text-align: center;\" data-start=\"90\" data-end=\"209\"><img decoding=\"async\" class=\"size-full wp-image-14408 aligncenter\" src=\"https:\/\/keluvo.com\/template\/wp-content\/uploads\/sites\/5\/2025\/04\/ezgif.com-resize.webp\" alt=\"\" \/>\u200b<\/p>\n<h2 style=\"text-align: center;\" data-start=\"211\" data-end=\"231\">\ud83c\udf1f Viktige Fordeler:<\/h2>\n<ul data-start=\"232\" data-end=\"658\">\n<li class=\"\" data-start=\"232\" data-end=\"336\">\n<p class=\"\" data-start=\"234\" data-end=\"336\"><strong data-start=\"234\" data-end=\"253\">Komfort Hele Dagen<\/strong>: <span class=\"relative -mx-px my-[-0.2rem] rounded px-px py-[0.2rem] transition-colors duration-100 ease-in-out\">Det myke, pustende materialet gir myk st\u00f8tte og letter trykket p\u00e5 hofter og midje under lange kj\u00f8returer eller lengre sitteperioder.<\/span>\u200b<\/p>\n<\/li>\n<li class=\"\" data-start=\"337\" data-end=\"440\">\n<p class=\"\" data-start=\"339\" data-end=\"440\"><strong data-start=\"339\" data-end=\"357\">Sitter P\u00e5 Plass<\/strong>: <span class=\"relative -mx-px my-[-0.2rem] rounded px-px py-[0.2rem] transition-colors duration-100 ease-in-out\">Puten er utstyrt med sklisikre PVC-prikker, belter og plater som s\u00f8rger for at den sitter sikkert p\u00e5 alle seter.<\/span>\u200b<\/p>\n<\/li>\n<li class=\"\" data-start=\"441\" data-end=\"545\">\n<p class=\"\" data-start=\"443\" data-end=\"545\"><strong data-start=\"443\" data-end=\"460\">Allsidig Bruk<\/strong>: <span class=\"relative -mx-px my-[-0.2rem] rounded px-px py-[0.2rem] transition-colors duration-100 ease-in-out\">Ideell som bilsetetrekk, stolpute, sofatrekk eller til og med som et koselig teppe &#8211; perfekt for bruk i bilen, hjemme eller p\u00e5 kontoret.<\/span>\u200b<\/p>\n<\/li>\n<li class=\"\" data-start=\"546\" data-end=\"658\">\n<p class=\"\" data-start=\"548\" data-end=\"658\"><strong data-start=\"548\" data-end=\"571\">Slitesterk Og Fellefri<\/strong>: <span class=\"relative -mx-px my-[-0.2rem] rounded px-px py-[0.2rem] transition-colors duration-100 ease-in-out\">Fagmessig h\u00e5ndlaget med materialer av h\u00f8y kvalitet som motst\u00e5r r\u00f8yting, noe som sikrer langvarig bruk.<\/span><\/p>\n<\/li>\n<\/ul>\n<p class=\"\" data-start=\"548\" data-end=\"658\"><span class=\"relative -mx-px my-[-0.2rem] rounded px-px py-[0.2rem] transition-colors duration-100 ease-in-out\"><img decoding=\"async\" class=\"size-full wp-image-14407 aligncenter\" src=\"https:\/\/keluvo.com\/template\/wp-content\/uploads\/sites\/5\/2025\/04\/41db385e-49fa-4447-bbd0-460c446aa9e8.webp\" alt=\"\" \/><\/span>\u200b<\/p>\n<h2 style=\"text-align: center;\" data-start=\"660\" data-end=\"683\">\ud83d\udee0\ufe0f Spesifikasjoner:<\/h2>\n<ul data-start=\"684\" data-end=\"1096\">\n<li class=\"\" data-start=\"684\" data-end=\"785\">\n<p class=\"\" data-start=\"686\" data-end=\"785\"><strong data-start=\"686\" data-end=\"698\">Materiale<\/strong>: <span class=\"relative -mx-px my-[-0.2rem] rounded px-px py-[0.2rem] transition-colors duration-100 ease-in-out\">Mykt, pustende og varmt stoff for komfort \u00e5ret rundt.<\/span>\u200b<\/p>\n<\/li>\n<li class=\"\" data-start=\"786\" data-end=\"885\">\n<p class=\"\" data-start=\"788\" data-end=\"885\"><strong data-start=\"788\" data-end=\"798\">Design<\/strong>: <span class=\"relative -mx-px my-[-0.2rem] rounded px-px py-[0.2rem] transition-colors duration-100 ease-in-out\">Rent h\u00e5ndlaget h\u00e5ndverk for en unik touch.<\/span>\u200b<\/p>\n<\/li>\n<li class=\"\" data-start=\"886\" data-end=\"991\">\n<p class=\"\" data-start=\"888\" data-end=\"991\"><strong data-start=\"888\" data-end=\"904\">Montering<\/strong>: <span class=\"relative -mx-px my-[-0.2rem] rounded px-px py-[0.2rem] transition-colors duration-100 ease-in-out\">Inkluderer remmer og plater for enkel og sikker montering.<\/span>\u200b<\/p>\n<\/li>\n<li class=\"\" data-start=\"992\" data-end=\"1096\">\n<p class=\"\" data-start=\"994\" data-end=\"1096\"><strong data-start=\"994\" data-end=\"1009\">Vedlikehold<\/strong>: <span class=\"relative -mx-px my-[-0.2rem] rounded px-px py-[0.2rem] transition-colors duration-100 ease-in-out\">Enkel \u00e5 rengj\u00f8re og vedlikeholde, og beholder sin myke f\u00f8lelse over tid.<\/span><\/p>\n<p><img decoding=\"async\" class=\"size-medium wp-image-13322 aligncenter\" src=\"https:\/\/keluvo.com\/template\/wp-content\/uploads\/sites\/5\/2025\/04\/Sf19f4e482ef74c5f8a94a02c79c7de97r.jpg_960x960q75.jpg_.jpeg\" alt=\"\" \/><\/li>\n<\/ul>\n<p class=\"\" style=\"text-align: center;\" data-start=\"1098\" data-end=\"1183\"><span class=\"relative -mx-px my-[-0.2rem] rounded px-px py-[0.2rem] transition-colors duration-100 ease-in-out\">Oppgrader sitteopplevelsen din i dag med v\u00e5r Premium bilsetepute, der komfort m\u00f8ter stil og funksjonalitet.<\/span><\/p>\n","protected":false},"excerpt":{"rendered":"<p>Det blir ikke mer komfortabelt \u00e5 kj\u00f8re bil enn dette! Gj\u00f8r hver eneste reise til en luksuri\u00f8s opplevelse med v\u00e5r [&hellip;]<\/p>\n","protected":false},"featured_media":13961,"comment_status":"open","ping_status":"closed","template":"","meta":{"site-sidebar-layout":"default","site-content-layout":"","ast-site-content-layout":"default","site-content-style":"default","site-sidebar-style":"default","ast-global-header-display":"","ast-banner-title-visibility":"","ast-main-header-display":"","ast-hfb-above-header-display":"","ast-hfb-below-header-display":"","ast-hfb-mobile-header-display":"","site-post-title":"","ast-breadcrumbs-content":"","ast-featured-img":"","footer-sml-layout":"","theme-transparent-header-meta":"default","adv-header-id-meta":"","stick-header-meta":"","header-above-stick-meta":"","header-main-stick-meta":"","header-below-stick-meta":"","astra-migrate-meta-layouts":"set","ast-page-background-enabled":"default","ast-page-background-meta":{"desktop":{"background-color":"var(--ast-global-color-4)","background-image":"","background-repeat":"repeat","background-position":"center center","background-size":"auto","background-attachment":"scroll","background-type":"","background-media":"","overlay-type":"","overlay-color":"","overlay-opacity":"","overlay-gradient":""},"tablet":{"background-color":"","background-image":"","background-repeat":"repeat","background-position":"center center","background-size":"auto","background-attachment":"scroll","background-type":"","background-media":"","overlay-type":"","overlay-color":"","overlay-opacity":"","overlay-gradient":""},"mobile":{"background-color":"","background-image":"","background-repeat":"repeat","background-position":"center center","background-size":"auto","background-attachment":"scroll","background-type":"","background-media":"","overlay-type":"","overlay-color":"","overlay-opacity":"","overlay-gradient":""}},"ast-content-background-meta":{"desktop":{"background-color":"var(--ast-global-color-5)","background-image":"","background-repeat":"repeat","background-position":"center center","background-size":"auto","background-attachment":"scroll","background-type":"","background-media":"","overlay-type":"","overlay-color":"","overlay-opacity":"","overlay-gradient":""},"tablet":{"background-color":"var(--ast-global-color-5)","background-image":"","background-repeat":"repeat","background-position":"center center","background-size":"auto","background-attachment":"scroll","background-type":"","background-media":"","overlay-type":"","overlay-color":"","overlay-opacity":"","overlay-gradient":""},"mobile":{"background-color":"var(--ast-global-color-5)","background-image":"","background-repeat":"repeat","background-position":"center center","background-size":"auto","background-attachment":"scroll","background-type":"","background-media":"","overlay-type":"","overlay-color":"","overlay-opacity":"","overlay-gradient":""}}},"product_brand":[],"product_cat":[993],"product_tag":[],"class_list":{"0":"post-13966","1":"product","2":"type-product","3":"status-publish","4":"has-post-thumbnail","6":"product_cat-skotoy-tilbehor","7":"pa_29811_drgyozz9-front","8":"pa_29811_drgyozz9-sett","9":"pa_29811_drgyozz9-tilbake","10":"pa_29811_kimcdzto-beige","11":"pa_29811_kimcdzto-bla","12":"pa_29811_kimcdzto-gra","13":"pa_29811_kimcdzto-kamel","14":"pa_29811_kimcdzto-lilla","15":"pa_29811_kimcdzto-rod","16":"pa_29811_kimcdzto-rosa","17":"pa_29811_kimcdzto-svart","18":"desktop-align-left","19":"tablet-align-left","20":"mobile-align-left","22":"first","23":"instock","24":"shipping-taxable","25":"purchasable","26":"product-type-variable","27":"has-default-attributes"},"_links":{"self":[{"href":"https:\/\/keluvo.com\/no\/wp-json\/wp\/v2\/product\/13966","targetHints":{"allow":["GET"]}}],"collection":[{"href":"https:\/\/keluvo.com\/no\/wp-json\/wp\/v2\/product"}],"about":[{"href":"https:\/\/keluvo.com\/no\/wp-json\/wp\/v2\/types\/product"}],"replies":[{"embeddable":true,"href":"https:\/\/keluvo.com\/no\/wp-json\/wp\/v2\/comments?post=13966"}],"wp:featuredmedia":[{"embeddable":true,"href":"https:\/\/keluvo.com\/no\/wp-json\/wp\/v2\/media\/13961"}],"wp:attachment":[{"href":"https:\/\/keluvo.com\/no\/wp-json\/wp\/v2\/media?parent=13966"}],"wp:term":[{"taxonomy":"product_brand","embeddable":true,"href":"https:\/\/keluvo.com\/no\/wp-json\/wp\/v2\/product_brand?post=13966"},{"taxonomy":"product_cat","embeddable":true,"href":"https:\/\/keluvo.com\/no\/wp-json\/wp\/v2\/product_cat?post=13966"},{"taxonomy":"product_tag","embeddable":true,"href":"https:\/\/keluvo.com\/no\/wp-json\/wp\/v2\/product_tag?post=13966"}],"curies":[{"name":"wp","href":"https:\/\/api.w.org\/{rel}","templated":true}]}}