{"id":13943,"date":"2025-04-14T13:53:19","date_gmt":"2025-04-14T11:53:19","guid":{"rendered":"https:\/\/keluvo.com\/no\/produkt\/vindspill-med-fugler-2\/"},"modified":"2025-04-14T13:55:50","modified_gmt":"2025-04-14T11:55:50","slug":"vindspill-med-fugler","status":"publish","type":"product","link":"https:\/\/keluvo.com\/no\/produkt\/vindspill-med-fugler\/","title":{"rendered":"Vindspill med fugler"},"content":{"rendered":"<h2 style=\"text-align: center;\">\ud83d\udc26 Tilf\u00f8r rommet ditt gledelige lyder!<\/h2>\n<p style=\"text-align: center;\"><span style=\"font-weight: 400;\">Ta med deg de s\u00f8te lydene fra naturen hjem til deg med v\u00e5rt vindspill med fugler. Det er ikke bare en dekorasjon, det er en liten bit av lykke som synger med vinden.\u200b<\/span><\/p>\n<p><img decoding=\"async\" class=\"size-full wp-image-14432 aligncenter\" src=\"https:\/\/keluvo.com\/template\/wp-content\/uploads\/sites\/5\/2025\/01\/birdwindchimvideo-ezgif.com-gif-to-webp-converter.webp\" alt=\"\" \/><\/p>\n<h2 style=\"text-align: center;\">\ud83c\udf1f Derfor Vil Du Elske Det<\/h2>\n<ul>\n<li style=\"font-weight: 400;\"><b>Handlaget Skj\u00f8nnhet<\/b><span style=\"font-weight: 400;\">: Hver fugl er n\u00f8ye utformet for h\u00e5nd, noe som gj\u00f8r hvert klokkespill spesielt.\u200b<\/span><\/li>\n<li style=\"font-weight: 400;\"><b>Lys Og Fargerik<\/b><span style=\"font-weight: 400;\">: Laget av milj\u00f8vennlig harpiks, og fargene forblir levende og muntre.\u200b<\/span><\/li>\n<li style=\"font-weight: 400;\"><b>Beroligende Lyder<\/b><span style=\"font-weight: 400;\">: N\u00e5r brisen bl\u00e5ser, skaper den myke, beroligende toner som f\u00e5r deg til \u00e5 slappe av.\u200b<\/span><\/li>\n<li style=\"font-weight: 400;\"><b>Passer Overalt<\/b><span style=\"font-weight: 400;\">: Perfekt til balkongen, vinduet, hagen eller til og med barnerommet.\u200b<\/span><\/li>\n<li><b>Flott Gaveid\u00e9<\/b><span style=\"font-weight: 400;\">: En omtenksom gave til venner og familie som viser kj\u00e6rlighet og bringer smil.<\/span><\/li>\n<\/ul>\n<p><img decoding=\"async\" class=\"size-full wp-image-14435 aligncenter\" src=\"https:\/\/keluvo.com\/template\/wp-content\/uploads\/sites\/5\/2025\/01\/92a5ae56-3f93-4f72-9f64-1670384e0f9e-1.webp\" alt=\"\" \/><\/p>\n<h2 style=\"text-align: center;\">\ud83d\udee0\ufe0f Produktdetaljer<\/h2>\n<ul>\n<li style=\"font-weight: 400;\"><b>Material<\/b><span style=\"font-weight: 400;\">: Slitesterk, milj\u00f8vennlig harpiks.\u200b<\/span><\/li>\n<li style=\"font-weight: 400;\"><b>Design<\/b><span style=\"font-weight: 400;\">: Fargerike fugler med milde bjeller.\u200b<\/span><\/li>\n<li><b>Bruk<\/b><span style=\"font-weight: 400;\">: Innend\u00f8rs eller utend\u00f8rs dekorasjon for enhver \u00e5rstid.<\/span><\/li>\n<\/ul>\n<p><img decoding=\"async\" class=\"size-full wp-image-14434 aligncenter\" src=\"https:\/\/keluvo.com\/template\/wp-content\/uploads\/sites\/5\/2025\/01\/194463a8-57e8-48c8-8ba4-5ef5bf2eaae9-1.webp\" alt=\"\" \/><\/p>\n<p style=\"text-align: center;\"><span style=\"font-weight: 400;\">La denne sjarmerende vindklokken bringe fred og glede til dagen din.\u200b<\/span><\/p>\n<p style=\"text-align: center;\"><b>Legg i handlekurven<\/b><span style=\"font-weight: 400;\"> og nyt lykkens melodi!<\/span><\/p>\n","protected":false},"excerpt":{"rendered":"<p>\ud83d\udc26 Tilf\u00f8r rommet ditt gledelige lyder! Ta med deg de s\u00f8te lydene fra naturen hjem til deg med v\u00e5rt vindspill [&hellip;]<\/p>\n","protected":false},"featured_media":13939,"comment_status":"open","ping_status":"closed","template":"","meta":{"site-sidebar-layout":"default","site-content-layout":"","ast-site-content-layout":"default","site-content-style":"default","site-sidebar-style":"default","ast-global-header-display":"","ast-banner-title-visibility":"","ast-main-header-display":"","ast-hfb-above-header-display":"","ast-hfb-below-header-display":"","ast-hfb-mobile-header-display":"","site-post-title":"","ast-breadcrumbs-content":"","ast-featured-img":"","footer-sml-layout":"","theme-transparent-header-meta":"default","adv-header-id-meta":"","stick-header-meta":"","header-above-stick-meta":"","header-main-stick-meta":"","header-below-stick-meta":"","astra-migrate-meta-layouts":"set","ast-page-background-enabled":"default","ast-page-background-meta":{"desktop":{"background-color":"var(--ast-global-color-4)","background-image":"","background-repeat":"repeat","background-position":"center center","background-size":"auto","background-attachment":"scroll","background-type":"","background-media":"","overlay-type":"","overlay-color":"","overlay-opacity":"","overlay-gradient":""},"tablet":{"background-color":"","background-image":"","background-repeat":"repeat","background-position":"center center","background-size":"auto","background-attachment":"scroll","background-type":"","background-media":"","overlay-type":"","overlay-color":"","overlay-opacity":"","overlay-gradient":""},"mobile":{"background-color":"","background-image":"","background-repeat":"repeat","background-position":"center center","background-size":"auto","background-attachment":"scroll","background-type":"","background-media":"","overlay-type":"","overlay-color":"","overlay-opacity":"","overlay-gradient":""}},"ast-content-background-meta":{"desktop":{"background-color":"var(--ast-global-color-5)","background-image":"","background-repeat":"repeat","background-position":"center center","background-size":"auto","background-attachment":"scroll","background-type":"","background-media":"","overlay-type":"","overlay-color":"","overlay-opacity":"","overlay-gradient":""},"tablet":{"background-color":"var(--ast-global-color-5)","background-image":"","background-repeat":"repeat","background-position":"center center","background-size":"auto","background-attachment":"scroll","background-type":"","background-media":"","overlay-type":"","overlay-color":"","overlay-opacity":"","overlay-gradient":""},"mobile":{"background-color":"var(--ast-global-color-5)","background-image":"","background-repeat":"repeat","background-position":"center center","background-size":"auto","background-attachment":"scroll","background-type":"","background-media":"","overlay-type":"","overlay-color":"","overlay-opacity":"","overlay-gradient":""}}},"product_brand":[],"product_cat":[993],"product_tag":[],"class_list":{"0":"post-13943","1":"product","2":"type-product","3":"status-publish","4":"has-post-thumbnail","6":"product_cat-skotoy-tilbehor","7":"pa_38151_tgg96lz7-beige","8":"pa_38151_tgg96lz7-bla","9":"pa_38151_tgg96lz7-gronn","10":"pa_38151_tgg96lz7-gul","11":"pa_38151_tgg96lz7-hvit","12":"pa_38151_tgg96lz7-rod","13":"desktop-align-left","14":"tablet-align-left","15":"mobile-align-left","17":"first","18":"instock","19":"shipping-taxable","20":"purchasable","21":"product-type-variable"},"_links":{"self":[{"href":"https:\/\/keluvo.com\/no\/wp-json\/wp\/v2\/product\/13943","targetHints":{"allow":["GET"]}}],"collection":[{"href":"https:\/\/keluvo.com\/no\/wp-json\/wp\/v2\/product"}],"about":[{"href":"https:\/\/keluvo.com\/no\/wp-json\/wp\/v2\/types\/product"}],"replies":[{"embeddable":true,"href":"https:\/\/keluvo.com\/no\/wp-json\/wp\/v2\/comments?post=13943"}],"wp:featuredmedia":[{"embeddable":true,"href":"https:\/\/keluvo.com\/no\/wp-json\/wp\/v2\/media\/13939"}],"wp:attachment":[{"href":"https:\/\/keluvo.com\/no\/wp-json\/wp\/v2\/media?parent=13943"}],"wp:term":[{"taxonomy":"product_brand","embeddable":true,"href":"https:\/\/keluvo.com\/no\/wp-json\/wp\/v2\/product_brand?post=13943"},{"taxonomy":"product_cat","embeddable":true,"href":"https:\/\/keluvo.com\/no\/wp-json\/wp\/v2\/product_cat?post=13943"},{"taxonomy":"product_tag","embeddable":true,"href":"https:\/\/keluvo.com\/no\/wp-json\/wp\/v2\/product_tag?post=13943"}],"curies":[{"name":"wp","href":"https:\/\/api.w.org\/{rel}","templated":true}]}}