{"id":13925,"date":"2025-04-14T13:39:36","date_gmt":"2025-04-14T11:39:36","guid":{"rendered":"https:\/\/keluvo.com\/no\/produkt\/deksel-til-rattet\/"},"modified":"2025-04-14T13:40:48","modified_gmt":"2025-04-14T11:40:48","slug":"rattdeksel","status":"publish","type":"product","link":"https:\/\/keluvo.com\/no\/produkt\/rattdeksel\/","title":{"rendered":"Deksel til rattet"},"content":{"rendered":"<h2 class=\"\" style=\"text-align: center;\" data-start=\"0\" data-end=\"30\">\ud83d\udcaa Bedre grep under kj\u00f8ring<\/h2>\n<p class=\"\" style=\"text-align: center;\" data-start=\"31\" data-end=\"250\">Rattdekselet har en sklisikker overflate som hjelper deg \u00e5 holde rattet fastere. Dette gir deg bedre kontroll over bilen, selv under lange turer eller raske svinger. Det hjelper deg \u00e5 kj\u00f8re tryggere og mer komfortabelt.<\/p>\n<p data-start=\"31\" data-end=\"250\"><img decoding=\"async\" class=\"size-full wp-image-14430 aligncenter\" src=\"https:\/\/keluvo.com\/template\/wp-content\/uploads\/sites\/5\/2025\/04\/Steeringwheelvideo-ezgif.com-gif-to-webp-converter.webp\" alt=\"\" \/><\/p>\n<h2 style=\"text-align: center;\">Ultratynne trekorn<\/h2>\n<p style=\"text-align: center;\"><span style=\"font-weight: 400;\">F\u00e5 bilen din til \u00e5 se bedre ut og f\u00f8les bedre med v\u00e5rt elegante rattdeksel. Det er tynt, stilig og enkelt \u00e5 bruke.\u200b<\/span><\/p>\n<p data-start=\"278\" data-end=\"458\"><img decoding=\"async\" class=\"alignnone size-medium wp-image-13822 aligncenter\" src=\"https:\/\/keluvo.com\/template\/wp-content\/uploads\/sites\/5\/2025\/04\/S698e88632fa6496d8003238633c4cd30t.jpg_960x960q75.jpg_.jpeg\" alt=\"\" \/><\/p>\n<h2 style=\"text-align: center;\">\ud83c\udf1f Derfor vil du elske det<\/h2>\n<ul>\n<li style=\"font-weight: 400;\"><b>Slankt og stilig<\/b><span style=\"font-weight: 400;\">: Den ultratynne designen gir et moderne preg uten \u00e5 gj\u00f8re rattet klumpete.\u200b<\/span><\/li>\n<li style=\"font-weight: 400;\"><b>Sterkt materiale<\/b><span style=\"font-weight: 400;\">: Laget av h\u00f8ykvalitets trekornmateriale, det er bygget for \u00e5 vare.\u200b<\/span><\/li>\n<li style=\"font-weight: 400;\"><b>Passer til de fleste biler<\/b><span style=\"font-weight: 400;\">: Designet for \u00e5 passe til et bredt spekter av bilmodeller, noe som gj\u00f8r det til et allsidig tilbeh\u00f8r.\u200b<\/span><\/li>\n<li style=\"font-weight: 400;\"><b>Bruk hele \u00e5ret<\/b><span style=\"font-weight: 400;\">: Komfortabel i alle \u00e5rstider\u2014kj\u00f8lig om sommeren, varm om vinteren.\u200b<\/span><\/li>\n<li data-start=\"278\" data-end=\"458\"><b>Sklir ikke<\/b><span style=\"font-weight: 400;\">: Den strukturerte overflaten sikrer et godt grep for tryggere kj\u00f8ring.\u200b<\/span><\/li>\n<\/ul>\n<p><span style=\"font-weight: 400;\"><img decoding=\"async\" class=\"alignnone size-medium wp-image-13817 aligncenter\" src=\"https:\/\/keluvo.com\/template\/wp-content\/uploads\/sites\/5\/2025\/04\/40a2417c-7ae0-4a7b-a3d4-689ba6a5796a.webp\" alt=\"\" \/><\/span><\/p>\n<h2 style=\"text-align: center;\">\ud83d\udee0\ufe0f Produktdetaljer<\/h2>\n<ul>\n<li style=\"font-weight: 400;\"><b>Materiale<\/b><span style=\"font-weight: 400;\">: Slitesterkt trekornmateriale.\u200b<\/span><\/li>\n<li style=\"font-weight: 400;\"><b>Design<\/b><span style=\"font-weight: 400;\">: Ultratynn og lett.\u200b<\/span><\/li>\n<li style=\"font-weight: 400;\"><b>Kompatibilitet<\/b><span style=\"font-weight: 400;\">: Universell passform for de fleste ratt.\u200b<\/span><\/li>\n<li><b>Tekstur<\/b><span style=\"font-weight: 400;\">: Sklisikker overflate for bedre kontroll.\u200b<\/span><\/li>\n<\/ul>\n","protected":false},"excerpt":{"rendered":"<p>\ud83d\udcaa Bedre grep under kj\u00f8ring Rattdekselet har en sklisikker overflate som hjelper deg \u00e5 holde rattet fastere. Dette gir deg [&hellip;]<\/p>\n","protected":false},"featured_media":13921,"comment_status":"open","ping_status":"closed","template":"","meta":{"site-sidebar-layout":"default","site-content-layout":"","ast-site-content-layout":"default","site-content-style":"default","site-sidebar-style":"default","ast-global-header-display":"","ast-banner-title-visibility":"","ast-main-header-display":"","ast-hfb-above-header-display":"","ast-hfb-below-header-display":"","ast-hfb-mobile-header-display":"","site-post-title":"","ast-breadcrumbs-content":"","ast-featured-img":"","footer-sml-layout":"","theme-transparent-header-meta":"default","adv-header-id-meta":"","stick-header-meta":"","header-above-stick-meta":"","header-main-stick-meta":"","header-below-stick-meta":"","astra-migrate-meta-layouts":"set","ast-page-background-enabled":"default","ast-page-background-meta":{"desktop":{"background-color":"var(--ast-global-color-4)","background-image":"","background-repeat":"repeat","background-position":"center center","background-size":"auto","background-attachment":"scroll","background-type":"","background-media":"","overlay-type":"","overlay-color":"","overlay-opacity":"","overlay-gradient":""},"tablet":{"background-color":"","background-image":"","background-repeat":"repeat","background-position":"center center","background-size":"auto","background-attachment":"scroll","background-type":"","background-media":"","overlay-type":"","overlay-color":"","overlay-opacity":"","overlay-gradient":""},"mobile":{"background-color":"","background-image":"","background-repeat":"repeat","background-position":"center center","background-size":"auto","background-attachment":"scroll","background-type":"","background-media":"","overlay-type":"","overlay-color":"","overlay-opacity":"","overlay-gradient":""}},"ast-content-background-meta":{"desktop":{"background-color":"var(--ast-global-color-5)","background-image":"","background-repeat":"repeat","background-position":"center center","background-size":"auto","background-attachment":"scroll","background-type":"","background-media":"","overlay-type":"","overlay-color":"","overlay-opacity":"","overlay-gradient":""},"tablet":{"background-color":"var(--ast-global-color-5)","background-image":"","background-repeat":"repeat","background-position":"center center","background-size":"auto","background-attachment":"scroll","background-type":"","background-media":"","overlay-type":"","overlay-color":"","overlay-opacity":"","overlay-gradient":""},"mobile":{"background-color":"var(--ast-global-color-5)","background-image":"","background-repeat":"repeat","background-position":"center center","background-size":"auto","background-attachment":"scroll","background-type":"","background-media":"","overlay-type":"","overlay-color":"","overlay-opacity":"","overlay-gradient":""}}},"product_brand":[],"product_cat":[993],"product_tag":[],"class_list":{"0":"post-13925","1":"product","2":"type-product","3":"status-publish","4":"has-post-thumbnail","6":"product_cat-skotoy-tilbehor","7":"pa_46445_ywf27qgh-brun","8":"pa_46445_ywf27qgh-gra","9":"pa_46445_ywf27qgh-gul","10":"pa_46445_ywf27qgh-rod","11":"pa_46445_ywf27qgh-svart","12":"desktop-align-left","13":"tablet-align-left","14":"mobile-align-left","16":"first","17":"instock","18":"shipping-taxable","19":"purchasable","20":"product-type-variable"},"_links":{"self":[{"href":"https:\/\/keluvo.com\/no\/wp-json\/wp\/v2\/product\/13925","targetHints":{"allow":["GET"]}}],"collection":[{"href":"https:\/\/keluvo.com\/no\/wp-json\/wp\/v2\/product"}],"about":[{"href":"https:\/\/keluvo.com\/no\/wp-json\/wp\/v2\/types\/product"}],"replies":[{"embeddable":true,"href":"https:\/\/keluvo.com\/no\/wp-json\/wp\/v2\/comments?post=13925"}],"wp:featuredmedia":[{"embeddable":true,"href":"https:\/\/keluvo.com\/no\/wp-json\/wp\/v2\/media\/13921"}],"wp:attachment":[{"href":"https:\/\/keluvo.com\/no\/wp-json\/wp\/v2\/media?parent=13925"}],"wp:term":[{"taxonomy":"product_brand","embeddable":true,"href":"https:\/\/keluvo.com\/no\/wp-json\/wp\/v2\/product_brand?post=13925"},{"taxonomy":"product_cat","embeddable":true,"href":"https:\/\/keluvo.com\/no\/wp-json\/wp\/v2\/product_cat?post=13925"},{"taxonomy":"product_tag","embeddable":true,"href":"https:\/\/keluvo.com\/no\/wp-json\/wp\/v2\/product_tag?post=13925"}],"curies":[{"name":"wp","href":"https:\/\/api.w.org\/{rel}","templated":true}]}}