{"id":13920,"date":"2025-04-14T13:27:18","date_gmt":"2025-04-14T11:27:18","guid":{"rendered":"https:\/\/keluvo.com\/no\/produkt\/glassbeger-2\/"},"modified":"2025-07-21T13:29:29","modified_gmt":"2025-07-21T11:29:29","slug":"glassbeger","status":"publish","type":"product","link":"https:\/\/keluvo.com\/no\/produkt\/glassbeger\/","title":{"rendered":"Glassbeger"},"content":{"rendered":"<h2 style=\"text-align: center;\">\ud83c\udf77 Drikk med stil! \ud83c\udf77<\/h2>\n<p style=\"text-align: center;\"><span style=\"font-weight: 400;\">F\u00f8y til et snev av eleganse og moro til drinkene dine med v\u00e5rt kreative runde ballglass! Den unike formen og trerammen gj\u00f8r hver slurk spesiell.<\/span><\/p>\n<p><img decoding=\"async\" class=\"size-full wp-image-14426 aligncenter\" src=\"https:\/\/keluvo.com\/template\/wp-content\/uploads\/sites\/5\/2025\/04\/95013b9e-8fba-48da-81cd-c3961edaaf39.webp\" alt=\"\" \/><\/p>\n<h2 style=\"text-align: center;\">\ud83c\udf1f Derfor vil du elske det<\/h2>\n<ul>\n<li style=\"font-weight: 400;\"><b>Unik design<\/b><span style=\"font-weight: 400;\">: Den runde kuleformen med treramme skiller seg ut og tilf\u00f8rer sjarm til ethvert milj\u00f8.<\/span><\/li>\n<li style=\"font-weight: 400;\"><b>Klart glass<\/b><span style=\"font-weight: 400;\">: Laget av borosilikatglass av h\u00f8y kvalitet, det er sterkt og lar deg se de vakre fargene p\u00e5 drinkene dine.<\/span><\/li>\n<li style=\"font-weight: 400;\"><b>Perfekt for spesielle \u00f8yeblikk<\/b><span style=\"font-weight: 400;\">: Passer perfekt til romantiske middager, fester eller bare for \u00e5 slappe av hjemme.<\/span><\/li>\n<li style=\"font-weight: 400;\"><b>Ideell gave<\/b><span style=\"font-weight: 400;\">: En gjennomtenkt gave til venner, familie eller kj\u00e6re ved enhver anledning.<\/span><\/li>\n<\/ul>\n<p><span style=\"font-weight: 400;\"><img decoding=\"async\" class=\"alignnone size-medium wp-image-13864 aligncenter\" src=\"https:\/\/keluvo.com\/template\/wp-content\/uploads\/sites\/5\/2025\/04\/Sacc29872ceed476883400c0b4ec8f26bh.jpg_960x960q75.jpg_.jpeg\" alt=\"\" \/><\/span><\/p>\n<h2 style=\"text-align: center;\">\ud83d\udee0\ufe0f Produktdetaljer<\/h2>\n<ul>\n<li style=\"font-weight: 400;\"><b>Materiale<\/b><span style=\"font-weight: 400;\">: Borosilikatglass av h\u00f8y kvalitet med en solid treramme.<\/span><span style=\"font-weight: 400;\"><br \/>\n<\/span><\/li>\n<li style=\"font-weight: 400;\"><b>Design<\/b><span style=\"font-weight: 400;\">: Moderne og romantisk, perfekt for \u00e5 forbedre drikkeopplevelsen.<\/span><\/li>\n<li style=\"font-weight: 400;\"><span style=\"font-weight: 400;\"><b style=\"font-style: inherit;\">Bruk<\/b><span style=\"font-weight: 400;\">: Ideell for uformelle sammenkomster eller formelle middager.<\/span><\/span><\/li>\n<\/ul>\n<p data-start=\"242\" data-end=\"438\"><img decoding=\"async\" class=\"alignnone size-medium wp-image-13860 aligncenter\" src=\"https:\/\/keluvo.com\/template\/wp-content\/uploads\/sites\/5\/2025\/04\/S87a6272a24e34dc9a906d020eda2946dA.jpg_960x960q75.jpg_.jpeg\" alt=\"\" \/><\/p>\n<p style=\"text-align: center;\"><span style=\"font-weight: 400;\">Gi drikkevaresamlingen din et l\u00f8ft med denne stilige og funksjonelle glasskoppen.<\/span><\/p>\n<p style=\"text-align: center;\" data-start=\"242\" data-end=\"438\"><b>Legg i handlekurven<\/b><span style=\"font-weight: 400;\"> og nyt drikkevarene dine p\u00e5 en helt ny m\u00e5te!<\/span><\/p>\n","protected":false},"excerpt":{"rendered":"<p>\ud83c\udf77 Drikk med stil! \ud83c\udf77 F\u00f8y til et snev av eleganse og moro til drinkene dine med v\u00e5rt kreative runde [&hellip;]<\/p>\n","protected":false},"featured_media":13916,"comment_status":"open","ping_status":"closed","template":"","meta":{"site-sidebar-layout":"default","site-content-layout":"","ast-site-content-layout":"default","site-content-style":"default","site-sidebar-style":"default","ast-global-header-display":"","ast-banner-title-visibility":"","ast-main-header-display":"","ast-hfb-above-header-display":"","ast-hfb-below-header-display":"","ast-hfb-mobile-header-display":"","site-post-title":"","ast-breadcrumbs-content":"","ast-featured-img":"","footer-sml-layout":"","theme-transparent-header-meta":"default","adv-header-id-meta":"","stick-header-meta":"","header-above-stick-meta":"","header-main-stick-meta":"","header-below-stick-meta":"","astra-migrate-meta-layouts":"set","ast-page-background-enabled":"default","ast-page-background-meta":{"desktop":{"background-color":"var(--ast-global-color-4)","background-image":"","background-repeat":"repeat","background-position":"center center","background-size":"auto","background-attachment":"scroll","background-type":"","background-media":"","overlay-type":"","overlay-color":"","overlay-opacity":"","overlay-gradient":""},"tablet":{"background-color":"","background-image":"","background-repeat":"repeat","background-position":"center center","background-size":"auto","background-attachment":"scroll","background-type":"","background-media":"","overlay-type":"","overlay-color":"","overlay-opacity":"","overlay-gradient":""},"mobile":{"background-color":"","background-image":"","background-repeat":"repeat","background-position":"center center","background-size":"auto","background-attachment":"scroll","background-type":"","background-media":"","overlay-type":"","overlay-color":"","overlay-opacity":"","overlay-gradient":""}},"ast-content-background-meta":{"desktop":{"background-color":"var(--ast-global-color-5)","background-image":"","background-repeat":"repeat","background-position":"center center","background-size":"auto","background-attachment":"scroll","background-type":"","background-media":"","overlay-type":"","overlay-color":"","overlay-opacity":"","overlay-gradient":""},"tablet":{"background-color":"var(--ast-global-color-5)","background-image":"","background-repeat":"repeat","background-position":"center center","background-size":"auto","background-attachment":"scroll","background-type":"","background-media":"","overlay-type":"","overlay-color":"","overlay-opacity":"","overlay-gradient":""},"mobile":{"background-color":"var(--ast-global-color-5)","background-image":"","background-repeat":"repeat","background-position":"center center","background-size":"auto","background-attachment":"scroll","background-type":"","background-media":"","overlay-type":"","overlay-color":"","overlay-opacity":"","overlay-gradient":""}}},"product_brand":[],"product_cat":[1001],"product_tag":[],"class_list":{"0":"post-13920","1":"product","2":"type-product","3":"status-publish","4":"has-post-thumbnail","6":"product_cat-husholdningsartikler","7":"desktop-align-left","8":"tablet-align-left","9":"mobile-align-left","11":"first","12":"instock","13":"shipping-taxable","14":"purchasable","15":"product-type-variable"},"_links":{"self":[{"href":"https:\/\/keluvo.com\/no\/wp-json\/wp\/v2\/product\/13920","targetHints":{"allow":["GET"]}}],"collection":[{"href":"https:\/\/keluvo.com\/no\/wp-json\/wp\/v2\/product"}],"about":[{"href":"https:\/\/keluvo.com\/no\/wp-json\/wp\/v2\/types\/product"}],"replies":[{"embeddable":true,"href":"https:\/\/keluvo.com\/no\/wp-json\/wp\/v2\/comments?post=13920"}],"wp:featuredmedia":[{"embeddable":true,"href":"https:\/\/keluvo.com\/no\/wp-json\/wp\/v2\/media\/13916"}],"wp:attachment":[{"href":"https:\/\/keluvo.com\/no\/wp-json\/wp\/v2\/media?parent=13920"}],"wp:term":[{"taxonomy":"product_brand","embeddable":true,"href":"https:\/\/keluvo.com\/no\/wp-json\/wp\/v2\/product_brand?post=13920"},{"taxonomy":"product_cat","embeddable":true,"href":"https:\/\/keluvo.com\/no\/wp-json\/wp\/v2\/product_cat?post=13920"},{"taxonomy":"product_tag","embeddable":true,"href":"https:\/\/keluvo.com\/no\/wp-json\/wp\/v2\/product_tag?post=13920"}],"curies":[{"name":"wp","href":"https:\/\/api.w.org\/{rel}","templated":true}]}}