{"id":13910,"date":"2025-04-14T13:09:36","date_gmt":"2025-04-14T11:09:36","guid":{"rendered":"https:\/\/keluvo.com\/no\/produkt\/honningdispenser-2\/"},"modified":"2025-04-14T16:51:22","modified_gmt":"2025-04-14T14:51:22","slug":"honningdispenser","status":"publish","type":"product","link":"https:\/\/keluvo.com\/no\/produkt\/honningdispenser\/","title":{"rendered":"Honningdispenser"},"content":{"rendered":"<h2 style=\"text-align: center;\">\ud83c\udf6f Ikke mer klissete s\u00f8l!<\/h2>\n<p style=\"text-align: center;\"><span style=\"font-weight: 400;\">Si farvel til klissete flasker og hei til s\u00f8t, enkel skjenking med v\u00e5r honningdispenser som er enkel \u00e5 skjenke! Dette praktiske verkt\u00f8yet er designet for b\u00e5de barn og voksne, og gj\u00f8r det enkelt \u00e5 nyte honning, sirup og mer.<\/span><\/p>\n<p><img fetchpriority=\"high\" decoding=\"async\" width=\"500\" height=\"500\" class=\"size-full wp-image-14026 aligncenter\" src=\"https:\/\/keluvo.com\/no\/wp-content\/uploads\/sites\/10\/2025\/04\/honeyvideo-ezgif.com-gif-to-webp-converter.webp\" alt=\"\" srcset=\"https:\/\/keluvo.com\/no\/wp-content\/uploads\/sites\/10\/2025\/04\/honeyvideo-ezgif.com-gif-to-webp-converter.webp 500w, https:\/\/keluvo.com\/no\/wp-content\/uploads\/sites\/10\/2025\/04\/honeyvideo-ezgif.com-gif-to-webp-converter-300x300.webp 300w\" sizes=\"(max-width: 500px) 100vw, 500px\" \/><\/p>\n<h2 style=\"text-align: center;\">\ud83c\udf1f Derfor vil du elske den<\/h2>\n<ul>\n<li style=\"font-weight: 400;\"><b>Ingen drypp, ikke noe s\u00f8l<\/b><span style=\"font-weight: 400;\">: Bare trykk p\u00e5 avtrekkeren, s\u00e5 renner honningen jevnt &#8211; og stopper n\u00e5r du slipper. Ikke mer klissete s\u00f8l!\u200b<\/span><\/li>\n<li style=\"font-weight: 400;\"><b>Bunnstr\u00f8msdesign<\/b><span style=\"font-weight: 400;\">: Honningen renner ut fra bunnen, slik at du ikke trenger \u00e5 vente eller riste flasken.\u200b<\/span><\/li>\n<li style=\"font-weight: 400;\"><b>Perfekt for mange bruksomr\u00e5der<\/b><span style=\"font-weight: 400;\">: Perfekt til honning, sirup, sukker, sauser og til og med kokosolje.\u200b<\/span><span style=\"font-weight: 400;\"><br \/>\n<\/span><\/li>\n<\/ul>\n<p><img decoding=\"async\" class=\"alignnone size-medium wp-image-13707 aligncenter\" src=\"https:\/\/keluvo.com\/template\/wp-content\/uploads\/sites\/5\/2025\/04\/68557167-93ac-46f5-9260-477218a8fb15.webp\" alt=\"\" \/><\/p>\n<h2 style=\"text-align: center;\">\ud83d\udee0\ufe0f Produktdetaljer<\/h2>\n<ul>\n<li style=\"font-weight: 400;\"><b>Materiale<\/b><span style=\"font-weight: 400;\">: Robust glasskrukke med et blankt, kromfarget plastlokk.\u200b<\/span><\/li>\n<li style=\"font-weight: 400;\"><b>Kapasitet<\/b><span style=\"font-weight: 400;\">: Rommer 230 gram &#8211; akkurat passe stor til bordet ditt.\u200b<\/span><\/li>\n<li style=\"font-weight: 400;\"><b>Inkluderer<\/b><span style=\"font-weight: 400;\">: Et matchende stativ som holder dispenseren oppreist og klar til bruk.\u200b<\/span><br \/>\n<h2 class=\"\" style=\"text-align: center;\" data-start=\"184\" data-end=\"213\"><img decoding=\"async\" class=\"alignnone size-medium wp-image-13710 aligncenter\" style=\"font-size: 16px; font-style: inherit; font-weight: inherit;\" src=\"https:\/\/keluvo.com\/template\/wp-content\/uploads\/sites\/5\/2025\/04\/H1977095ec2214838acc8b1bea9eede445.jpg_960x960q75.jpg_.jpeg\" alt=\"\" \/><\/h2>\n<\/li>\n<\/ul>\n<p style=\"text-align: center;\"><span style=\"font-weight: 400;\">Denne honningdispenseren er ikke bare praktisk, men tilf\u00f8rer ogs\u00e5 kj\u00f8kkenet ditt et snev av sjarm. Det er en gjennomtenkt gave til bursdager, h\u00f8ytider, bryllup eller innflytting.\u200b<\/span><\/p>\n<h2 class=\"\" style=\"text-align: center;\" data-start=\"184\" data-end=\"213\"><\/h2>\n","protected":false},"excerpt":{"rendered":"<p>\ud83c\udf6f Ikke mer klissete s\u00f8l! Si farvel til klissete flasker og hei til s\u00f8t, enkel skjenking med v\u00e5r honningdispenser som [&hellip;]<\/p>\n","protected":false},"featured_media":13905,"comment_status":"open","ping_status":"closed","template":"","meta":{"site-sidebar-layout":"default","site-content-layout":"","ast-site-content-layout":"default","site-content-style":"default","site-sidebar-style":"default","ast-global-header-display":"","ast-banner-title-visibility":"","ast-main-header-display":"","ast-hfb-above-header-display":"","ast-hfb-below-header-display":"","ast-hfb-mobile-header-display":"","site-post-title":"","ast-breadcrumbs-content":"","ast-featured-img":"","footer-sml-layout":"","theme-transparent-header-meta":"default","adv-header-id-meta":"","stick-header-meta":"","header-above-stick-meta":"","header-main-stick-meta":"","header-below-stick-meta":"","astra-migrate-meta-layouts":"set","ast-page-background-enabled":"default","ast-page-background-meta":{"desktop":{"background-color":"var(--ast-global-color-4)","background-image":"","background-repeat":"repeat","background-position":"center center","background-size":"auto","background-attachment":"scroll","background-type":"","background-media":"","overlay-type":"","overlay-color":"","overlay-opacity":"","overlay-gradient":""},"tablet":{"background-color":"","background-image":"","background-repeat":"repeat","background-position":"center center","background-size":"auto","background-attachment":"scroll","background-type":"","background-media":"","overlay-type":"","overlay-color":"","overlay-opacity":"","overlay-gradient":""},"mobile":{"background-color":"","background-image":"","background-repeat":"repeat","background-position":"center center","background-size":"auto","background-attachment":"scroll","background-type":"","background-media":"","overlay-type":"","overlay-color":"","overlay-opacity":"","overlay-gradient":""}},"ast-content-background-meta":{"desktop":{"background-color":"var(--ast-global-color-5)","background-image":"","background-repeat":"repeat","background-position":"center center","background-size":"auto","background-attachment":"scroll","background-type":"","background-media":"","overlay-type":"","overlay-color":"","overlay-opacity":"","overlay-gradient":""},"tablet":{"background-color":"var(--ast-global-color-5)","background-image":"","background-repeat":"repeat","background-position":"center center","background-size":"auto","background-attachment":"scroll","background-type":"","background-media":"","overlay-type":"","overlay-color":"","overlay-opacity":"","overlay-gradient":""},"mobile":{"background-color":"var(--ast-global-color-5)","background-image":"","background-repeat":"repeat","background-position":"center center","background-size":"auto","background-attachment":"scroll","background-type":"","background-media":"","overlay-type":"","overlay-color":"","overlay-opacity":"","overlay-gradient":""}}},"product_brand":[],"product_cat":[1001],"product_tag":[],"class_list":{"0":"post-13910","1":"product","2":"type-product","3":"status-publish","4":"has-post-thumbnail","6":"product_cat-husholdningsartikler","7":"desktop-align-left","8":"tablet-align-left","9":"mobile-align-left","11":"first","12":"instock","13":"shipping-taxable","14":"purchasable","15":"product-type-simple"},"_links":{"self":[{"href":"https:\/\/keluvo.com\/no\/wp-json\/wp\/v2\/product\/13910","targetHints":{"allow":["GET"]}}],"collection":[{"href":"https:\/\/keluvo.com\/no\/wp-json\/wp\/v2\/product"}],"about":[{"href":"https:\/\/keluvo.com\/no\/wp-json\/wp\/v2\/types\/product"}],"replies":[{"embeddable":true,"href":"https:\/\/keluvo.com\/no\/wp-json\/wp\/v2\/comments?post=13910"}],"wp:featuredmedia":[{"embeddable":true,"href":"https:\/\/keluvo.com\/no\/wp-json\/wp\/v2\/media\/13905"}],"wp:attachment":[{"href":"https:\/\/keluvo.com\/no\/wp-json\/wp\/v2\/media?parent=13910"}],"wp:term":[{"taxonomy":"product_brand","embeddable":true,"href":"https:\/\/keluvo.com\/no\/wp-json\/wp\/v2\/product_brand?post=13910"},{"taxonomy":"product_cat","embeddable":true,"href":"https:\/\/keluvo.com\/no\/wp-json\/wp\/v2\/product_cat?post=13910"},{"taxonomy":"product_tag","embeddable":true,"href":"https:\/\/keluvo.com\/no\/wp-json\/wp\/v2\/product_tag?post=13910"}],"curies":[{"name":"wp","href":"https:\/\/api.w.org\/{rel}","templated":true}]}}