{"id":13521,"date":"2025-04-13T18:54:33","date_gmt":"2025-04-13T16:54:33","guid":{"rendered":"https:\/\/keluvo.com\/no\/produkt\/granulat-til-reparasjon-av-tenner\/"},"modified":"2025-12-15T18:10:18","modified_gmt":"2025-12-15T16:10:18","slug":"granulat-til-reparasjon-av-tenner-1","status":"publish","type":"product","link":"https:\/\/keluvo.com\/no\/produkt\/granulat-til-reparasjon-av-tenner-1\/","title":{"rendered":"Granulat til reparasjon av tenner"},"content":{"rendered":"<h2 style=\"text-align: center;\" data-start=\"40\" data-end=\"112\">\ud83e\uddb7 Rask og enkel midlertidig l\u00f8sning for smilet ditt<\/h2>\n<p class=\"\" style=\"text-align: center;\" data-start=\"114\" data-end=\"195\">Har du tilfeldigvis fliset en tann eller har du et hull du \u00f8nsker \u00e5 skjule? V\u00e5re tannreparasjons-granulater tilbyr en rask, enkel og trygg l\u00f8sning for \u00e5 gjenopprette ditt selvsikre smil \u2013 alt hjemmefra<\/p>\n<p data-start=\"114\" data-end=\"195\"><img decoding=\"async\" class=\"size-full wp-image-14268 aligncenter\" src=\"https:\/\/keluvo.com\/template\/wp-content\/uploads\/sites\/5\/2025\/04\/main-image-4.jpg\" alt=\"\" \/><\/p>\n<h2 style=\"text-align: center;\" data-start=\"202\" data-end=\"249\">\u2705 Hvorfor velge v\u00e5re tannreparasjons-granulater?<\/h2>\n<ul data-start=\"251\" data-end=\"801\">\n<li class=\"\" data-start=\"251\" data-end=\"365\">\n<p class=\"\" data-start=\"253\" data-end=\"365\"><strong>\u00d8yeblikkelig Forbedring av Smilet<\/strong>: Formbare granulater fyller ut manglende eller \u00f8delagte tenner og gir en midlertidig l\u00f8sning som ser naturlig ut.\u200b\u200b<\/p>\n<\/li>\n<li class=\"\" data-start=\"367\" data-end=\"481\">\n<p class=\"\" data-start=\"369\" data-end=\"481\"><strong>Brukervennlig P\u00e5f\u00f8ring<\/strong>: Ingen spesialverkt\u00f8y kreves. Bare varm granulatene i varmt vann, form dem og p\u00e5f\u00f8r dem p\u00e5 det ber\u00f8rte omr\u00e5det\u200b<\/p>\n<\/li>\n<li class=\"\" data-start=\"483\" data-end=\"588\">\n<p class=\"\" data-start=\"485\" data-end=\"588\"><strong>Trygt &amp; Ufarlig<\/strong>: Laget av n\u00e6ringsmiddel-godkjent plastmateriale, noe som garanterer sikkerhet selv om det svelges ved et uhell.\u200b<\/p>\n<\/li>\n<li class=\"\" data-start=\"590\" data-end=\"693\">\n<p class=\"\" data-start=\"592\" data-end=\"693\"><strong>Langvarig Hold<\/strong>: N\u00e5r reparasjonen er satt, kan den holde i en lengre periode, slik at smilet ditt forblir intakt.<\/p>\n<\/li>\n<li class=\"\" data-start=\"695\" data-end=\"801\">\n<p class=\"\" data-start=\"697\" data-end=\"801\"><strong>Allsidig Bruk<\/strong>: Ideell for midlertidige reparasjoner under fotoshoots, intervjuer eller sosiale arrangementer.<\/p>\n<\/li>\n<\/ul>\n<p><img decoding=\"async\" class=\"size-full wp-image-14271 aligncenter\" src=\"https:\/\/keluvo.com\/template\/wp-content\/uploads\/sites\/5\/2025\/04\/4131850a-bd4a-475f-8a08-ed024a239cc9.webp\" alt=\"\" \/><\/p>\n<h2 style=\"text-align: center;\" data-start=\"808\" data-end=\"834\">\ud83d\udce6 Produktdetaljer<\/h2>\n<ul data-start=\"836\" data-end=\"1463\">\n<li class=\"\" data-start=\"943\" data-end=\"1044\">\n<p class=\"\" data-start=\"945\" data-end=\"1044\"><strong data-start=\"945\" data-end=\"957\">Kapasitet<\/strong>: <span class=\"relative -mx-px my-[-0.2rem] rounded px-px py-[0.2rem] transition-colors duration-100 ease-in-out\">30 ml<\/span>\u200b<\/p>\n<\/li>\n<li class=\"\" data-start=\"1046\" data-end=\"1147\">\n<p class=\"\" data-start=\"1048\" data-end=\"1147\"><strong data-start=\"1048\" data-end=\"1060\">Materiale<\/strong>: Matvare-godkjent plast\u200b\u200b<\/p>\n<\/li>\n<li class=\"\" data-start=\"1149\" data-end=\"1252\">\n<p class=\"\" data-start=\"1151\" data-end=\"1252\"><strong data-start=\"1151\" data-end=\"1165\">Holdbarhet<\/strong>: <span class=\"relative -mx-px my-[-0.2rem] rounded px-px py-[0.2rem] transition-colors duration-100 ease-in-out\">3 \u00e5r<\/span><\/p>\n<\/li>\n<li class=\"\" data-start=\"1254\" data-end=\"1352\">\n<p class=\"\" data-start=\"1256\" data-end=\"1352\"><strong data-start=\"1256\" data-end=\"1265\">Farge<\/strong>: Hvit (kan justeres for \u00e5 matche fargen p\u00e5 tennene dine ved \u00e5 bl\u00f8tlegge i te)<\/p>\n<\/li>\n<\/ul>\n","protected":false},"excerpt":{"rendered":"<p>\ud83e\uddb7 Rask og enkel midlertidig l\u00f8sning for smilet ditt Har du tilfeldigvis fliset en tann eller har du et hull [&hellip;]<\/p>\n","protected":false},"featured_media":13517,"comment_status":"open","ping_status":"closed","template":"","meta":{"site-sidebar-layout":"default","site-content-layout":"","ast-site-content-layout":"default","site-content-style":"default","site-sidebar-style":"default","ast-global-header-display":"","ast-banner-title-visibility":"","ast-main-header-display":"","ast-hfb-above-header-display":"","ast-hfb-below-header-display":"","ast-hfb-mobile-header-display":"","site-post-title":"","ast-breadcrumbs-content":"","ast-featured-img":"","footer-sml-layout":"","theme-transparent-header-meta":"default","adv-header-id-meta":"","stick-header-meta":"","header-above-stick-meta":"","header-main-stick-meta":"","header-below-stick-meta":"","astra-migrate-meta-layouts":"set","ast-page-background-enabled":"default","ast-page-background-meta":{"desktop":{"background-color":"var(--ast-global-color-4)","background-image":"","background-repeat":"repeat","background-position":"center center","background-size":"auto","background-attachment":"scroll","background-type":"","background-media":"","overlay-type":"","overlay-color":"","overlay-opacity":"","overlay-gradient":""},"tablet":{"background-color":"","background-image":"","background-repeat":"repeat","background-position":"center center","background-size":"auto","background-attachment":"scroll","background-type":"","background-media":"","overlay-type":"","overlay-color":"","overlay-opacity":"","overlay-gradient":""},"mobile":{"background-color":"","background-image":"","background-repeat":"repeat","background-position":"center center","background-size":"auto","background-attachment":"scroll","background-type":"","background-media":"","overlay-type":"","overlay-color":"","overlay-opacity":"","overlay-gradient":""}},"ast-content-background-meta":{"desktop":{"background-color":"var(--ast-global-color-5)","background-image":"","background-repeat":"repeat","background-position":"center center","background-size":"auto","background-attachment":"scroll","background-type":"","background-media":"","overlay-type":"","overlay-color":"","overlay-opacity":"","overlay-gradient":""},"tablet":{"background-color":"var(--ast-global-color-5)","background-image":"","background-repeat":"repeat","background-position":"center center","background-size":"auto","background-attachment":"scroll","background-type":"","background-media":"","overlay-type":"","overlay-color":"","overlay-opacity":"","overlay-gradient":""},"mobile":{"background-color":"var(--ast-global-color-5)","background-image":"","background-repeat":"repeat","background-position":"center center","background-size":"auto","background-attachment":"scroll","background-type":"","background-media":"","overlay-type":"","overlay-color":"","overlay-opacity":"","overlay-gradient":""}}},"product_brand":[],"product_cat":[992],"product_tag":[],"class_list":{"0":"post-13521","1":"product","2":"type-product","3":"status-publish","4":"has-post-thumbnail","6":"product_cat-skjonnhets-og-hygieneprodukter","7":"pa_46510_rhi86mrs-1-stk","8":"pa_46510_rhi86mrs-2-stk","9":"pa_46510_rhi86mrs-4-stk","10":"desktop-align-left","11":"tablet-align-left","12":"mobile-align-left","14":"first","15":"instock","16":"shipping-taxable","17":"purchasable","18":"product-type-variable"},"_links":{"self":[{"href":"https:\/\/keluvo.com\/no\/wp-json\/wp\/v2\/product\/13521","targetHints":{"allow":["GET"]}}],"collection":[{"href":"https:\/\/keluvo.com\/no\/wp-json\/wp\/v2\/product"}],"about":[{"href":"https:\/\/keluvo.com\/no\/wp-json\/wp\/v2\/types\/product"}],"replies":[{"embeddable":true,"href":"https:\/\/keluvo.com\/no\/wp-json\/wp\/v2\/comments?post=13521"}],"wp:featuredmedia":[{"embeddable":true,"href":"https:\/\/keluvo.com\/no\/wp-json\/wp\/v2\/media\/13517"}],"wp:attachment":[{"href":"https:\/\/keluvo.com\/no\/wp-json\/wp\/v2\/media?parent=13521"}],"wp:term":[{"taxonomy":"product_brand","embeddable":true,"href":"https:\/\/keluvo.com\/no\/wp-json\/wp\/v2\/product_brand?post=13521"},{"taxonomy":"product_cat","embeddable":true,"href":"https:\/\/keluvo.com\/no\/wp-json\/wp\/v2\/product_cat?post=13521"},{"taxonomy":"product_tag","embeddable":true,"href":"https:\/\/keluvo.com\/no\/wp-json\/wp\/v2\/product_tag?post=13521"}],"curies":[{"name":"wp","href":"https:\/\/api.w.org\/{rel}","templated":true}]}}