{"id":13509,"date":"2025-04-13T18:50:05","date_gmt":"2025-04-13T16:50:05","guid":{"rendered":"https:\/\/keluvo.com\/no\/produkt\/harkrem-eelhoe-straight\/"},"modified":"2025-04-13T22:06:06","modified_gmt":"2025-04-13T20:06:06","slug":"harkrem-eelhoe-straight","status":"publish","type":"product","link":"https:\/\/keluvo.com\/no\/produkt\/harkrem-eelhoe-straight\/","title":{"rendered":"H\u00e5rkrem EELHOE STRAIGHT"},"content":{"rendered":"<h2 style=\"text-align: center;\" data-start=\"40\" data-end=\"90\">\u2728 Glatt, rett og skinnende h\u00e5r &#8211; p\u00e5 f\u00e5 minutter<\/h2>\n<p class=\"\" style=\"text-align: center;\" data-start=\"92\" data-end=\"211\">Si farvel til krus og hei til glatt, h\u00e5ndterbart h\u00e5r med v\u00e5r glatte-krem. Denne brukervennlige behandlingen forvandler kr\u00f8llete, b\u00f8lgete eller uregjerlig h\u00e5r til glatte, rette lokker \u2013 alt hjemmefra.<\/p>\n<p data-start=\"92\" data-end=\"211\"><img decoding=\"async\" class=\"size-full wp-image-14262 aligncenter\" src=\"https:\/\/keluvo.com\/template\/wp-content\/uploads\/sites\/5\/2025\/04\/ezgif.com-webp-maker.webp\" alt=\"\" \/><\/p>\n<h2 style=\"text-align: center;\" data-start=\"218\" data-end=\"243\">\ud83c\udf1f Hvorfor du vil elske den<\/h2>\n<ul data-start=\"245\" data-end=\"869\">\n<li class=\"\" data-start=\"245\" data-end=\"349\">\n<p class=\"\" data-start=\"247\" data-end=\"349\"><strong data-start=\"247\" data-end=\"266\">\u00d8yeblikkelige Resultater<\/strong>: <span class=\"relative -mx-px my-[-0.2rem] rounded px-px py-[0.2rem] transition-colors duration-100 ease-in-out\">Oppn\u00e5 silkemykt, glatt h\u00e5r med bare \u00e9n p\u00e5f\u00f8ring &#8211; uten behov for oppvarmede verkt\u00f8y eller salongbes\u00f8k.<\/span><\/p>\n<\/li>\n<li class=\"\" data-start=\"350\" data-end=\"515\">\n<p class=\"\" data-start=\"352\" data-end=\"515\"><strong data-start=\"352\" data-end=\"378\">N\u00e6rende Ingredienser<\/strong>: Inneholder kollagen, glyserin og planteekstrakter som gir fuktighet og styrker h\u00e5ret ditt.<\/p>\n<\/li>\n<li class=\"\" data-start=\"516\" data-end=\"656\">\n<p class=\"\" data-start=\"518\" data-end=\"656\"><strong data-start=\"518\" data-end=\"539\">Krusfri Finish<\/strong>: T\u00f8yler buster og reduserer statisk elektrisitet, og etterlater h\u00e5ret glansfullt og glatt.<\/p>\n<\/li>\n<li class=\"\" data-start=\"657\" data-end=\"759\">\n<p class=\"\" data-start=\"659\" data-end=\"759\"><strong data-start=\"659\" data-end=\"676\">Trygt &amp; Sk\u00e5nsomt<\/strong>: <span class=\"relative -mx-px my-[-0.2rem] rounded px-px py-[0.2rem] transition-colors duration-100 ease-in-out\">Formulert med milde ingredienser som beskytter h\u00e5r og hodebunn.<\/span><\/p>\n<\/li>\n<li class=\"\" data-start=\"760\" data-end=\"869\">\n<p class=\"\" data-start=\"762\" data-end=\"869\"><strong data-start=\"762\" data-end=\"782\">Enkel P\u00e5f\u00f8ring<\/strong>: Enkel tre-trinns prosess \u2013 vask, p\u00e5f\u00f8r og skyll.<\/p>\n<\/li>\n<\/ul>\n<p><img decoding=\"async\" class=\"size-full wp-image-14256 aligncenter\" src=\"https:\/\/keluvo.com\/template\/wp-content\/uploads\/sites\/5\/2025\/04\/main-image-3.jpeg\" alt=\"\" \/><\/p>\n<h2 style=\"text-align: center;\" data-start=\"92\" data-end=\"211\">\u200b<strong>\ud83e\uddf4 Produktdetaljer<\/strong><\/h2>\n<ul data-start=\"900\" data-end=\"1699\">\n<li style=\"list-style-type: none;\">\n<ul data-start=\"900\" data-end=\"1699\">\n<li class=\"\" data-start=\"998\" data-end=\"1099\">\n<p class=\"\" data-start=\"1000\" data-end=\"1099\"><strong data-start=\"1000\" data-end=\"1012\">Kapasitet<\/strong>: <span class=\"relative -mx-px my-[-0.2rem] rounded px-px py-[0.2rem] transition-colors duration-100 ease-in-out\">60 ml<\/span><\/p>\n<\/li>\n<li class=\"\" data-start=\"1100\" data-end=\"1203\">\n<p class=\"\" data-start=\"1102\" data-end=\"1203\"><strong data-start=\"1102\" data-end=\"1116\">Holdbarhet<\/strong>: <span class=\"relative -mx-px my-[-0.2rem] rounded px-px py-[0.2rem] transition-colors duration-100 ease-in-out\">3 \u00e5r<\/span><\/p>\n<\/li>\n<li class=\"\" data-start=\"1204\" data-end=\"1309\">\n<p class=\"\" data-start=\"1206\" data-end=\"1309\"><strong>Passer til<\/strong>: <span class=\"relative -mx-px my-[-0.2rem] rounded px-px py-[0.2rem] transition-colors duration-100 ease-in-out\">Alle h\u00e5rtyper, spesielt kr\u00f8llete eller skadet h\u00e5r<\/span><\/p>\n<\/li>\n<li class=\"\" data-start=\"1310\" data-end=\"1699\">\n<p class=\"\" data-start=\"1312\" data-end=\"1328\"><strong data-start=\"1312\" data-end=\"1327\">Anvendelsestrinn<\/strong>:<\/p>\n<ol data-start=\"1331\" data-end=\"1699\">\n<li class=\"\" data-start=\"1331\" data-end=\"1419\">\n<p class=\"\" data-start=\"1334\" data-end=\"1419\"><span class=\"relative -mx-px my-[-0.2rem] rounded px-px py-[0.2rem] transition-colors duration-100 ease-in-out\">Vask h\u00e5ret med sjampo og t\u00f8rk det med h\u00e5ndkle til det er halvt\u00f8rt.<\/span><\/p>\n<\/li>\n<li class=\"\" data-start=\"1422\" data-end=\"1608\">\n<p class=\"\" data-start=\"1425\" data-end=\"1510\"><span class=\"relative -mx-px my-[-0.2rem] rounded px-px py-[0.2rem] transition-colors duration-100 ease-in-out\">P\u00e5f\u00f8r kremen jevnt i h\u00e5ret.<\/span><\/p>\n<ul data-start=\"1516\" data-end=\"1608\">\n<li class=\"\" data-start=\"1516\" data-end=\"1559\">\n<p class=\"\" data-start=\"1518\" data-end=\"1559\">La virke i 20-30 minutter for sunt h\u00e5r.<\/p>\n<\/li>\n<li class=\"\" data-start=\"1565\" data-end=\"1608\">\n<p class=\"\" data-start=\"1567\" data-end=\"1608\">La virke i 10-20 minutter for skadet h\u00e5r.<\/p>\n<\/li>\n<\/ul>\n<\/li>\n<li class=\"\" data-start=\"1611\" data-end=\"1699\">\n<p class=\"\" data-start=\"1614\" data-end=\"1699\"><span class=\"relative -mx-px my-[-0.2rem] rounded px-px py-[0.2rem] transition-colors duration-100 ease-in-out\">Skyll grundig med vann.<\/span><\/p>\n<\/li>\n<\/ol>\n<\/li>\n<\/ul>\n<\/li>\n<\/ul>\n","protected":false},"excerpt":{"rendered":"<p>\u2728 Glatt, rett og skinnende h\u00e5r &#8211; p\u00e5 f\u00e5 minutter Si farvel til krus og hei til glatt, h\u00e5ndterbart h\u00e5r [&hellip;]<\/p>\n","protected":false},"featured_media":13505,"comment_status":"open","ping_status":"closed","template":"","meta":{"site-sidebar-layout":"default","site-content-layout":"","ast-site-content-layout":"default","site-content-style":"default","site-sidebar-style":"default","ast-global-header-display":"","ast-banner-title-visibility":"","ast-main-header-display":"","ast-hfb-above-header-display":"","ast-hfb-below-header-display":"","ast-hfb-mobile-header-display":"","site-post-title":"","ast-breadcrumbs-content":"","ast-featured-img":"","footer-sml-layout":"","theme-transparent-header-meta":"default","adv-header-id-meta":"","stick-header-meta":"","header-above-stick-meta":"","header-main-stick-meta":"","header-below-stick-meta":"","astra-migrate-meta-layouts":"set","ast-page-background-enabled":"default","ast-page-background-meta":{"desktop":{"background-color":"var(--ast-global-color-4)","background-image":"","background-repeat":"repeat","background-position":"center center","background-size":"auto","background-attachment":"scroll","background-type":"","background-media":"","overlay-type":"","overlay-color":"","overlay-opacity":"","overlay-gradient":""},"tablet":{"background-color":"","background-image":"","background-repeat":"repeat","background-position":"center center","background-size":"auto","background-attachment":"scroll","background-type":"","background-media":"","overlay-type":"","overlay-color":"","overlay-opacity":"","overlay-gradient":""},"mobile":{"background-color":"","background-image":"","background-repeat":"repeat","background-position":"center center","background-size":"auto","background-attachment":"scroll","background-type":"","background-media":"","overlay-type":"","overlay-color":"","overlay-opacity":"","overlay-gradient":""}},"ast-content-background-meta":{"desktop":{"background-color":"var(--ast-global-color-5)","background-image":"","background-repeat":"repeat","background-position":"center center","background-size":"auto","background-attachment":"scroll","background-type":"","background-media":"","overlay-type":"","overlay-color":"","overlay-opacity":"","overlay-gradient":""},"tablet":{"background-color":"var(--ast-global-color-5)","background-image":"","background-repeat":"repeat","background-position":"center center","background-size":"auto","background-attachment":"scroll","background-type":"","background-media":"","overlay-type":"","overlay-color":"","overlay-opacity":"","overlay-gradient":""},"mobile":{"background-color":"var(--ast-global-color-5)","background-image":"","background-repeat":"repeat","background-position":"center center","background-size":"auto","background-attachment":"scroll","background-type":"","background-media":"","overlay-type":"","overlay-color":"","overlay-opacity":"","overlay-gradient":""}}},"product_brand":[],"product_cat":[15],"product_tag":[],"class_list":{"0":"post-13509","1":"product","2":"type-product","3":"status-publish","4":"has-post-thumbnail","6":"product_cat-uncategorized","7":"pa_22317_ywevein7-1-stk","8":"pa_22317_ywevein7-2-stk","9":"pa_22317_ywevein7-4-stk","10":"desktop-align-left","11":"tablet-align-left","12":"mobile-align-left","14":"first","15":"instock","16":"shipping-taxable","17":"purchasable","18":"product-type-variable"},"_links":{"self":[{"href":"https:\/\/keluvo.com\/no\/wp-json\/wp\/v2\/product\/13509","targetHints":{"allow":["GET"]}}],"collection":[{"href":"https:\/\/keluvo.com\/no\/wp-json\/wp\/v2\/product"}],"about":[{"href":"https:\/\/keluvo.com\/no\/wp-json\/wp\/v2\/types\/product"}],"replies":[{"embeddable":true,"href":"https:\/\/keluvo.com\/no\/wp-json\/wp\/v2\/comments?post=13509"}],"wp:featuredmedia":[{"embeddable":true,"href":"https:\/\/keluvo.com\/no\/wp-json\/wp\/v2\/media\/13505"}],"wp:attachment":[{"href":"https:\/\/keluvo.com\/no\/wp-json\/wp\/v2\/media?parent=13509"}],"wp:term":[{"taxonomy":"product_brand","embeddable":true,"href":"https:\/\/keluvo.com\/no\/wp-json\/wp\/v2\/product_brand?post=13509"},{"taxonomy":"product_cat","embeddable":true,"href":"https:\/\/keluvo.com\/no\/wp-json\/wp\/v2\/product_cat?post=13509"},{"taxonomy":"product_tag","embeddable":true,"href":"https:\/\/keluvo.com\/no\/wp-json\/wp\/v2\/product_tag?post=13509"}],"curies":[{"name":"wp","href":"https:\/\/api.w.org\/{rel}","templated":true}]}}