{"id":13397,"date":"2025-04-12T11:36:41","date_gmt":"2025-04-12T09:36:41","guid":{"rendered":"https:\/\/keluvo.com\/no\/?post_type=product&#038;p=13397"},"modified":"2025-04-15T16:39:53","modified_gmt":"2025-04-15T14:39:53","slug":"solsikke-armatur-1","status":"publish","type":"product","link":"https:\/\/keluvo.com\/no\/produkt\/solsikke-armatur-1\/","title":{"rendered":"Solsikke &#8211; armatur"},"content":{"rendered":"<h2 style=\"text-align: center;\"><strong>Slitesterk og v\u00e6rbestandig<\/strong><\/h2>\n<p style=\"text-align: center;\">Solsikkep\u00e6ren er laget av slitesterkt glass og ABS-plast, noe som gj\u00f8r den motstandsdyktig mot et bredt spekter av v\u00e6rforhold. Den er v\u00e6rbestandig og IP65-beskyttet, noe som gj\u00f8r den ideell for utend\u00f8rs bruk \u00e5ret rundt. Lyset fortsetter \u00e5 skinne sterkt og skaper en herlig atmosf\u00e6re i hagen din.<\/p>\n<p><img fetchpriority=\"high\" decoding=\"async\" class=\"size-full wp-image-13102 aligncenter\" src=\"https:\/\/keluvo.com\/lt\/wp-content\/uploads\/sites\/29\/2025\/04\/main-image-2-7.jpeg\" alt=\"\" width=\"900\" height=\"900\" \/><\/p>\n<h2><\/h2>\n<h2 style=\"text-align: center;\"><strong>Automatisk av\/p\u00e5-funksjon<\/strong><\/h2>\n<p style=\"text-align: center;\">Solsikkep\u00e6ren sl\u00e5r seg automatisk p\u00e5 om natten og av om dagen. Etter \u00e5 ha v\u00e6rt eksponert for sollys i 6-8 timer, er den fullt oppladbar og kan fungere i 8-10 timer. Denne praktiske funksjonen gj\u00f8r at du ikke trenger \u00e5 bekymre deg for \u00e5 sl\u00e5 den av eller p\u00e5 manuelt.<\/p>\n<p><img decoding=\"async\" class=\"size-full wp-image-13104 aligncenter\" src=\"https:\/\/keluvo.com\/lt\/wp-content\/uploads\/sites\/29\/2025\/04\/main-image-6-8.jpeg\" alt=\"\" width=\"900\" height=\"900\" \/><\/p>\n","protected":false},"excerpt":{"rendered":"<p>Slitesterk og v\u00e6rbestandig Solsikkep\u00e6ren er laget av slitesterkt glass og ABS-plast, noe som gj\u00f8r den motstandsdyktig mot et bredt spekter [&hellip;]<\/p>\n","protected":false},"featured_media":13398,"comment_status":"open","ping_status":"closed","template":"","meta":{"site-sidebar-layout":"default","site-content-layout":"","ast-site-content-layout":"default","site-content-style":"default","site-sidebar-style":"default","ast-global-header-display":"","ast-banner-title-visibility":"","ast-main-header-display":"","ast-hfb-above-header-display":"","ast-hfb-below-header-display":"","ast-hfb-mobile-header-display":"","site-post-title":"","ast-breadcrumbs-content":"","ast-featured-img":"","footer-sml-layout":"","theme-transparent-header-meta":"default","adv-header-id-meta":"","stick-header-meta":"","header-above-stick-meta":"","header-main-stick-meta":"","header-below-stick-meta":"","astra-migrate-meta-layouts":"set","ast-page-background-enabled":"default","ast-page-background-meta":{"desktop":{"background-color":"var(--ast-global-color-4)","background-image":"","background-repeat":"repeat","background-position":"center center","background-size":"auto","background-attachment":"scroll","background-type":"","background-media":"","overlay-type":"","overlay-color":"","overlay-opacity":"","overlay-gradient":""},"tablet":{"background-color":"","background-image":"","background-repeat":"repeat","background-position":"center center","background-size":"auto","background-attachment":"scroll","background-type":"","background-media":"","overlay-type":"","overlay-color":"","overlay-opacity":"","overlay-gradient":""},"mobile":{"background-color":"","background-image":"","background-repeat":"repeat","background-position":"center center","background-size":"auto","background-attachment":"scroll","background-type":"","background-media":"","overlay-type":"","overlay-color":"","overlay-opacity":"","overlay-gradient":""}},"ast-content-background-meta":{"desktop":{"background-color":"var(--ast-global-color-5)","background-image":"","background-repeat":"repeat","background-position":"center center","background-size":"auto","background-attachment":"scroll","background-type":"","background-media":"","overlay-type":"","overlay-color":"","overlay-opacity":"","overlay-gradient":""},"tablet":{"background-color":"var(--ast-global-color-5)","background-image":"","background-repeat":"repeat","background-position":"center center","background-size":"auto","background-attachment":"scroll","background-type":"","background-media":"","overlay-type":"","overlay-color":"","overlay-opacity":"","overlay-gradient":""},"mobile":{"background-color":"var(--ast-global-color-5)","background-image":"","background-repeat":"repeat","background-position":"center center","background-size":"auto","background-attachment":"scroll","background-type":"","background-media":"","overlay-type":"","overlay-color":"","overlay-opacity":"","overlay-gradient":""}}},"product_brand":[],"product_cat":[1001],"product_tag":[],"class_list":{"0":"post-13397","1":"product","2":"type-product","3":"status-publish","4":"has-post-thumbnail","6":"product_cat-husholdningsartikler","7":"desktop-align-left","8":"tablet-align-left","9":"mobile-align-left","11":"first","12":"instock","13":"shipping-taxable","14":"purchasable","15":"product-type-simple"},"_links":{"self":[{"href":"https:\/\/keluvo.com\/no\/wp-json\/wp\/v2\/product\/13397","targetHints":{"allow":["GET"]}}],"collection":[{"href":"https:\/\/keluvo.com\/no\/wp-json\/wp\/v2\/product"}],"about":[{"href":"https:\/\/keluvo.com\/no\/wp-json\/wp\/v2\/types\/product"}],"replies":[{"embeddable":true,"href":"https:\/\/keluvo.com\/no\/wp-json\/wp\/v2\/comments?post=13397"}],"wp:featuredmedia":[{"embeddable":true,"href":"https:\/\/keluvo.com\/no\/wp-json\/wp\/v2\/media\/13398"}],"wp:attachment":[{"href":"https:\/\/keluvo.com\/no\/wp-json\/wp\/v2\/media?parent=13397"}],"wp:term":[{"taxonomy":"product_brand","embeddable":true,"href":"https:\/\/keluvo.com\/no\/wp-json\/wp\/v2\/product_brand?post=13397"},{"taxonomy":"product_cat","embeddable":true,"href":"https:\/\/keluvo.com\/no\/wp-json\/wp\/v2\/product_cat?post=13397"},{"taxonomy":"product_tag","embeddable":true,"href":"https:\/\/keluvo.com\/no\/wp-json\/wp\/v2\/product_tag?post=13397"}],"curies":[{"name":"wp","href":"https:\/\/api.w.org\/{rel}","templated":true}]}}