{"id":13278,"date":"2025-04-11T17:54:38","date_gmt":"2025-04-11T15:54:38","guid":{"rendered":"https:\/\/keluvo.com\/no\/produkt\/hodeskalle-ring\/"},"modified":"2025-04-11T17:55:03","modified_gmt":"2025-04-11T15:55:03","slug":"hodeskalle-ring","status":"publish","type":"product","link":"https:\/\/keluvo.com\/no\/produkt\/hodeskalle-ring\/","title":{"rendered":"Hodeskalle-ring"},"content":{"rendered":"<h2 style=\"text-align: center\" data-start=\"103\" data-end=\"130\"><strong>Dristig Og I\u00f8ynefallende<\/strong><\/h2>\n<p class=\"\" style=\"text-align: center\" data-start=\"131\" data-end=\"329\">D\u00f8dskalleringen har et sterkt og detaljert design som skiller seg ut. Gullfargen og h\u00f8vdingformen gir den et dristig og unikt utseende. Den er perfekt for alle som liker kraftfulle og stilige smykker.<\/p>\n<p data-start=\"131\" data-end=\"329\"><img decoding=\"async\" class=\"alignnone size-full wp-image-14098 aligncenter\" src=\"https:\/\/keluvo.com\/template\/wp-content\/uploads\/sites\/5\/2025\/04\/UTB8oED5revJXKJkSajhq6A7aFXaG.jpg_960x960q75.jpg_.jpeg\" alt=\"\" \/><\/p>\n<h2 style=\"text-align: center\" data-start=\"331\" data-end=\"349\"><strong>Laget For \u00c5 Vare<\/strong><\/h2>\n<p class=\"\" style=\"text-align: center\" data-start=\"350\" data-end=\"515\">Denne hodeskalleringen er laget av rustfritt st\u00e5l av h\u00f8y kvalitet. Den er sterk, ruster ikke og holder glansen i lang tid. Du kan bruke den hver dag uten bekymring.<\/p>\n<p data-start=\"350\" data-end=\"515\"><img decoding=\"async\" class=\"alignnone size-full wp-image-14100 aligncenter\" src=\"https:\/\/keluvo.com\/template\/wp-content\/uploads\/sites\/5\/2025\/04\/48844c44-6945-41f4-ad82-ebd1df3c025a.webp\" alt=\"\" \/><\/p>\n","protected":false},"excerpt":{"rendered":"<p>Dristig Og I\u00f8ynefallende D\u00f8dskalleringen har et sterkt og detaljert design som skiller seg ut. Gullfargen og h\u00f8vdingformen gir den et [&hellip;]<\/p>\n","protected":false},"featured_media":13274,"comment_status":"open","ping_status":"closed","template":"","meta":{"site-sidebar-layout":"default","site-content-layout":"","ast-site-content-layout":"default","site-content-style":"default","site-sidebar-style":"default","ast-global-header-display":"","ast-banner-title-visibility":"","ast-main-header-display":"","ast-hfb-above-header-display":"","ast-hfb-below-header-display":"","ast-hfb-mobile-header-display":"","site-post-title":"","ast-breadcrumbs-content":"","ast-featured-img":"","footer-sml-layout":"","theme-transparent-header-meta":"default","adv-header-id-meta":"","stick-header-meta":"","header-above-stick-meta":"","header-main-stick-meta":"","header-below-stick-meta":"","astra-migrate-meta-layouts":"set","ast-page-background-enabled":"default","ast-page-background-meta":{"desktop":{"background-color":"var(--ast-global-color-4)","background-image":"","background-repeat":"repeat","background-position":"center center","background-size":"auto","background-attachment":"scroll","background-type":"","background-media":"","overlay-type":"","overlay-color":"","overlay-opacity":"","overlay-gradient":""},"tablet":{"background-color":"","background-image":"","background-repeat":"repeat","background-position":"center center","background-size":"auto","background-attachment":"scroll","background-type":"","background-media":"","overlay-type":"","overlay-color":"","overlay-opacity":"","overlay-gradient":""},"mobile":{"background-color":"","background-image":"","background-repeat":"repeat","background-position":"center center","background-size":"auto","background-attachment":"scroll","background-type":"","background-media":"","overlay-type":"","overlay-color":"","overlay-opacity":"","overlay-gradient":""}},"ast-content-background-meta":{"desktop":{"background-color":"var(--ast-global-color-5)","background-image":"","background-repeat":"repeat","background-position":"center center","background-size":"auto","background-attachment":"scroll","background-type":"","background-media":"","overlay-type":"","overlay-color":"","overlay-opacity":"","overlay-gradient":""},"tablet":{"background-color":"var(--ast-global-color-5)","background-image":"","background-repeat":"repeat","background-position":"center center","background-size":"auto","background-attachment":"scroll","background-type":"","background-media":"","overlay-type":"","overlay-color":"","overlay-opacity":"","overlay-gradient":""},"mobile":{"background-color":"var(--ast-global-color-5)","background-image":"","background-repeat":"repeat","background-position":"center center","background-size":"auto","background-attachment":"scroll","background-type":"","background-media":"","overlay-type":"","overlay-color":"","overlay-opacity":"","overlay-gradient":""}}},"product_brand":[],"product_cat":[993],"product_tag":[],"class_list":{"0":"post-13278","1":"product","2":"type-product","3":"status-publish","4":"has-post-thumbnail","6":"product_cat-skotoy-tilbehor","7":"pa_30895_9vnqumy7-gull","8":"pa_30895_9vnqumy7-solv","9":"pa_30895_o6ty3mcl-2794","10":"pa_30895_o6ty3mcl-2795","11":"pa_30895_o6ty3mcl-2796","12":"pa_30895_o6ty3mcl-2797","13":"pa_30895_o6ty3mcl-2798","14":"pa_30895_o6ty3mcl-2799","15":"pa_30895_o6ty3mcl-2800","16":"desktop-align-left","17":"tablet-align-left","18":"mobile-align-left","20":"first","21":"instock","22":"shipping-taxable","23":"purchasable","24":"product-type-variable"},"_links":{"self":[{"href":"https:\/\/keluvo.com\/no\/wp-json\/wp\/v2\/product\/13278","targetHints":{"allow":["GET"]}}],"collection":[{"href":"https:\/\/keluvo.com\/no\/wp-json\/wp\/v2\/product"}],"about":[{"href":"https:\/\/keluvo.com\/no\/wp-json\/wp\/v2\/types\/product"}],"replies":[{"embeddable":true,"href":"https:\/\/keluvo.com\/no\/wp-json\/wp\/v2\/comments?post=13278"}],"wp:featuredmedia":[{"embeddable":true,"href":"https:\/\/keluvo.com\/no\/wp-json\/wp\/v2\/media\/13274"}],"wp:attachment":[{"href":"https:\/\/keluvo.com\/no\/wp-json\/wp\/v2\/media?parent=13278"}],"wp:term":[{"taxonomy":"product_brand","embeddable":true,"href":"https:\/\/keluvo.com\/no\/wp-json\/wp\/v2\/product_brand?post=13278"},{"taxonomy":"product_cat","embeddable":true,"href":"https:\/\/keluvo.com\/no\/wp-json\/wp\/v2\/product_cat?post=13278"},{"taxonomy":"product_tag","embeddable":true,"href":"https:\/\/keluvo.com\/no\/wp-json\/wp\/v2\/product_tag?post=13278"}],"curies":[{"name":"wp","href":"https:\/\/api.w.org\/{rel}","templated":true}]}}