{"id":13249,"date":"2025-04-11T17:53:43","date_gmt":"2025-04-11T15:53:43","guid":{"rendered":"https:\/\/keluvo.com\/no\/produkt\/sofaovertrekk-2\/"},"modified":"2025-04-11T17:54:09","modified_gmt":"2025-04-11T15:54:09","slug":"sofaovertrekk-2","status":"publish","type":"product","link":"https:\/\/keluvo.com\/no\/produkt\/sofaovertrekk-2\/","title":{"rendered":"Sofaovertrekk"},"content":{"rendered":"<h2 class=\"\" style=\"text-align: center\" data-start=\"0\" data-end=\"28\"><strong>Stilfull Beskyttelse Av Hjemmet<\/strong><\/h2>\n<p class=\"\" style=\"text-align: center\" data-start=\"29\" data-end=\"269\">Sofaovertrekket gir stuen et friskt utseende samtidig som det beskytter m\u00f8blene dine mot st\u00f8v, s\u00f8l og daglig bruk. Det moderne, trykte designet passer godt inn i mange stilarter. En flott m\u00e5te \u00e5 oppdatere rommet ditt p\u00e5 uten \u00e5 kj\u00f8pe en ny sofa.<\/p>\n<p data-start=\"29\" data-end=\"269\"><img decoding=\"async\" class=\"alignnone size-full wp-image-14128 aligncenter\" src=\"https:\/\/keluvo.com\/template\/wp-content\/uploads\/sites\/5\/2025\/04\/S9fa25e0700be453f8a105530920f332eM.jpg_960x960q75.jpg_.jpeg\" alt=\"\" \/><\/p>\n<h2 class=\"\" style=\"text-align: center\" data-start=\"271\" data-end=\"298\"><strong>Enkelt \u00c5 Montere Og Justere<\/strong><\/h2>\n<p class=\"\" style=\"text-align: center\" data-start=\"299\" data-end=\"519\">Dette sofatrekket er designet for \u00e5 v\u00e6re enkelt \u00e5 plassere og justere. Den ekstra lengden p\u00e5 hver side bidrar til \u00e5 holde det p\u00e5 plass ved at det kan puttes inn i sofaen. Velg riktig st\u00f8rrelse for hver del av sofaen for \u00e5 f\u00e5 et rent og pent utseende.<\/p>\n<p data-start=\"299\" data-end=\"519\"><img decoding=\"async\" class=\"alignnone size-full wp-image-14129 aligncenter\" src=\"https:\/\/keluvo.com\/template\/wp-content\/uploads\/sites\/5\/2025\/04\/S125ab405429d4fa4b731d371db3bf86df.jpg_960x960q75.jpg_.jpeg\" alt=\"\" \/><\/p>\n","protected":false},"excerpt":{"rendered":"<p>Stilfull Beskyttelse Av Hjemmet Sofaovertrekket gir stuen et friskt utseende samtidig som det beskytter m\u00f8blene dine mot st\u00f8v, s\u00f8l og [&hellip;]<\/p>\n","protected":false},"featured_media":13245,"comment_status":"open","ping_status":"closed","template":"","meta":{"site-sidebar-layout":"default","site-content-layout":"","ast-site-content-layout":"default","site-content-style":"default","site-sidebar-style":"default","ast-global-header-display":"","ast-banner-title-visibility":"","ast-main-header-display":"","ast-hfb-above-header-display":"","ast-hfb-below-header-display":"","ast-hfb-mobile-header-display":"","site-post-title":"","ast-breadcrumbs-content":"","ast-featured-img":"","footer-sml-layout":"","theme-transparent-header-meta":"default","adv-header-id-meta":"","stick-header-meta":"","header-above-stick-meta":"","header-main-stick-meta":"","header-below-stick-meta":"","astra-migrate-meta-layouts":"set","ast-page-background-enabled":"default","ast-page-background-meta":{"desktop":{"background-color":"var(--ast-global-color-4)","background-image":"","background-repeat":"repeat","background-position":"center center","background-size":"auto","background-attachment":"scroll","background-type":"","background-media":"","overlay-type":"","overlay-color":"","overlay-opacity":"","overlay-gradient":""},"tablet":{"background-color":"","background-image":"","background-repeat":"repeat","background-position":"center center","background-size":"auto","background-attachment":"scroll","background-type":"","background-media":"","overlay-type":"","overlay-color":"","overlay-opacity":"","overlay-gradient":""},"mobile":{"background-color":"","background-image":"","background-repeat":"repeat","background-position":"center center","background-size":"auto","background-attachment":"scroll","background-type":"","background-media":"","overlay-type":"","overlay-color":"","overlay-opacity":"","overlay-gradient":""}},"ast-content-background-meta":{"desktop":{"background-color":"var(--ast-global-color-5)","background-image":"","background-repeat":"repeat","background-position":"center center","background-size":"auto","background-attachment":"scroll","background-type":"","background-media":"","overlay-type":"","overlay-color":"","overlay-opacity":"","overlay-gradient":""},"tablet":{"background-color":"var(--ast-global-color-5)","background-image":"","background-repeat":"repeat","background-position":"center center","background-size":"auto","background-attachment":"scroll","background-type":"","background-media":"","overlay-type":"","overlay-color":"","overlay-opacity":"","overlay-gradient":""},"mobile":{"background-color":"var(--ast-global-color-5)","background-image":"","background-repeat":"repeat","background-position":"center center","background-size":"auto","background-attachment":"scroll","background-type":"","background-media":"","overlay-type":"","overlay-color":"","overlay-opacity":"","overlay-gradient":""}}},"product_brand":[],"product_cat":[1001],"product_tag":[],"class_list":{"0":"post-13249","1":"product","2":"type-product","3":"status-publish","4":"has-post-thumbnail","6":"product_cat-husholdningsartikler","7":"pa_34717_3y567ioa-70x150-cm","8":"pa_34717_3y567ioa-70x210cm","9":"pa_34717_3y567ioa-70x70-cm","10":"pa_34717_3y567ioa-90x180-cm","11":"pa_34717_3y567ioa-90x240cm","12":"pa_34717_3y567ioa-90x90cm","13":"pa_34717_qt5u9s3i-gronn","14":"pa_34717_qt5u9s3i-hvit","15":"desktop-align-left","16":"tablet-align-left","17":"mobile-align-left","19":"first","20":"instock","21":"shipping-taxable","22":"purchasable","23":"product-type-variable"},"_links":{"self":[{"href":"https:\/\/keluvo.com\/no\/wp-json\/wp\/v2\/product\/13249","targetHints":{"allow":["GET"]}}],"collection":[{"href":"https:\/\/keluvo.com\/no\/wp-json\/wp\/v2\/product"}],"about":[{"href":"https:\/\/keluvo.com\/no\/wp-json\/wp\/v2\/types\/product"}],"replies":[{"embeddable":true,"href":"https:\/\/keluvo.com\/no\/wp-json\/wp\/v2\/comments?post=13249"}],"wp:featuredmedia":[{"embeddable":true,"href":"https:\/\/keluvo.com\/no\/wp-json\/wp\/v2\/media\/13245"}],"wp:attachment":[{"href":"https:\/\/keluvo.com\/no\/wp-json\/wp\/v2\/media?parent=13249"}],"wp:term":[{"taxonomy":"product_brand","embeddable":true,"href":"https:\/\/keluvo.com\/no\/wp-json\/wp\/v2\/product_brand?post=13249"},{"taxonomy":"product_cat","embeddable":true,"href":"https:\/\/keluvo.com\/no\/wp-json\/wp\/v2\/product_cat?post=13249"},{"taxonomy":"product_tag","embeddable":true,"href":"https:\/\/keluvo.com\/no\/wp-json\/wp\/v2\/product_tag?post=13249"}],"curies":[{"name":"wp","href":"https:\/\/api.w.org\/{rel}","templated":true}]}}