{"id":13223,"date":"2025-04-11T17:52:31","date_gmt":"2025-04-11T15:52:31","guid":{"rendered":"https:\/\/keluvo.com\/no\/produkt\/glidelasavtrekker\/"},"modified":"2025-04-18T17:43:54","modified_gmt":"2025-04-18T15:43:54","slug":"glidelasavtrekker","status":"publish","type":"product","link":"https:\/\/keluvo.com\/no\/produkt\/glidelasavtrekker\/","title":{"rendered":"Glidel\u00e5savtrekker"},"content":{"rendered":"<h2 class=\"\" style=\"text-align: center;\" data-start=\"129\" data-end=\"152\"><strong>Rask Og Enkel Reparasjon<\/strong><\/h2>\n<p class=\"\" style=\"text-align: center;\" data-start=\"153\" data-end=\"343\">Glidel\u00e5savtrekkeren er designet for raske reparasjoner uten bruk av verkt\u00f8y. Den smarte fj\u00e6rdesignen gj\u00f8r den enkel \u00e5 feste eller fjerne. Du kan fikse \u00f8delagte glidel\u00e5ser p\u00e5 egen h\u00e5nd p\u00e5 bare noen f\u00e5 sekunder.<\/p>\n<p data-start=\"153\" data-end=\"343\"><img decoding=\"async\" class=\"alignnone size-medium wp-image-13540 aligncenter\" src=\"https:\/\/keluvo.com\/template\/wp-content\/uploads\/sites\/5\/2025\/04\/S3245b45115fc4cd39fc0e95da6b5b036j.jpg_960x960q75.jpg_.jpeg\" alt=\"\" \/><\/p>\n<h2 class=\"\" style=\"text-align: center;\" data-start=\"345\" data-end=\"369\"><strong>Sterk Og Gjenbrukbar<\/strong><\/h2>\n<p class=\"\" style=\"text-align: center;\" data-start=\"370\" data-end=\"550\">Glidel\u00e5savtrekkeren er laget av sinklegering med en fj\u00e6r i rustfritt st\u00e5l, og er bygget for \u00e5 vare. Den er motstandsdyktig mot slitasje, rust og falming. Du kan bruke den mange ganger uten \u00e5 miste kvaliteten.<\/p>\n<p data-start=\"370\" data-end=\"550\"><img decoding=\"async\" class=\"alignnone size-medium wp-image-13541 aligncenter\" src=\"https:\/\/keluvo.com\/template\/wp-content\/uploads\/sites\/5\/2025\/04\/S49780ad1899e482f8647f7b4076c12c6W.jpg_960x960q75.jpg_.jpeg\" alt=\"\" \/><\/p>\n","protected":false},"excerpt":{"rendered":"<p>Rask Og Enkel Reparasjon Glidel\u00e5savtrekkeren er designet for raske reparasjoner uten bruk av verkt\u00f8y. Den smarte fj\u00e6rdesignen gj\u00f8r den enkel [&hellip;]<\/p>\n","protected":false},"featured_media":13219,"comment_status":"open","ping_status":"closed","template":"","meta":{"site-sidebar-layout":"default","site-content-layout":"","ast-site-content-layout":"default","site-content-style":"default","site-sidebar-style":"default","ast-global-header-display":"","ast-banner-title-visibility":"","ast-main-header-display":"","ast-hfb-above-header-display":"","ast-hfb-below-header-display":"","ast-hfb-mobile-header-display":"","site-post-title":"","ast-breadcrumbs-content":"","ast-featured-img":"","footer-sml-layout":"","theme-transparent-header-meta":"default","adv-header-id-meta":"","stick-header-meta":"","header-above-stick-meta":"","header-main-stick-meta":"","header-below-stick-meta":"","astra-migrate-meta-layouts":"set","ast-page-background-enabled":"default","ast-page-background-meta":{"desktop":{"background-color":"var(--ast-global-color-4)","background-image":"","background-repeat":"repeat","background-position":"center center","background-size":"auto","background-attachment":"scroll","background-type":"","background-media":"","overlay-type":"","overlay-color":"","overlay-opacity":"","overlay-gradient":""},"tablet":{"background-color":"","background-image":"","background-repeat":"repeat","background-position":"center center","background-size":"auto","background-attachment":"scroll","background-type":"","background-media":"","overlay-type":"","overlay-color":"","overlay-opacity":"","overlay-gradient":""},"mobile":{"background-color":"","background-image":"","background-repeat":"repeat","background-position":"center center","background-size":"auto","background-attachment":"scroll","background-type":"","background-media":"","overlay-type":"","overlay-color":"","overlay-opacity":"","overlay-gradient":""}},"ast-content-background-meta":{"desktop":{"background-color":"var(--ast-global-color-5)","background-image":"","background-repeat":"repeat","background-position":"center center","background-size":"auto","background-attachment":"scroll","background-type":"","background-media":"","overlay-type":"","overlay-color":"","overlay-opacity":"","overlay-gradient":""},"tablet":{"background-color":"var(--ast-global-color-5)","background-image":"","background-repeat":"repeat","background-position":"center center","background-size":"auto","background-attachment":"scroll","background-type":"","background-media":"","overlay-type":"","overlay-color":"","overlay-opacity":"","overlay-gradient":""},"mobile":{"background-color":"var(--ast-global-color-5)","background-image":"","background-repeat":"repeat","background-position":"center center","background-size":"auto","background-attachment":"scroll","background-type":"","background-media":"","overlay-type":"","overlay-color":"","overlay-opacity":"","overlay-gradient":""}}},"product_brand":[],"product_cat":[993],"product_tag":[],"class_list":{"0":"post-13223","1":"product","2":"type-product","3":"status-publish","4":"has-post-thumbnail","6":"product_cat-skotoy-tilbehor","7":"pa_21353_qarhtczh-gra","8":"pa_21353_qarhtczh-gull","9":"pa_21353_qarhtczh-kobber","10":"pa_21353_qarhtczh-solv","11":"pa_21353_qarhtczh-svart","12":"desktop-align-left","13":"tablet-align-left","14":"mobile-align-left","16":"first","17":"instock","18":"shipping-taxable","19":"purchasable","20":"product-type-variable","21":"has-default-attributes"},"_links":{"self":[{"href":"https:\/\/keluvo.com\/no\/wp-json\/wp\/v2\/product\/13223","targetHints":{"allow":["GET"]}}],"collection":[{"href":"https:\/\/keluvo.com\/no\/wp-json\/wp\/v2\/product"}],"about":[{"href":"https:\/\/keluvo.com\/no\/wp-json\/wp\/v2\/types\/product"}],"replies":[{"embeddable":true,"href":"https:\/\/keluvo.com\/no\/wp-json\/wp\/v2\/comments?post=13223"}],"wp:featuredmedia":[{"embeddable":true,"href":"https:\/\/keluvo.com\/no\/wp-json\/wp\/v2\/media\/13219"}],"wp:attachment":[{"href":"https:\/\/keluvo.com\/no\/wp-json\/wp\/v2\/media?parent=13223"}],"wp:term":[{"taxonomy":"product_brand","embeddable":true,"href":"https:\/\/keluvo.com\/no\/wp-json\/wp\/v2\/product_brand?post=13223"},{"taxonomy":"product_cat","embeddable":true,"href":"https:\/\/keluvo.com\/no\/wp-json\/wp\/v2\/product_cat?post=13223"},{"taxonomy":"product_tag","embeddable":true,"href":"https:\/\/keluvo.com\/no\/wp-json\/wp\/v2\/product_tag?post=13223"}],"curies":[{"name":"wp","href":"https:\/\/api.w.org\/{rel}","templated":true}]}}