{"id":13207,"date":"2025-04-11T17:51:14","date_gmt":"2025-04-11T15:51:14","guid":{"rendered":"https:\/\/keluvo.com\/no\/produkt\/dansende-andeleke\/"},"modified":"2025-04-11T17:51:14","modified_gmt":"2025-04-11T15:51:14","slug":"dansende-andeleke","status":"publish","type":"product","link":"https:\/\/keluvo.com\/no\/produkt\/dansende-andeleke\/","title":{"rendered":"Dansende andeleke"},"content":{"rendered":"<h2 class=\"\" style=\"text-align: center\" data-start=\"151\" data-end=\"176\"><strong>Morsom Musikk Og Lys<\/strong><\/h2>\n<p class=\"\" style=\"text-align: center\" data-start=\"177\" data-end=\"350\">Dansende and-leket\u00f8yet spiller munter musikk og lyser opp mens den beveger seg. Disse funksjonene gj\u00f8r leken morsommere og mer spennende for barn. Det bidrar til \u00e5 holde barna glade og aktive.<\/p>\n<p data-start=\"177\" data-end=\"350\"><img decoding=\"async\" class=\"alignnone size-medium wp-image-13588 aligncenter\" src=\"https:\/\/keluvo.com\/template\/wp-content\/uploads\/sites\/5\/2025\/04\/b93b188e-e502-44a9-bd1b-25e155f14682.webp\" alt=\"\" \/><\/p>\n<h2 class=\"\" style=\"text-align: center\" data-start=\"352\" data-end=\"375\"><strong>S\u00f8te Dansende Bevegelser<\/strong><\/h2>\n<p class=\"\" style=\"text-align: center\" data-start=\"376\" data-end=\"526\">Denne dansende anden kan bevege seg og danse p\u00e5 en morsom m\u00e5te. Barn liker \u00e5 se de morsomme trinnene og bevegelsene. Det er et flott leket\u00f8y for b\u00e5de lek og latter.<\/p>\n<p data-start=\"376\" data-end=\"526\"><img decoding=\"async\" class=\"alignnone size-medium wp-image-13589 aligncenter\" src=\"https:\/\/keluvo.com\/template\/wp-content\/uploads\/sites\/5\/2025\/04\/O1CN01Iuhs2q2IQIM1VMJ7C_2211527879280-0-cib.jpeg\" alt=\"\" \/><\/p>\n","protected":false},"excerpt":{"rendered":"<p>Morsom Musikk Og Lys Dansende and-leket\u00f8yet spiller munter musikk og lyser opp mens den beveger seg. Disse funksjonene gj\u00f8r leken [&hellip;]<\/p>\n","protected":false},"featured_media":13203,"comment_status":"open","ping_status":"closed","template":"","meta":{"site-sidebar-layout":"default","site-content-layout":"","ast-site-content-layout":"default","site-content-style":"default","site-sidebar-style":"default","ast-global-header-display":"","ast-banner-title-visibility":"","ast-main-header-display":"","ast-hfb-above-header-display":"","ast-hfb-below-header-display":"","ast-hfb-mobile-header-display":"","site-post-title":"","ast-breadcrumbs-content":"","ast-featured-img":"","footer-sml-layout":"","theme-transparent-header-meta":"default","adv-header-id-meta":"","stick-header-meta":"","header-above-stick-meta":"","header-main-stick-meta":"","header-below-stick-meta":"","astra-migrate-meta-layouts":"set","ast-page-background-enabled":"default","ast-page-background-meta":{"desktop":{"background-color":"var(--ast-global-color-4)","background-image":"","background-repeat":"repeat","background-position":"center center","background-size":"auto","background-attachment":"scroll","background-type":"","background-media":"","overlay-type":"","overlay-color":"","overlay-opacity":"","overlay-gradient":""},"tablet":{"background-color":"","background-image":"","background-repeat":"repeat","background-position":"center center","background-size":"auto","background-attachment":"scroll","background-type":"","background-media":"","overlay-type":"","overlay-color":"","overlay-opacity":"","overlay-gradient":""},"mobile":{"background-color":"","background-image":"","background-repeat":"repeat","background-position":"center center","background-size":"auto","background-attachment":"scroll","background-type":"","background-media":"","overlay-type":"","overlay-color":"","overlay-opacity":"","overlay-gradient":""}},"ast-content-background-meta":{"desktop":{"background-color":"var(--ast-global-color-5)","background-image":"","background-repeat":"repeat","background-position":"center center","background-size":"auto","background-attachment":"scroll","background-type":"","background-media":"","overlay-type":"","overlay-color":"","overlay-opacity":"","overlay-gradient":""},"tablet":{"background-color":"var(--ast-global-color-5)","background-image":"","background-repeat":"repeat","background-position":"center center","background-size":"auto","background-attachment":"scroll","background-type":"","background-media":"","overlay-type":"","overlay-color":"","overlay-opacity":"","overlay-gradient":""},"mobile":{"background-color":"var(--ast-global-color-5)","background-image":"","background-repeat":"repeat","background-position":"center center","background-size":"auto","background-attachment":"scroll","background-type":"","background-media":"","overlay-type":"","overlay-color":"","overlay-opacity":"","overlay-gradient":""}}},"product_brand":[],"product_cat":[990],"product_tag":[],"class_list":{"0":"post-13207","1":"product","2":"type-product","3":"status-publish","4":"has-post-thumbnail","6":"product_cat-leker-barne-og-babyprodukter","7":"pa_19466_67tlmgx1-bla","8":"pa_19466_67tlmgx1-rod","9":"desktop-align-left","10":"tablet-align-left","11":"mobile-align-left","13":"first","14":"instock","15":"shipping-taxable","16":"purchasable","17":"product-type-simple"},"_links":{"self":[{"href":"https:\/\/keluvo.com\/no\/wp-json\/wp\/v2\/product\/13207","targetHints":{"allow":["GET"]}}],"collection":[{"href":"https:\/\/keluvo.com\/no\/wp-json\/wp\/v2\/product"}],"about":[{"href":"https:\/\/keluvo.com\/no\/wp-json\/wp\/v2\/types\/product"}],"replies":[{"embeddable":true,"href":"https:\/\/keluvo.com\/no\/wp-json\/wp\/v2\/comments?post=13207"}],"wp:featuredmedia":[{"embeddable":true,"href":"https:\/\/keluvo.com\/no\/wp-json\/wp\/v2\/media\/13203"}],"wp:attachment":[{"href":"https:\/\/keluvo.com\/no\/wp-json\/wp\/v2\/media?parent=13207"}],"wp:term":[{"taxonomy":"product_brand","embeddable":true,"href":"https:\/\/keluvo.com\/no\/wp-json\/wp\/v2\/product_brand?post=13207"},{"taxonomy":"product_cat","embeddable":true,"href":"https:\/\/keluvo.com\/no\/wp-json\/wp\/v2\/product_cat?post=13207"},{"taxonomy":"product_tag","embeddable":true,"href":"https:\/\/keluvo.com\/no\/wp-json\/wp\/v2\/product_tag?post=13207"}],"curies":[{"name":"wp","href":"https:\/\/api.w.org\/{rel}","templated":true}]}}