{"id":13194,"date":"2025-04-11T17:50:50","date_gmt":"2025-04-11T15:50:50","guid":{"rendered":"https:\/\/keluvo.com\/no\/produkt\/armband-med-dragehode\/"},"modified":"2025-04-11T17:50:56","modified_gmt":"2025-04-11T15:50:56","slug":"armband-med-dragehode","status":"publish","type":"product","link":"https:\/\/keluvo.com\/no\/produkt\/armband-med-dragehode\/","title":{"rendered":"Armb\u00e5nd med dragehode"},"content":{"rendered":"<h2 class=\"\" style=\"text-align: center\" data-start=\"0\" data-end=\"25\"><strong>Sterkt Og Dristig Utseende<\/strong><\/h2>\n<p class=\"\" style=\"text-align: center\" data-start=\"26\" data-end=\"224\">Dragehode-armb\u00e5ndet har en kraftig design som skiller seg ut. Med to detaljerte dragehoder gir det en kul og dristig stil. Det er perfekt for alle som liker sterkt og i\u00f8ynefallende tilbeh\u00f8r.<\/p>\n<p data-start=\"26\" data-end=\"224\"><img decoding=\"async\" class=\"alignnone size-full wp-image-14030 aligncenter\" src=\"https:\/\/keluvo.com\/template\/wp-content\/uploads\/sites\/5\/2025\/04\/eb4f9ec5-3f0b-4bbe-8b26-abc0bfb98752.webp\" alt=\"\" \/><\/p>\n<h2 class=\"\" style=\"text-align: center\" data-start=\"226\" data-end=\"255\"><strong>Slitesterkt Og Langvarig<\/strong><\/h2>\n<p class=\"\" style=\"text-align: center\" data-start=\"256\" data-end=\"425\">Laget av kvalitetsmaterialer, er dragehodearmb\u00e5ndet bygget for \u00e5 vare. Det t\u00e5ler daglig bruk uten \u00e5 miste form eller farge. Et godt valg for et langvarig smykke.<\/p>\n<p data-start=\"256\" data-end=\"425\"><img decoding=\"async\" class=\"alignnone size-full wp-image-14026 aligncenter\" src=\"https:\/\/keluvo.com\/template\/wp-content\/uploads\/sites\/5\/2025\/04\/16b06cce-b934-4bf9-9b52-d0957a445638.webp\" alt=\"\" \/><\/p>\n","protected":false},"excerpt":{"rendered":"<p>Sterkt Og Dristig Utseende Dragehode-armb\u00e5ndet har en kraftig design som skiller seg ut. Med to detaljerte dragehoder gir det en [&hellip;]<\/p>\n","protected":false},"featured_media":13190,"comment_status":"open","ping_status":"closed","template":"","meta":{"site-sidebar-layout":"default","site-content-layout":"","ast-site-content-layout":"default","site-content-style":"default","site-sidebar-style":"default","ast-global-header-display":"","ast-banner-title-visibility":"","ast-main-header-display":"","ast-hfb-above-header-display":"","ast-hfb-below-header-display":"","ast-hfb-mobile-header-display":"","site-post-title":"","ast-breadcrumbs-content":"","ast-featured-img":"","footer-sml-layout":"","theme-transparent-header-meta":"default","adv-header-id-meta":"","stick-header-meta":"","header-above-stick-meta":"","header-main-stick-meta":"","header-below-stick-meta":"","astra-migrate-meta-layouts":"set","ast-page-background-enabled":"default","ast-page-background-meta":{"desktop":{"background-color":"var(--ast-global-color-4)","background-image":"","background-repeat":"repeat","background-position":"center center","background-size":"auto","background-attachment":"scroll","background-type":"","background-media":"","overlay-type":"","overlay-color":"","overlay-opacity":"","overlay-gradient":""},"tablet":{"background-color":"","background-image":"","background-repeat":"repeat","background-position":"center center","background-size":"auto","background-attachment":"scroll","background-type":"","background-media":"","overlay-type":"","overlay-color":"","overlay-opacity":"","overlay-gradient":""},"mobile":{"background-color":"","background-image":"","background-repeat":"repeat","background-position":"center center","background-size":"auto","background-attachment":"scroll","background-type":"","background-media":"","overlay-type":"","overlay-color":"","overlay-opacity":"","overlay-gradient":""}},"ast-content-background-meta":{"desktop":{"background-color":"var(--ast-global-color-5)","background-image":"","background-repeat":"repeat","background-position":"center center","background-size":"auto","background-attachment":"scroll","background-type":"","background-media":"","overlay-type":"","overlay-color":"","overlay-opacity":"","overlay-gradient":""},"tablet":{"background-color":"var(--ast-global-color-5)","background-image":"","background-repeat":"repeat","background-position":"center center","background-size":"auto","background-attachment":"scroll","background-type":"","background-media":"","overlay-type":"","overlay-color":"","overlay-opacity":"","overlay-gradient":""},"mobile":{"background-color":"var(--ast-global-color-5)","background-image":"","background-repeat":"repeat","background-position":"center center","background-size":"auto","background-attachment":"scroll","background-type":"","background-media":"","overlay-type":"","overlay-color":"","overlay-opacity":"","overlay-gradient":""}}},"product_brand":[],"product_cat":[993],"product_tag":[],"class_list":{"0":"post-13194","1":"product","2":"type-product","3":"status-publish","4":"has-post-thumbnail","6":"product_cat-skotoy-tilbehor","7":"pa_28041_nxfbot1t-gull","8":"pa_28041_nxfbot1t-solv","9":"pa_28041_u5rz4w9y-19-cm","10":"pa_28041_u5rz4w9y-21-cm","11":"desktop-align-left","12":"tablet-align-left","13":"mobile-align-left","15":"first","16":"instock","17":"shipping-taxable","18":"purchasable","19":"product-type-variable"},"_links":{"self":[{"href":"https:\/\/keluvo.com\/no\/wp-json\/wp\/v2\/product\/13194","targetHints":{"allow":["GET"]}}],"collection":[{"href":"https:\/\/keluvo.com\/no\/wp-json\/wp\/v2\/product"}],"about":[{"href":"https:\/\/keluvo.com\/no\/wp-json\/wp\/v2\/types\/product"}],"replies":[{"embeddable":true,"href":"https:\/\/keluvo.com\/no\/wp-json\/wp\/v2\/comments?post=13194"}],"wp:featuredmedia":[{"embeddable":true,"href":"https:\/\/keluvo.com\/no\/wp-json\/wp\/v2\/media\/13190"}],"wp:attachment":[{"href":"https:\/\/keluvo.com\/no\/wp-json\/wp\/v2\/media?parent=13194"}],"wp:term":[{"taxonomy":"product_brand","embeddable":true,"href":"https:\/\/keluvo.com\/no\/wp-json\/wp\/v2\/product_brand?post=13194"},{"taxonomy":"product_cat","embeddable":true,"href":"https:\/\/keluvo.com\/no\/wp-json\/wp\/v2\/product_cat?post=13194"},{"taxonomy":"product_tag","embeddable":true,"href":"https:\/\/keluvo.com\/no\/wp-json\/wp\/v2\/product_tag?post=13194"}],"curies":[{"name":"wp","href":"https:\/\/api.w.org\/{rel}","templated":true}]}}