{"id":13189,"date":"2025-04-11T17:50:29","date_gmt":"2025-04-11T15:50:29","guid":{"rendered":"https:\/\/keluvo.com\/no\/produkt\/eterisk-olje-av-tigermelisse\/"},"modified":"2025-04-11T17:50:29","modified_gmt":"2025-04-11T15:50:29","slug":"eterisk-olje-av-tigermelisse","status":"publish","type":"product","link":"https:\/\/keluvo.com\/no\/produkt\/eterisk-olje-av-tigermelisse\/","title":{"rendered":"Eterisk olje av tigermelisse"},"content":{"rendered":"<h2 class=\"\" style=\"text-align: center\" data-start=\"0\" data-end=\"30\"><strong>Rask Lindring Ved Hodepine<\/strong><\/h2>\n<p class=\"\" style=\"text-align: center\" data-start=\"31\" data-end=\"236\">Eterisk olje av tigerbalsam er nyttig n\u00e5r du f\u00f8ler deg tr\u00f8tt eller har hodepine. Bare p\u00e5f\u00f8r en liten mengde p\u00e5 tinningene for \u00e5 f\u00f8le deg kj\u00f8lig og frisk igjen. Det hjelper deg \u00e5 holde deg v\u00e5ken og fokusert under arbeid eller studier.<\/p>\n<p data-start=\"31\" data-end=\"236\"><img decoding=\"async\" class=\"alignnone size-medium wp-image-13775 aligncenter\" src=\"https:\/\/keluvo.com\/template\/wp-content\/uploads\/sites\/5\/2025\/04\/Se4afac84a40b4a239c9bc21c34fb904ev.jpeg\" alt=\"\" \/><\/p>\n<h2 class=\"\" style=\"text-align: center\" data-start=\"238\" data-end=\"266\"><strong>Lindrer Bitt Og Brannskader<\/strong><\/h2>\n<p class=\"\" style=\"text-align: center\" data-start=\"267\" data-end=\"453\">Tigerbalsam eterisk olje er nyttig etter myggstikk eller sm\u00e5 brannskader. Den beroligende effekten gir rask lindring og bidrar til \u00e5 redusere kl\u00f8e eller smerte. Jo raskere du bruker den, jo bedre fungerer den.<\/p>\n<p data-start=\"267\" data-end=\"453\"><img decoding=\"async\" class=\"alignnone size-medium wp-image-13772 aligncenter\" src=\"https:\/\/keluvo.com\/template\/wp-content\/uploads\/sites\/5\/2025\/04\/S52987f361bb140ceae19e4b8d83bb74cg.jpeg\" alt=\"\" \/><\/p>\n","protected":false},"excerpt":{"rendered":"<p>Rask Lindring Ved Hodepine Eterisk olje av tigerbalsam er nyttig n\u00e5r du f\u00f8ler deg tr\u00f8tt eller har hodepine. Bare p\u00e5f\u00f8r [&hellip;]<\/p>\n","protected":false},"featured_media":13185,"comment_status":"open","ping_status":"closed","template":"","meta":{"site-sidebar-layout":"default","site-content-layout":"","ast-site-content-layout":"default","site-content-style":"default","site-sidebar-style":"default","ast-global-header-display":"","ast-banner-title-visibility":"","ast-main-header-display":"","ast-hfb-above-header-display":"","ast-hfb-below-header-display":"","ast-hfb-mobile-header-display":"","site-post-title":"","ast-breadcrumbs-content":"","ast-featured-img":"","footer-sml-layout":"","theme-transparent-header-meta":"default","adv-header-id-meta":"","stick-header-meta":"","header-above-stick-meta":"","header-main-stick-meta":"","header-below-stick-meta":"","astra-migrate-meta-layouts":"set","ast-page-background-enabled":"default","ast-page-background-meta":{"desktop":{"background-color":"var(--ast-global-color-4)","background-image":"","background-repeat":"repeat","background-position":"center center","background-size":"auto","background-attachment":"scroll","background-type":"","background-media":"","overlay-type":"","overlay-color":"","overlay-opacity":"","overlay-gradient":""},"tablet":{"background-color":"","background-image":"","background-repeat":"repeat","background-position":"center center","background-size":"auto","background-attachment":"scroll","background-type":"","background-media":"","overlay-type":"","overlay-color":"","overlay-opacity":"","overlay-gradient":""},"mobile":{"background-color":"","background-image":"","background-repeat":"repeat","background-position":"center center","background-size":"auto","background-attachment":"scroll","background-type":"","background-media":"","overlay-type":"","overlay-color":"","overlay-opacity":"","overlay-gradient":""}},"ast-content-background-meta":{"desktop":{"background-color":"var(--ast-global-color-5)","background-image":"","background-repeat":"repeat","background-position":"center center","background-size":"auto","background-attachment":"scroll","background-type":"","background-media":"","overlay-type":"","overlay-color":"","overlay-opacity":"","overlay-gradient":""},"tablet":{"background-color":"var(--ast-global-color-5)","background-image":"","background-repeat":"repeat","background-position":"center center","background-size":"auto","background-attachment":"scroll","background-type":"","background-media":"","overlay-type":"","overlay-color":"","overlay-opacity":"","overlay-gradient":""},"mobile":{"background-color":"var(--ast-global-color-5)","background-image":"","background-repeat":"repeat","background-position":"center center","background-size":"auto","background-attachment":"scroll","background-type":"","background-media":"","overlay-type":"","overlay-color":"","overlay-opacity":"","overlay-gradient":""}}},"product_brand":[],"product_cat":[991],"product_tag":[],"class_list":{"0":"post-13189","1":"product","2":"type-product","3":"status-publish","4":"has-post-thumbnail","6":"product_cat-helseprodukter","7":"desktop-align-left","8":"tablet-align-left","9":"mobile-align-left","11":"first","12":"instock","13":"shipping-taxable","14":"purchasable","15":"product-type-simple"},"_links":{"self":[{"href":"https:\/\/keluvo.com\/no\/wp-json\/wp\/v2\/product\/13189","targetHints":{"allow":["GET"]}}],"collection":[{"href":"https:\/\/keluvo.com\/no\/wp-json\/wp\/v2\/product"}],"about":[{"href":"https:\/\/keluvo.com\/no\/wp-json\/wp\/v2\/types\/product"}],"replies":[{"embeddable":true,"href":"https:\/\/keluvo.com\/no\/wp-json\/wp\/v2\/comments?post=13189"}],"wp:featuredmedia":[{"embeddable":true,"href":"https:\/\/keluvo.com\/no\/wp-json\/wp\/v2\/media\/13185"}],"wp:attachment":[{"href":"https:\/\/keluvo.com\/no\/wp-json\/wp\/v2\/media?parent=13189"}],"wp:term":[{"taxonomy":"product_brand","embeddable":true,"href":"https:\/\/keluvo.com\/no\/wp-json\/wp\/v2\/product_brand?post=13189"},{"taxonomy":"product_cat","embeddable":true,"href":"https:\/\/keluvo.com\/no\/wp-json\/wp\/v2\/product_cat?post=13189"},{"taxonomy":"product_tag","embeddable":true,"href":"https:\/\/keluvo.com\/no\/wp-json\/wp\/v2\/product_tag?post=13189"}],"curies":[{"name":"wp","href":"https:\/\/api.w.org\/{rel}","templated":true}]}}