{"id":13167,"date":"2025-04-11T17:49:39","date_gmt":"2025-04-11T15:49:39","guid":{"rendered":"https:\/\/keluvo.com\/no\/produkt\/kinetisk-vindspinner\/"},"modified":"2025-04-11T17:49:44","modified_gmt":"2025-04-11T15:49:44","slug":"kinetisk-vindspinner","status":"publish","type":"product","link":"https:\/\/keluvo.com\/no\/produkt\/kinetisk-vindspinner\/","title":{"rendered":"Kinetisk vindspinner"},"content":{"rendered":"<h2 style=\"text-align: center\"><strong>Vakker Hagedekorasjon<\/strong><\/h2>\n<p style=\"text-align: center\">Den kinetiske vindspinneren tilf\u00f8rer et snev av eleganse til enhver hage, g\u00e5rdsplass eller plen. Den unike designen beveger seg med vinden og skaper i\u00f8ynefallende former. Den skinnende metallfinishen reflekterer sollyset, noe som gj\u00f8r den til et fantastisk innslag utend\u00f8rs.<\/p>\n<p><img decoding=\"async\" class=\"alignnone size-medium wp-image-9886 aligncenter\" src=\"https:\/\/keluvo.com\/template\/wp-content\/uploads\/sites\/5\/2025\/01\/Sc813993afedd4721bdfa3da7cde7383fo.jpg_960x960q75.jpg_.jpeg\" alt=\"\" \/><\/p>\n<h2 style=\"text-align: center\"><strong>Jevn Og Stilleg\u00e5ende Spinning<\/strong><\/h2>\n<p style=\"text-align: center\">Hvert blad p\u00e5 den kinetiske vindspinneren er designet for \u00e5 bevege seg i forskjellige retninger. Lagrene av h\u00f8y kvalitet s\u00f8rger for jevn og stille rotasjon, selv i lett bris. Dette gj\u00f8r den til et fredelig og avslappende innslag i ethvert uterom.<\/p>\n<p><img decoding=\"async\" class=\"alignnone size-medium wp-image-9890 aligncenter\" src=\"https:\/\/keluvo.com\/template\/wp-content\/uploads\/sites\/5\/2025\/01\/Saab809789f834e9fa042eba1f44c349bH.jpg_960x960q75.jpg_.jpeg\" alt=\"\" \/><\/p>\n","protected":false},"excerpt":{"rendered":"<p>Vakker Hagedekorasjon Den kinetiske vindspinneren tilf\u00f8rer et snev av eleganse til enhver hage, g\u00e5rdsplass eller plen. Den unike designen beveger [&hellip;]<\/p>\n","protected":false},"featured_media":13163,"comment_status":"open","ping_status":"closed","template":"","meta":{"site-sidebar-layout":"default","site-content-layout":"","ast-site-content-layout":"default","site-content-style":"default","site-sidebar-style":"default","ast-global-header-display":"","ast-banner-title-visibility":"","ast-main-header-display":"","ast-hfb-above-header-display":"","ast-hfb-below-header-display":"","ast-hfb-mobile-header-display":"","site-post-title":"","ast-breadcrumbs-content":"","ast-featured-img":"","footer-sml-layout":"","theme-transparent-header-meta":"default","adv-header-id-meta":"","stick-header-meta":"","header-above-stick-meta":"","header-main-stick-meta":"","header-below-stick-meta":"","astra-migrate-meta-layouts":"set","ast-page-background-enabled":"default","ast-page-background-meta":{"desktop":{"background-color":"var(--ast-global-color-4)","background-image":"","background-repeat":"repeat","background-position":"center center","background-size":"auto","background-attachment":"scroll","background-type":"","background-media":"","overlay-type":"","overlay-color":"","overlay-opacity":"","overlay-gradient":""},"tablet":{"background-color":"","background-image":"","background-repeat":"repeat","background-position":"center center","background-size":"auto","background-attachment":"scroll","background-type":"","background-media":"","overlay-type":"","overlay-color":"","overlay-opacity":"","overlay-gradient":""},"mobile":{"background-color":"","background-image":"","background-repeat":"repeat","background-position":"center center","background-size":"auto","background-attachment":"scroll","background-type":"","background-media":"","overlay-type":"","overlay-color":"","overlay-opacity":"","overlay-gradient":""}},"ast-content-background-meta":{"desktop":{"background-color":"var(--ast-global-color-5)","background-image":"","background-repeat":"repeat","background-position":"center center","background-size":"auto","background-attachment":"scroll","background-type":"","background-media":"","overlay-type":"","overlay-color":"","overlay-opacity":"","overlay-gradient":""},"tablet":{"background-color":"var(--ast-global-color-5)","background-image":"","background-repeat":"repeat","background-position":"center center","background-size":"auto","background-attachment":"scroll","background-type":"","background-media":"","overlay-type":"","overlay-color":"","overlay-opacity":"","overlay-gradient":""},"mobile":{"background-color":"var(--ast-global-color-5)","background-image":"","background-repeat":"repeat","background-position":"center center","background-size":"auto","background-attachment":"scroll","background-type":"","background-media":"","overlay-type":"","overlay-color":"","overlay-opacity":"","overlay-gradient":""}}},"product_brand":[],"product_cat":[993],"product_tag":[],"class_list":{"0":"post-13167","1":"product","2":"type-product","3":"status-publish","4":"has-post-thumbnail","6":"product_cat-skotoy-tilbehor","7":"pa_41888_tsd7te7x-fargerik","8":"pa_41888_tsd7te7x-gull","9":"pa_41888_tsd7te7x-rosa","10":"pa_41888_tsd7te7x-solv","11":"desktop-align-left","12":"tablet-align-left","13":"mobile-align-left","15":"first","16":"instock","17":"shipping-taxable","18":"purchasable","19":"product-type-variable"},"_links":{"self":[{"href":"https:\/\/keluvo.com\/no\/wp-json\/wp\/v2\/product\/13167","targetHints":{"allow":["GET"]}}],"collection":[{"href":"https:\/\/keluvo.com\/no\/wp-json\/wp\/v2\/product"}],"about":[{"href":"https:\/\/keluvo.com\/no\/wp-json\/wp\/v2\/types\/product"}],"replies":[{"embeddable":true,"href":"https:\/\/keluvo.com\/no\/wp-json\/wp\/v2\/comments?post=13167"}],"wp:featuredmedia":[{"embeddable":true,"href":"https:\/\/keluvo.com\/no\/wp-json\/wp\/v2\/media\/13163"}],"wp:attachment":[{"href":"https:\/\/keluvo.com\/no\/wp-json\/wp\/v2\/media?parent=13167"}],"wp:term":[{"taxonomy":"product_brand","embeddable":true,"href":"https:\/\/keluvo.com\/no\/wp-json\/wp\/v2\/product_brand?post=13167"},{"taxonomy":"product_cat","embeddable":true,"href":"https:\/\/keluvo.com\/no\/wp-json\/wp\/v2\/product_cat?post=13167"},{"taxonomy":"product_tag","embeddable":true,"href":"https:\/\/keluvo.com\/no\/wp-json\/wp\/v2\/product_tag?post=13167"}],"curies":[{"name":"wp","href":"https:\/\/api.w.org\/{rel}","templated":true}]}}