{"id":13156,"date":"2025-04-11T17:49:17","date_gmt":"2025-04-11T15:49:17","guid":{"rendered":"https:\/\/keluvo.com\/no\/produkt\/sykkelhorn\/"},"modified":"2025-09-04T17:41:31","modified_gmt":"2025-09-04T14:41:31","slug":"sykkelhorn","status":"publish","type":"product","link":"https:\/\/keluvo.com\/no\/produkt\/sykkelhorn\/","title":{"rendered":"Sykkelhorn"},"content":{"rendered":"<h2 class=\"\" style=\"text-align: center\" data-start=\"142\" data-end=\"167\"><strong>H\u00f8y Og Tydelig Lyd<\/strong><\/h2>\n<p class=\"\" style=\"text-align: center\" data-start=\"168\" data-end=\"330\">Sykkelhornet gir en sterk lyd p\u00e5 120 dB slik at andre lett kan h\u00f8re deg. Det holder deg trygg ved \u00e5 advare folk rundt deg. Perfekt for trafikkerte veier og sykkelstier.<\/p>\n<p data-start=\"168\" data-end=\"330\"><img decoding=\"async\" class=\"alignnone size-medium wp-image-13596 aligncenter\" src=\"https:\/\/keluvo.com\/template\/wp-content\/uploads\/sites\/5\/2025\/04\/b0b83d6d-8de9-46cd-aa90-304db2f34908.jpg\" alt=\"\" \/><\/p>\n<h2 class=\"\" style=\"text-align: center\" data-start=\"332\" data-end=\"357\"><strong>Fungerer I All Slags V\u00e6r<\/strong><\/h2>\n<p class=\"\" style=\"text-align: center\" data-start=\"358\" data-end=\"530\">Med IPX4-vanntetthetsniv\u00e5et kan sykkelhornet brukes i regn og solskinn. Det fortsetter \u00e5 fungere selv n\u00e5r v\u00e6ret skifter. Dette gj\u00f8r det til et godt valg for daglige sykkelturer.<\/p>\n<p data-start=\"358\" data-end=\"530\"><img decoding=\"async\" class=\"alignnone size-medium wp-image-13599 aligncenter\" src=\"https:\/\/keluvo.com\/template\/wp-content\/uploads\/sites\/5\/2025\/04\/S185643197a7e4c3e9c5fd37bed5f1acdD.jpg_960x960q75.jpg_.jpeg\" alt=\"\" \/><\/p>\n","protected":false},"excerpt":{"rendered":"<p>H\u00f8y Og Tydelig Lyd Sykkelhornet gir en sterk lyd p\u00e5 120 dB slik at andre lett kan h\u00f8re deg. Det [&hellip;]<\/p>\n","protected":false},"featured_media":13152,"comment_status":"open","ping_status":"closed","template":"","meta":{"site-sidebar-layout":"default","site-content-layout":"","ast-site-content-layout":"default","site-content-style":"default","site-sidebar-style":"default","ast-global-header-display":"","ast-banner-title-visibility":"","ast-main-header-display":"","ast-hfb-above-header-display":"","ast-hfb-below-header-display":"","ast-hfb-mobile-header-display":"","site-post-title":"","ast-breadcrumbs-content":"","ast-featured-img":"","footer-sml-layout":"","theme-transparent-header-meta":"default","adv-header-id-meta":"","stick-header-meta":"","header-above-stick-meta":"","header-main-stick-meta":"","header-below-stick-meta":"","astra-migrate-meta-layouts":"set","ast-page-background-enabled":"default","ast-page-background-meta":{"desktop":{"background-color":"var(--ast-global-color-4)","background-image":"","background-repeat":"repeat","background-position":"center center","background-size":"auto","background-attachment":"scroll","background-type":"","background-media":"","overlay-type":"","overlay-color":"","overlay-opacity":"","overlay-gradient":""},"tablet":{"background-color":"","background-image":"","background-repeat":"repeat","background-position":"center center","background-size":"auto","background-attachment":"scroll","background-type":"","background-media":"","overlay-type":"","overlay-color":"","overlay-opacity":"","overlay-gradient":""},"mobile":{"background-color":"","background-image":"","background-repeat":"repeat","background-position":"center center","background-size":"auto","background-attachment":"scroll","background-type":"","background-media":"","overlay-type":"","overlay-color":"","overlay-opacity":"","overlay-gradient":""}},"ast-content-background-meta":{"desktop":{"background-color":"var(--ast-global-color-5)","background-image":"","background-repeat":"repeat","background-position":"center center","background-size":"auto","background-attachment":"scroll","background-type":"","background-media":"","overlay-type":"","overlay-color":"","overlay-opacity":"","overlay-gradient":""},"tablet":{"background-color":"var(--ast-global-color-5)","background-image":"","background-repeat":"repeat","background-position":"center center","background-size":"auto","background-attachment":"scroll","background-type":"","background-media":"","overlay-type":"","overlay-color":"","overlay-opacity":"","overlay-gradient":""},"mobile":{"background-color":"var(--ast-global-color-5)","background-image":"","background-repeat":"repeat","background-position":"center center","background-size":"auto","background-attachment":"scroll","background-type":"","background-media":"","overlay-type":"","overlay-color":"","overlay-opacity":"","overlay-gradient":""}}},"product_brand":[],"product_cat":[993],"product_tag":[],"class_list":{"0":"post-13156","1":"product","2":"type-product","3":"status-publish","4":"has-post-thumbnail","6":"product_cat-skotoy-tilbehor","7":"pa_17950_277v2n3v-bla","8":"pa_17950_277v2n3v-rod","9":"pa_17950_277v2n3v-svart","10":"desktop-align-left","11":"tablet-align-left","12":"mobile-align-left","14":"first","15":"instock","16":"shipping-taxable","17":"purchasable","18":"product-type-variable"},"_links":{"self":[{"href":"https:\/\/keluvo.com\/no\/wp-json\/wp\/v2\/product\/13156","targetHints":{"allow":["GET"]}}],"collection":[{"href":"https:\/\/keluvo.com\/no\/wp-json\/wp\/v2\/product"}],"about":[{"href":"https:\/\/keluvo.com\/no\/wp-json\/wp\/v2\/types\/product"}],"replies":[{"embeddable":true,"href":"https:\/\/keluvo.com\/no\/wp-json\/wp\/v2\/comments?post=13156"}],"wp:featuredmedia":[{"embeddable":true,"href":"https:\/\/keluvo.com\/no\/wp-json\/wp\/v2\/media\/13152"}],"wp:attachment":[{"href":"https:\/\/keluvo.com\/no\/wp-json\/wp\/v2\/media?parent=13156"}],"wp:term":[{"taxonomy":"product_brand","embeddable":true,"href":"https:\/\/keluvo.com\/no\/wp-json\/wp\/v2\/product_brand?post=13156"},{"taxonomy":"product_cat","embeddable":true,"href":"https:\/\/keluvo.com\/no\/wp-json\/wp\/v2\/product_cat?post=13156"},{"taxonomy":"product_tag","embeddable":true,"href":"https:\/\/keluvo.com\/no\/wp-json\/wp\/v2\/product_tag?post=13156"}],"curies":[{"name":"wp","href":"https:\/\/api.w.org\/{rel}","templated":true}]}}