{"id":13151,"date":"2025-04-11T17:48:56","date_gmt":"2025-04-11T15:48:56","guid":{"rendered":"https:\/\/keluvo.com\/no\/produkt\/slipeblokk\/"},"modified":"2025-04-11T17:48:56","modified_gmt":"2025-04-11T15:48:56","slug":"slipeblokk","status":"publish","type":"product","link":"https:\/\/keluvo.com\/no\/produkt\/slipeblokk\/","title":{"rendered":"Slipeblokk"},"content":{"rendered":"<h2 class=\"\" style=\"text-align: center\" data-start=\"0\" data-end=\"27\"><strong>Jevne Overflateresultater<\/strong><\/h2>\n<p class=\"\" style=\"text-align: center\" data-start=\"28\" data-end=\"256\">Slipeblokken hjelper deg med \u00e5 f\u00e5 jevne og glatte overflater med mindre anstrengelse. Den er perfekt til \u00e5 forme og etterbehandle overflater som karosseripaneler eller treverk. Bruk den til \u00e5 fjerne ujevnheter og gj\u00f8re overflater klare for maling eller lakkering.<\/p>\n<p data-start=\"28\" data-end=\"256\"><img decoding=\"async\" class=\"alignnone size-full wp-image-14039 aligncenter\" src=\"https:\/\/keluvo.com\/template\/wp-content\/uploads\/sites\/5\/2025\/04\/c9732822-6ed4-4d71-86cd-f7712ad3548a-e1744350713908.webp\" alt=\"\" \/><\/p>\n<h2 class=\"\" style=\"text-align: center\" data-start=\"258\" data-end=\"275\"><strong>Enkel \u00c5 Holde<\/strong><\/h2>\n<p class=\"\" style=\"text-align: center\" data-start=\"276\" data-end=\"450\">Denne slipeklossen er utformet slik at den ligger godt i h\u00e5nden. Formen gj\u00f8r den enkel \u00e5 skyve og kontrollere mens du sliper. Det bidrar til \u00e5 redusere belastningen p\u00e5 h\u00e5nden under lengre prosjekter.<\/p>\n<p data-start=\"276\" data-end=\"450\"><img decoding=\"async\" class=\"alignnone size-full wp-image-14038 aligncenter\" src=\"https:\/\/keluvo.com\/template\/wp-content\/uploads\/sites\/5\/2025\/04\/8238eca5-717b-46da-b61d-6e22dfc72bfe-e1744350730228.webp\" alt=\"\" \/><\/p>\n","protected":false},"excerpt":{"rendered":"<p>Jevne Overflateresultater Slipeblokken hjelper deg med \u00e5 f\u00e5 jevne og glatte overflater med mindre anstrengelse. Den er perfekt til \u00e5 [&hellip;]<\/p>\n","protected":false},"featured_media":13147,"comment_status":"open","ping_status":"closed","template":"","meta":{"site-sidebar-layout":"default","site-content-layout":"","ast-site-content-layout":"default","site-content-style":"default","site-sidebar-style":"default","ast-global-header-display":"","ast-banner-title-visibility":"","ast-main-header-display":"","ast-hfb-above-header-display":"","ast-hfb-below-header-display":"","ast-hfb-mobile-header-display":"","site-post-title":"","ast-breadcrumbs-content":"","ast-featured-img":"","footer-sml-layout":"","theme-transparent-header-meta":"default","adv-header-id-meta":"","stick-header-meta":"","header-above-stick-meta":"","header-main-stick-meta":"","header-below-stick-meta":"","astra-migrate-meta-layouts":"set","ast-page-background-enabled":"default","ast-page-background-meta":{"desktop":{"background-color":"var(--ast-global-color-4)","background-image":"","background-repeat":"repeat","background-position":"center center","background-size":"auto","background-attachment":"scroll","background-type":"","background-media":"","overlay-type":"","overlay-color":"","overlay-opacity":"","overlay-gradient":""},"tablet":{"background-color":"","background-image":"","background-repeat":"repeat","background-position":"center center","background-size":"auto","background-attachment":"scroll","background-type":"","background-media":"","overlay-type":"","overlay-color":"","overlay-opacity":"","overlay-gradient":""},"mobile":{"background-color":"","background-image":"","background-repeat":"repeat","background-position":"center center","background-size":"auto","background-attachment":"scroll","background-type":"","background-media":"","overlay-type":"","overlay-color":"","overlay-opacity":"","overlay-gradient":""}},"ast-content-background-meta":{"desktop":{"background-color":"var(--ast-global-color-5)","background-image":"","background-repeat":"repeat","background-position":"center center","background-size":"auto","background-attachment":"scroll","background-type":"","background-media":"","overlay-type":"","overlay-color":"","overlay-opacity":"","overlay-gradient":""},"tablet":{"background-color":"var(--ast-global-color-5)","background-image":"","background-repeat":"repeat","background-position":"center center","background-size":"auto","background-attachment":"scroll","background-type":"","background-media":"","overlay-type":"","overlay-color":"","overlay-opacity":"","overlay-gradient":""},"mobile":{"background-color":"var(--ast-global-color-5)","background-image":"","background-repeat":"repeat","background-position":"center center","background-size":"auto","background-attachment":"scroll","background-type":"","background-media":"","overlay-type":"","overlay-color":"","overlay-opacity":"","overlay-gradient":""}}},"product_brand":[],"product_cat":[996],"product_tag":[],"class_list":{"0":"post-13151","1":"product","2":"type-product","3":"status-publish","4":"has-post-thumbnail","6":"product_cat-verktoy","7":"desktop-align-left","8":"tablet-align-left","9":"mobile-align-left","11":"first","12":"instock","13":"shipping-taxable","14":"purchasable","15":"product-type-simple"},"_links":{"self":[{"href":"https:\/\/keluvo.com\/no\/wp-json\/wp\/v2\/product\/13151","targetHints":{"allow":["GET"]}}],"collection":[{"href":"https:\/\/keluvo.com\/no\/wp-json\/wp\/v2\/product"}],"about":[{"href":"https:\/\/keluvo.com\/no\/wp-json\/wp\/v2\/types\/product"}],"replies":[{"embeddable":true,"href":"https:\/\/keluvo.com\/no\/wp-json\/wp\/v2\/comments?post=13151"}],"wp:featuredmedia":[{"embeddable":true,"href":"https:\/\/keluvo.com\/no\/wp-json\/wp\/v2\/media\/13147"}],"wp:attachment":[{"href":"https:\/\/keluvo.com\/no\/wp-json\/wp\/v2\/media?parent=13151"}],"wp:term":[{"taxonomy":"product_brand","embeddable":true,"href":"https:\/\/keluvo.com\/no\/wp-json\/wp\/v2\/product_brand?post=13151"},{"taxonomy":"product_cat","embeddable":true,"href":"https:\/\/keluvo.com\/no\/wp-json\/wp\/v2\/product_cat?post=13151"},{"taxonomy":"product_tag","embeddable":true,"href":"https:\/\/keluvo.com\/no\/wp-json\/wp\/v2\/product_tag?post=13151"}],"curies":[{"name":"wp","href":"https:\/\/api.w.org\/{rel}","templated":true}]}}