{"id":13051,"date":"2025-04-10T14:59:39","date_gmt":"2025-04-10T12:59:39","guid":{"rendered":"https:\/\/keluvo.com\/no\/produkt\/vindspill-med-fugler\/"},"modified":"2025-04-14T13:55:30","modified_gmt":"2025-04-14T11:55:30","slug":"vindspill-med-fugler-1","status":"publish","type":"product","link":"https:\/\/keluvo.com\/no\/produkt\/vindspill-med-fugler-1\/","title":{"rendered":"Vindspill med fugler"},"content":{"rendered":"<h2 style=\"text-align: center;\"><strong>Kunstnerisk H\u00e5ndlaget Design<\/strong><\/h2>\n<p style=\"text-align: center;\">Vindspillet med fugler er n\u00f8ye h\u00e5ndmalt med levende farger og delikate detaljer. Hvert klokkespill er laget av slitesterk harpiks og er et unikt kunstverk som setter et personlig og kreativt preg p\u00e5 hjemmet eller hagen din. H\u00e5ndverket s\u00f8rger for at det skiller seg ut som et dekorativt midtpunkt.<\/p>\n<p><img decoding=\"async\" class=\"alignnone size-medium wp-image-8850 aligncenter\" src=\"https:\/\/keluvo.com\/template\/wp-content\/uploads\/sites\/5\/2025\/01\/Sb4a1d067e877485cab6cf8e4b2075bceR.jpg_960x960q75.jpg_.jpeg\" alt=\"\" \/><\/p>\n<h2 style=\"text-align: center;\"><strong>Avslappende Og Melodi\u00f8se Lyder<\/strong><\/h2>\n<p style=\"text-align: center;\">Designet for \u00e5 skape myke, beroligende lyder, gir fuglevindspillet ro til ethvert rom. De milde klokketonene etterligner de beroligende lydene fra naturen, noe som bidrar til \u00e5 redusere stress og fremme avslapning. Perfekt for \u00e5 skape en fredelig atmosf\u00e6re i hjemmet eller hagen.<\/p>\n<p><img decoding=\"async\" class=\"alignnone size-medium wp-image-8852 aligncenter\" src=\"https:\/\/keluvo.com\/template\/wp-content\/uploads\/sites\/5\/2025\/01\/Sce24274777d34b8e9acb30127d92011fK.jpg_960x960q75.jpg_.jpeg\" alt=\"\" \/><\/p>\n","protected":false},"excerpt":{"rendered":"<p>Kunstnerisk H\u00e5ndlaget Design Vindspillet med fugler er n\u00f8ye h\u00e5ndmalt med levende farger og delikate detaljer. Hvert klokkespill er laget av [&hellip;]<\/p>\n","protected":false},"featured_media":13047,"comment_status":"open","ping_status":"closed","template":"","meta":{"site-sidebar-layout":"default","site-content-layout":"","ast-site-content-layout":"default","site-content-style":"default","site-sidebar-style":"default","ast-global-header-display":"","ast-banner-title-visibility":"","ast-main-header-display":"","ast-hfb-above-header-display":"","ast-hfb-below-header-display":"","ast-hfb-mobile-header-display":"","site-post-title":"","ast-breadcrumbs-content":"","ast-featured-img":"","footer-sml-layout":"","theme-transparent-header-meta":"default","adv-header-id-meta":"","stick-header-meta":"","header-above-stick-meta":"","header-main-stick-meta":"","header-below-stick-meta":"","astra-migrate-meta-layouts":"set","ast-page-background-enabled":"default","ast-page-background-meta":{"desktop":{"background-color":"var(--ast-global-color-4)","background-image":"","background-repeat":"repeat","background-position":"center center","background-size":"auto","background-attachment":"scroll","background-type":"","background-media":"","overlay-type":"","overlay-color":"","overlay-opacity":"","overlay-gradient":""},"tablet":{"background-color":"","background-image":"","background-repeat":"repeat","background-position":"center center","background-size":"auto","background-attachment":"scroll","background-type":"","background-media":"","overlay-type":"","overlay-color":"","overlay-opacity":"","overlay-gradient":""},"mobile":{"background-color":"","background-image":"","background-repeat":"repeat","background-position":"center center","background-size":"auto","background-attachment":"scroll","background-type":"","background-media":"","overlay-type":"","overlay-color":"","overlay-opacity":"","overlay-gradient":""}},"ast-content-background-meta":{"desktop":{"background-color":"var(--ast-global-color-5)","background-image":"","background-repeat":"repeat","background-position":"center center","background-size":"auto","background-attachment":"scroll","background-type":"","background-media":"","overlay-type":"","overlay-color":"","overlay-opacity":"","overlay-gradient":""},"tablet":{"background-color":"var(--ast-global-color-5)","background-image":"","background-repeat":"repeat","background-position":"center center","background-size":"auto","background-attachment":"scroll","background-type":"","background-media":"","overlay-type":"","overlay-color":"","overlay-opacity":"","overlay-gradient":""},"mobile":{"background-color":"var(--ast-global-color-5)","background-image":"","background-repeat":"repeat","background-position":"center center","background-size":"auto","background-attachment":"scroll","background-type":"","background-media":"","overlay-type":"","overlay-color":"","overlay-opacity":"","overlay-gradient":""}}},"product_brand":[],"product_cat":[993],"product_tag":[],"class_list":{"0":"post-13051","1":"product","2":"type-product","3":"status-publish","4":"has-post-thumbnail","6":"product_cat-skotoy-tilbehor","7":"pa_38151_ofdys33p-beige","8":"pa_38151_ofdys33p-bla","9":"pa_38151_ofdys33p-gronn","10":"pa_38151_ofdys33p-gul","11":"pa_38151_ofdys33p-hvit","12":"pa_38151_ofdys33p-rod","13":"desktop-align-left","14":"tablet-align-left","15":"mobile-align-left","17":"first","18":"instock","19":"shipping-taxable","20":"purchasable","21":"product-type-variable"},"_links":{"self":[{"href":"https:\/\/keluvo.com\/no\/wp-json\/wp\/v2\/product\/13051","targetHints":{"allow":["GET"]}}],"collection":[{"href":"https:\/\/keluvo.com\/no\/wp-json\/wp\/v2\/product"}],"about":[{"href":"https:\/\/keluvo.com\/no\/wp-json\/wp\/v2\/types\/product"}],"replies":[{"embeddable":true,"href":"https:\/\/keluvo.com\/no\/wp-json\/wp\/v2\/comments?post=13051"}],"wp:featuredmedia":[{"embeddable":true,"href":"https:\/\/keluvo.com\/no\/wp-json\/wp\/v2\/media\/13047"}],"wp:attachment":[{"href":"https:\/\/keluvo.com\/no\/wp-json\/wp\/v2\/media?parent=13051"}],"wp:term":[{"taxonomy":"product_brand","embeddable":true,"href":"https:\/\/keluvo.com\/no\/wp-json\/wp\/v2\/product_brand?post=13051"},{"taxonomy":"product_cat","embeddable":true,"href":"https:\/\/keluvo.com\/no\/wp-json\/wp\/v2\/product_cat?post=13051"},{"taxonomy":"product_tag","embeddable":true,"href":"https:\/\/keluvo.com\/no\/wp-json\/wp\/v2\/product_tag?post=13051"}],"curies":[{"name":"wp","href":"https:\/\/api.w.org\/{rel}","templated":true}]}}