{"id":13033,"date":"2025-04-10T14:58:46","date_gmt":"2025-04-10T12:58:46","guid":{"rendered":"https:\/\/keluvo.com\/no\/produkt\/figur-av-et-par\/"},"modified":"2025-04-14T11:21:48","modified_gmt":"2025-04-14T09:21:48","slug":"figur-av-et-par-1","status":"publish","type":"product","link":"https:\/\/keluvo.com\/no\/produkt\/figur-av-et-par-1\/","title":{"rendered":"Figur av et par"},"content":{"rendered":"<h2 class=\"\" style=\"text-align: center;\" data-start=\"0\" data-end=\"32\"><strong>Elegant Og Romantisk Design<\/strong><\/h2>\n<p class=\"\" style=\"text-align: center;\" data-start=\"33\" data-end=\"238\">Parfiguren viser to mennesker i en varm omfavnelse, noe som symboliserer kj\u00e6rlighet og tilknytning. Den abstrakte stilen tilf\u00f8rer et moderne preg til ethvert rom. Det er en enkel, men kraftfull m\u00e5te \u00e5 bringe romantikk inn i hjemmet ditt.<\/p>\n<p data-start=\"33\" data-end=\"238\"><img decoding=\"async\" class=\"alignnone size-medium wp-image-13649 aligncenter\" src=\"https:\/\/keluvo.com\/template\/wp-content\/uploads\/sites\/5\/2025\/04\/S1d5eb41124644355b8620e65cba9638cR.jpeg\" alt=\"\" \/><\/p>\n<h2 class=\"\" style=\"text-align: center;\" data-start=\"240\" data-end=\"271\"><strong>Sterkt Og Glatt Materiale<\/strong><\/h2>\n<p class=\"\" style=\"text-align: center;\" data-start=\"272\" data-end=\"464\">Laget av h\u00f8ykvalitets resin, er parfiguren b\u00e5de robust og glatt \u00e5 ta p\u00e5. Den er bygget for \u00e5 vare og beholder farge og detaljer over tid. Perfekt for daglig utstilling uten bekymring.<\/p>\n<p data-start=\"272\" data-end=\"464\"><img decoding=\"async\" class=\"alignnone size-medium wp-image-13652 aligncenter\" src=\"https:\/\/keluvo.com\/template\/wp-content\/uploads\/sites\/5\/2025\/04\/S0346a2ce5eef4de295d12f4cec43615dY.jpeg\" alt=\"\" \/><\/p>\n","protected":false},"excerpt":{"rendered":"<p>Elegant Og Romantisk Design Parfiguren viser to mennesker i en varm omfavnelse, noe som symboliserer kj\u00e6rlighet og tilknytning. Den abstrakte [&hellip;]<\/p>\n","protected":false},"featured_media":13029,"comment_status":"open","ping_status":"closed","template":"","meta":{"site-sidebar-layout":"default","site-content-layout":"","ast-site-content-layout":"default","site-content-style":"default","site-sidebar-style":"default","ast-global-header-display":"","ast-banner-title-visibility":"","ast-main-header-display":"","ast-hfb-above-header-display":"","ast-hfb-below-header-display":"","ast-hfb-mobile-header-display":"","site-post-title":"","ast-breadcrumbs-content":"","ast-featured-img":"","footer-sml-layout":"","theme-transparent-header-meta":"default","adv-header-id-meta":"","stick-header-meta":"","header-above-stick-meta":"","header-main-stick-meta":"","header-below-stick-meta":"","astra-migrate-meta-layouts":"set","ast-page-background-enabled":"default","ast-page-background-meta":{"desktop":{"background-color":"var(--ast-global-color-4)","background-image":"","background-repeat":"repeat","background-position":"center center","background-size":"auto","background-attachment":"scroll","background-type":"","background-media":"","overlay-type":"","overlay-color":"","overlay-opacity":"","overlay-gradient":""},"tablet":{"background-color":"","background-image":"","background-repeat":"repeat","background-position":"center center","background-size":"auto","background-attachment":"scroll","background-type":"","background-media":"","overlay-type":"","overlay-color":"","overlay-opacity":"","overlay-gradient":""},"mobile":{"background-color":"","background-image":"","background-repeat":"repeat","background-position":"center center","background-size":"auto","background-attachment":"scroll","background-type":"","background-media":"","overlay-type":"","overlay-color":"","overlay-opacity":"","overlay-gradient":""}},"ast-content-background-meta":{"desktop":{"background-color":"var(--ast-global-color-5)","background-image":"","background-repeat":"repeat","background-position":"center center","background-size":"auto","background-attachment":"scroll","background-type":"","background-media":"","overlay-type":"","overlay-color":"","overlay-opacity":"","overlay-gradient":""},"tablet":{"background-color":"var(--ast-global-color-5)","background-image":"","background-repeat":"repeat","background-position":"center center","background-size":"auto","background-attachment":"scroll","background-type":"","background-media":"","overlay-type":"","overlay-color":"","overlay-opacity":"","overlay-gradient":""},"mobile":{"background-color":"var(--ast-global-color-5)","background-image":"","background-repeat":"repeat","background-position":"center center","background-size":"auto","background-attachment":"scroll","background-type":"","background-media":"","overlay-type":"","overlay-color":"","overlay-opacity":"","overlay-gradient":""}}},"product_brand":[],"product_cat":[993],"product_tag":[],"class_list":{"0":"post-13033","1":"product","2":"type-product","3":"status-publish","4":"has-post-thumbnail","6":"product_cat-skotoy-tilbehor","7":"pa_28138_rfwk5ddj-gra","8":"pa_28138_rfwk5ddj-gull","9":"pa_28138_rfwk5ddj-hvit","10":"pa_28138_rfwk5ddj-svart","11":"desktop-align-left","12":"tablet-align-left","13":"mobile-align-left","15":"first","16":"instock","17":"shipping-taxable","18":"purchasable","19":"product-type-variable"},"_links":{"self":[{"href":"https:\/\/keluvo.com\/no\/wp-json\/wp\/v2\/product\/13033","targetHints":{"allow":["GET"]}}],"collection":[{"href":"https:\/\/keluvo.com\/no\/wp-json\/wp\/v2\/product"}],"about":[{"href":"https:\/\/keluvo.com\/no\/wp-json\/wp\/v2\/types\/product"}],"replies":[{"embeddable":true,"href":"https:\/\/keluvo.com\/no\/wp-json\/wp\/v2\/comments?post=13033"}],"wp:featuredmedia":[{"embeddable":true,"href":"https:\/\/keluvo.com\/no\/wp-json\/wp\/v2\/media\/13029"}],"wp:attachment":[{"href":"https:\/\/keluvo.com\/no\/wp-json\/wp\/v2\/media?parent=13033"}],"wp:term":[{"taxonomy":"product_brand","embeddable":true,"href":"https:\/\/keluvo.com\/no\/wp-json\/wp\/v2\/product_brand?post=13033"},{"taxonomy":"product_cat","embeddable":true,"href":"https:\/\/keluvo.com\/no\/wp-json\/wp\/v2\/product_cat?post=13033"},{"taxonomy":"product_tag","embeddable":true,"href":"https:\/\/keluvo.com\/no\/wp-json\/wp\/v2\/product_tag?post=13033"}],"curies":[{"name":"wp","href":"https:\/\/api.w.org\/{rel}","templated":true}]}}