{"id":13016,"date":"2025-04-10T14:58:08","date_gmt":"2025-04-10T12:58:08","guid":{"rendered":"https:\/\/keluvo.com\/no\/produkt\/sveisemaske\/"},"modified":"2025-04-10T14:58:21","modified_gmt":"2025-04-10T12:58:21","slug":"sveisemaske","status":"publish","type":"product","link":"https:\/\/keluvo.com\/no\/produkt\/sveisemaske\/","title":{"rendered":"Sveisemaske"},"content":{"rendered":"<h2 class=\"\" style=\"text-align: center\" data-start=\"145\" data-end=\"180\"><strong>Sterk Ansikts- Og \u00d8yebeskyttelse<\/strong><\/h2>\n<p class=\"\" style=\"text-align: center\" data-start=\"181\" data-end=\"408\">Sveisemasken beskytter \u00f8ynene og ansiktet mot st\u00f8v, flygende gjenstander og gnister. Den buede linsen gir et bredt synsfelt samtidig som den blokkerer UV-lys. Den bidrar til \u00e5 forebygge skader og holder synet klart under sveise- og skj\u00e6rearbeid.<\/p>\n<p data-start=\"181\" data-end=\"408\"><img decoding=\"async\" class=\"alignnone size-medium wp-image-13746 aligncenter\" src=\"https:\/\/keluvo.com\/template\/wp-content\/uploads\/sites\/5\/2025\/04\/Sb3c1fe7034bb44d58101ff3d35db007e7.jpeg\" alt=\"\" \/><\/p>\n<h2 class=\"\" style=\"text-align: center\" data-start=\"410\" data-end=\"445\"><strong>Komfortabel Og Justerbar Passform<\/strong><\/h2>\n<p class=\"\" style=\"text-align: center\" data-start=\"446\" data-end=\"649\">Sveisemasken har et mykt svampf\u00f4r og en bred elastisk stropp. Stroppen kan justeres slik at den passer til alle hodest\u00f8rrelser og holder seg p\u00e5 plass under bruk. Den f\u00f8les lett og sikker, selv under lange arbeids\u00f8kter.<\/p>\n<p style=\"text-align: center\" data-start=\"446\" data-end=\"649\"><img decoding=\"async\" class=\"alignnone size-medium wp-image-13741\" src=\"https:\/\/keluvo.com\/template\/wp-content\/uploads\/sites\/5\/2025\/04\/S1d010bdb281841edab85b4cb71c83ad6m.jpg_960x960q75.jpg_.jpeg\" alt=\"\" \/><\/p>\n","protected":false},"excerpt":{"rendered":"<p>Sterk Ansikts- Og \u00d8yebeskyttelse Sveisemasken beskytter \u00f8ynene og ansiktet mot st\u00f8v, flygende gjenstander og gnister. Den buede linsen gir et [&hellip;]<\/p>\n","protected":false},"featured_media":13012,"comment_status":"open","ping_status":"closed","template":"","meta":{"site-sidebar-layout":"default","site-content-layout":"","ast-site-content-layout":"default","site-content-style":"default","site-sidebar-style":"default","ast-global-header-display":"","ast-banner-title-visibility":"","ast-main-header-display":"","ast-hfb-above-header-display":"","ast-hfb-below-header-display":"","ast-hfb-mobile-header-display":"","site-post-title":"","ast-breadcrumbs-content":"","ast-featured-img":"","footer-sml-layout":"","theme-transparent-header-meta":"default","adv-header-id-meta":"","stick-header-meta":"","header-above-stick-meta":"","header-main-stick-meta":"","header-below-stick-meta":"","astra-migrate-meta-layouts":"set","ast-page-background-enabled":"default","ast-page-background-meta":{"desktop":{"background-color":"var(--ast-global-color-4)","background-image":"","background-repeat":"repeat","background-position":"center center","background-size":"auto","background-attachment":"scroll","background-type":"","background-media":"","overlay-type":"","overlay-color":"","overlay-opacity":"","overlay-gradient":""},"tablet":{"background-color":"","background-image":"","background-repeat":"repeat","background-position":"center center","background-size":"auto","background-attachment":"scroll","background-type":"","background-media":"","overlay-type":"","overlay-color":"","overlay-opacity":"","overlay-gradient":""},"mobile":{"background-color":"","background-image":"","background-repeat":"repeat","background-position":"center center","background-size":"auto","background-attachment":"scroll","background-type":"","background-media":"","overlay-type":"","overlay-color":"","overlay-opacity":"","overlay-gradient":""}},"ast-content-background-meta":{"desktop":{"background-color":"var(--ast-global-color-5)","background-image":"","background-repeat":"repeat","background-position":"center center","background-size":"auto","background-attachment":"scroll","background-type":"","background-media":"","overlay-type":"","overlay-color":"","overlay-opacity":"","overlay-gradient":""},"tablet":{"background-color":"var(--ast-global-color-5)","background-image":"","background-repeat":"repeat","background-position":"center center","background-size":"auto","background-attachment":"scroll","background-type":"","background-media":"","overlay-type":"","overlay-color":"","overlay-opacity":"","overlay-gradient":""},"mobile":{"background-color":"var(--ast-global-color-5)","background-image":"","background-repeat":"repeat","background-position":"center center","background-size":"auto","background-attachment":"scroll","background-type":"","background-media":"","overlay-type":"","overlay-color":"","overlay-opacity":"","overlay-gradient":""}}},"product_brand":[],"product_cat":[993],"product_tag":[],"class_list":{"0":"post-13016","1":"product","2":"type-product","3":"status-publish","4":"has-post-thumbnail","6":"product_cat-skotoy-tilbehor","7":"pa_28739_0xc09kvd-bla","8":"pa_28739_0xc09kvd-gjennomsiktig","9":"pa_28739_0xc09kvd-gul","10":"pa_28739_0xc09kvd-rod","11":"pa_28739_0xc09kvd-solv","12":"pa_28739_0xc09kvd-svart","13":"desktop-align-left","14":"tablet-align-left","15":"mobile-align-left","17":"first","18":"instock","19":"shipping-taxable","20":"purchasable","21":"product-type-variable"},"_links":{"self":[{"href":"https:\/\/keluvo.com\/no\/wp-json\/wp\/v2\/product\/13016","targetHints":{"allow":["GET"]}}],"collection":[{"href":"https:\/\/keluvo.com\/no\/wp-json\/wp\/v2\/product"}],"about":[{"href":"https:\/\/keluvo.com\/no\/wp-json\/wp\/v2\/types\/product"}],"replies":[{"embeddable":true,"href":"https:\/\/keluvo.com\/no\/wp-json\/wp\/v2\/comments?post=13016"}],"wp:featuredmedia":[{"embeddable":true,"href":"https:\/\/keluvo.com\/no\/wp-json\/wp\/v2\/media\/13012"}],"wp:attachment":[{"href":"https:\/\/keluvo.com\/no\/wp-json\/wp\/v2\/media?parent=13016"}],"wp:term":[{"taxonomy":"product_brand","embeddable":true,"href":"https:\/\/keluvo.com\/no\/wp-json\/wp\/v2\/product_brand?post=13016"},{"taxonomy":"product_cat","embeddable":true,"href":"https:\/\/keluvo.com\/no\/wp-json\/wp\/v2\/product_cat?post=13016"},{"taxonomy":"product_tag","embeddable":true,"href":"https:\/\/keluvo.com\/no\/wp-json\/wp\/v2\/product_tag?post=13016"}],"curies":[{"name":"wp","href":"https:\/\/api.w.org\/{rel}","templated":true}]}}