{"id":13011,"date":"2025-04-10T14:57:42","date_gmt":"2025-04-10T12:57:42","guid":{"rendered":"https:\/\/keluvo.com\/no\/produkt\/harmaske\/"},"modified":"2025-04-14T17:24:04","modified_gmt":"2025-04-14T15:24:04","slug":"harmaske-1","status":"publish","type":"product","link":"https:\/\/keluvo.com\/no\/produkt\/harmaske-1\/","title":{"rendered":"H\u00e5rmaske"},"content":{"rendered":"<h2 class=\"\" style=\"text-align: center;\" data-start=\"69\" data-end=\"102\"><strong>Reparerer T\u00f8rt Og Skadet H\u00e5r<\/strong><\/h2>\n<p class=\"\" style=\"text-align: center;\" data-start=\"103\" data-end=\"300\">H\u00e5rmasken hjelper til med \u00e5 gjenopprette svakt, t\u00f8rt eller skadet h\u00e5r. Med naturlige oljer og planteekstrakter gir den n\u00e6ring p\u00e5 dypet fra rot til topp. Den reduserer brudd og spaltede spisser, og etterlater h\u00e5ret mykt og sterkt.<\/p>\n<p data-start=\"103\" data-end=\"300\"><img decoding=\"async\" class=\"alignnone size-medium wp-image-13736 aligncenter\" src=\"https:\/\/keluvo.com\/template\/wp-content\/uploads\/sites\/5\/2025\/04\/E76baecb21a4948baa4f509895569f7b0b.png_960x960.png_.jpeg\" alt=\"\" \/><\/p>\n<h2 class=\"\" style=\"text-align: center;\" data-start=\"302\" data-end=\"334\"><strong>Dyp Fuktighet For Mykt H\u00e5r<\/strong><\/h2>\n<p class=\"\" style=\"text-align: center;\" data-start=\"335\" data-end=\"518\">Denne h\u00e5rmasken gir langvarig fuktighet med arganolje og hyaluronsyre. Den glatter ut t\u00f8rt, krusete h\u00e5r og gj\u00f8r det lettere \u00e5 b\u00f8rste. Perfekt for h\u00e5r som er skadet av varme eller farging.<\/p>\n<p data-start=\"335\" data-end=\"518\"><img decoding=\"async\" class=\"alignnone size-medium wp-image-13734 aligncenter\" src=\"https:\/\/keluvo.com\/template\/wp-content\/uploads\/sites\/5\/2025\/04\/WhatsApp-Image-2025-04-09-at-06.07.56_a99ed6c9.jpg\" alt=\"\" \/><\/p>\n","protected":false},"excerpt":{"rendered":"<p>Reparerer T\u00f8rt Og Skadet H\u00e5r H\u00e5rmasken hjelper til med \u00e5 gjenopprette svakt, t\u00f8rt eller skadet h\u00e5r. Med naturlige oljer og [&hellip;]<\/p>\n","protected":false},"featured_media":13007,"comment_status":"open","ping_status":"closed","template":"","meta":{"site-sidebar-layout":"default","site-content-layout":"","ast-site-content-layout":"default","site-content-style":"default","site-sidebar-style":"default","ast-global-header-display":"","ast-banner-title-visibility":"","ast-main-header-display":"","ast-hfb-above-header-display":"","ast-hfb-below-header-display":"","ast-hfb-mobile-header-display":"","site-post-title":"","ast-breadcrumbs-content":"","ast-featured-img":"","footer-sml-layout":"","theme-transparent-header-meta":"default","adv-header-id-meta":"","stick-header-meta":"","header-above-stick-meta":"","header-main-stick-meta":"","header-below-stick-meta":"","astra-migrate-meta-layouts":"set","ast-page-background-enabled":"default","ast-page-background-meta":{"desktop":{"background-color":"var(--ast-global-color-4)","background-image":"","background-repeat":"repeat","background-position":"center center","background-size":"auto","background-attachment":"scroll","background-type":"","background-media":"","overlay-type":"","overlay-color":"","overlay-opacity":"","overlay-gradient":""},"tablet":{"background-color":"","background-image":"","background-repeat":"repeat","background-position":"center center","background-size":"auto","background-attachment":"scroll","background-type":"","background-media":"","overlay-type":"","overlay-color":"","overlay-opacity":"","overlay-gradient":""},"mobile":{"background-color":"","background-image":"","background-repeat":"repeat","background-position":"center center","background-size":"auto","background-attachment":"scroll","background-type":"","background-media":"","overlay-type":"","overlay-color":"","overlay-opacity":"","overlay-gradient":""}},"ast-content-background-meta":{"desktop":{"background-color":"var(--ast-global-color-5)","background-image":"","background-repeat":"repeat","background-position":"center center","background-size":"auto","background-attachment":"scroll","background-type":"","background-media":"","overlay-type":"","overlay-color":"","overlay-opacity":"","overlay-gradient":""},"tablet":{"background-color":"var(--ast-global-color-5)","background-image":"","background-repeat":"repeat","background-position":"center center","background-size":"auto","background-attachment":"scroll","background-type":"","background-media":"","overlay-type":"","overlay-color":"","overlay-opacity":"","overlay-gradient":""},"mobile":{"background-color":"var(--ast-global-color-5)","background-image":"","background-repeat":"repeat","background-position":"center center","background-size":"auto","background-attachment":"scroll","background-type":"","background-media":"","overlay-type":"","overlay-color":"","overlay-opacity":"","overlay-gradient":""}}},"product_brand":[],"product_cat":[15],"product_tag":[],"class_list":{"0":"post-13011","1":"product","2":"type-product","3":"status-publish","4":"has-post-thumbnail","6":"product_cat-uncategorized","7":"desktop-align-left","8":"tablet-align-left","9":"mobile-align-left","11":"first","12":"instock","13":"shipping-taxable","14":"purchasable","15":"product-type-simple"},"_links":{"self":[{"href":"https:\/\/keluvo.com\/no\/wp-json\/wp\/v2\/product\/13011","targetHints":{"allow":["GET"]}}],"collection":[{"href":"https:\/\/keluvo.com\/no\/wp-json\/wp\/v2\/product"}],"about":[{"href":"https:\/\/keluvo.com\/no\/wp-json\/wp\/v2\/types\/product"}],"replies":[{"embeddable":true,"href":"https:\/\/keluvo.com\/no\/wp-json\/wp\/v2\/comments?post=13011"}],"wp:featuredmedia":[{"embeddable":true,"href":"https:\/\/keluvo.com\/no\/wp-json\/wp\/v2\/media\/13007"}],"wp:attachment":[{"href":"https:\/\/keluvo.com\/no\/wp-json\/wp\/v2\/media?parent=13011"}],"wp:term":[{"taxonomy":"product_brand","embeddable":true,"href":"https:\/\/keluvo.com\/no\/wp-json\/wp\/v2\/product_brand?post=13011"},{"taxonomy":"product_cat","embeddable":true,"href":"https:\/\/keluvo.com\/no\/wp-json\/wp\/v2\/product_cat?post=13011"},{"taxonomy":"product_tag","embeddable":true,"href":"https:\/\/keluvo.com\/no\/wp-json\/wp\/v2\/product_tag?post=13011"}],"curies":[{"name":"wp","href":"https:\/\/api.w.org\/{rel}","templated":true}]}}