{"id":13001,"date":"2025-04-10T14:57:06","date_gmt":"2025-04-10T12:57:06","guid":{"rendered":"https:\/\/keluvo.com\/no\/produkt\/magnetisk-symaler\/"},"modified":"2025-04-10T14:57:06","modified_gmt":"2025-04-10T12:57:06","slug":"magnetisk-symaler","status":"publish","type":"product","link":"https:\/\/keluvo.com\/no\/produkt\/magnetisk-symaler\/","title":{"rendered":"Magnetisk sym\u00e5ler"},"content":{"rendered":"<h2 style=\"text-align: center\"><strong>N\u00f8yaktig Sying P\u00e5 En Enkel M\u00e5te<\/strong><\/h2>\n<p style=\"text-align: center\">Den magnetiske sym\u00e5leren s\u00f8rger for n\u00f8yaktige og rette s\u00f8mmer p\u00e5 alle typer stoff. Det kraftige magnetiske grepet holder s\u00f8mmene p\u00e5 linje, uansett om du arbeider med rette linjer eller buede m\u00f8nstre. Si farvel til ujevne s\u00f8mmer og nyt feilfrie resultater i hvert eneste prosjekt.<\/p>\n<p><img decoding=\"async\" class=\"alignnone size-medium wp-image-8994 aligncenter\" src=\"https:\/\/keluvo.com\/template\/wp-content\/uploads\/sites\/5\/2025\/01\/4da573af-62be-47ee-8842-27ce7ae46997.webp\" alt=\"\" \/><\/p>\n<h2 style=\"text-align: center\"><strong>Justerbar Og Enkel Design<\/strong><\/h2>\n<p style=\"text-align: center\">Med sin brukervennlige design kan den magnetiske sym\u00e5leren raskt plasseres p\u00e5 maskinens n\u00e5leplate. Justering for ulike s\u00f8mrom er s\u00e5 enkelt som \u00e5 l\u00f8fte og flytte den. Perfekt for b\u00e5de nybegynnere og erfarne syersker, og gj\u00f8r det enkelt \u00e5 sy presist og problemfritt.<\/p>\n<p><img decoding=\"async\" class=\"alignnone size-medium wp-image-8999 aligncenter\" src=\"https:\/\/keluvo.com\/template\/wp-content\/uploads\/sites\/5\/2025\/01\/S7c54a60d41694001a716c79e4120aba8M.jpeg\" alt=\"\" \/><\/p>\n","protected":false},"excerpt":{"rendered":"<p>N\u00f8yaktig Sying P\u00e5 En Enkel M\u00e5te Den magnetiske sym\u00e5leren s\u00f8rger for n\u00f8yaktige og rette s\u00f8mmer p\u00e5 alle typer stoff. Det [&hellip;]<\/p>\n","protected":false},"featured_media":12997,"comment_status":"open","ping_status":"closed","template":"","meta":{"site-sidebar-layout":"default","site-content-layout":"","ast-site-content-layout":"default","site-content-style":"default","site-sidebar-style":"default","ast-global-header-display":"","ast-banner-title-visibility":"","ast-main-header-display":"","ast-hfb-above-header-display":"","ast-hfb-below-header-display":"","ast-hfb-mobile-header-display":"","site-post-title":"","ast-breadcrumbs-content":"","ast-featured-img":"","footer-sml-layout":"","theme-transparent-header-meta":"default","adv-header-id-meta":"","stick-header-meta":"","header-above-stick-meta":"","header-main-stick-meta":"","header-below-stick-meta":"","astra-migrate-meta-layouts":"set","ast-page-background-enabled":"default","ast-page-background-meta":{"desktop":{"background-color":"var(--ast-global-color-4)","background-image":"","background-repeat":"repeat","background-position":"center center","background-size":"auto","background-attachment":"scroll","background-type":"","background-media":"","overlay-type":"","overlay-color":"","overlay-opacity":"","overlay-gradient":""},"tablet":{"background-color":"","background-image":"","background-repeat":"repeat","background-position":"center center","background-size":"auto","background-attachment":"scroll","background-type":"","background-media":"","overlay-type":"","overlay-color":"","overlay-opacity":"","overlay-gradient":""},"mobile":{"background-color":"","background-image":"","background-repeat":"repeat","background-position":"center center","background-size":"auto","background-attachment":"scroll","background-type":"","background-media":"","overlay-type":"","overlay-color":"","overlay-opacity":"","overlay-gradient":""}},"ast-content-background-meta":{"desktop":{"background-color":"var(--ast-global-color-5)","background-image":"","background-repeat":"repeat","background-position":"center center","background-size":"auto","background-attachment":"scroll","background-type":"","background-media":"","overlay-type":"","overlay-color":"","overlay-opacity":"","overlay-gradient":""},"tablet":{"background-color":"var(--ast-global-color-5)","background-image":"","background-repeat":"repeat","background-position":"center center","background-size":"auto","background-attachment":"scroll","background-type":"","background-media":"","overlay-type":"","overlay-color":"","overlay-opacity":"","overlay-gradient":""},"mobile":{"background-color":"var(--ast-global-color-5)","background-image":"","background-repeat":"repeat","background-position":"center center","background-size":"auto","background-attachment":"scroll","background-type":"","background-media":"","overlay-type":"","overlay-color":"","overlay-opacity":"","overlay-gradient":""}}},"product_brand":[],"product_cat":[993],"product_tag":[],"class_list":{"0":"post-13001","1":"product","2":"type-product","3":"status-publish","4":"has-post-thumbnail","6":"product_cat-skotoy-tilbehor","7":"desktop-align-left","8":"tablet-align-left","9":"mobile-align-left","11":"first","12":"instock","13":"shipping-taxable","14":"purchasable","15":"product-type-simple"},"_links":{"self":[{"href":"https:\/\/keluvo.com\/no\/wp-json\/wp\/v2\/product\/13001","targetHints":{"allow":["GET"]}}],"collection":[{"href":"https:\/\/keluvo.com\/no\/wp-json\/wp\/v2\/product"}],"about":[{"href":"https:\/\/keluvo.com\/no\/wp-json\/wp\/v2\/types\/product"}],"replies":[{"embeddable":true,"href":"https:\/\/keluvo.com\/no\/wp-json\/wp\/v2\/comments?post=13001"}],"wp:featuredmedia":[{"embeddable":true,"href":"https:\/\/keluvo.com\/no\/wp-json\/wp\/v2\/media\/12997"}],"wp:attachment":[{"href":"https:\/\/keluvo.com\/no\/wp-json\/wp\/v2\/media?parent=13001"}],"wp:term":[{"taxonomy":"product_brand","embeddable":true,"href":"https:\/\/keluvo.com\/no\/wp-json\/wp\/v2\/product_brand?post=13001"},{"taxonomy":"product_cat","embeddable":true,"href":"https:\/\/keluvo.com\/no\/wp-json\/wp\/v2\/product_cat?post=13001"},{"taxonomy":"product_tag","embeddable":true,"href":"https:\/\/keluvo.com\/no\/wp-json\/wp\/v2\/product_tag?post=13001"}],"curies":[{"name":"wp","href":"https:\/\/api.w.org\/{rel}","templated":true}]}}